{"id":748,"date":"2021-11-02T12:16:43","date_gmt":"2021-11-02T12:16:43","guid":{"rendered":"https:\/\/it24webcloud.pl\/?page_id=748"},"modified":"2026-02-25T07:08:23","modified_gmt":"2026-02-25T06:08:23","slug":"polityka-prywatnosci","status":"publish","type":"page","link":"https:\/\/aquabellis.pl\/index.php\/polityka-prywatnosci\/","title":{"rendered":"Polityka prywatno\u015bci"},"content":{"rendered":"<!--themify_builder_content-->\n<div id=\"themify_builder_content-748\" data-postid=\"748\" class=\"themify_builder_content themify_builder_content-748 themify_builder tf_clear\">\n                    <div  data-lazy=\"1\" class=\"module_row themify_builder_row tb_o21r312 tb_first tf_w\">\n                        <div class=\"row_inner col_align_top tb_col_count_1 tf_box tf_rel\">\n                        <div  data-lazy=\"1\" class=\"module_column tb-column col-full tb_9uo7312 first\">\n                    <!-- module text -->\n<div  class=\"module module-text tb_719k312   \" data-lazy=\"1\">\n        <div  class=\"tb_text_wrap\">\n        <h1>Polityka prywatno\u015bci<\/h1>    <\/div>\n<\/div>\n<!-- \/module text --><!-- module text -->\n<div  class=\"module module-text tb_0n1o312   \" data-lazy=\"1\">\n        <div  class=\"tb_text_wrap\">\n        <span><span><a href=\"https:\/\/aquabellis.pl\/\">Strona g\u0142\u00f3wna<\/a><\/span><\/span>    <\/div>\n<\/div>\n<!-- \/module text -->        <\/div>\n                        <\/div>\n        <\/div>\n                        <div  data-lazy=\"1\" class=\"module_row themify_builder_row tb_4upg822 tf_w\">\n                        <div class=\"row_inner col_align_top tb_col_count_1 tf_box tf_rel\">\n                        <div  data-lazy=\"1\" class=\"module_column tb-column col-full tb_r9xd822 first\">\n                    <!-- module text -->\n<div  class=\"module module-text tb_pvw0927   \" data-lazy=\"1\">\n        <div  class=\"tb_text_wrap\">\n        <h2 style=\"text-align: center;\">Polityka prywatno\u015bci i\u00a0wykorzystywania plik\u00f3w cookies w\u00a0serwisie Aquabellis Sp. z\u00a0o.o.<\/h2>\n<h3>Informacje og\u00f3lne<\/h3>\n<ol>\n<li>Niniejszy dokument reguluje Polityk\u0119 prywatno\u015bci i plik\u00f3w cookies Serwisu internetowego prowadzonego w domenie aquabellis.pl<b>\u00a0<\/b>(zwanego dalej Serwisem).<\/li>\n<li>Aquabellis Sp. z\u00a0o.o. z\u00a0siedzib\u0105 na\u00a0ul.\u00a0Lipowa 55 w\u00a064-610 Rogo\u017anie (zwany dalej Us\u0142ugodawc\u0105) dochowuje wszelkiej nale\u017cytej staranno\u015bci w\u00a0celu poszanowania prywatno\u015bci U\u017cytkownik\u00f3w Serwisu.<\/li>\n<li>Adres kontaktowy poczty elektronicznej Us\u0142ugodawcy to: <a href=\"mailto:sekretariat@aquabellis.pl\">sekretariat@aquabellis.pl<\/a><\/li>\n<li>Dane podawane przez\u00a0u\u017cytkownik\u00f3w w\u00a0celu korzystania z\u00a0us\u0142ug s\u0105\u00a0u\u017cywane w\u00a0procesie ich uruchamiania i\u00a0\u015bwiadczenia. Obejmuje to\u00a0przede wszystkim takie dzia\u0142ania jak:\n<ul>\n<li>bezpo\u015bredni kontakt \u2013 je\u015bli u\u017cytkownik o\u00a0niego poprosi,<\/li>\n<li>odpowied\u017a na\u00a0zapytania kierowane poprzez formularz kontaktowy \u2013 mailem\/sms\/telefonicznie\/innymi kana\u0142ami \u2013 je\u015bli u\u017cytkownik wyra\u017ca zgod\u0119 na\u00a0takie formy kontaktu,<\/li>\n<\/ul>\n<\/li>\n<li>Niniejsza Polityka nie\u00a0obejmuje informacji dotycz\u0105cych us\u0142ug, towar\u00f3w lub stron internetowych nale\u017c\u0105cych do\u00a0innych podmiot\u00f3w.<\/li>\n<li>Serwis realizuje funkcj\u0119 pozyskiwania informacji o\u00a0u\u017cytkownik\u00f3w i\u00a0ich zrachowaniach w\u00a0nast\u0119puj\u0105cy spos\u00f3b:\n<ul>\n<li>poprzez dobrowolnie wprowadzone w\u00a0formularzach dane, kt\u00f3re zostaj\u0105 wprowadzone do\u00a0system\u00f3w Us\u0142ugodawcy.<\/li>\n<li>poprzez zapisywanie w\u00a0urz\u0105dzeniach ko\u0144cowych plik\u00f3w cookie ( tzw. \u201eciasteczka\u201d).<\/li>\n<\/ul>\n<\/li>\n<\/ol>\n<h3>II. Szczeg\u00f3\u0142owa informacja o\u00a0przetwarzaniu danych osobowych<\/h3>\n<p>Przetwarzanie danych osobowych odbywa si\u0119 zgodnie z\u00a0przepisami Rozporz\u0105dzenia Parlamentu Europejskiego i\u00a0Rady (UE) 2016\/679 z\u00a0dnia 27 kwietnia 2016\u00a0r. w\u00a0sprawie ochrony os\u00f3b fizycznych w\u00a0zwi\u0105zku z\u00a0przetwarzaniem danych osobowych i\u00a0w\u00a0sprawie swobodnego przep\u0142ywu takich danych oraz\u00a0uchylenia dyrektywy 95\/46\/WE (Og\u00f3lne Rozporz\u0105dzenie o\u00a0Ochronie Danych) z\u00a0dnia 27 kwietnia 2016\u00a0r. (Dz.Urz.UE.L Nr\u00a0119), zwanego dalej RODO, z\u00a0uwzgl\u0119dnieniem przepis\u00f3w ustawy o\u00a0\u015bwiadczeniu us\u0142ug drog\u0105 elektroniczn\u0105 oraz\u00a0innych powszechnie obowi\u0105zuj\u0105cych przepis\u00f3w prawa.<\/p>\n<h4>Administrator danych<\/h4>\n<p>Administratorem Pana\/i danych osobowych jest \u201eAQUABELLIS\u201d Sp. z\u00a0o.o. z\u00a0siedzib\u0105 na\u00a0ul.\u00a0Lipowa 55 w\u00a064-610 Rogo\u017anie. Wpisana do\u00a0S\u0105d Rejonowy Pozna\u0144 Nowe Miasto i\u00a0Wilda w\u00a0Poznaniu IX Wydzia\u0142 Gospodarczy Krajowego Rejestru S\u0105dowego Nr\u00a0KRS: 0000116527 NIP: 766-000-65-44<\/p>\n<p>W Sp\u00f3\u0142ce zosta\u0142 powo\u0142any Inspektor Ochrony Danych kt\u00f3rym jest Katarzyna Zasieczna z kt\u00f3r\u0105 mo\u017cna si\u0119 kontaktowa\u0107 we wszystkich sprawach zwi\u0105zanych z ochron\u0105 i przetwarzaniem danych osobowych oraz skorzystaniem z przys\u0142uguj\u0105cych Pa\u0144stwu praw w tych kwestiach. Pisemnie na adres: ul. Lipowa 55, 64-610 Rogo\u017ano, lub iodo@aquabellis.pl<\/p>\n<h4>Zakres zbieranych danych.<\/h4>\n<p>Pa\u0144stwa dane osobowe s\u0105\u00a0gromadzone i\u00a0przetwarzane jedynie w\u00a0oparciu o\u00a0odpowiednie podstawy prawne, a\u00a0ich zakres zale\u017cy od\u00a0rodzaju \u015bwiadczonej us\u0142ugi. Dane osobowe, kt\u00f3re przetwarza Administrator to\u00a0przede wszystkim: imi\u0119 i\u00a0nazwisko adres e-mail, numer telefonu oraz\u00a0dane zawarte w\u00a0tre\u015bci przes\u0142anej do\u00a0nas wiadomo\u015bci, kt\u00f3re otrzymujemy od\u00a0Pa\u0144stwa w\u00a0skutek Pa\u0144stwa dobrowolnej zgody.<\/p>\n<h4>Cel i\u00a0podstawa prawna przetwarzania danych osobowych.<\/h4>\n<p>Pa\u0144stwa dane osobowe przetwarzane s\u0105\u00a0w\u00a0celu:<\/p>\n<ul>\n<li>udzielnie odpowiedzi na\u00a0zapytania kierowane do\u00a0nas telefonicznie oraz\u00a0przesy\u0142ane za\u00a0pomoc\u0105 formularza kontaktowego dost\u0119pnego na\u00a0stronie internetowej https:\/\/test1.nowakowskiprojekt.kylos.pl \u2013 przetwarzanie opiera si\u0119 na\u00a0art. 6 ust. 1lit. f) RODO tj.\u00a0realizacja prawnie uzasadnionego interesu administratora zwi\u0105zanego z\u00a0budowaniem i\u00a0rozwijaniem relacji z\u00a0naszymi klientami oraz\u00a0d\u0105\u017ceniem do\u00a0sprzeda\u017cy towar\u00f3w i\u00a0us\u0142ug;<\/li>\n<li>podj\u0119cia na\u00a0Pa\u0144stwa \u017c\u0105danie dzia\u0142a\u0144 przed\u00a0zawarciem umowy, np.\u00a0przes\u0142ania dopasowanej do\u00a0Pa\u0144stwa potrzeb oferty us\u0142ug Administratora \u2013przetwarzanie na\u00a0podstawie art. 6 ust. 1 lit. b) RODO tj.\u00a0przeprowadzenie dzia\u0142a\u0144 niezb\u0119dnych do\u00a0zawarcia umowy lub dzia\u0142a\u0144 podj\u0119tych przed\u00a0jej zawarciem;<\/li>\n<li>przesy\u0142ania tre\u015bci marketingowych za\u00a0po\u015brednictwem kana\u0142u komunikacji na\u00a0kt\u00f3ry\u00a0wyrazili Pa\u0144stwo dobrowoln\u0105 zgod\u0119 tj.\u00a0poprzez wiadomo\u015b\u0107 elektroniczn\u0105 na\u00a0wskazany adres e-mail i\/lub powiadomienia telefoniczne (SMS\/MMS),w celu prezentacji ofert i\u00a0warunk\u00f3w handlowych \u2013przetwarzanie w\u00a0oparciu o\u00a0art. 6 ust. 1 lit. f) RODO tj.\u00a0realizacja prawnie uzasadnionego interesu administratora zwi\u0105zanego z\u00a0budowaniem i\u00a0rozwijaniem relacji z\u00a0naszymi klientami oraz\u00a0d\u0105\u017ceniem do\u00a0sprzeda\u017cy towar\u00f3w i\u00a0us\u0142ug.<\/li>\n<\/ul>\n<h4>Prawa os\u00f3b w\u00a0zakresie przetwarzania danych osobowych.<\/h4>\n<p>W\u00a0zwi\u0105zku z\u00a0przetwarzaniem danych osobowych U\u017cytkownikom przys\u0142uguj\u0105 zwi\u0105zane z\u00a0tym uprawnienia:<\/p>\n<ol>\n<li>prawo do\u00a0\u017c\u0105dania dost\u0119pu do\u00a0swoich danych,<\/li>\n<li>prawo do\u00a0sprostowania,<\/li>\n<li>prawo do\u00a0usuni\u0119cia lub ograniczenia przetwarzania,<\/li>\n<li>prawo do\u00a0wniesienia sprzeciwu wobec przetwarzania,<\/li>\n<li>prawo do\u00a0przenoszenia danych,<\/li>\n<li>prawo do\u00a0cofni\u0119cia zgody na\u00a0przetwarzanie danych osobowych w\u00a0okre\u015blonym celu, je\u017celi U\u017cytkownik uprzednio tak\u0105 zgod\u0119 wyrazi\u0142,<\/li>\n<\/ol>\n<p>Aby skorzysta\u0107 z\u00a0przys\u0142uguj\u0105cych Pa\u0144stwu praw zach\u0119camy do\u00a0bezpo\u015bredniego kontaktu z\u00a0naszym przedstawicielem za\u00a0po\u015brednictwem adresu e-mail:\u00a0iodo@aquabellis.pl<\/p>\n<p>W\u00a0sytuacji ch\u0119ci wycofania zgody sugerujemy przes\u0142anie o\u015bwiadczenie, w\u00a0tym celu przes\u0142a\u0107 wiadomo\u015b\u0107 z\u00a0tego samego adresu e-mail lub numeru telefonu lub poczt\u0105 na\u00a0adres siedziby administratora. Wy\u0142\u0105czn\u0105 konsekwencj\u0105 cofni\u0119cia zgody b\u0119dzie fakt, \u017ce\u00a0nie\u00a0b\u0119dziecie Pa\u0144stwo mogli d\u0142u\u017cej otrzymywa\u0107 od\u00a0nas informacji o\u00a0naszej ofercie i\u00a0innych tre\u015bci marketingowych. Cofni\u0119cie zgody nie\u00a0wp\u0142ywa na\u00a0legalno\u015b\u0107 przetwarzania przez\u00a0nas danych, kt\u00f3re dokona\u0142o si\u0119 przed\u00a0tym cofni\u0119ciem. W\u00a0razie w\u0105tpliwo\u015bci w\u00a0kwestii uszanowania przys\u0142uguj\u0105cych Pa\u0144stwu praw, maj\u0105 Pa\u0144stwo mo\u017cliwo\u015b\u0107 wniesienia skargi do\u00a0organu nadzorczego (UODO).<\/p>\n<h4>Odbiorcy danych.<\/h4>\n<p>Us\u0142ugodawca zastrzega, i\u017c\u00a0zgodnie z\u00a0obowi\u0105zuj\u0105cymi przepisami o\u00a0ochronie danych osobowych, mo\u017ce powierzy\u0107 przetwarzanie danych osobowych U\u017cytkownik\u00f3w, kt\u00f3rych\u00a0danymi administruje, innym podmiotom w\u00a0celu prawid\u0142owego wykonania przez\u00a0te\u00a0podmioty czynno\u015bci zwi\u0105zanych z\u00a0hostingiem, administracj\u0105, utrzymywaniem oraz\u00a0zarz\u0105dzaniem Serwisem, a\u00a0tak\u017ce z\u00a0dochodzeniem roszcze\u0144 oraz\u00a0wyja\u015bnieniem okoliczno\u015bci niedozwolonego korzystania z\u00a0us\u0142ug \u015bwiadczonych drog\u0105 elektroniczn\u0105. Us\u0142ugodawca informuje niniejszym U\u017cytkownika, \u017ce\u00a0powierza przetwarzanie danych osobowych podmiotom np.\u00a0firmom prawniczym, informatycznym, audytorom, przedsi\u0119biorcom pocztowym oraz\u00a0firmom kurierskim, hostingodawc\u0105 itp. Powierzenie danych osobowych nast\u0119puje zawsze na\u00a0podstawie pisemnej umowy powierzenia danych.<\/p>\n<p>Dane mog\u0105 zosta\u0107 te\u017c ujawnione:<\/p>\n<p>Organom, kt\u00f3re na\u00a0podstawie obowi\u0105zuj\u0105cych przepis\u00f3w prawa pozostaj\u0105 uprawnione do\u00a0\u017c\u0105dania ich wydania, w\u00a0tym w\u00a0szczeg\u00f3lno\u015bci s\u0105dom, prokuratorom, Policji, administracji podatkowej i\u00a0celnej oraz\u00a0innym podmiotom uprawnionym do\u00a0uzyskania dost\u0119pu do\u00a0danych na\u00a0podstawie przepis\u00f3w prawa.<\/p>\n<h4>Okres przetwarzania<\/h4>\n<p>Pa\u0144stwa dane osobowe b\u0119d\u0105 przetwarzanie wy\u0142\u0105cznie przez\u00a0okres niezb\u0119dny do\u00a0realizacji celu, w\u00a0kt\u00f3rym\u00a0zosta\u0142y zebrane, tj.\u00a0przez\u00a0okres niezb\u0119dny do\u00a0udzielenia odpowiedzi na\u00a0zapytanie otrzymane telefonicznie lub przes\u0142ane za\u00a0po\u015brednictwem formularza kontaktowego lub aplikacji, jednak nie\u00a0d\u0142u\u017cej ni\u017c 6 miesi\u0119cy od\u00a0momentu ostatniego kontaktu.<\/p>\n<p>W\u00a0przypadku przetwarzania danych na\u00a0podstawie zgody, dane b\u0119d\u0105 przetwarzane przez\u00a0okres potrzebny do\u00a0realizacji celu, dla kt\u00f3rego\u00a0zosta\u0142y zebrane, nie\u00a0d\u0142u\u017cej ni\u017c do\u00a0czasu jej odwo\u0142ania.<\/p>\n<p>W\u00a0przypadku czytelnego dla nas zamkni\u0119cia rozm\u00f3w z\u00a0Pa\u0144stwa strony dane zostan\u0105 usuni\u0119te niezw\u0142ocznie z\u00a0roboczych baz systemowych, a\u00a0z\u00a0kopii bezpiecze\u0144stwa przed\u00a0up\u0142ywem 30 dni.<\/p>\n<p>W\u00a0przypadku zawarcia umowy 7 lat od\u00a0jej zako\u0144czenia.<\/p>\n<h4>Deklaracja<\/h4>\n<p>Realizuj\u0105c nadrz\u0119dny cel, jakim jest poszanowanie prywatno\u015bci U\u017cytkownik\u00f3w, staramy si\u0119 dochowa\u0107 wszelkiej nale\u017cytej staranno\u015bci. Aby sprosta\u0107 temu za\u0142o\u017ceniu, realizujemy normy i\u00a0zasady wynikaj\u0105ce z\u00a0powszechnie obowi\u0105zuj\u0105cych przepis\u00f3w prawa. W\u00a0szczeg\u00f3lno\u015bci, czynimy nale\u017cyte starania, aby dane osobowe U\u017cytkownik\u00f3w by\u0142y:<\/p>\n<ul>\n<li>przetwarzane zgodnie z\u00a0prawem, rzetelnie i\u00a0w\u00a0spos\u00f3b przejrzysty dla osoby, kt\u00f3rej\u00a0dane dotycz\u0105,<\/li>\n<li>zbierane w\u00a0konkretnych, wyra\u017anych i\u00a0prawnie uzasadnionych w\u00a0niniejszym dokumencie celach,<\/li>\n<li>nie\u00a0poddawane dalszemu przetwarzaniu niezgodnemu z\u00a0powy\u017cszymi celami,<\/li>\n<li>merytorycznie poprawne oraz\u00a0adekwatne w\u00a0stosunku do\u00a0cel\u00f3w, w\u00a0jakich s\u0105\u00a0przetwarzane,<\/li>\n<li>przechowywane w\u00a0postaci umo\u017cliwiaj\u0105cej identyfikacj\u0119 os\u00f3b, kt\u00f3rych\u00a0dotycz\u0105, nie\u00a0d\u0142u\u017cej ni\u017c jest to\u00a0niezb\u0119dne do\u00a0osi\u0105gni\u0119cia celu przetwarzania,<\/li>\n<li>przetwarzane w\u00a0spos\u00f3b zapewniaj\u0105cy odpowiednie bezpiecze\u0144stwo danych osobowych, w\u00a0tym ochron\u0119 przed\u00a0niedozwolonym lub niezgodnym z\u00a0prawem przetwarzaniem oraz\u00a0przypadkow\u0105 utrat\u0105, zniszczeniem lub uszkodzeniem.<\/li>\n<\/ul>\n<h3>III Pliki cookies<\/h3>\n<p>W\u00a0trakcie \u015bwiadczenia us\u0142ug na\u00a0rzecz U\u017cytkownik\u00f3w, stosujemy profesjonalne technologie do\u00a0gromadzenia i\u00a0zapisywania informacji, takie jak pliki cookies. S\u0105\u00a0to\u00a0powszechnie stosowane, niewielkie pliki zawieraj\u0105ce ci\u0105g znak\u00f3w, kt\u00f3re s\u0105\u00a0wysy\u0142ane i\u00a0zapisywane na\u00a0urz\u0105dzeniu ko\u0144cowym (np.\u00a0komputerze, laptopie, tablecie, smartfonie) u\u017cywanym przez\u00a0U\u017cytkownika podczas odwiedzania przez\u00a0niego Serwisu. Informacje te\u00a0przesy\u0142ane s\u0105\u00a0do\u00a0schowka u\u017cywanej przegl\u0105darki, kt\u00f3ra\u00a0wysy\u0142a je\u00a0z\u00a0powrotem przy nast\u0119pnych wej\u015bciach na\u00a0stron\u0119 internetow\u0105. Pliki cookies zawieraj\u0105 informacje niezb\u0119dne do\u00a0prawid\u0142owego korzystania z\u00a0Serwisu. Najcz\u0119\u015bciej zawieraj\u0105 one nazw\u0119 strony internetowej z\u00a0kt\u00f3rej\u00a0pochodz\u0105, czas przechowywania ich na\u00a0urz\u0105dzeniu ko\u0144cowym oraz\u00a0unikalny numer.<\/p>\n<h4>1. Podstawa przetwarzania plik\u00f3w cookies<\/h4>\n<p>U\u017cytkownik\u00f3w korzystaj\u0105cych z\u00a0us\u0142ug \u015bwiadczonych drog\u0105 elektroniczn\u0105 za\u00a0po\u015brednictwem Serwisu, prosimy o\u00a0dobrowolne wyra\u017cenie zgody na\u00a0przetwarzanie plik\u00f3w cookies poprzez przechowywanie informacji lub uzyskiwanie dost\u0119pu do\u00a0informacji ju\u017c przechowywanych w\u00a0ich telekomunikacyjnych urz\u0105dzeniach ko\u0144cowych. Udzielenie zgody na\u00a0przetwarzanie plik\u00f3w cookies nast\u0119puje w\u00a0szczeg\u00f3lno\u015bci poprzez u\u017cycie przycisku zawieraj\u0105cego o\u015bwiadczenie o\u00a0wyra\u017ceniu zgody na\u00a0przetwarzanie plik\u00f3w cookies lub potwierdzenie zapoznania si\u0119 z\u00a0jego warunkami. Zgoda ta\u00a0mo\u017ce by\u0107 wycofana w\u00a0ka\u017cdym czasie, w\u00a0spos\u00f3b wolny od\u00a0op\u0142at i\u00a0opisany w\u00a0cz\u0119\u015bci dotycz\u0105cej zarz\u0105dzania plikami cookies.<\/p>\n<h4>2. Jakie pliki cookies s\u0105\u00a0wykorzystywane?<\/h4>\n<h5>Administrator danych wykorzystuje nast\u0119puj\u0105ce pliki cookies:<\/h5>\n<ol type=\"a\">\n<li>pliki niezb\u0119dne \u2013 pliki te\u00a0umo\u017cliwiaj\u0105 prawid\u0142owe dzia\u0142anie Serwisu oraz\u00a0funkcjonalno\u015bci, z\u00a0kt\u00f3rych\u00a0U\u017cytkownik chce skorzysta\u0107, np.\u00a0uwierzytelniaj\u0105ce pliki cookies. Bez\u00a0ich zapisania na\u00a0urz\u0105dzeniu U\u017cytkownika korzystanie z\u00a0Serwisu jest niemo\u017cliwe,<\/li>\n<li>pliki funkcjonalne \u2013 pliki umo\u017cliwiaj\u0105ce zapami\u0119tanie wybranych przez\u00a0U\u017cytkownika ustawie\u0144 i\u00a0dostosowanie ich do\u00a0jego potrzeb i\u00a0preferencji, np.\u00a0w\u00a0zakresie wybranego j\u0119zyka, rozmiaru czcionki, wygl\u0105du strony internetowej. Pozwalaj\u0105 one Administratorowi danych na\u00a0popraw\u0119 funkcjonalno\u015bci i\u00a0wydajno\u015bci strony. Bez\u00a0ich zapisania na\u00a0urz\u0105dzeniu U\u017cytkownika, korzystanie z\u00a0niekt\u00f3rych funkcjonalno\u015bci Serwisu mo\u017ce by\u0107 ograniczone,<\/li>\n<\/ol>\n<p>Pod\u00a0wzgl\u0119dem czasu ich wa\u017cno\u015bci:<\/p>\n<ul>\n<li>pliki sesyjne \u2013 z\u00a0pami\u0119ci\u0105 do\u00a0kilkunastu dni.<\/li>\n<\/ul>\n<p>Pod\u00a0wzgl\u0119dem rozr\u00f3\u017cnienia podmiotu administruj\u0105cego plikami cookies:<\/p>\n<ul>\n<li>pliki cookies Administratora danych,<\/li>\n<li>pliki cookies podmiot\u00f3w trzecich.<\/li>\n<\/ul>\n<h4>3. Zarz\u0105dzanie plikami cookies i\u00a0innymi informacjami<\/h4>\n<p>Najcz\u0119\u015bciej ustawienia przegl\u0105darki domy\u015blnie dopuszczaj\u0105 umieszczanie plik\u00f3w cookies i\u00a0innych informacji na\u00a0urz\u0105dzeniu ko\u0144cowym. Je\u017celi U\u017cytkownik nie\u00a0zgadza si\u0119 na\u00a0zapisywanie tych plik\u00f3w, konieczna jest odpowiednia zmiana ustawie\u0144 przegl\u0105darki internetowej. Mo\u017cliwe jest wy\u0142\u0105czenie zapisywania plik\u00f3w \u201ecookies\u201d dla wszystkich po\u0142\u0105cze\u0144 z\u00a0danej przegl\u0105darki lub dla konkretnej witryny, a\u00a0tak\u017ce ich usuwanie. Spos\u00f3b zarz\u0105dzania plikami \u201ecookies\u201d zale\u017cy od\u00a0u\u017cywanego oprogramowania, dlatego szczeg\u00f3\u0142owe informacje o\u00a0mo\u017cliwo\u015bci i\u00a0sposobach ich obs\u0142ugi U\u017cytkownik znajdzie w\u00a0ustawieniach swojej przegl\u0105darki internetowej, z\u00a0kt\u00f3rej\u00a0korzysta w\u00a0celu po\u0142\u0105czenia ze\u00a0stron\u0105 Serwisu. Zgoda na\u00a0przetwarzanie plik\u00f3w \u201ecookies\u201d jest dobrowolna. Nale\u017cy jednak pami\u0119ta\u0107, \u017ce\u00a0ograniczenia w\u00a0ich stosowaniu mog\u0105 utrudni\u0107 lub uniemo\u017cliwi\u0107 korzystanie z\u00a0us\u0142ug oferowanych na\u00a0stronie internetowej Serwisu.<\/p>\n<h4>4. Odno\u015bniki do\u00a0innych stron internetowych<\/h4>\n<p>Serwis mo\u017ce zawiera\u0107 odno\u015bniki do\u00a0innych stron internetowych. Nie\u00a0ponosimy odpowiedzialno\u015bci za\u00a0obowi\u0105zuj\u0105ce na\u00a0tych stronach zasady przestrzegania polityki prywatno\u015bci i\u00a0przetwarzania plik\u00f3w cookies. Zalecamy zapoznanie si\u0119 z\u00a0polityk\u0105 prywatno\u015bci i\u00a0plik\u00f3w cookies tych stron.<\/p>\n<h4>5. Zmiany Polityki prywatno\u015bci i\u00a0plik\u00f3w cookies<\/h4>\n<p>Zastrzegamy sobie prawo do\u00a0zmiany niniejszej Polityki prywatno\u015bci i\u00a0plik\u00f3w cookies. W\u00a0takim przypadku, opublikujemy jej zaktualizowan\u0105 wersj\u0119 w\u00a0niniejszej lokalizacji.<\/p>\n<h4>6. Kontakt i\u00a0zg\u0142oszenia<\/h4>\n<p>Nieustannie czynimy wszystko, by przetwarza\u0107 dane osobowe U\u017cytkownik\u00f3w i pliki cookies z dochowaniem najwy\u017cszych standard\u00f3w. Dlatego posiadamy wdro\u017cony system niezw\u0142ocznej reakcji na sytuacje zagro\u017ce\u0144 tych standard\u00f3w. W przypadku zidentyfikowania ich zagro\u017cenia lub naruszenia, prosimy o niezw\u0142oczny kontakt z nami, przy u\u017cyciu poni\u017cszych danych: e-mail: \u00a0<a href=\"mailto:sekretariat@aquabellis.pl\">sekretariat@aquabellis.pl<\/a><\/p>    <\/div>\n<\/div>\n<!-- \/module text -->        <\/div>\n                        <\/div>\n        <\/div>\n        <\/div>\n<!--\/themify_builder_content-->","protected":false},"excerpt":{"rendered":"<p>Polityka prywatno\u015bci<\/p>\n","protected":false},"author":2,"featured_media":0,"parent":0,"menu_order":0,"comment_status":"closed","ping_status":"closed","template":"","meta":{"inline_featured_image":false,"footnotes":""},"class_list":["post-748","page","type-page","status-publish","hentry","has-post-title","has-post-date","has-post-category","has-post-tag","has-post-comment","has-post-author",""],"yoast_head":"<!-- This site is optimized with the Yoast SEO plugin v27.0 - https:\/\/yoast.com\/product\/yoast-seo-wordpress\/ -->\n<title>Polityka prywatno\u015bci - AQUABELLIS.PL<\/title>\n<meta name=\"robots\" content=\"index, follow, max-snippet:-1, max-image-preview:large, max-video-preview:-1\" \/>\n<link rel=\"canonical\" href=\"https:\/\/aquabellis.pl\/index.php\/polityka-prywatnosci\/\" \/>\n<meta property=\"og:locale\" content=\"pl_PL\" \/>\n<meta property=\"og:type\" content=\"article\" \/>\n<meta property=\"og:title\" content=\"Polityka prywatno\u015bci - AQUABELLIS.PL\" \/>\n<meta property=\"og:description\" content=\"Polityka prywatno\u015bci\" \/>\n<meta property=\"og:url\" content=\"https:\/\/aquabellis.pl\/index.php\/polityka-prywatnosci\/\" \/>\n<meta property=\"og:site_name\" content=\"AQUABELLIS.PL\" \/>\n<meta property=\"article:modified_time\" content=\"2026-02-25T06:08:23+00:00\" \/>\n<meta name=\"twitter:card\" content=\"summary_large_image\" \/>\n<meta name=\"twitter:label1\" content=\"Szacowany czas czytania\" \/>\n\t<meta name=\"twitter:data1\" content=\"1 minuta\" \/>\n<script type=\"application\/ld+json\" class=\"yoast-schema-graph\">{\"@context\":\"https:\/\/schema.org\",\"@graph\":[{\"@type\":\"WebPage\",\"@id\":\"https:\/\/aquabellis.pl\/index.php\/polityka-prywatnosci\/\",\"url\":\"https:\/\/aquabellis.pl\/index.php\/polityka-prywatnosci\/\",\"name\":\"Polityka prywatno\u015bci - AQUABELLIS.PL\",\"isPartOf\":{\"@id\":\"https:\/\/aquabellis.pl\/#website\"},\"datePublished\":\"2021-11-02T12:16:43+00:00\",\"dateModified\":\"2026-02-25T06:08:23+00:00\",\"breadcrumb\":{\"@id\":\"https:\/\/aquabellis.pl\/index.php\/polityka-prywatnosci\/#breadcrumb\"},\"inLanguage\":\"pl-PL\",\"potentialAction\":[{\"@type\":\"ReadAction\",\"target\":[\"https:\/\/aquabellis.pl\/index.php\/polityka-prywatnosci\/\"]}]},{\"@type\":\"BreadcrumbList\",\"@id\":\"https:\/\/aquabellis.pl\/index.php\/polityka-prywatnosci\/#breadcrumb\",\"itemListElement\":[{\"@type\":\"ListItem\",\"position\":1,\"name\":\"Strona g\u0142\u00f3wna\",\"item\":\"https:\/\/aquabellis.pl\/\"},{\"@type\":\"ListItem\",\"position\":2,\"name\":\"Polityka prywatno\u015bci\"}]},{\"@type\":\"WebSite\",\"@id\":\"https:\/\/aquabellis.pl\/#website\",\"url\":\"https:\/\/aquabellis.pl\/\",\"name\":\"AQUABELLIS.PL\",\"description\":\"Sp\u00f3\u0142ka z o. o. Rogo\u017ano WLKP\",\"potentialAction\":[{\"@type\":\"SearchAction\",\"target\":{\"@type\":\"EntryPoint\",\"urlTemplate\":\"https:\/\/aquabellis.pl\/?s={search_term_string}\"},\"query-input\":{\"@type\":\"PropertyValueSpecification\",\"valueRequired\":true,\"valueName\":\"search_term_string\"}}],\"inLanguage\":\"pl-PL\"}]}<\/script>\n<!-- \/ Yoast SEO plugin. -->","yoast_head_json":{"title":"Polityka prywatno\u015bci - AQUABELLIS.PL","robots":{"index":"index","follow":"follow","max-snippet":"max-snippet:-1","max-image-preview":"max-image-preview:large","max-video-preview":"max-video-preview:-1"},"canonical":"https:\/\/aquabellis.pl\/index.php\/polityka-prywatnosci\/","og_locale":"pl_PL","og_type":"article","og_title":"Polityka prywatno\u015bci - AQUABELLIS.PL","og_description":"Polityka prywatno\u015bci","og_url":"https:\/\/aquabellis.pl\/index.php\/polityka-prywatnosci\/","og_site_name":"AQUABELLIS.PL","article_modified_time":"2026-02-25T06:08:23+00:00","twitter_card":"summary_large_image","twitter_misc":{"Szacowany czas czytania":"1 minuta"},"schema":{"@context":"https:\/\/schema.org","@graph":[{"@type":"WebPage","@id":"https:\/\/aquabellis.pl\/index.php\/polityka-prywatnosci\/","url":"https:\/\/aquabellis.pl\/index.php\/polityka-prywatnosci\/","name":"Polityka prywatno\u015bci - AQUABELLIS.PL","isPartOf":{"@id":"https:\/\/aquabellis.pl\/#website"},"datePublished":"2021-11-02T12:16:43+00:00","dateModified":"2026-02-25T06:08:23+00:00","breadcrumb":{"@id":"https:\/\/aquabellis.pl\/index.php\/polityka-prywatnosci\/#breadcrumb"},"inLanguage":"pl-PL","potentialAction":[{"@type":"ReadAction","target":["https:\/\/aquabellis.pl\/index.php\/polityka-prywatnosci\/"]}]},{"@type":"BreadcrumbList","@id":"https:\/\/aquabellis.pl\/index.php\/polityka-prywatnosci\/#breadcrumb","itemListElement":[{"@type":"ListItem","position":1,"name":"Strona g\u0142\u00f3wna","item":"https:\/\/aquabellis.pl\/"},{"@type":"ListItem","position":2,"name":"Polityka prywatno\u015bci"}]},{"@type":"WebSite","@id":"https:\/\/aquabellis.pl\/#website","url":"https:\/\/aquabellis.pl\/","name":"AQUABELLIS.PL","description":"Sp\u00f3\u0142ka z o. o. Rogo\u017ano WLKP","potentialAction":[{"@type":"SearchAction","target":{"@type":"EntryPoint","urlTemplate":"https:\/\/aquabellis.pl\/?s={search_term_string}"},"query-input":{"@type":"PropertyValueSpecification","valueRequired":true,"valueName":"search_term_string"}}],"inLanguage":"pl-PL"}]}},"_links":{"self":[{"href":"https:\/\/aquabellis.pl\/index.php\/wp-json\/wp\/v2\/pages\/748","targetHints":{"allow":["GET"]}}],"collection":[{"href":"https:\/\/aquabellis.pl\/index.php\/wp-json\/wp\/v2\/pages"}],"about":[{"href":"https:\/\/aquabellis.pl\/index.php\/wp-json\/wp\/v2\/types\/page"}],"author":[{"embeddable":true,"href":"https:\/\/aquabellis.pl\/index.php\/wp-json\/wp\/v2\/users\/2"}],"replies":[{"embeddable":true,"href":"https:\/\/aquabellis.pl\/index.php\/wp-json\/wp\/v2\/comments?post=748"}],"version-history":[{"count":2,"href":"https:\/\/aquabellis.pl\/index.php\/wp-json\/wp\/v2\/pages\/748\/revisions"}],"predecessor-version":[{"id":4969,"href":"https:\/\/aquabellis.pl\/index.php\/wp-json\/wp\/v2\/pages\/748\/revisions\/4969"}],"wp:attachment":[{"href":"https:\/\/aquabellis.pl\/index.php\/wp-json\/wp\/v2\/media?parent=748"}],"curies":[{"name":"wp","href":"https:\/\/api.w.org\/{rel}","templated":true}]}}