{"id":5464,"date":"2026-05-05T08:21:24","date_gmt":"2026-05-05T06:21:24","guid":{"rendered":"https:\/\/aquabellis.pl\/?page_id=5464"},"modified":"2026-05-05T13:32:08","modified_gmt":"2026-05-05T11:32:08","slug":"cyberbezpieczne-wodociagi","status":"publish","type":"page","link":"https:\/\/aquabellis.pl\/index.php\/fundusze-zewnetrzne\/cyberbezpieczne-wodociagi\/","title":{"rendered":"Cyberbezpieczne Wodoci\u0105gi"},"content":{"rendered":"<!--themify_builder_content-->\n<div id=\"themify_builder_content-5464\" data-postid=\"5464\" class=\"themify_builder_content themify_builder_content-5464 themify_builder tf_clear\">\n                    <div  data-lazy=\"1\" class=\"module_row themify_builder_row tb_ymrx310 tb_first tf_w\">\n                        <div class=\"row_inner col_align_top tb_col_count_1 tf_box tf_rel\">\n                        <div  data-lazy=\"1\" class=\"module_column tb-column col-full tb_75cg434 first\">\n                    <!-- module text -->\n<div  class=\"module module-text tb_xg3e505   \" data-lazy=\"1\">\n        <div  class=\"tb_text_wrap\">\n        <h1 class=\"wp-block wp-block-post-title block-editor-block-list__block editor-post-title editor-post-title__input rich-text\" role=\"textbox\" contenteditable=\"true\" aria-label=\"Dodaj tytu\u0142\" aria-multiline=\"true\">Cyberbezpieczne Wodoci\u0105gi<\/h1>    <\/div>\n<\/div>\n<!-- \/module text --><!-- module text -->\n<div  class=\"module module-text tb_hal5000   \" data-lazy=\"1\">\n        <div  class=\"tb_text_wrap\">\n        <span><span><a href=\"https:\/\/aquabellis.pl\/\">Strona g\u0142\u00f3wna<\/a><\/span><\/span>    <\/div>\n<\/div>\n<!-- \/module text -->        <\/div>\n                        <\/div>\n        <\/div>\n                        <div  data-lazy=\"1\" class=\"module_row themify_builder_row tb_csme823 tf_w\">\n                        <div class=\"row_inner col_align_top tb_col_count_1 tf_box tf_rel\">\n                        <div  data-lazy=\"1\" class=\"module_column tb-column col-full tb_o8yl823 first\">\n                            <div  data-lazy=\"1\" class=\"module_subrow themify_builder_sub_row tf_w col_align_top tb_col_count_1 tb_acm9823\">\n                <div  data-lazy=\"1\" class=\"module_column sub_column col-full tb_364f823 first\">\n                    <!-- module image -->\n<div  class=\"module module-image tb_fo20946 image-center rounded  tf_mw\" data-lazy=\"1\">\n        <div class=\"image-wrap tf_rel tf_mw\">\n            <img loading=\"lazy\" decoding=\"async\" src=\"https:\/\/aquabellis.pl\/wp-content\/uploads\/2026\/05\/Cyberbezpieczne-Wodociagi-final_Blue-1024x306-400x119.jpg\" width=\"400\" height=\"119\" class=\"wp-post-image wp-image-5495\" title=\"Cyberbezpieczne Wodoci\u0105gi final_Blue\" alt=\"Cyberbezpieczne Wodoci\u0105gi final_Blue\" srcset=\"https:\/\/aquabellis.pl\/wp-content\/uploads\/2026\/05\/Cyberbezpieczne-Wodociagi-final_Blue-1024x306-400x119.jpg 400w, https:\/\/aquabellis.pl\/wp-content\/uploads\/2026\/05\/Cyberbezpieczne-Wodociagi-final_Blue-300x90.jpg 300w, https:\/\/aquabellis.pl\/wp-content\/uploads\/2026\/05\/Cyberbezpieczne-Wodociagi-final_Blue-1024x306.jpg 1024w, https:\/\/aquabellis.pl\/wp-content\/uploads\/2026\/05\/Cyberbezpieczne-Wodociagi-final_Blue-768x229.jpg 768w, https:\/\/aquabellis.pl\/wp-content\/uploads\/2026\/05\/Cyberbezpieczne-Wodociagi-final_Blue-1536x459.jpg 1536w, https:\/\/aquabellis.pl\/wp-content\/uploads\/2026\/05\/Cyberbezpieczne-Wodociagi-final_Blue-2048x612.jpg 2048w\" sizes=\"auto, (max-width: 400px) 100vw, 400px\" \/>    \n        <\/div>\n    <!-- \/image-wrap -->\n    \n        <\/div>\n<!-- \/module image --><!-- module text -->\n<div  class=\"module module-text tb_a6d9280   \" data-lazy=\"1\">\n        <div  class=\"tb_text_wrap\">\n        <h2 style=\"text-align: center;\">Projekt \u201eCyberbezpieczny Aquabellis &#8211; wzmocnienie odporno\u015bci na cyberzagro\u017cenia&#8221;<\/h2>    <\/div>\n<\/div>\n<!-- \/module text --><!-- module text -->\n<div  class=\"module module-text tb_ak8h880   \" data-lazy=\"1\">\n        <div  class=\"tb_text_wrap\">\n        <p class=\"v1MsoNormal\">Aquabellis\u00a0Sp. z o.o. informuje, \u017ce\u00a025 marca\u00a02026 roku zawar\u0142a umow\u0119 o dofinansowanie\u00a0realizacji\u00a0projektu grantowego pn. \u201eCyberbezpieczne\u00a0Wodoci\u0105gi&#8221; (nr KPOD.05.10-CW.01-001\/25).\u00a0Projekt\u00a0jest realizowany\u00a0w ramach Krajowego Planu Odbudowy i Zwi\u0119kszania Odporno\u015bci\u00a0(KPO) oraz\u00a0finansowany\u00a0ze \u015brodk\u00f3w Instrumentu na Rzecz Odbudowy i Zwi\u0119kszania Odporno\u015bci, w zakresie Inwestycji C3.1.1: \u201eCyberbezpiecze\u0144stwo\u00a0\u2013\u00a0CyberPL, infrastruktura przetwarzania danych oraz optymalizacja infrastruktury s\u0142u\u017cb pa\u0144stwowych odpowiedzialnych za bezpiecze\u0144stwo&#8221;\u00a0<\/p>\n<p class=\"v1MsoNormal\">\u0141\u0105czna warto\u015b\u0107\u00a0Projektu:\u00a0924 126,00\u00a0z\u0142\u00a0<\/p>\n<p class=\"v1MsoNormal\">Kwota dofinansowania:\u00a0924 126,00\u00a0z\u0142\u00a0\u00a0<\/p>\n<p class=\"v1MsoNormal\">Termin realizacji:\u00a0do 30.06.2026 r.\u00a0<\/p>\n<p class=\"v1MsoNormal\">Celem Projektu jest wzmocnienie odporno\u015bci oraz zwi\u0119kszenie poziomu\u00a0cyberbezpiecze\u0144stwa\u00a0system\u00f3w informatycznych wykorzystywanych w procesach zbiorowego zaopatrzenia w wod\u0119.\u00a0<\/p>    <\/div>\n<\/div>\n<!-- \/module text --><!-- module buttons -->\n<div  class=\"module module-buttons tb_pfnh916 buttons-horizontal transparent  large rounded\" data-lazy=\"1\">\n        <div class=\"module-buttons-item tf_in_flx\">\n                        <a href=\"https:\/\/aquabellis.pl\/index.php\/category\/cyberbezpieczne-wodociagi-aktualnosci\/\" class=\"ui builder_button tf_in_flx tb_default_color\" >\n                                                Aktualno\u015bci                                        <\/a>\n                <\/div>\n                    <div class=\"module-buttons-item tf_in_flx\">\n                        <a href=\"https:\/\/aquabellis.pl\/index.php\/fundusze-zewnetrzne\/cyberbezpieczne-wodociagi\/cyberbezpieczne-wodociagi-opis-projektu\/\" class=\"ui builder_button tf_in_flx tb_default_color\" >\n                                                Opis projektu                                        <\/a>\n                <\/div>\n            <\/div>\n<!-- \/module buttons -->\n<!-- module image -->\n<div  class=\"module module-image tb_khsf10 image-center rounded  auto_fullwidth tf_mw\" data-lazy=\"1\">\n        <div class=\"image-wrap tf_rel tf_mw\">\n            <img loading=\"lazy\" decoding=\"async\" width=\"741\" height=\"96\" src=\"https:\/\/aquabellis.pl\/wp-content\/uploads\/2026\/05\/Ciag-znakow-belka-kolorowa-bez-tla.png\" class=\"wp-post-image wp-image-5494\" title=\"Ci\u0105g znak\u00f3w - belka kolorowa, bez t\u0142a\" alt=\"Ci\u0105g znak\u00f3w - belka kolorowa, bez t\u0142a\" srcset=\"https:\/\/aquabellis.pl\/wp-content\/uploads\/2026\/05\/Ciag-znakow-belka-kolorowa-bez-tla.png 741w, https:\/\/aquabellis.pl\/wp-content\/uploads\/2026\/05\/Ciag-znakow-belka-kolorowa-bez-tla-300x39.png 300w\" sizes=\"auto, (max-width: 741px) 100vw, 741px\" \/>    \n        <\/div>\n    <!-- \/image-wrap -->\n    \n        <\/div>\n<!-- \/module image -->        <\/div>\n                    <\/div>\n                <\/div>\n                        <\/div>\n        <\/div>\n        <\/div>\n<!--\/themify_builder_content-->","protected":false},"excerpt":{"rendered":"<p>Cyberbezpieczne Wodoci\u0105gi<\/p>\n","protected":false},"author":2,"featured_media":0,"parent":4205,"menu_order":0,"comment_status":"closed","ping_status":"closed","template":"","meta":{"inline_featured_image":false,"footnotes":""},"class_list":["post-5464","page","type-page","status-publish","hentry","has-post-title","has-post-date","has-post-category","has-post-tag","has-post-comment","has-post-author",""],"yoast_head":"<!-- This site is optimized with the Yoast SEO plugin v27.0 - https:\/\/yoast.com\/product\/yoast-seo-wordpress\/ -->\n<title>Cyberbezpieczne Wodoci\u0105gi - AQUABELLIS.PL<\/title>\n<meta name=\"robots\" content=\"index, follow, max-snippet:-1, max-image-preview:large, max-video-preview:-1\" \/>\n<link rel=\"canonical\" href=\"https:\/\/aquabellis.pl\/index.php\/fundusze-zewnetrzne\/cyberbezpieczne-wodociagi\/\" \/>\n<meta property=\"og:locale\" content=\"pl_PL\" \/>\n<meta property=\"og:type\" content=\"article\" \/>\n<meta property=\"og:title\" content=\"Cyberbezpieczne Wodoci\u0105gi - AQUABELLIS.PL\" \/>\n<meta property=\"og:description\" content=\"Cyberbezpieczne Wodoci\u0105gi\" \/>\n<meta property=\"og:url\" content=\"https:\/\/aquabellis.pl\/index.php\/fundusze-zewnetrzne\/cyberbezpieczne-wodociagi\/\" \/>\n<meta property=\"og:site_name\" content=\"AQUABELLIS.PL\" \/>\n<meta property=\"article:modified_time\" content=\"2026-05-05T11:32:08+00:00\" \/>\n<meta property=\"og:image\" content=\"https:\/\/aquabellis.pl\/wp-content\/uploads\/2026\/05\/Cyberbezpieczne-Wodociagi-final_Blue.jpg\" \/>\n\t<meta property=\"og:image:width\" content=\"2250\" \/>\n\t<meta property=\"og:image:height\" content=\"672\" \/>\n\t<meta property=\"og:image:type\" content=\"image\/jpeg\" \/>\n<meta name=\"twitter:card\" content=\"summary_large_image\" \/>\n<meta name=\"twitter:label1\" content=\"Szacowany czas czytania\" \/>\n\t<meta name=\"twitter:data1\" content=\"1 minuta\" \/>\n<script type=\"application\/ld+json\" class=\"yoast-schema-graph\">{\"@context\":\"https:\/\/schema.org\",\"@graph\":[{\"@type\":\"WebPage\",\"@id\":\"https:\/\/aquabellis.pl\/index.php\/fundusze-zewnetrzne\/cyberbezpieczne-wodociagi\/\",\"url\":\"https:\/\/aquabellis.pl\/index.php\/fundusze-zewnetrzne\/cyberbezpieczne-wodociagi\/\",\"name\":\"Cyberbezpieczne Wodoci\u0105gi - AQUABELLIS.PL\",\"isPartOf\":{\"@id\":\"https:\/\/aquabellis.pl\/#website\"},\"primaryImageOfPage\":{\"@id\":\"https:\/\/aquabellis.pl\/index.php\/fundusze-zewnetrzne\/cyberbezpieczne-wodociagi\/#primaryimage\"},\"image\":{\"@id\":\"https:\/\/aquabellis.pl\/index.php\/fundusze-zewnetrzne\/cyberbezpieczne-wodociagi\/#primaryimage\"},\"thumbnailUrl\":\"https:\/\/aquabellis.pl\/wp-content\/uploads\/2026\/05\/Cyberbezpieczne-Wodociagi-final_Blue-1024x306-400x119.jpg\",\"datePublished\":\"2026-05-05T06:21:24+00:00\",\"dateModified\":\"2026-05-05T11:32:08+00:00\",\"breadcrumb\":{\"@id\":\"https:\/\/aquabellis.pl\/index.php\/fundusze-zewnetrzne\/cyberbezpieczne-wodociagi\/#breadcrumb\"},\"inLanguage\":\"pl-PL\",\"potentialAction\":[{\"@type\":\"ReadAction\",\"target\":[\"https:\/\/aquabellis.pl\/index.php\/fundusze-zewnetrzne\/cyberbezpieczne-wodociagi\/\"]}]},{\"@type\":\"ImageObject\",\"inLanguage\":\"pl-PL\",\"@id\":\"https:\/\/aquabellis.pl\/index.php\/fundusze-zewnetrzne\/cyberbezpieczne-wodociagi\/#primaryimage\",\"url\":\"https:\/\/aquabellis.pl\/wp-content\/uploads\/2026\/05\/Cyberbezpieczne-Wodociagi-final_Blue.jpg\",\"contentUrl\":\"https:\/\/aquabellis.pl\/wp-content\/uploads\/2026\/05\/Cyberbezpieczne-Wodociagi-final_Blue.jpg\",\"width\":2250,\"height\":672},{\"@type\":\"BreadcrumbList\",\"@id\":\"https:\/\/aquabellis.pl\/index.php\/fundusze-zewnetrzne\/cyberbezpieczne-wodociagi\/#breadcrumb\",\"itemListElement\":[{\"@type\":\"ListItem\",\"position\":1,\"name\":\"Strona g\u0142\u00f3wna\",\"item\":\"https:\/\/aquabellis.pl\/\"},{\"@type\":\"ListItem\",\"position\":2,\"name\":\"Fundusze zewn\u0119trzne\",\"item\":\"https:\/\/aquabellis.pl\/index.php\/fundusze-zewnetrzne\/\"},{\"@type\":\"ListItem\",\"position\":3,\"name\":\"Cyberbezpieczne Wodoci\u0105gi\"}]},{\"@type\":\"WebSite\",\"@id\":\"https:\/\/aquabellis.pl\/#website\",\"url\":\"https:\/\/aquabellis.pl\/\",\"name\":\"AQUABELLIS.PL\",\"description\":\"Sp\u00f3\u0142ka z o. o. Rogo\u017ano WLKP\",\"potentialAction\":[{\"@type\":\"SearchAction\",\"target\":{\"@type\":\"EntryPoint\",\"urlTemplate\":\"https:\/\/aquabellis.pl\/?s={search_term_string}\"},\"query-input\":{\"@type\":\"PropertyValueSpecification\",\"valueRequired\":true,\"valueName\":\"search_term_string\"}}],\"inLanguage\":\"pl-PL\"}]}<\/script>\n<!-- \/ Yoast SEO plugin. -->","yoast_head_json":{"title":"Cyberbezpieczne Wodoci\u0105gi - AQUABELLIS.PL","robots":{"index":"index","follow":"follow","max-snippet":"max-snippet:-1","max-image-preview":"max-image-preview:large","max-video-preview":"max-video-preview:-1"},"canonical":"https:\/\/aquabellis.pl\/index.php\/fundusze-zewnetrzne\/cyberbezpieczne-wodociagi\/","og_locale":"pl_PL","og_type":"article","og_title":"Cyberbezpieczne Wodoci\u0105gi - AQUABELLIS.PL","og_description":"Cyberbezpieczne Wodoci\u0105gi","og_url":"https:\/\/aquabellis.pl\/index.php\/fundusze-zewnetrzne\/cyberbezpieczne-wodociagi\/","og_site_name":"AQUABELLIS.PL","article_modified_time":"2026-05-05T11:32:08+00:00","og_image":[{"width":2250,"height":672,"url":"https:\/\/aquabellis.pl\/wp-content\/uploads\/2026\/05\/Cyberbezpieczne-Wodociagi-final_Blue.jpg","type":"image\/jpeg"}],"twitter_card":"summary_large_image","twitter_misc":{"Szacowany czas czytania":"1 minuta"},"schema":{"@context":"https:\/\/schema.org","@graph":[{"@type":"WebPage","@id":"https:\/\/aquabellis.pl\/index.php\/fundusze-zewnetrzne\/cyberbezpieczne-wodociagi\/","url":"https:\/\/aquabellis.pl\/index.php\/fundusze-zewnetrzne\/cyberbezpieczne-wodociagi\/","name":"Cyberbezpieczne Wodoci\u0105gi - AQUABELLIS.PL","isPartOf":{"@id":"https:\/\/aquabellis.pl\/#website"},"primaryImageOfPage":{"@id":"https:\/\/aquabellis.pl\/index.php\/fundusze-zewnetrzne\/cyberbezpieczne-wodociagi\/#primaryimage"},"image":{"@id":"https:\/\/aquabellis.pl\/index.php\/fundusze-zewnetrzne\/cyberbezpieczne-wodociagi\/#primaryimage"},"thumbnailUrl":"https:\/\/aquabellis.pl\/wp-content\/uploads\/2026\/05\/Cyberbezpieczne-Wodociagi-final_Blue-1024x306-400x119.jpg","datePublished":"2026-05-05T06:21:24+00:00","dateModified":"2026-05-05T11:32:08+00:00","breadcrumb":{"@id":"https:\/\/aquabellis.pl\/index.php\/fundusze-zewnetrzne\/cyberbezpieczne-wodociagi\/#breadcrumb"},"inLanguage":"pl-PL","potentialAction":[{"@type":"ReadAction","target":["https:\/\/aquabellis.pl\/index.php\/fundusze-zewnetrzne\/cyberbezpieczne-wodociagi\/"]}]},{"@type":"ImageObject","inLanguage":"pl-PL","@id":"https:\/\/aquabellis.pl\/index.php\/fundusze-zewnetrzne\/cyberbezpieczne-wodociagi\/#primaryimage","url":"https:\/\/aquabellis.pl\/wp-content\/uploads\/2026\/05\/Cyberbezpieczne-Wodociagi-final_Blue.jpg","contentUrl":"https:\/\/aquabellis.pl\/wp-content\/uploads\/2026\/05\/Cyberbezpieczne-Wodociagi-final_Blue.jpg","width":2250,"height":672},{"@type":"BreadcrumbList","@id":"https:\/\/aquabellis.pl\/index.php\/fundusze-zewnetrzne\/cyberbezpieczne-wodociagi\/#breadcrumb","itemListElement":[{"@type":"ListItem","position":1,"name":"Strona g\u0142\u00f3wna","item":"https:\/\/aquabellis.pl\/"},{"@type":"ListItem","position":2,"name":"Fundusze zewn\u0119trzne","item":"https:\/\/aquabellis.pl\/index.php\/fundusze-zewnetrzne\/"},{"@type":"ListItem","position":3,"name":"Cyberbezpieczne Wodoci\u0105gi"}]},{"@type":"WebSite","@id":"https:\/\/aquabellis.pl\/#website","url":"https:\/\/aquabellis.pl\/","name":"AQUABELLIS.PL","description":"Sp\u00f3\u0142ka z o. o. Rogo\u017ano WLKP","potentialAction":[{"@type":"SearchAction","target":{"@type":"EntryPoint","urlTemplate":"https:\/\/aquabellis.pl\/?s={search_term_string}"},"query-input":{"@type":"PropertyValueSpecification","valueRequired":true,"valueName":"search_term_string"}}],"inLanguage":"pl-PL"}]}},"_links":{"self":[{"href":"https:\/\/aquabellis.pl\/index.php\/wp-json\/wp\/v2\/pages\/5464","targetHints":{"allow":["GET"]}}],"collection":[{"href":"https:\/\/aquabellis.pl\/index.php\/wp-json\/wp\/v2\/pages"}],"about":[{"href":"https:\/\/aquabellis.pl\/index.php\/wp-json\/wp\/v2\/types\/page"}],"author":[{"embeddable":true,"href":"https:\/\/aquabellis.pl\/index.php\/wp-json\/wp\/v2\/users\/2"}],"replies":[{"embeddable":true,"href":"https:\/\/aquabellis.pl\/index.php\/wp-json\/wp\/v2\/comments?post=5464"}],"version-history":[{"count":17,"href":"https:\/\/aquabellis.pl\/index.php\/wp-json\/wp\/v2\/pages\/5464\/revisions"}],"predecessor-version":[{"id":5497,"href":"https:\/\/aquabellis.pl\/index.php\/wp-json\/wp\/v2\/pages\/5464\/revisions\/5497"}],"up":[{"embeddable":true,"href":"https:\/\/aquabellis.pl\/index.php\/wp-json\/wp\/v2\/pages\/4205"}],"wp:attachment":[{"href":"https:\/\/aquabellis.pl\/index.php\/wp-json\/wp\/v2\/media?parent=5464"}],"curies":[{"name":"wp","href":"https:\/\/api.w.org\/{rel}","templated":true}]}}