{"id":4656,"date":"2026-01-02T12:06:39","date_gmt":"2026-01-02T11:06:39","guid":{"rendered":"https:\/\/test1.nowakowskiprojekt.kylos.pl\/?page_id=4656"},"modified":"2026-02-25T07:08:27","modified_gmt":"2026-02-25T06:08:27","slug":"projekt","status":"publish","type":"page","link":"https:\/\/aquabellis.pl\/index.php\/fundusze-zewnetrzne\/projekt\/","title":{"rendered":"PROJEKT"},"content":{"rendered":"<!--themify_builder_content-->\n<div id=\"themify_builder_content-4656\" data-postid=\"4656\" class=\"themify_builder_content themify_builder_content-4656 themify_builder tf_clear\">\n                    <div  data-lazy=\"1\" class=\"module_row themify_builder_row tb_0682000 tb_first tf_w\">\n                        <div class=\"row_inner col_align_top tb_col_count_1 tf_box tf_rel\">\n                        <div  data-lazy=\"1\" class=\"module_column tb-column col-full tb_wno8889 first\">\n                    <!-- module text -->\n<div  class=\"module module-text tb_pa8s838   \" data-lazy=\"1\">\n        <div  class=\"tb_text_wrap\">\n        <h1 class=\"wp-block wp-block-post-title block-editor-block-list__block editor-post-title editor-post-title__input rich-text\" role=\"textbox\" contenteditable=\"true\" aria-label=\"Dodaj tytu\u0142\" aria-multiline=\"true\">Projekt \u2013 Poprawa Warunk\u00f3w Bezpiecze\u0144stwa Pracy w Aquabellis Sp. z o.o. w Rogo\u017anie<\/h1>    <\/div>\n<\/div>\n<!-- \/module text --><!-- module text -->\n<div  class=\"module module-text tb_z6q0309   \" data-lazy=\"1\">\n        <div  class=\"tb_text_wrap\">\n        <span><span><a href=\"https:\/\/aquabellis.pl\/\">Strona g\u0142\u00f3wna<\/a><\/span><\/span>    <\/div>\n<\/div>\n<!-- \/module text -->        <\/div>\n                        <\/div>\n        <\/div>\n                        <div  data-lazy=\"1\" class=\"module_row themify_builder_row tb_p0t4099 tf_w\">\n                        <div class=\"row_inner col_align_top tb_col_count_1 tf_box tf_rel\">\n                        <div  data-lazy=\"1\" class=\"module_column tb-column col-full tb_65as009 first\">\n                            <div  data-lazy=\"1\" class=\"module_subrow themify_builder_sub_row tf_w col_align_top tb_col_count_1 tb_nwky292\">\n                <div  data-lazy=\"1\" class=\"module_column sub_column col-full tb_ai22032 first\">\n                    <!-- module text -->\n<div  class=\"module module-text tb_5d5o930   \" data-lazy=\"1\">\n        <div  class=\"tb_text_wrap\">\n        <p class=\"v1MsoNormal\">Aquabellis Sp. z o.o. otrzyma\u0142a dofinansowanie na realizacj\u0119 projektu pod tytu\u0142em \u201ePoprawa warunk\u00f3w bezpiecze\u0144stwa pracy w Aquabellis. Sp. z o.o w Rogo\u017anie&#8221;. Dofinansowanie zosta\u0142o przeznaczone na popraw\u0119 bezpiecze\u0144stwa pracy na stanowisku \u201emonter \u2013 konserwator wodno-kanalizacyjny&#8221;, przy wykonywaniu prac w wykopach g\u0142\u0119bszych ni\u017c 1 m.<\/p>\n<p class=\"v1MsoNormal\">Warto\u015b\u0107 projektu:<\/p>\n<p class=\"v1MsoNormal\">Ca\u0142kowity koszt realizacji 74\u00a0160,00 z\u0142 w tym:<\/p>\n<ul>\n<li class=\"v1MsoNormal\">59 320,00 z\u0142 \u2013 wysoko\u015b\u0107 dofinansowania z ZUS<\/li>\n<li class=\"v1MsoNormal\">14 840,00 z\u0142 \u2013 \u015brodki w\u0142asne.<\/li>\n<\/ul>\n<p class=\"v1MsoNormal\">Efekty projektu:<\/p>\n<ul>\n<li class=\"v1MsoNormal\">zakup aluminiowej obudowy wykop\u00f3w boks \u2013 2 kpl,<\/li>\n<li class=\"v1MsoNormal\">zakup aluminiowej obudowy wykop\u00f3w boks \u2013 1 kpl.<\/li>\n<\/ul>\n<p class=\"v1MsoNormal\">Okres realizacji projektu:<\/p>\n<ul>\n<li class=\"v1MsoNormal\">data zawarcia umowy: 15 stycznia 2024 rok,<\/li>\n<li class=\"v1MsoNormal\">zako\u0144czenie projektu: 26 marca 2024 rok.<\/li>\n<\/ul>    <\/div>\n<\/div>\n<!-- \/module text -->        <\/div>\n                    <\/div>\n                <\/div>\n                        <\/div>\n        <\/div>\n        <\/div>\n<!--\/themify_builder_content-->","protected":false},"excerpt":{"rendered":"<p>Projekt \u2013 Poprawa Warunk\u00f3w Bezpiecze\u0144stwa Pracy w Aquabellis Sp. z o.o. w Rogo\u017anie<\/p>\n","protected":false},"author":2,"featured_media":0,"parent":4205,"menu_order":0,"comment_status":"closed","ping_status":"closed","template":"","meta":{"inline_featured_image":false,"footnotes":""},"class_list":["post-4656","page","type-page","status-publish","hentry","has-post-title","has-post-date","has-post-category","has-post-tag","has-post-comment","has-post-author",""],"yoast_head":"<!-- This site is optimized with the Yoast SEO plugin v27.0 - https:\/\/yoast.com\/product\/yoast-seo-wordpress\/ -->\n<title>PROJEKT - AQUABELLIS.PL<\/title>\n<meta name=\"robots\" content=\"index, follow, max-snippet:-1, max-image-preview:large, max-video-preview:-1\" \/>\n<link rel=\"canonical\" href=\"https:\/\/aquabellis.pl\/index.php\/fundusze-zewnetrzne\/projekt\/\" \/>\n<meta property=\"og:locale\" content=\"pl_PL\" \/>\n<meta property=\"og:type\" content=\"article\" \/>\n<meta property=\"og:title\" content=\"PROJEKT - AQUABELLIS.PL\" \/>\n<meta property=\"og:description\" content=\"Projekt \u2013 Poprawa Warunk\u00f3w Bezpiecze\u0144stwa Pracy w Aquabellis Sp. z o.o. w Rogo\u017anie\" \/>\n<meta property=\"og:url\" content=\"https:\/\/aquabellis.pl\/index.php\/fundusze-zewnetrzne\/projekt\/\" \/>\n<meta property=\"og:site_name\" content=\"AQUABELLIS.PL\" \/>\n<meta property=\"article:modified_time\" content=\"2026-02-25T06:08:27+00:00\" \/>\n<meta name=\"twitter:card\" content=\"summary_large_image\" \/>\n<meta name=\"twitter:label1\" content=\"Szacowany czas czytania\" \/>\n\t<meta name=\"twitter:data1\" content=\"1 minuta\" \/>\n<script type=\"application\/ld+json\" class=\"yoast-schema-graph\">{\"@context\":\"https:\/\/schema.org\",\"@graph\":[{\"@type\":\"WebPage\",\"@id\":\"https:\/\/aquabellis.pl\/index.php\/fundusze-zewnetrzne\/projekt\/\",\"url\":\"https:\/\/aquabellis.pl\/index.php\/fundusze-zewnetrzne\/projekt\/\",\"name\":\"PROJEKT - AQUABELLIS.PL\",\"isPartOf\":{\"@id\":\"https:\/\/aquabellis.pl\/#website\"},\"datePublished\":\"2026-01-02T11:06:39+00:00\",\"dateModified\":\"2026-02-25T06:08:27+00:00\",\"breadcrumb\":{\"@id\":\"https:\/\/aquabellis.pl\/index.php\/fundusze-zewnetrzne\/projekt\/#breadcrumb\"},\"inLanguage\":\"pl-PL\",\"potentialAction\":[{\"@type\":\"ReadAction\",\"target\":[\"https:\/\/aquabellis.pl\/index.php\/fundusze-zewnetrzne\/projekt\/\"]}]},{\"@type\":\"BreadcrumbList\",\"@id\":\"https:\/\/aquabellis.pl\/index.php\/fundusze-zewnetrzne\/projekt\/#breadcrumb\",\"itemListElement\":[{\"@type\":\"ListItem\",\"position\":1,\"name\":\"Strona g\u0142\u00f3wna\",\"item\":\"https:\/\/aquabellis.pl\/\"},{\"@type\":\"ListItem\",\"position\":2,\"name\":\"Fundusze zewn\u0119trzne\",\"item\":\"https:\/\/aquabellis.pl\/index.php\/fundusze-zewnetrzne\/\"},{\"@type\":\"ListItem\",\"position\":3,\"name\":\"PROJEKT\"}]},{\"@type\":\"WebSite\",\"@id\":\"https:\/\/aquabellis.pl\/#website\",\"url\":\"https:\/\/aquabellis.pl\/\",\"name\":\"AQUABELLIS.PL\",\"description\":\"Sp\u00f3\u0142ka z o. o. Rogo\u017ano WLKP\",\"potentialAction\":[{\"@type\":\"SearchAction\",\"target\":{\"@type\":\"EntryPoint\",\"urlTemplate\":\"https:\/\/aquabellis.pl\/?s={search_term_string}\"},\"query-input\":{\"@type\":\"PropertyValueSpecification\",\"valueRequired\":true,\"valueName\":\"search_term_string\"}}],\"inLanguage\":\"pl-PL\"}]}<\/script>\n<!-- \/ Yoast SEO plugin. -->","yoast_head_json":{"title":"PROJEKT - AQUABELLIS.PL","robots":{"index":"index","follow":"follow","max-snippet":"max-snippet:-1","max-image-preview":"max-image-preview:large","max-video-preview":"max-video-preview:-1"},"canonical":"https:\/\/aquabellis.pl\/index.php\/fundusze-zewnetrzne\/projekt\/","og_locale":"pl_PL","og_type":"article","og_title":"PROJEKT - AQUABELLIS.PL","og_description":"Projekt \u2013 Poprawa Warunk\u00f3w Bezpiecze\u0144stwa Pracy w Aquabellis Sp. z o.o. w Rogo\u017anie","og_url":"https:\/\/aquabellis.pl\/index.php\/fundusze-zewnetrzne\/projekt\/","og_site_name":"AQUABELLIS.PL","article_modified_time":"2026-02-25T06:08:27+00:00","twitter_card":"summary_large_image","twitter_misc":{"Szacowany czas czytania":"1 minuta"},"schema":{"@context":"https:\/\/schema.org","@graph":[{"@type":"WebPage","@id":"https:\/\/aquabellis.pl\/index.php\/fundusze-zewnetrzne\/projekt\/","url":"https:\/\/aquabellis.pl\/index.php\/fundusze-zewnetrzne\/projekt\/","name":"PROJEKT - AQUABELLIS.PL","isPartOf":{"@id":"https:\/\/aquabellis.pl\/#website"},"datePublished":"2026-01-02T11:06:39+00:00","dateModified":"2026-02-25T06:08:27+00:00","breadcrumb":{"@id":"https:\/\/aquabellis.pl\/index.php\/fundusze-zewnetrzne\/projekt\/#breadcrumb"},"inLanguage":"pl-PL","potentialAction":[{"@type":"ReadAction","target":["https:\/\/aquabellis.pl\/index.php\/fundusze-zewnetrzne\/projekt\/"]}]},{"@type":"BreadcrumbList","@id":"https:\/\/aquabellis.pl\/index.php\/fundusze-zewnetrzne\/projekt\/#breadcrumb","itemListElement":[{"@type":"ListItem","position":1,"name":"Strona g\u0142\u00f3wna","item":"https:\/\/aquabellis.pl\/"},{"@type":"ListItem","position":2,"name":"Fundusze zewn\u0119trzne","item":"https:\/\/aquabellis.pl\/index.php\/fundusze-zewnetrzne\/"},{"@type":"ListItem","position":3,"name":"PROJEKT"}]},{"@type":"WebSite","@id":"https:\/\/aquabellis.pl\/#website","url":"https:\/\/aquabellis.pl\/","name":"AQUABELLIS.PL","description":"Sp\u00f3\u0142ka z o. o. Rogo\u017ano WLKP","potentialAction":[{"@type":"SearchAction","target":{"@type":"EntryPoint","urlTemplate":"https:\/\/aquabellis.pl\/?s={search_term_string}"},"query-input":{"@type":"PropertyValueSpecification","valueRequired":true,"valueName":"search_term_string"}}],"inLanguage":"pl-PL"}]}},"_links":{"self":[{"href":"https:\/\/aquabellis.pl\/index.php\/wp-json\/wp\/v2\/pages\/4656","targetHints":{"allow":["GET"]}}],"collection":[{"href":"https:\/\/aquabellis.pl\/index.php\/wp-json\/wp\/v2\/pages"}],"about":[{"href":"https:\/\/aquabellis.pl\/index.php\/wp-json\/wp\/v2\/types\/page"}],"author":[{"embeddable":true,"href":"https:\/\/aquabellis.pl\/index.php\/wp-json\/wp\/v2\/users\/2"}],"replies":[{"embeddable":true,"href":"https:\/\/aquabellis.pl\/index.php\/wp-json\/wp\/v2\/comments?post=4656"}],"version-history":[{"count":1,"href":"https:\/\/aquabellis.pl\/index.php\/wp-json\/wp\/v2\/pages\/4656\/revisions"}],"predecessor-version":[{"id":5029,"href":"https:\/\/aquabellis.pl\/index.php\/wp-json\/wp\/v2\/pages\/4656\/revisions\/5029"}],"up":[{"embeddable":true,"href":"https:\/\/aquabellis.pl\/index.php\/wp-json\/wp\/v2\/pages\/4205"}],"wp:attachment":[{"href":"https:\/\/aquabellis.pl\/index.php\/wp-json\/wp\/v2\/media?parent=4656"}],"curies":[{"name":"wp","href":"https:\/\/api.w.org\/{rel}","templated":true}]}}