{"id":4648,"date":"2026-01-02T12:05:44","date_gmt":"2026-01-02T11:05:44","guid":{"rendered":"https:\/\/test1.nowakowskiprojekt.kylos.pl\/?page_id=4648"},"modified":"2026-02-25T07:08:27","modified_gmt":"2026-02-25T06:08:27","slug":"kape","status":"publish","type":"page","link":"https:\/\/aquabellis.pl\/index.php\/fundusze-zewnetrzne\/kape\/","title":{"rendered":"KAPE"},"content":{"rendered":"<!--themify_builder_content-->\n<div id=\"themify_builder_content-4648\" data-postid=\"4648\" class=\"themify_builder_content themify_builder_content-4648 themify_builder tf_clear\">\n                    <div  data-lazy=\"1\" class=\"module_row themify_builder_row tb_j0gm050 tb_first tf_w\">\n                        <div class=\"row_inner col_align_top tb_col_count_1 tf_box tf_rel\">\n                        <div  data-lazy=\"1\" class=\"module_column tb-column col-full tb_qg93682 first\">\n                    <!-- module text -->\n<div  class=\"module module-text tb_c38s599   \" data-lazy=\"1\">\n        <div  class=\"tb_text_wrap\">\n        <h1 class=\"wp-block wp-block-post-title block-editor-block-list__block editor-post-title editor-post-title__input rich-text\" role=\"textbox\" contenteditable=\"true\" aria-label=\"Dodaj tytu\u0142\" aria-multiline=\"true\">KAPE<\/h1>    <\/div>\n<\/div>\n<!-- \/module text --><!-- module text -->\n<div  class=\"module module-text tb_y44f550   \" data-lazy=\"1\">\n        <div  class=\"tb_text_wrap\">\n        <span><span><a href=\"https:\/\/aquabellis.pl\/\">Strona g\u0142\u00f3wna<\/a><\/span><\/span>    <\/div>\n<\/div>\n<!-- \/module text -->        <\/div>\n                        <\/div>\n        <\/div>\n                        <div  data-lazy=\"1\" class=\"module_row themify_builder_row tb_swho929 tf_w\">\n                        <div class=\"row_inner col_align_top tb_col_count_1 tf_box tf_rel\">\n                        <div  data-lazy=\"1\" class=\"module_column tb-column col-full tb_5ft5209 first\">\n                            <div  data-lazy=\"1\" class=\"module_subrow themify_builder_sub_row tf_w col_align_top tb_col_count_1 tb_pcrv055\">\n                <div  data-lazy=\"1\" class=\"module_column sub_column col-full tb_lg9b560 first\">\n                    <!-- module text -->\n<div  class=\"module module-text tb_uufw797   \" data-lazy=\"1\">\n        <div  class=\"tb_text_wrap\">\n        <h2 style=\"text-align: center;\">Koncepcja techniczno-ekonomiczna modernizacji \u017ar\u00f3d\u0142a ciep\u0142a w sp\u00f3\u0142ce Aquabellis. Sp. z o.o. w Rogo\u017anie<\/h2>    <\/div>\n<\/div>\n<!-- \/module text --><!-- module text -->\n<div  class=\"module module-text tb_un5i522   \" data-lazy=\"1\">\n        <div  class=\"tb_text_wrap\">\n        <p>Niniejsza umowa zosta\u0142a zawarta wskutek dokonania przez KAPE wyboru Aquabellis do realizacji przedsi\u0119wzi\u0119cia, polegaj\u0105cego na wykonaniu &#8222;Koncepcji techniczno-ekonomicznej modernizacji \u017ar\u00f3d\u0142a ciep\u0142a w sp\u00f3\u0142ce \u201eAQUABELLIS&#8221; Sp. z o.o. w Rogo\u017anie&#8221; zwanej dalej \u201eKoncepcj\u0105&#8221;. KAPE o\u015bwiadcza, \u017ce us\u0142ugi wykonania Koncepcji, oferowane w ramach niniejszej umowy, b\u0119d\u0105 finansowane w 55,55% w ramach Projektu 101120865 LIFE22-CET-Low2High DH, o nazwie &#8222;Developing methodologies for the integration of low-grade energy sources into high-temperature district heating networks&#8221;, na kt\u00f3ry KAPE otrzyma\u0142a dofinansowanie ze \u015brodk\u00f3w europejskich.<\/p>    <\/div>\n<\/div>\n<!-- \/module text -->        <\/div>\n                    <\/div>\n                <\/div>\n                        <\/div>\n        <\/div>\n        <\/div>\n<!--\/themify_builder_content-->","protected":false},"excerpt":{"rendered":"<p>KAPE<\/p>\n","protected":false},"author":2,"featured_media":0,"parent":4205,"menu_order":0,"comment_status":"closed","ping_status":"closed","template":"","meta":{"inline_featured_image":false,"footnotes":""},"class_list":["post-4648","page","type-page","status-publish","hentry","has-post-title","has-post-date","has-post-category","has-post-tag","has-post-comment","has-post-author",""],"yoast_head":"<!-- This site is optimized with the Yoast SEO plugin v27.0 - https:\/\/yoast.com\/product\/yoast-seo-wordpress\/ -->\n<title>KAPE - AQUABELLIS.PL<\/title>\n<meta name=\"robots\" content=\"index, follow, max-snippet:-1, max-image-preview:large, max-video-preview:-1\" \/>\n<link rel=\"canonical\" href=\"https:\/\/aquabellis.pl\/index.php\/fundusze-zewnetrzne\/kape\/\" \/>\n<meta property=\"og:locale\" content=\"pl_PL\" \/>\n<meta property=\"og:type\" content=\"article\" \/>\n<meta property=\"og:title\" content=\"KAPE - AQUABELLIS.PL\" \/>\n<meta property=\"og:description\" content=\"KAPE\" \/>\n<meta property=\"og:url\" content=\"https:\/\/aquabellis.pl\/index.php\/fundusze-zewnetrzne\/kape\/\" \/>\n<meta property=\"og:site_name\" content=\"AQUABELLIS.PL\" \/>\n<meta property=\"article:modified_time\" content=\"2026-02-25T06:08:27+00:00\" \/>\n<meta name=\"twitter:card\" content=\"summary_large_image\" \/>\n<meta name=\"twitter:label1\" content=\"Szacowany czas czytania\" \/>\n\t<meta name=\"twitter:data1\" content=\"1 minuta\" \/>\n<script type=\"application\/ld+json\" class=\"yoast-schema-graph\">{\"@context\":\"https:\/\/schema.org\",\"@graph\":[{\"@type\":\"WebPage\",\"@id\":\"https:\/\/aquabellis.pl\/index.php\/fundusze-zewnetrzne\/kape\/\",\"url\":\"https:\/\/aquabellis.pl\/index.php\/fundusze-zewnetrzne\/kape\/\",\"name\":\"KAPE - AQUABELLIS.PL\",\"isPartOf\":{\"@id\":\"https:\/\/aquabellis.pl\/#website\"},\"datePublished\":\"2026-01-02T11:05:44+00:00\",\"dateModified\":\"2026-02-25T06:08:27+00:00\",\"breadcrumb\":{\"@id\":\"https:\/\/aquabellis.pl\/index.php\/fundusze-zewnetrzne\/kape\/#breadcrumb\"},\"inLanguage\":\"pl-PL\",\"potentialAction\":[{\"@type\":\"ReadAction\",\"target\":[\"https:\/\/aquabellis.pl\/index.php\/fundusze-zewnetrzne\/kape\/\"]}]},{\"@type\":\"BreadcrumbList\",\"@id\":\"https:\/\/aquabellis.pl\/index.php\/fundusze-zewnetrzne\/kape\/#breadcrumb\",\"itemListElement\":[{\"@type\":\"ListItem\",\"position\":1,\"name\":\"Strona g\u0142\u00f3wna\",\"item\":\"https:\/\/aquabellis.pl\/\"},{\"@type\":\"ListItem\",\"position\":2,\"name\":\"Fundusze zewn\u0119trzne\",\"item\":\"https:\/\/aquabellis.pl\/index.php\/fundusze-zewnetrzne\/\"},{\"@type\":\"ListItem\",\"position\":3,\"name\":\"KAPE\"}]},{\"@type\":\"WebSite\",\"@id\":\"https:\/\/aquabellis.pl\/#website\",\"url\":\"https:\/\/aquabellis.pl\/\",\"name\":\"AQUABELLIS.PL\",\"description\":\"Sp\u00f3\u0142ka z o. o. Rogo\u017ano WLKP\",\"potentialAction\":[{\"@type\":\"SearchAction\",\"target\":{\"@type\":\"EntryPoint\",\"urlTemplate\":\"https:\/\/aquabellis.pl\/?s={search_term_string}\"},\"query-input\":{\"@type\":\"PropertyValueSpecification\",\"valueRequired\":true,\"valueName\":\"search_term_string\"}}],\"inLanguage\":\"pl-PL\"}]}<\/script>\n<!-- \/ Yoast SEO plugin. -->","yoast_head_json":{"title":"KAPE - AQUABELLIS.PL","robots":{"index":"index","follow":"follow","max-snippet":"max-snippet:-1","max-image-preview":"max-image-preview:large","max-video-preview":"max-video-preview:-1"},"canonical":"https:\/\/aquabellis.pl\/index.php\/fundusze-zewnetrzne\/kape\/","og_locale":"pl_PL","og_type":"article","og_title":"KAPE - AQUABELLIS.PL","og_description":"KAPE","og_url":"https:\/\/aquabellis.pl\/index.php\/fundusze-zewnetrzne\/kape\/","og_site_name":"AQUABELLIS.PL","article_modified_time":"2026-02-25T06:08:27+00:00","twitter_card":"summary_large_image","twitter_misc":{"Szacowany czas czytania":"1 minuta"},"schema":{"@context":"https:\/\/schema.org","@graph":[{"@type":"WebPage","@id":"https:\/\/aquabellis.pl\/index.php\/fundusze-zewnetrzne\/kape\/","url":"https:\/\/aquabellis.pl\/index.php\/fundusze-zewnetrzne\/kape\/","name":"KAPE - AQUABELLIS.PL","isPartOf":{"@id":"https:\/\/aquabellis.pl\/#website"},"datePublished":"2026-01-02T11:05:44+00:00","dateModified":"2026-02-25T06:08:27+00:00","breadcrumb":{"@id":"https:\/\/aquabellis.pl\/index.php\/fundusze-zewnetrzne\/kape\/#breadcrumb"},"inLanguage":"pl-PL","potentialAction":[{"@type":"ReadAction","target":["https:\/\/aquabellis.pl\/index.php\/fundusze-zewnetrzne\/kape\/"]}]},{"@type":"BreadcrumbList","@id":"https:\/\/aquabellis.pl\/index.php\/fundusze-zewnetrzne\/kape\/#breadcrumb","itemListElement":[{"@type":"ListItem","position":1,"name":"Strona g\u0142\u00f3wna","item":"https:\/\/aquabellis.pl\/"},{"@type":"ListItem","position":2,"name":"Fundusze zewn\u0119trzne","item":"https:\/\/aquabellis.pl\/index.php\/fundusze-zewnetrzne\/"},{"@type":"ListItem","position":3,"name":"KAPE"}]},{"@type":"WebSite","@id":"https:\/\/aquabellis.pl\/#website","url":"https:\/\/aquabellis.pl\/","name":"AQUABELLIS.PL","description":"Sp\u00f3\u0142ka z o. o. Rogo\u017ano WLKP","potentialAction":[{"@type":"SearchAction","target":{"@type":"EntryPoint","urlTemplate":"https:\/\/aquabellis.pl\/?s={search_term_string}"},"query-input":{"@type":"PropertyValueSpecification","valueRequired":true,"valueName":"search_term_string"}}],"inLanguage":"pl-PL"}]}},"_links":{"self":[{"href":"https:\/\/aquabellis.pl\/index.php\/wp-json\/wp\/v2\/pages\/4648","targetHints":{"allow":["GET"]}}],"collection":[{"href":"https:\/\/aquabellis.pl\/index.php\/wp-json\/wp\/v2\/pages"}],"about":[{"href":"https:\/\/aquabellis.pl\/index.php\/wp-json\/wp\/v2\/types\/page"}],"author":[{"embeddable":true,"href":"https:\/\/aquabellis.pl\/index.php\/wp-json\/wp\/v2\/users\/2"}],"replies":[{"embeddable":true,"href":"https:\/\/aquabellis.pl\/index.php\/wp-json\/wp\/v2\/comments?post=4648"}],"version-history":[{"count":1,"href":"https:\/\/aquabellis.pl\/index.php\/wp-json\/wp\/v2\/pages\/4648\/revisions"}],"predecessor-version":[{"id":5028,"href":"https:\/\/aquabellis.pl\/index.php\/wp-json\/wp\/v2\/pages\/4648\/revisions\/5028"}],"up":[{"embeddable":true,"href":"https:\/\/aquabellis.pl\/index.php\/wp-json\/wp\/v2\/pages\/4205"}],"wp:attachment":[{"href":"https:\/\/aquabellis.pl\/index.php\/wp-json\/wp\/v2\/media?parent=4648"}],"curies":[{"name":"wp","href":"https:\/\/api.w.org\/{rel}","templated":true}]}}