{"id":4638,"date":"2026-01-02T12:02:47","date_gmt":"2026-01-02T11:02:47","guid":{"rendered":"https:\/\/test1.nowakowskiprojekt.kylos.pl\/?page_id=4638"},"modified":"2026-02-25T10:04:59","modified_gmt":"2026-02-25T09:04:59","slug":"nfos","status":"publish","type":"page","link":"https:\/\/aquabellis.pl\/index.php\/fundusze-zewnetrzne\/nfos\/","title":{"rendered":"NFO\u015a"},"content":{"rendered":"<!--themify_builder_content-->\n<div id=\"themify_builder_content-4638\" data-postid=\"4638\" class=\"themify_builder_content themify_builder_content-4638 themify_builder tf_clear\">\n                    <div  data-lazy=\"1\" class=\"module_row themify_builder_row tb_013l407 tb_first tf_w\">\n                        <div class=\"row_inner col_align_top tb_col_count_1 tf_box tf_rel\">\n                        <div  data-lazy=\"1\" class=\"module_column tb-column col-full tb_6kp7009 first\">\n                    <!-- module text -->\n<div  class=\"module module-text tb_oju4022   \" data-lazy=\"1\">\n        <div  class=\"tb_text_wrap\">\n        <h1 class=\"wp-block wp-block-post-title block-editor-block-list__block editor-post-title editor-post-title__input rich-text\" role=\"textbox\" contenteditable=\"true\" aria-label=\"Dodaj tytu\u0142\" aria-multiline=\"true\">NFO\u015a<\/h1>    <\/div>\n<\/div>\n<!-- \/module text --><!-- module text -->\n<div  class=\"module module-text tb_019y790   \" data-lazy=\"1\">\n        <div  class=\"tb_text_wrap\">\n        <span><span><a href=\"https:\/\/aquabellis.pl\/\">Strona g\u0142\u00f3wna<\/a><\/span><\/span>    <\/div>\n<\/div>\n<!-- \/module text -->        <\/div>\n                        <\/div>\n        <\/div>\n                        <div  data-lazy=\"1\" class=\"module_row themify_builder_row tb_uvqi668 tf_w\">\n                        <div class=\"row_inner col_align_top tb_col_count_1 tf_box tf_rel\">\n                        <div  data-lazy=\"1\" class=\"module_column tb-column col-full tb_egta668 first\">\n                    <!-- module image -->\n<div  class=\"module module-image tb_7cu6862 image-center   tf_mw\" data-lazy=\"1\">\n        <div class=\"image-wrap tf_rel tf_mw\">\n            <img loading=\"lazy\" decoding=\"async\" width=\"768\" height=\"153\" src=\"https:\/\/aquabellis.pl\/wp-content\/uploads\/2026\/01\/logotyp-768x153-1.jpg\" class=\"wp-post-image wp-image-4666\" title=\"logotyp-768x153\" alt=\"logotyp-768x153\" srcset=\"https:\/\/aquabellis.pl\/wp-content\/uploads\/2026\/01\/logotyp-768x153-1.jpg 768w, https:\/\/aquabellis.pl\/wp-content\/uploads\/2026\/01\/logotyp-768x153-1-300x60.jpg 300w\" sizes=\"auto, (max-width: 768px) 100vw, 768px\" \/>    \n        <\/div>\n    <!-- \/image-wrap -->\n    \n        <\/div>\n<!-- \/module image -->        <div  data-lazy=\"1\" class=\"module_subrow themify_builder_sub_row tf_w col_align_top tb_col_count_1 tb_4zqx668\">\n                <div  data-lazy=\"1\" class=\"module_column sub_column col-full tb_6hex668 first\">\n                    <!-- module text -->\n<div  class=\"module module-text tb_gcf0668   \" data-lazy=\"1\">\n        <div  class=\"tb_text_wrap\">\n        <h2 style=\"text-align: center;\">Przebudowa Stacji Uzdatniania Wody w Rogo\u017anie wraz z budow\u0105 instalacji fotowoltaicznej<\/h2>    <\/div>\n<\/div>\n<!-- \/module text --><!-- module text -->\n<div  class=\"module module-text tb_x3ex351   \" data-lazy=\"1\">\n        <div  class=\"tb_text_wrap\">\n        <p>Aquabellis sp. z o. o. informuje, i\u017c otrzyma\u0142a dofinansowanie w formie dotacji i po\u017cyczki na realizacj\u0119 przedsi\u0119wzi\u0119cia pn. \u201ePrzebudowa Stacji Uzdatniania Wody w Rogo\u017anie wraz z budow\u0105 instalacji fotowoltaicznej\u201d ze \u015brodk\u00f3w Narodowego Funduszu Ochrony \u015arodowiska i Gospodarki Wodnej.<br>Umowy zosta\u0142y podpisane w dniu 28.10.2021 roku.<br>Projekt pn. &#8222;Przebudowa Stacji Uzdatniania Wody w Rogo\u017anie wraz z budow\u0105 instalacji fotowoltaicznej&#8221; polega na modernizacji budynk\u00f3w przemys\u0142owych i biurowych. Planowane dzia\u0142ania w ramach projektu to:<\/p>\n<ul>\n<li>przebudowa i termomodernizacja budynku SUW wraz z cz\u0119\u015bci\u0105 administracyjn\u0105;<\/li>\n<li>likwidacja kot\u0142owni w\u0119glowej;<\/li>\n<li>monta\u017c wysokosprawnej pompy ciep\u0142a pobieraj\u0105cej energi\u0119 z wydobywanej w studniach g\u0142\u0119binowych wody podziemne;<\/li>\n<li>modernizacja uk\u0142adu technologicznego;<\/li>\n<li>budowa zbiornika wody czystej Vu\u017c. = 750 m3;<\/li>\n<li>budowa zbiornika wody surowej Vu\u017c. = 2 xl50 m3 = 300 m3;<\/li>\n<li>modernizacja zbiornika wody czystej Vu\u017c. = 1000 m3;<\/li>\n<li>modernizacja odstojnika w\u00f3d pop\u0142ucznych;<\/li>\n<li>budowa nowych ruroci\u0105g\u00f3w technologicznych, mi\u0119dzy-obiektowych i kabli zasilaj\u0105cych;<\/li>\n<li>remont pi\u0119ciu studni g\u0142\u0119binowych wraz z wymian\u0105 ruroci\u0105g\u00f3w t\u0142ocznych i kabli zasilaj\u0105co- steruj\u0105cych;<\/li>\n<li>monta\u017c agregatu pr\u0105dotw\u00f3rczego z uk\u0142adem samoczynnego za\u0142\u0105czenia;<\/li>\n<li>budowa instalacji fotowoltaicznej o mocy 80 kWp na gruncie nale\u017c\u0105cym do Stacji Uzdatniania Wody w Rogo\u017anie, w kt\u00f3rej w sk\u0142ad wchodzi\u0107 b\u0119d\u0105 258 szt. modu\u0142\u00f3w fotowoltaicznych o mocy znamionowej 310Wp i 2 szt. falowniki (inwerter) fotowoltaicznych o mocy znamionowej 40,0 kW AC.<\/li>\n<\/ul>\n<p>G\u0142\u00f3wnym celem przedsi\u0119wzi\u0119cia jest zmniejszenie negatywnego oddzia\u0142ywania przedsi\u0119biorstwa \u201eAQUABELLIS&#8221; na \u015brodowisko, w tym poprawa jako\u015bci powietrza, poprzez wyeliminowanie kot\u0142owni w\u0119glowej na rzecz wysokosprawnej pompy ciep\u0142y oraz obni\u017cenie zu\u017cycia energii elektrycznej poprzez technologi\u0119 racjonalizacji zu\u017cycia<br>energii po\u0142\u0105czone z budow\u0105 instalacji fotowoltaicznej. W efekcie inwestycji poprawie ulegnie sprawno\u015b\u0107 oraz racjonalno\u015b\u0107 zasilania w energi\u0119 ciepln\u0105 i elektryczn\u0105 obiekt\u00f3w i urz\u0105dze\u0144 obj\u0119tych inwestycj\u0105 oraz zmniejszy si\u0119 emisja gaz\u00f3w cieplarnianych i innych zanieczyszcze\u0144 do atmosfery. Ponadto, realizacja niniejszego przedsi\u0119wzi\u0119cia poprzez zautomatyzowanie i monitoring proces\u00f3w przyczyni si\u0119 do usprawnienia technologii uzdatniania wody, poprawy jej jako\u015bci oraz optymalnego wykorzystania istniej\u0105cych zasob\u00f3w wody.<\/p>\n<p>Planowana warto\u015b\u0107 przedsi\u0119wzi\u0119cia: 18 082 365,00 z\u0142;<br>Warto\u015b\u0107 udzielonej po\u017cyczki przez NFO\u015aiGW: 7 347 416,00 z\u0142;<br>Warto\u015b\u0107 udzielonej dotacji przez NFO\u015aiGW: 7 347 416,00 z\u0142.<\/p>    <\/div>\n<\/div>\n<!-- \/module text -->        <\/div>\n                    <\/div>\n                <\/div>\n                        <\/div>\n        <\/div>\n        <\/div>\n<!--\/themify_builder_content-->","protected":false},"excerpt":{"rendered":"<p>NFO\u015a<\/p>\n","protected":false},"author":2,"featured_media":0,"parent":4205,"menu_order":0,"comment_status":"closed","ping_status":"closed","template":"","meta":{"inline_featured_image":false,"footnotes":""},"class_list":["post-4638","page","type-page","status-publish","hentry","has-post-title","has-post-date","has-post-category","has-post-tag","has-post-comment","has-post-author",""],"yoast_head":"<!-- This site is optimized with the Yoast SEO plugin v27.0 - https:\/\/yoast.com\/product\/yoast-seo-wordpress\/ -->\n<title>NFO\u015a - AQUABELLIS.PL<\/title>\n<meta name=\"robots\" content=\"index, follow, max-snippet:-1, max-image-preview:large, max-video-preview:-1\" \/>\n<link rel=\"canonical\" href=\"https:\/\/aquabellis.pl\/index.php\/fundusze-zewnetrzne\/nfos\/\" \/>\n<meta property=\"og:locale\" content=\"pl_PL\" \/>\n<meta property=\"og:type\" content=\"article\" \/>\n<meta property=\"og:title\" content=\"NFO\u015a - AQUABELLIS.PL\" \/>\n<meta property=\"og:description\" content=\"NFO\u015a\" \/>\n<meta property=\"og:url\" content=\"https:\/\/aquabellis.pl\/index.php\/fundusze-zewnetrzne\/nfos\/\" \/>\n<meta property=\"og:site_name\" content=\"AQUABELLIS.PL\" \/>\n<meta property=\"article:modified_time\" content=\"2026-02-25T09:04:59+00:00\" \/>\n<meta property=\"og:image\" content=\"https:\/\/aquabellis.pl\/wp-content\/uploads\/2026\/01\/logotyp-768x153-1.jpg\" \/>\n\t<meta property=\"og:image:width\" content=\"768\" \/>\n\t<meta property=\"og:image:height\" content=\"153\" \/>\n\t<meta property=\"og:image:type\" content=\"image\/jpeg\" \/>\n<meta name=\"twitter:card\" content=\"summary_large_image\" \/>\n<meta name=\"twitter:label1\" content=\"Szacowany czas czytania\" \/>\n\t<meta name=\"twitter:data1\" content=\"1 minuta\" \/>\n<script type=\"application\/ld+json\" class=\"yoast-schema-graph\">{\"@context\":\"https:\/\/schema.org\",\"@graph\":[{\"@type\":\"WebPage\",\"@id\":\"https:\/\/aquabellis.pl\/index.php\/fundusze-zewnetrzne\/nfos\/\",\"url\":\"https:\/\/aquabellis.pl\/index.php\/fundusze-zewnetrzne\/nfos\/\",\"name\":\"NFO\u015a - AQUABELLIS.PL\",\"isPartOf\":{\"@id\":\"https:\/\/aquabellis.pl\/#website\"},\"primaryImageOfPage\":{\"@id\":\"https:\/\/aquabellis.pl\/index.php\/fundusze-zewnetrzne\/nfos\/#primaryimage\"},\"image\":{\"@id\":\"https:\/\/aquabellis.pl\/index.php\/fundusze-zewnetrzne\/nfos\/#primaryimage\"},\"thumbnailUrl\":\"https:\/\/aquabellis.pl\/wp-content\/uploads\/2026\/01\/logotyp-768x153-1.jpg\",\"datePublished\":\"2026-01-02T11:02:47+00:00\",\"dateModified\":\"2026-02-25T09:04:59+00:00\",\"breadcrumb\":{\"@id\":\"https:\/\/aquabellis.pl\/index.php\/fundusze-zewnetrzne\/nfos\/#breadcrumb\"},\"inLanguage\":\"pl-PL\",\"potentialAction\":[{\"@type\":\"ReadAction\",\"target\":[\"https:\/\/aquabellis.pl\/index.php\/fundusze-zewnetrzne\/nfos\/\"]}]},{\"@type\":\"ImageObject\",\"inLanguage\":\"pl-PL\",\"@id\":\"https:\/\/aquabellis.pl\/index.php\/fundusze-zewnetrzne\/nfos\/#primaryimage\",\"url\":\"https:\/\/aquabellis.pl\/wp-content\/uploads\/2026\/01\/logotyp-768x153-1.jpg\",\"contentUrl\":\"https:\/\/aquabellis.pl\/wp-content\/uploads\/2026\/01\/logotyp-768x153-1.jpg\",\"width\":768,\"height\":153},{\"@type\":\"BreadcrumbList\",\"@id\":\"https:\/\/aquabellis.pl\/index.php\/fundusze-zewnetrzne\/nfos\/#breadcrumb\",\"itemListElement\":[{\"@type\":\"ListItem\",\"position\":1,\"name\":\"Strona g\u0142\u00f3wna\",\"item\":\"https:\/\/aquabellis.pl\/\"},{\"@type\":\"ListItem\",\"position\":2,\"name\":\"Fundusze zewn\u0119trzne\",\"item\":\"https:\/\/aquabellis.pl\/index.php\/fundusze-zewnetrzne\/\"},{\"@type\":\"ListItem\",\"position\":3,\"name\":\"NFO\u015a\"}]},{\"@type\":\"WebSite\",\"@id\":\"https:\/\/aquabellis.pl\/#website\",\"url\":\"https:\/\/aquabellis.pl\/\",\"name\":\"AQUABELLIS.PL\",\"description\":\"Sp\u00f3\u0142ka z o. o. Rogo\u017ano WLKP\",\"potentialAction\":[{\"@type\":\"SearchAction\",\"target\":{\"@type\":\"EntryPoint\",\"urlTemplate\":\"https:\/\/aquabellis.pl\/?s={search_term_string}\"},\"query-input\":{\"@type\":\"PropertyValueSpecification\",\"valueRequired\":true,\"valueName\":\"search_term_string\"}}],\"inLanguage\":\"pl-PL\"}]}<\/script>\n<!-- \/ Yoast SEO plugin. -->","yoast_head_json":{"title":"NFO\u015a - AQUABELLIS.PL","robots":{"index":"index","follow":"follow","max-snippet":"max-snippet:-1","max-image-preview":"max-image-preview:large","max-video-preview":"max-video-preview:-1"},"canonical":"https:\/\/aquabellis.pl\/index.php\/fundusze-zewnetrzne\/nfos\/","og_locale":"pl_PL","og_type":"article","og_title":"NFO\u015a - AQUABELLIS.PL","og_description":"NFO\u015a","og_url":"https:\/\/aquabellis.pl\/index.php\/fundusze-zewnetrzne\/nfos\/","og_site_name":"AQUABELLIS.PL","article_modified_time":"2026-02-25T09:04:59+00:00","og_image":[{"width":768,"height":153,"url":"https:\/\/aquabellis.pl\/wp-content\/uploads\/2026\/01\/logotyp-768x153-1.jpg","type":"image\/jpeg"}],"twitter_card":"summary_large_image","twitter_misc":{"Szacowany czas czytania":"1 minuta"},"schema":{"@context":"https:\/\/schema.org","@graph":[{"@type":"WebPage","@id":"https:\/\/aquabellis.pl\/index.php\/fundusze-zewnetrzne\/nfos\/","url":"https:\/\/aquabellis.pl\/index.php\/fundusze-zewnetrzne\/nfos\/","name":"NFO\u015a - AQUABELLIS.PL","isPartOf":{"@id":"https:\/\/aquabellis.pl\/#website"},"primaryImageOfPage":{"@id":"https:\/\/aquabellis.pl\/index.php\/fundusze-zewnetrzne\/nfos\/#primaryimage"},"image":{"@id":"https:\/\/aquabellis.pl\/index.php\/fundusze-zewnetrzne\/nfos\/#primaryimage"},"thumbnailUrl":"https:\/\/aquabellis.pl\/wp-content\/uploads\/2026\/01\/logotyp-768x153-1.jpg","datePublished":"2026-01-02T11:02:47+00:00","dateModified":"2026-02-25T09:04:59+00:00","breadcrumb":{"@id":"https:\/\/aquabellis.pl\/index.php\/fundusze-zewnetrzne\/nfos\/#breadcrumb"},"inLanguage":"pl-PL","potentialAction":[{"@type":"ReadAction","target":["https:\/\/aquabellis.pl\/index.php\/fundusze-zewnetrzne\/nfos\/"]}]},{"@type":"ImageObject","inLanguage":"pl-PL","@id":"https:\/\/aquabellis.pl\/index.php\/fundusze-zewnetrzne\/nfos\/#primaryimage","url":"https:\/\/aquabellis.pl\/wp-content\/uploads\/2026\/01\/logotyp-768x153-1.jpg","contentUrl":"https:\/\/aquabellis.pl\/wp-content\/uploads\/2026\/01\/logotyp-768x153-1.jpg","width":768,"height":153},{"@type":"BreadcrumbList","@id":"https:\/\/aquabellis.pl\/index.php\/fundusze-zewnetrzne\/nfos\/#breadcrumb","itemListElement":[{"@type":"ListItem","position":1,"name":"Strona g\u0142\u00f3wna","item":"https:\/\/aquabellis.pl\/"},{"@type":"ListItem","position":2,"name":"Fundusze zewn\u0119trzne","item":"https:\/\/aquabellis.pl\/index.php\/fundusze-zewnetrzne\/"},{"@type":"ListItem","position":3,"name":"NFO\u015a"}]},{"@type":"WebSite","@id":"https:\/\/aquabellis.pl\/#website","url":"https:\/\/aquabellis.pl\/","name":"AQUABELLIS.PL","description":"Sp\u00f3\u0142ka z o. o. Rogo\u017ano WLKP","potentialAction":[{"@type":"SearchAction","target":{"@type":"EntryPoint","urlTemplate":"https:\/\/aquabellis.pl\/?s={search_term_string}"},"query-input":{"@type":"PropertyValueSpecification","valueRequired":true,"valueName":"search_term_string"}}],"inLanguage":"pl-PL"}]}},"_links":{"self":[{"href":"https:\/\/aquabellis.pl\/index.php\/wp-json\/wp\/v2\/pages\/4638","targetHints":{"allow":["GET"]}}],"collection":[{"href":"https:\/\/aquabellis.pl\/index.php\/wp-json\/wp\/v2\/pages"}],"about":[{"href":"https:\/\/aquabellis.pl\/index.php\/wp-json\/wp\/v2\/types\/page"}],"author":[{"embeddable":true,"href":"https:\/\/aquabellis.pl\/index.php\/wp-json\/wp\/v2\/users\/2"}],"replies":[{"embeddable":true,"href":"https:\/\/aquabellis.pl\/index.php\/wp-json\/wp\/v2\/comments?post=4638"}],"version-history":[{"count":4,"href":"https:\/\/aquabellis.pl\/index.php\/wp-json\/wp\/v2\/pages\/4638\/revisions"}],"predecessor-version":[{"id":5188,"href":"https:\/\/aquabellis.pl\/index.php\/wp-json\/wp\/v2\/pages\/4638\/revisions\/5188"}],"up":[{"embeddable":true,"href":"https:\/\/aquabellis.pl\/index.php\/wp-json\/wp\/v2\/pages\/4205"}],"wp:attachment":[{"href":"https:\/\/aquabellis.pl\/index.php\/wp-json\/wp\/v2\/media?parent=4638"}],"curies":[{"name":"wp","href":"https:\/\/api.w.org\/{rel}","templated":true}]}}