{"id":4602,"date":"2026-01-02T11:31:58","date_gmt":"2026-01-02T10:31:58","guid":{"rendered":"https:\/\/test1.nowakowskiprojekt.kylos.pl\/?page_id=4602"},"modified":"2026-02-25T10:04:19","modified_gmt":"2026-02-25T09:04:19","slug":"uslugi-wodno-kanalizacyjne","status":"publish","type":"page","link":"https:\/\/aquabellis.pl\/index.php\/uslugi\/uslugi-wodno-kanalizacyjne\/","title":{"rendered":"Us\u0142ugi wodno-kanalizacyjne"},"content":{"rendered":"<!--themify_builder_content-->\n<div id=\"themify_builder_content-4602\" data-postid=\"4602\" class=\"themify_builder_content themify_builder_content-4602 themify_builder tf_clear\">\n                    <div  data-lazy=\"1\" class=\"module_row themify_builder_row tb_ypfy740 tb_first tf_w\">\n                        <div class=\"row_inner col_align_top tb_col_count_1 tf_box tf_rel\">\n                        <div  data-lazy=\"1\" class=\"module_column tb-column col-full tb_8zuc007 first\">\n                    <!-- module text -->\n<div  class=\"module module-text tb_k809282   \" data-lazy=\"1\">\n        <div  class=\"tb_text_wrap\">\n        <h1>Us\u0142ugi wodno-kanalizacyjne<\/h1>    <\/div>\n<\/div>\n<!-- \/module text --><!-- module text -->\n<div  class=\"module module-text tb_yytj030   \" data-lazy=\"1\">\n        <div  class=\"tb_text_wrap\">\n        <span><span><a href=\"https:\/\/aquabellis.pl\/\">Strona g\u0142\u00f3wna<\/a><\/span><\/span>    <\/div>\n<\/div>\n<!-- \/module text -->        <\/div>\n                        <\/div>\n        <\/div>\n                        <div  data-lazy=\"1\" class=\"module_row themify_builder_row tb_38gd857 tf_w\">\n                        <div class=\"row_inner col_align_top tb_col_count_1 tf_box tf_rel\">\n                        <div  data-lazy=\"1\" class=\"module_column tb-column col-full tb_886l707 first\">\n                            <div  data-lazy=\"1\" class=\"module_subrow themify_builder_sub_row tf_w col_align_top tb_col_count_1 tb_elmm029\">\n                <div  data-lazy=\"1\" class=\"module_column sub_column col-full tb_sy34078 first\">\n                    <!-- module text -->\n<div  class=\"module module-text tb_81q2280   \" data-lazy=\"1\">\n        <div  class=\"tb_text_wrap\">\n        <p>\u015awiadczymy us\u0142ugi w zakresie:<\/p>\n<ul>\n<li>budowy przy\u0142\u0105cza wodoci\u0105gowego \/ kanalizacyjnego;<\/li>\n<li>usuni\u0119cie awarii wodoci\u0105gowych\/ kanalizacyjnych na przy\u0142\u0105czu Odbiorcy Us\u0142ug;<\/li>\n<li>monta\u017c wodomierza dodatkowego wraz z oplombowaniem lub odbi\u00f3r i plombowanie wodomierza dodatkowego;<\/li>\n<li>czyszczenie kanalizacji urz\u0105dzeniem WUKO;<\/li>\n<li>nieuzasadnione wezwanie w celu usuni\u0119cia awarii wodoci\u0105gowej \/ kanalizacyjnej;<\/li>\n<\/ul>    <\/div>\n<\/div>\n<!-- \/module text --><!-- module text -->\n<div  class=\"module module-text tb_g90v088   \" data-lazy=\"1\">\n        <div  class=\"tb_text_wrap\">\n        <h2>Cennik<\/h2>    <\/div>\n<\/div>\n<!-- \/module text --><!-- module text -->\n<div  class=\"module module-text tb_wvk6808   \" data-lazy=\"1\">\n        <div  class=\"tb_text_wrap\">\n        <h3>CENNIK US\u0141UG W ZAKRESIE CZYSZCZENIA KANALIZACJI:<\/h3>\n<table style=\"border-collapse: collapse; border: solid windowtext 1.0pt;\">\n<tbody>\n<tr style=\"height: 1.0cm;\">\n<td style=\"width: 100%; border: solid windowtext 1.0pt; background: #d9e2f3;\" colspan=\"4\" width=\"604\">\n<p style=\"text-align: center; padding: 0cm 5.4pt 0cm 5.4pt;\" align=\"center\">POZOSTA\u0141E US\u0141UGI<\/p>\n<\/td>\n<\/tr>\n<tr style=\"height: 1.0cm;\">\n<td style=\"width: 31.0pt; border: solid windowtext 1.0pt; border-top: none; background: #d9e2f3;\" width=\"41\">\n<p style=\"text-align: center; padding: 0cm 5.4pt 0cm 5.4pt;\" align=\"center\">L.P.<\/p>\n<\/td>\n<td style=\"width: 211.2pt; border-top: none; border-left: none; border-bottom: solid windowtext 1.0pt; border-right: solid windowtext 1.0pt; background: #d9e2f3;\" width=\"282\">\n<p style=\"text-align: center; padding: 0cm 5.4pt 0cm 5.4pt;\" align=\"center\">US\u0141UGA<\/p>\n<\/td>\n<td style=\"width: 123.35pt; border-top: none; border-left: none; border-bottom: solid windowtext 1.0pt; border-right: solid windowtext 1.0pt; background: #d9e2f3;\" width=\"164\">\n<p style=\"text-align: center; padding: 0cm 5.4pt 0cm 5.4pt;\" align=\"center\">CENA JEDNOSTKOWA NETTO<\/p>\n<\/td>\n<td style=\"width: 87.55pt; border-top: none; border-left: none; border-bottom: solid windowtext 1.0pt; border-right: solid windowtext 1.0pt; background: #d9e2f3;\" width=\"117\">\n<p style=\"text-align: center; padding: 0cm 5.4pt 0cm 5.4pt;\" align=\"center\">VAT<\/p>\n<\/td>\n<\/tr>\n<tr style=\"height: 1.0cm;\">\n<td style=\"width: 31.0pt; border: solid windowtext 1.0pt; border-top: none;\" width=\"41\">\n<p style=\"text-align: center; padding: 0cm 5.4pt 0cm 5.4pt;\" align=\"center\">1.<\/p>\n<\/td>\n<td style=\"width: 211.2pt; border-top: none; border-left: none; border-bottom: solid windowtext 1.0pt; border-right: solid windowtext 1.0pt;\" width=\"282\">\n<p style=\"padding: 0cm 5.4pt 0cm 5.4pt;\">Czyszczenie kanalizacji urz\u0105dzeniem wysokoci\u015bnieniowym WUKO HD 50S<\/p>\n<\/td>\n<td style=\"width: 123.35pt; border-top: none; border-left: none; border-bottom: solid windowtext 1.0pt; border-right: solid windowtext 1.0pt;\" width=\"164\">\n<p style=\"text-align: center; padding: 0cm 5.4pt 0cm 5.4pt;\" align=\"center\">350,00 z\u0142<\/p>\n<\/td>\n<td style=\"width: 87.55pt; border-top: none; border-left: none; border-bottom: solid windowtext 1.0pt; border-right: solid windowtext 1.0pt;\" width=\"117\">\n<p style=\"text-align: center; padding: 0cm 5.4pt 0cm 5.4pt;\" align=\"center\">23%<\/p>\n<\/td>\n<\/tr>\n<\/tbody>\n<\/table>\n<p>Do ceny doliczana jest op\u0142ata za dojazd wynosz\u0105ca na terenie miasta 10,00 z\u0142 netto, poza terenem miasta 2,50 z\u0142 netto za 1 km.<\/p>\n<hr>\n<h3>CENNIK US\u0141UG W ZAKRESIE BUDOWLANO- MONTA\u017bOWYM:<\/h3>\n<table style=\"border-collapse: collapse; border: solid windowtext 1.0pt;\">\n<tbody>\n<tr style=\"height: 1.0cm;\">\n<td style=\"width: 453.1pt; border: solid windowtext 1.0pt; background: #d9e2f3;\" colspan=\"3\" width=\"604\">\n<p style=\"text-align: center; padding: 0cm 5.4pt 0cm 5.4pt;\" align=\"center\">POZOSTA\u0141E US\u0141UGI<\/p>\n<\/td>\n<\/tr>\n<tr style=\"height: 1.0cm;\">\n<td style=\"width: 31.0pt; border: solid windowtext 1.0pt; border-top: none; background: #d9e2f3;\" width=\"41\">\n<p style=\"text-align: center; padding: 0cm 5.4pt 0cm 5.4pt;\" align=\"center\">L.P.<\/p>\n<\/td>\n<td style=\"width: 211.2pt; border-top: none; border-left: none; border-bottom: solid windowtext 1.0pt; border-right: solid windowtext 1.0pt; background: #d9e2f3;\" width=\"282\">\n<p style=\"text-align: center; padding: 0cm 5.4pt 0cm 5.4pt;\" align=\"center\">US\u0141UGA<\/p>\n<\/td>\n<td style=\"width: 210.9pt; border-top: none; border-left: none; border-bottom: solid windowtext 1.0pt; border-right: solid windowtext 1.0pt; background: #d9e2f3;\" width=\"281\">\n<p style=\"text-align: center; padding: 0cm 5.4pt 0cm 5.4pt;\" align=\"center\">CENA JEDNOSTKOWA NETTO<\/p>\n<\/td>\n<\/tr>\n<tr style=\"height: 1.0cm;\">\n<td style=\"width: 31.0pt; border: solid windowtext 1.0pt; border-top: none;\" width=\"41\">\n<p style=\"text-align: center; padding: 0cm 5.4pt 0cm 5.4pt;\" align=\"center\">1.<\/p>\n<\/td>\n<td style=\"width: 211.2pt; border-top: none; border-left: none; border-bottom: solid windowtext 1.0pt; border-right: solid windowtext 1.0pt;\" width=\"282\">\n<p style=\"padding: 0cm 5.4pt 0cm 5.4pt;\">Budowa przy\u0142\u0105cza wodoci\u0105gowego\/ kanalizacyjnego<\/p>\n<\/td>\n<td style=\"width: 210.9pt; border-top: none; border-left: none; border-bottom: solid windowtext 1.0pt; border-right: solid windowtext 1.0pt;\" width=\"281\">\n<p style=\"text-align: center; padding: 0cm 5.4pt 0cm 5.4pt;\" align=\"center\">wycena indywidualna<\/p>\n<\/td>\n<\/tr>\n<tr style=\"height: 1.0cm;\">\n<td style=\"width: 31.0pt; border: solid windowtext 1.0pt; border-top: none;\" width=\"41\">\n<p style=\"text-align: center; padding: 0cm 5.4pt 0cm 5.4pt;\" align=\"center\">2.<\/p>\n<\/td>\n<td style=\"width: 211.2pt; border-top: none; border-left: none; border-bottom: solid windowtext 1.0pt; border-right: solid windowtext 1.0pt;\" width=\"282\">\n<p style=\"padding: 0cm 5.4pt 0cm 5.4pt;\">Monta\u017c instalacji wodoci\u0105gowych\/ kanalizacyjnych<\/p>\n<\/td>\n<td style=\"width: 210.9pt; border-top: none; border-left: none; border-bottom: solid windowtext 1.0pt; border-right: solid windowtext 1.0pt;\" width=\"281\">\n<p style=\"text-align: center; padding: 0cm 5.4pt 0cm 5.4pt;\" align=\"center\">wycena indywidualna<\/p>\n<\/td>\n<\/tr>\n<\/tbody>\n<\/table>\n<p>W celu przygotowania wyceny indywidualnej prosimy o kontakt e-mailowy na adres: <a href=\"mailto:sekretariat@aquabellis.pl\">sekretariat@aquabellis.pl\u00a0<\/a><\/p>\n<hr>\n<h3>OP\u0141ATY DODATKOWE W ZAKRESIE WODNO- KANALIZACYJNYM:<\/h3>\n<table style=\"border-collapse: collapse; border: solid windowtext 1.0pt;\">\n<tbody>\n<tr style=\"height: 1.0cm;\">\n<td style=\"width: 453.1pt; border: solid windowtext 1.0pt; background: #d9e2f3;\" colspan=\"3\" width=\"604\">\n<p style=\"text-align: center; padding: 0cm 5.4pt 0cm 5.4pt;\" align=\"center\">POZOSTA\u0141E US\u0141UGI<\/p>\n<\/td>\n<\/tr>\n<tr style=\"height: 1.0cm;\">\n<td style=\"width: 31.0pt; border: solid windowtext 1.0pt; border-top: none; background: #d9e2f3;\" width=\"41\">\n<p style=\"text-align: center; padding: 0cm 5.4pt 0cm 5.4pt;\" align=\"center\">L.P.<\/p>\n<\/td>\n<td style=\"width: 280.6pt; border-top: none; border-left: none; border-bottom: solid windowtext 1.0pt; border-right: solid windowtext 1.0pt; background: #d9e2f3;\" width=\"374\">\n<p style=\"text-align: center; padding: 0cm 5.4pt 0cm 5.4pt;\" align=\"center\">US\u0141UGA<\/p>\n<\/td>\n<td style=\"width: 141.5pt; border-top: none; border-left: none; border-bottom: solid windowtext 1.0pt; border-right: solid windowtext 1.0pt; background: #d9e2f3;\" width=\"189\">\n<p style=\"text-align: center; padding: 0cm 5.4pt 0cm 5.4pt;\" align=\"center\">CENA JEDNOSTKOWA NETTO<\/p>\n<\/td>\n<\/tr>\n<tr style=\"height: 1.0cm;\">\n<td style=\"width: 31.0pt; border: solid windowtext 1.0pt; border-top: none;\" width=\"41\">\n<p style=\"text-align: center; padding: 0cm 5.4pt 0cm 5.4pt;\" align=\"center\">1.<\/p>\n<\/td>\n<td style=\"width: 280.6pt; border-top: none; border-left: none; border-bottom: solid windowtext 1.0pt; border-right: solid windowtext 1.0pt;\" width=\"374\">\n<p style=\"padding: 0cm 5.4pt 0cm 5.4pt;\">Nieuzasadnione wezwanie w celu usuni\u0119cia awarii wodno- kanalizacyjnej<\/p>\n<\/td>\n<td style=\"width: 141.5pt; border-top: none; border-left: none; border-bottom: solid windowtext 1.0pt; border-right: solid windowtext 1.0pt;\" width=\"189\">\n<p style=\"text-align: center; padding: 0cm 5.4pt 0cm 5.4pt;\" align=\"center\">300,00 z\u0142<\/p>\n<\/td>\n<\/tr>\n<tr style=\"height: 1.0cm;\">\n<td style=\"width: 31.0pt; border: solid windowtext 1.0pt; border-top: none;\" width=\"41\">\n<p style=\"text-align: center; padding: 0cm 5.4pt 0cm 5.4pt;\" align=\"center\">2.<\/p>\n<\/td>\n<td style=\"width: 280.6pt; border-top: none; border-left: none; border-bottom: solid windowtext 1.0pt; border-right: solid windowtext 1.0pt;\" width=\"374\">\n<p style=\"padding: 0cm 5.4pt 0cm 5.4pt;\">Koszt przebiegu 1 km samochodu dostawczego do 3,5t<\/p>\n<\/td>\n<td style=\"width: 141.5pt; border-top: none; border-left: none; border-bottom: solid windowtext 1.0pt; border-right: solid windowtext 1.0pt;\" width=\"189\">\n<p style=\"text-align: center; padding: 0cm 5.4pt 0cm 5.4pt;\" align=\"center\">2,50 z\u0142<\/p>\n<\/td>\n<\/tr>\n<tr style=\"height: 1.0cm;\">\n<td style=\"width: 31.0pt; border: solid windowtext 1.0pt; border-top: none;\" width=\"41\">\n<p style=\"text-align: center; padding: 0cm 5.4pt 0cm 5.4pt;\" align=\"center\">3.<\/p>\n<\/td>\n<td style=\"width: 280.6pt; border-top: none; border-left: none; border-bottom: solid windowtext 1.0pt; border-right: solid windowtext 1.0pt;\" width=\"374\">Koszt pracy 1 godziny pojazdu lub sprz\u0119tu:<br>&#8211; Ci\u0105gnik rolniczy C-360<br>&#8211; Przyczepa ci\u0105gnikowa<br>&#8211; Koparko \u2013 \u0142adowarka FERMEC<br>&#8211; Minikoparka BOB CAT E19<\/td>\n<td style=\"width: 141.5pt; border-top: none; border-left: none; border-bottom: solid windowtext 1.0pt; border-right: solid windowtext 1.0pt;\" width=\"189\"><center><br>80,00 z\u0142<\/center><center>10,00 z\u0142<\/center><center>200,00 z\u0142<\/center><center>110,00 z\u0142<\/center><\/td>\n<\/tr>\n<\/tbody>\n<\/table>    <\/div>\n<\/div>\n<!-- \/module text -->        <\/div>\n                    <\/div>\n                <\/div>\n                        <\/div>\n        <\/div>\n                        <div  data-lazy=\"1\" class=\"module_row themify_builder_row tb_9l6f048 tf_w\">\n                        <div class=\"row_inner col_align_top tb_col_count_1 tf_box tf_rel\">\n                        <div  data-lazy=\"1\" class=\"module_column tb-column col-full tb_idv4828 first\">\n                            <div  data-lazy=\"1\" class=\"module_subrow themify_builder_sub_row tf_w col_align_top tb_col_count_2 tb_v3y5000\">\n                <div  data-lazy=\"1\" class=\"module_column sub_column col4-2 tb_67hi772 first\">\n                            <\/div>\n                    <div  data-lazy=\"1\" class=\"module_column sub_column col4-2 tb_ok1o882 last\">\n                    <!-- module text -->\n<div  class=\"module module-text tb_ro3g020   \" data-lazy=\"1\">\n        <div  class=\"tb_text_wrap\">\n        <h2 style=\"text-align: center;\">Zadzwo\u0144<\/h2>    <\/div>\n<\/div>\n<!-- \/module text --><!-- module text -->\n<div  class=\"module module-text tb_1s0r264   \" data-lazy=\"1\">\n        <div  class=\"tb_text_wrap\">\n        <h5 style=\"text-align: center;\">Us\u0142ugi wodoci\u0105gowe<\/h5>    <\/div>\n<\/div>\n<!-- \/module text --><!-- module buttons -->\n<div  class=\"module module-buttons tb_9eiu112 buttons-vertical transparent  large rounded\" data-lazy=\"1\">\n        <div class=\"module-buttons-item tf_in_flx\">\n                        <a href=\"tel:509592172\" class=\"ui builder_button tf_in_flx tb_default_color\" >\n                                    <em><svg  class=\"tf_fa tf-fas-phone-alt\" xmlns:xlink=\"http:\/\/www.w3.org\/1999\/xlink\" aria-hidden=\"true\"><use href=\"#tf-fas-phone-alt\" xlink:href=\"#tf-fas-phone-alt\"><\/use><\/svg><\/em>                                        509 592 172                                        <\/a>\n                <\/div>\n            <\/div>\n<!-- \/module buttons -->\n<!-- module text -->\n<div  class=\"module module-text tb_01pi182   \" data-lazy=\"1\">\n        <div  class=\"tb_text_wrap\">\n        <h5 style=\"text-align: center;\">Us\u0142ugi kanalizacyjne<\/h5>    <\/div>\n<\/div>\n<!-- \/module text --><!-- module buttons -->\n<div  class=\"module module-buttons tb_m007840 buttons-vertical transparent  large rounded\" data-lazy=\"1\">\n        <div class=\"module-buttons-item tf_in_flx\">\n                        <a href=\"tel:502044175\" class=\"ui builder_button tf_in_flx tb_default_color\" >\n                                    <em><svg  class=\"tf_fa tf-fas-phone-alt\" xmlns:xlink=\"http:\/\/www.w3.org\/1999\/xlink\" aria-hidden=\"true\"><use href=\"#tf-fas-phone-alt\" xlink:href=\"#tf-fas-phone-alt\"><\/use><\/svg><\/em>                                        502 044 175                                        <\/a>\n                <\/div>\n            <\/div>\n<!-- \/module buttons -->\n        <\/div>\n                    <\/div>\n                <\/div>\n                        <\/div>\n        <\/div>\n        <\/div>\n<!--\/themify_builder_content-->\n\n\n<p><\/p>","protected":false},"excerpt":{"rendered":"","protected":false},"author":2,"featured_media":0,"parent":4194,"menu_order":0,"comment_status":"closed","ping_status":"closed","template":"","meta":{"inline_featured_image":false,"footnotes":""},"class_list":["post-4602","page","type-page","status-publish","hentry","has-post-title","has-post-date","has-post-category","has-post-tag","has-post-comment","has-post-author",""],"yoast_head":"<!-- This site is optimized with the Yoast SEO plugin v27.0 - https:\/\/yoast.com\/product\/yoast-seo-wordpress\/ -->\n<title>Us\u0142ugi wodno-kanalizacyjne - AQUABELLIS.PL<\/title>\n<meta name=\"robots\" content=\"index, follow, max-snippet:-1, max-image-preview:large, max-video-preview:-1\" \/>\n<link rel=\"canonical\" href=\"https:\/\/aquabellis.pl\/index.php\/uslugi\/uslugi-wodno-kanalizacyjne\/\" \/>\n<meta property=\"og:locale\" content=\"pl_PL\" \/>\n<meta property=\"og:type\" content=\"article\" \/>\n<meta property=\"og:title\" content=\"Us\u0142ugi wodno-kanalizacyjne - AQUABELLIS.PL\" \/>\n<meta property=\"og:url\" content=\"https:\/\/aquabellis.pl\/index.php\/uslugi\/uslugi-wodno-kanalizacyjne\/\" \/>\n<meta property=\"og:site_name\" content=\"AQUABELLIS.PL\" \/>\n<meta property=\"article:modified_time\" content=\"2026-02-25T09:04:19+00:00\" \/>\n<meta name=\"twitter:card\" content=\"summary_large_image\" \/>\n<meta name=\"twitter:label1\" content=\"Szacowany czas czytania\" \/>\n\t<meta name=\"twitter:data1\" content=\"3 minuty\" \/>\n<script type=\"application\/ld+json\" class=\"yoast-schema-graph\">{\"@context\":\"https:\/\/schema.org\",\"@graph\":[{\"@type\":\"WebPage\",\"@id\":\"https:\/\/aquabellis.pl\/index.php\/uslugi\/uslugi-wodno-kanalizacyjne\/\",\"url\":\"https:\/\/aquabellis.pl\/index.php\/uslugi\/uslugi-wodno-kanalizacyjne\/\",\"name\":\"Us\u0142ugi wodno-kanalizacyjne - AQUABELLIS.PL\",\"isPartOf\":{\"@id\":\"https:\/\/aquabellis.pl\/#website\"},\"datePublished\":\"2026-01-02T10:31:58+00:00\",\"dateModified\":\"2026-02-25T09:04:19+00:00\",\"breadcrumb\":{\"@id\":\"https:\/\/aquabellis.pl\/index.php\/uslugi\/uslugi-wodno-kanalizacyjne\/#breadcrumb\"},\"inLanguage\":\"pl-PL\",\"potentialAction\":[{\"@type\":\"ReadAction\",\"target\":[\"https:\/\/aquabellis.pl\/index.php\/uslugi\/uslugi-wodno-kanalizacyjne\/\"]}]},{\"@type\":\"BreadcrumbList\",\"@id\":\"https:\/\/aquabellis.pl\/index.php\/uslugi\/uslugi-wodno-kanalizacyjne\/#breadcrumb\",\"itemListElement\":[{\"@type\":\"ListItem\",\"position\":1,\"name\":\"Strona g\u0142\u00f3wna\",\"item\":\"https:\/\/aquabellis.pl\/\"},{\"@type\":\"ListItem\",\"position\":2,\"name\":\"Us\u0142ugi\",\"item\":\"https:\/\/aquabellis.pl\/index.php\/uslugi\/\"},{\"@type\":\"ListItem\",\"position\":3,\"name\":\"Us\u0142ugi wodno-kanalizacyjne\"}]},{\"@type\":\"WebSite\",\"@id\":\"https:\/\/aquabellis.pl\/#website\",\"url\":\"https:\/\/aquabellis.pl\/\",\"name\":\"AQUABELLIS.PL\",\"description\":\"Sp\u00f3\u0142ka z o. o. Rogo\u017ano WLKP\",\"potentialAction\":[{\"@type\":\"SearchAction\",\"target\":{\"@type\":\"EntryPoint\",\"urlTemplate\":\"https:\/\/aquabellis.pl\/?s={search_term_string}\"},\"query-input\":{\"@type\":\"PropertyValueSpecification\",\"valueRequired\":true,\"valueName\":\"search_term_string\"}}],\"inLanguage\":\"pl-PL\"}]}<\/script>\n<!-- \/ Yoast SEO plugin. -->","yoast_head_json":{"title":"Us\u0142ugi wodno-kanalizacyjne - AQUABELLIS.PL","robots":{"index":"index","follow":"follow","max-snippet":"max-snippet:-1","max-image-preview":"max-image-preview:large","max-video-preview":"max-video-preview:-1"},"canonical":"https:\/\/aquabellis.pl\/index.php\/uslugi\/uslugi-wodno-kanalizacyjne\/","og_locale":"pl_PL","og_type":"article","og_title":"Us\u0142ugi wodno-kanalizacyjne - AQUABELLIS.PL","og_url":"https:\/\/aquabellis.pl\/index.php\/uslugi\/uslugi-wodno-kanalizacyjne\/","og_site_name":"AQUABELLIS.PL","article_modified_time":"2026-02-25T09:04:19+00:00","twitter_card":"summary_large_image","twitter_misc":{"Szacowany czas czytania":"3 minuty"},"schema":{"@context":"https:\/\/schema.org","@graph":[{"@type":"WebPage","@id":"https:\/\/aquabellis.pl\/index.php\/uslugi\/uslugi-wodno-kanalizacyjne\/","url":"https:\/\/aquabellis.pl\/index.php\/uslugi\/uslugi-wodno-kanalizacyjne\/","name":"Us\u0142ugi wodno-kanalizacyjne - AQUABELLIS.PL","isPartOf":{"@id":"https:\/\/aquabellis.pl\/#website"},"datePublished":"2026-01-02T10:31:58+00:00","dateModified":"2026-02-25T09:04:19+00:00","breadcrumb":{"@id":"https:\/\/aquabellis.pl\/index.php\/uslugi\/uslugi-wodno-kanalizacyjne\/#breadcrumb"},"inLanguage":"pl-PL","potentialAction":[{"@type":"ReadAction","target":["https:\/\/aquabellis.pl\/index.php\/uslugi\/uslugi-wodno-kanalizacyjne\/"]}]},{"@type":"BreadcrumbList","@id":"https:\/\/aquabellis.pl\/index.php\/uslugi\/uslugi-wodno-kanalizacyjne\/#breadcrumb","itemListElement":[{"@type":"ListItem","position":1,"name":"Strona g\u0142\u00f3wna","item":"https:\/\/aquabellis.pl\/"},{"@type":"ListItem","position":2,"name":"Us\u0142ugi","item":"https:\/\/aquabellis.pl\/index.php\/uslugi\/"},{"@type":"ListItem","position":3,"name":"Us\u0142ugi wodno-kanalizacyjne"}]},{"@type":"WebSite","@id":"https:\/\/aquabellis.pl\/#website","url":"https:\/\/aquabellis.pl\/","name":"AQUABELLIS.PL","description":"Sp\u00f3\u0142ka z o. o. Rogo\u017ano WLKP","potentialAction":[{"@type":"SearchAction","target":{"@type":"EntryPoint","urlTemplate":"https:\/\/aquabellis.pl\/?s={search_term_string}"},"query-input":{"@type":"PropertyValueSpecification","valueRequired":true,"valueName":"search_term_string"}}],"inLanguage":"pl-PL"}]}},"_links":{"self":[{"href":"https:\/\/aquabellis.pl\/index.php\/wp-json\/wp\/v2\/pages\/4602","targetHints":{"allow":["GET"]}}],"collection":[{"href":"https:\/\/aquabellis.pl\/index.php\/wp-json\/wp\/v2\/pages"}],"about":[{"href":"https:\/\/aquabellis.pl\/index.php\/wp-json\/wp\/v2\/types\/page"}],"author":[{"embeddable":true,"href":"https:\/\/aquabellis.pl\/index.php\/wp-json\/wp\/v2\/users\/2"}],"replies":[{"embeddable":true,"href":"https:\/\/aquabellis.pl\/index.php\/wp-json\/wp\/v2\/comments?post=4602"}],"version-history":[{"count":2,"href":"https:\/\/aquabellis.pl\/index.php\/wp-json\/wp\/v2\/pages\/4602\/revisions"}],"predecessor-version":[{"id":5186,"href":"https:\/\/aquabellis.pl\/index.php\/wp-json\/wp\/v2\/pages\/4602\/revisions\/5186"}],"up":[{"embeddable":true,"href":"https:\/\/aquabellis.pl\/index.php\/wp-json\/wp\/v2\/pages\/4194"}],"wp:attachment":[{"href":"https:\/\/aquabellis.pl\/index.php\/wp-json\/wp\/v2\/media?parent=4602"}],"curies":[{"name":"wp","href":"https:\/\/api.w.org\/{rel}","templated":true}]}}