{"id":4584,"date":"2026-01-02T11:24:16","date_gmt":"2026-01-02T10:24:16","guid":{"rendered":"https:\/\/test1.nowakowskiprojekt.kylos.pl\/?page_id=4584"},"modified":"2026-02-25T10:03:55","modified_gmt":"2026-02-25T09:03:55","slug":"wywoz-nieczystosci","status":"publish","type":"page","link":"https:\/\/aquabellis.pl\/index.php\/uslugi\/wywoz-nieczystosci\/","title":{"rendered":"Wyw\u00f3z nieczysto\u015bci"},"content":{"rendered":"<!--themify_builder_content-->\n<div id=\"themify_builder_content-4584\" data-postid=\"4584\" class=\"themify_builder_content themify_builder_content-4584 themify_builder tf_clear\">\n                    <div  data-lazy=\"1\" class=\"module_row themify_builder_row tb_o4r9005 tb_first tf_w\">\n                        <div class=\"row_inner col_align_top tb_col_count_1 tf_box tf_rel\">\n                        <div  data-lazy=\"1\" class=\"module_column tb-column col-full tb_fw02090 first\">\n                    <!-- module text -->\n<div  class=\"module module-text tb_ysgz502   \" data-lazy=\"1\">\n        <div  class=\"tb_text_wrap\">\n        <h1>Wyw\u00f3z nieczysto\u015bci<\/h1>    <\/div>\n<\/div>\n<!-- \/module text --><!-- module text -->\n<div  class=\"module module-text tb_leho562   \" data-lazy=\"1\">\n        <div  class=\"tb_text_wrap\">\n        <span><span><a href=\"https:\/\/aquabellis.pl\/\">Strona g\u0142\u00f3wna<\/a><\/span><\/span>    <\/div>\n<\/div>\n<!-- \/module text -->        <\/div>\n                        <\/div>\n        <\/div>\n                        <div  data-lazy=\"1\" class=\"module_row themify_builder_row tb_m5p2443 tf_w\">\n                        <div class=\"row_inner col_align_top tb_col_count_1 tf_box tf_rel\">\n                        <div  data-lazy=\"1\" class=\"module_column tb-column col-full tb_h27l443 first\">\n                            <div  data-lazy=\"1\" class=\"module_subrow themify_builder_sub_row tf_w col_align_top tb_col_count_1 tb_grho443\">\n                <div  data-lazy=\"1\" class=\"module_column sub_column col-full tb_3oiq443 first\">\n                    <!-- module text -->\n<div  class=\"module module-text tb_9zst443   \" data-lazy=\"1\">\n        <div  class=\"tb_text_wrap\">\n        <p>\u015awiadczymy us\u0142ugi w zakresie wywozu nieczysto\u015bci ciek\u0142ych ze zbiornik\u00f3w bezodp\u0142ywowych oraz wywozu osad\u00f3w z przydomowych oczyszczalni \u015bciek\u00f3w.<\/p>    <\/div>\n<\/div>\n<!-- \/module text --><!-- module text -->\n<div  class=\"module module-text tb_9cuy295   \" data-lazy=\"1\">\n        <div  class=\"tb_text_wrap\">\n        <h2>Cennik<\/h2>    <\/div>\n<\/div>\n<!-- \/module text --><!-- module text -->\n<div  class=\"module module-text tb_l94316   \" data-lazy=\"1\">\n        <div  class=\"tb_text_wrap\">\n        <h3 style=\"font-variant-ligatures: normal; font-variant-caps: normal; font-style: normal;\">CENNIK WYWOZU NIECZYSTO\u015aCI P\u0141YNNYCH NA TERENIE GMINY ROGO\u0179NO OD 15.03.2025:<\/h3>\n<table style=\"font-variant-ligatures: normal; font-variant-caps: normal; font-style: normal; font-weight: 400; width: 100%; color: #7a7a7a; border: 1pt solid windowtext;\">\n<tbody style=\"font-size: 1px;\">\n<tr style=\"font-size: 14px; height: 1cm;\">\n<td style=\"border-width: 1pt; border-top-style: solid; border-right-style: solid; border-left-style: solid; border-color: windowtext; font-size: 14px; width: 453.1pt; background: #d9e2f3;\" colspan=\"3\" width=\"604\">\n<p style=\"padding: 0cm 5.4pt; font-size: 14px; text-align: center;\" align=\"center\">WYW\u00d3Z NIECZYSTO\u015aCI P\u0141YNNYCH<\/p>\n<\/td>\n<\/tr>\n<tr style=\"font-size: 14px; height: 1cm;\">\n<td style=\"border-top-width: initial; border-top-style: none; border-right: 1pt solid windowtext; border-bottom-width: 1pt; border-bottom-color: windowtext; border-left: 1pt solid windowtext; font-size: 14px; width: 31pt; background: #d9e2f3;\" width=\"41\">\n<p style=\"padding: 0cm 5.4pt; font-size: 14px; text-align: center;\" align=\"center\">L.P.<\/p>\n<\/td>\n<td style=\"border-top-width: initial; border-top-style: none; border-right: 1pt solid windowtext; border-bottom-width: 1pt; border-bottom-color: windowtext; border-left-width: initial; border-left-style: none; font-size: 14px; width: 280.6pt; background: #d9e2f3;\" width=\"374\">\n<p style=\"padding: 0cm 5.4pt; font-size: 14px; text-align: center;\" align=\"center\">US\u0141UGA<\/p>\n<\/td>\n<td style=\"border-top-width: initial; border-top-style: none; border-right: 1pt solid windowtext; border-bottom-width: 1pt; border-bottom-color: windowtext; border-left-width: initial; border-left-style: none; font-size: 14px; width: 141.5pt; background: #d9e2f3;\" width=\"189\">\n<p style=\"padding: 0cm 5.4pt; font-size: 14px; text-align: center;\" align=\"center\">CENA JEDNOSTKOWA BRUTTO<\/p>\n<\/td>\n<\/tr>\n<tr style=\"font-size: 14px; height: 1cm;\">\n<td style=\"border-top-width: initial; border-top-style: none; border-right: 1pt solid windowtext; border-bottom-width: 1pt; border-bottom-color: windowtext; border-left: 1pt solid windowtext; font-size: 14px; width: 31pt;\" width=\"41\">\n<p style=\"padding: 0cm 5.4pt; font-size: 14px; text-align: center;\" align=\"center\">1.<\/p>\n<\/td>\n<td style=\"border-top-width: initial; border-top-style: none; border-right: 1pt solid windowtext; border-bottom-width: 1pt; border-bottom-color: windowtext; border-left-width: initial; border-left-style: none; font-size: 14px; width: 280.6pt;\" width=\"374\">\n<p style=\"padding: 0cm 5.4pt; font-size: 14px;\">Wyw\u00f3z 1 m\u00b3 \u015bciek\u00f3w na terenie miasta*<\/p>\n<\/td>\n<td style=\"border-top-width: initial; border-top-style: none; border-right: 1pt solid windowtext; border-bottom-width: 1pt; border-bottom-color: windowtext; border-left-width: initial; border-left-style: none; font-size: 14px; width: 141.5pt;\" width=\"189\">\n<p style=\"padding: 0cm 5.4pt; font-size: 14px; text-align: center;\" align=\"center\">30,00 z\u0142 \/ m\u00b3<\/p>\n<\/td>\n<\/tr>\n<tr style=\"font-size: 14px; height: 1cm;\">\n<td style=\"border-top-width: initial; border-top-style: none; border-right: 1pt solid windowtext; border-bottom-width: 1pt; border-bottom-color: windowtext; border-left: 1pt solid windowtext; font-size: 14px; width: 31pt;\" width=\"41\">\n<p style=\"padding: 0cm 5.4pt; font-size: 14px; text-align: center;\" align=\"center\">2.<\/p>\n<\/td>\n<td style=\"border-top-width: initial; border-top-style: none; border-right: 1pt solid windowtext; border-bottom-width: 1pt; border-bottom-color: windowtext; border-left-width: initial; border-left-style: none; font-size: 14px; width: 280.6pt;\" width=\"374\">\n<p style=\"padding: 0cm 5.4pt; font-size: 14px;\">Wyw\u00f3z 1 m\u00b3 \u015bciek\u00f3w poza terenem miasta*<\/p>\n<\/td>\n<td style=\"border-top-width: initial; border-top-style: none; border-right: 1pt solid windowtext; border-bottom-width: 1pt; border-bottom-color: windowtext; border-left-width: initial; border-left-style: none; font-size: 14px; width: 141.5pt;\" width=\"189\">\n<p style=\"padding: 0cm 5.4pt; font-size: 14px; text-align: center;\" align=\"center\">35,00 z\u0142 \/ m\u00b3<\/p>\n<\/td>\n<\/tr>\n<tr style=\"font-size: 14px; height: 1cm;\">\n<td style=\"border-top-width: initial; border-top-style: none; border-right: 1pt solid windowtext; border-bottom-width: 1pt; border-bottom-color: windowtext; border-left: 1pt solid windowtext; font-size: 14px; width: 31pt;\" width=\"41\">\n<p style=\"padding: 0cm 5.4pt; font-size: 14px; text-align: center;\" align=\"center\">3.<\/p>\n<\/td>\n<td style=\"border-top-width: initial; border-top-style: none; border-right: 1pt solid windowtext; border-bottom-width: 1pt; border-bottom-color: windowtext; border-left-width: initial; border-left-style: none; font-size: 14px; width: 280.6pt;\" width=\"374\">\n<p style=\"padding: 0cm 5.4pt; font-size: 14px;\">Wyw\u00f3z 1 m\u00b3 osadu \u015bciekowego z PO\u015a na terenie miasta*<\/p>\n<\/td>\n<td style=\"border-top-width: initial; border-top-style: none; border-right: 1pt solid windowtext; border-bottom-width: 1pt; border-bottom-color: windowtext; border-left-width: initial; border-left-style: none; font-size: 14px; width: 141.5pt;\" width=\"189\">\n<p style=\"padding: 0cm 5.4pt; font-size: 14px; text-align: center;\" align=\"center\">50,00 z\u0142 \/ m\u00b3<\/p>\n<\/td>\n<\/tr>\n<tr style=\"font-size: 14px; height: 1cm;\">\n<td style=\"border-top-width: initial; border-top-style: none; border-right: 1pt solid windowtext; border-bottom-width: 1pt; border-bottom-color: windowtext; border-left: 1pt solid windowtext; font-size: 14px; width: 31pt;\" width=\"41\">\n<p style=\"padding: 0cm 5.4pt; font-size: 14px; text-align: center;\" align=\"center\">4.<\/p>\n<\/td>\n<td style=\"border-top-width: initial; border-top-style: none; border-right: 1pt solid windowtext; border-bottom-width: 1pt; border-bottom-color: windowtext; border-left-width: initial; border-left-style: none; font-size: 14px; width: 280.6pt;\" width=\"374\">\n<p style=\"padding: 0cm 5.4pt; font-size: 14px;\">Wyw\u00f3z 1 m\u00b3 osadu \u015bciekowego z PO\u015a poza terenem miasta*<\/p>\n<\/td>\n<td style=\"border-top-width: initial; border-top-style: none; border-right: 1pt solid windowtext; border-bottom-width: 1pt; border-bottom-color: windowtext; border-left-width: initial; border-left-style: none; font-size: 14px; width: 141.5pt;\" width=\"189\">\n<p style=\"padding: 0cm 5.4pt; font-size: 14px; text-align: center;\" align=\"center\">55,00 z\u0142 \/ m\u00b3<\/p>\n<\/td>\n<\/tr>\n<\/tbody>\n<\/table>\n<p style=\"font-variant-ligatures: normal; font-variant-caps: normal; font-size: 14px; font-style: normal; font-weight: 400; color: #7a7a7a;\">* Teren miasta obejmuje miejscowo\u015bci: Rogo\u017ano, Garbatka, Ruda, Cie\u015ble.<\/p>    <\/div>\n<\/div>\n<!-- \/module text --><!-- module image -->\n<div  class=\"module module-image tb_4qif343 image-center   auto_fullwidth tf_mw\" data-lazy=\"1\">\n        <div class=\"image-wrap tf_rel tf_mw\">\n            <img loading=\"lazy\" decoding=\"async\" width=\"724\" height=\"1024\" src=\"https:\/\/aquabellis.pl\/wp-content\/uploads\/2026\/01\/image004.jpg\" class=\"wp-post-image wp-image-4826\" title=\"image004\" alt=\"image004\" srcset=\"https:\/\/aquabellis.pl\/wp-content\/uploads\/2026\/01\/image004.jpg 724w, https:\/\/aquabellis.pl\/wp-content\/uploads\/2026\/01\/image004-212x300.jpg 212w\" sizes=\"auto, (max-width: 724px) 100vw, 724px\" \/>    \n        <\/div>\n    <!-- \/image-wrap -->\n    \n        <\/div>\n<!-- \/module image -->        <\/div>\n                    <\/div>\n                <\/div>\n                        <\/div>\n        <\/div>\n                        <div  data-lazy=\"1\" class=\"module_row themify_builder_row tb_2fsn633 tf_w\">\n                        <div class=\"row_inner col_align_top tb_col_count_1 tf_box tf_rel\">\n                        <div  data-lazy=\"1\" class=\"module_column tb-column col-full tb_yp6o633 first\">\n                            <div  data-lazy=\"1\" class=\"module_subrow themify_builder_sub_row tf_w col_align_top tb_col_count_2 tb_duwl633\">\n                <div  data-lazy=\"1\" class=\"module_column sub_column col4-2 tb_cpvx633 first\">\n                            <\/div>\n                    <div  data-lazy=\"1\" class=\"module_column sub_column col4-2 tb_j8sj633 last\">\n                    <!-- module text -->\n<div  class=\"module module-text tb_9sk0633   \" data-lazy=\"1\">\n        <div  class=\"tb_text_wrap\">\n        <h2 style=\"text-align: center;\">Zadzwo\u0144<\/h2>    <\/div>\n<\/div>\n<!-- \/module text --><!-- module text -->\n<div  class=\"module module-text tb_b8xu633   \" data-lazy=\"1\">\n        <div  class=\"tb_text_wrap\">\n        <h5 style=\"text-align: center;\">Zg\u0142o\u015b wyw\u00f3z nieczysto\u015bci<\/h5>    <\/div>\n<\/div>\n<!-- \/module text --><!-- module buttons -->\n<div  class=\"module module-buttons tb_ab65633 buttons-vertical transparent  large rounded\" data-lazy=\"1\">\n        <div class=\"module-buttons-item tf_in_flx\">\n                        <a href=\"tel:517234474\" class=\"ui builder_button tf_in_flx tb_default_color\" >\n                                    <em><svg  class=\"tf_fa tf-fas-phone-alt\" xmlns:xlink=\"http:\/\/www.w3.org\/1999\/xlink\" aria-hidden=\"true\"><use href=\"#tf-fas-phone-alt\" xlink:href=\"#tf-fas-phone-alt\"><\/use><\/svg><\/em>                                        517 234 474                                        <\/a>\n                <\/div>\n            <\/div>\n<!-- \/module buttons -->\n        <\/div>\n                    <\/div>\n                <\/div>\n                        <\/div>\n        <\/div>\n        <\/div>\n<!--\/themify_builder_content-->\n\n\n<p><\/p>","protected":false},"excerpt":{"rendered":"","protected":false},"author":2,"featured_media":0,"parent":4194,"menu_order":0,"comment_status":"closed","ping_status":"closed","template":"","meta":{"inline_featured_image":false,"footnotes":""},"class_list":["post-4584","page","type-page","status-publish","hentry","has-post-title","has-post-date","has-post-category","has-post-tag","has-post-comment","has-post-author",""],"yoast_head":"<!-- This site is optimized with the Yoast SEO plugin v27.0 - https:\/\/yoast.com\/product\/yoast-seo-wordpress\/ -->\n<title>Wyw\u00f3z nieczysto\u015bci - AQUABELLIS.PL<\/title>\n<meta name=\"robots\" content=\"index, follow, max-snippet:-1, max-image-preview:large, max-video-preview:-1\" \/>\n<link rel=\"canonical\" href=\"https:\/\/aquabellis.pl\/index.php\/uslugi\/wywoz-nieczystosci\/\" \/>\n<meta property=\"og:locale\" content=\"pl_PL\" \/>\n<meta property=\"og:type\" content=\"article\" \/>\n<meta property=\"og:title\" content=\"Wyw\u00f3z nieczysto\u015bci - AQUABELLIS.PL\" \/>\n<meta property=\"og:url\" content=\"https:\/\/aquabellis.pl\/index.php\/uslugi\/wywoz-nieczystosci\/\" \/>\n<meta property=\"og:site_name\" content=\"AQUABELLIS.PL\" \/>\n<meta property=\"article:modified_time\" content=\"2026-02-25T09:03:55+00:00\" \/>\n<meta property=\"og:image\" content=\"https:\/\/aquabellis.pl\/wp-content\/uploads\/2026\/01\/image004.jpg\" \/>\n\t<meta property=\"og:image:width\" content=\"724\" \/>\n\t<meta property=\"og:image:height\" content=\"1024\" \/>\n\t<meta property=\"og:image:type\" content=\"image\/jpeg\" \/>\n<meta name=\"twitter:card\" content=\"summary_large_image\" \/>\n<meta name=\"twitter:label1\" content=\"Szacowany czas czytania\" \/>\n\t<meta name=\"twitter:data1\" content=\"1 minuta\" \/>\n<script type=\"application\/ld+json\" class=\"yoast-schema-graph\">{\"@context\":\"https:\/\/schema.org\",\"@graph\":[{\"@type\":\"WebPage\",\"@id\":\"https:\/\/aquabellis.pl\/index.php\/uslugi\/wywoz-nieczystosci\/\",\"url\":\"https:\/\/aquabellis.pl\/index.php\/uslugi\/wywoz-nieczystosci\/\",\"name\":\"Wyw\u00f3z nieczysto\u015bci - AQUABELLIS.PL\",\"isPartOf\":{\"@id\":\"https:\/\/aquabellis.pl\/#website\"},\"primaryImageOfPage\":{\"@id\":\"https:\/\/aquabellis.pl\/index.php\/uslugi\/wywoz-nieczystosci\/#primaryimage\"},\"image\":{\"@id\":\"https:\/\/aquabellis.pl\/index.php\/uslugi\/wywoz-nieczystosci\/#primaryimage\"},\"thumbnailUrl\":\"https:\/\/aquabellis.pl\/wp-content\/uploads\/2026\/01\/image004.jpg\",\"datePublished\":\"2026-01-02T10:24:16+00:00\",\"dateModified\":\"2026-02-25T09:03:55+00:00\",\"breadcrumb\":{\"@id\":\"https:\/\/aquabellis.pl\/index.php\/uslugi\/wywoz-nieczystosci\/#breadcrumb\"},\"inLanguage\":\"pl-PL\",\"potentialAction\":[{\"@type\":\"ReadAction\",\"target\":[\"https:\/\/aquabellis.pl\/index.php\/uslugi\/wywoz-nieczystosci\/\"]}]},{\"@type\":\"ImageObject\",\"inLanguage\":\"pl-PL\",\"@id\":\"https:\/\/aquabellis.pl\/index.php\/uslugi\/wywoz-nieczystosci\/#primaryimage\",\"url\":\"https:\/\/aquabellis.pl\/wp-content\/uploads\/2026\/01\/image004.jpg\",\"contentUrl\":\"https:\/\/aquabellis.pl\/wp-content\/uploads\/2026\/01\/image004.jpg\",\"width\":724,\"height\":1024},{\"@type\":\"BreadcrumbList\",\"@id\":\"https:\/\/aquabellis.pl\/index.php\/uslugi\/wywoz-nieczystosci\/#breadcrumb\",\"itemListElement\":[{\"@type\":\"ListItem\",\"position\":1,\"name\":\"Strona g\u0142\u00f3wna\",\"item\":\"https:\/\/aquabellis.pl\/\"},{\"@type\":\"ListItem\",\"position\":2,\"name\":\"Us\u0142ugi\",\"item\":\"https:\/\/aquabellis.pl\/index.php\/uslugi\/\"},{\"@type\":\"ListItem\",\"position\":3,\"name\":\"Wyw\u00f3z nieczysto\u015bci\"}]},{\"@type\":\"WebSite\",\"@id\":\"https:\/\/aquabellis.pl\/#website\",\"url\":\"https:\/\/aquabellis.pl\/\",\"name\":\"AQUABELLIS.PL\",\"description\":\"Sp\u00f3\u0142ka z o. o. Rogo\u017ano WLKP\",\"potentialAction\":[{\"@type\":\"SearchAction\",\"target\":{\"@type\":\"EntryPoint\",\"urlTemplate\":\"https:\/\/aquabellis.pl\/?s={search_term_string}\"},\"query-input\":{\"@type\":\"PropertyValueSpecification\",\"valueRequired\":true,\"valueName\":\"search_term_string\"}}],\"inLanguage\":\"pl-PL\"}]}<\/script>\n<!-- \/ Yoast SEO plugin. -->","yoast_head_json":{"title":"Wyw\u00f3z nieczysto\u015bci - AQUABELLIS.PL","robots":{"index":"index","follow":"follow","max-snippet":"max-snippet:-1","max-image-preview":"max-image-preview:large","max-video-preview":"max-video-preview:-1"},"canonical":"https:\/\/aquabellis.pl\/index.php\/uslugi\/wywoz-nieczystosci\/","og_locale":"pl_PL","og_type":"article","og_title":"Wyw\u00f3z nieczysto\u015bci - AQUABELLIS.PL","og_url":"https:\/\/aquabellis.pl\/index.php\/uslugi\/wywoz-nieczystosci\/","og_site_name":"AQUABELLIS.PL","article_modified_time":"2026-02-25T09:03:55+00:00","og_image":[{"width":724,"height":1024,"url":"https:\/\/aquabellis.pl\/wp-content\/uploads\/2026\/01\/image004.jpg","type":"image\/jpeg"}],"twitter_card":"summary_large_image","twitter_misc":{"Szacowany czas czytania":"1 minuta"},"schema":{"@context":"https:\/\/schema.org","@graph":[{"@type":"WebPage","@id":"https:\/\/aquabellis.pl\/index.php\/uslugi\/wywoz-nieczystosci\/","url":"https:\/\/aquabellis.pl\/index.php\/uslugi\/wywoz-nieczystosci\/","name":"Wyw\u00f3z nieczysto\u015bci - AQUABELLIS.PL","isPartOf":{"@id":"https:\/\/aquabellis.pl\/#website"},"primaryImageOfPage":{"@id":"https:\/\/aquabellis.pl\/index.php\/uslugi\/wywoz-nieczystosci\/#primaryimage"},"image":{"@id":"https:\/\/aquabellis.pl\/index.php\/uslugi\/wywoz-nieczystosci\/#primaryimage"},"thumbnailUrl":"https:\/\/aquabellis.pl\/wp-content\/uploads\/2026\/01\/image004.jpg","datePublished":"2026-01-02T10:24:16+00:00","dateModified":"2026-02-25T09:03:55+00:00","breadcrumb":{"@id":"https:\/\/aquabellis.pl\/index.php\/uslugi\/wywoz-nieczystosci\/#breadcrumb"},"inLanguage":"pl-PL","potentialAction":[{"@type":"ReadAction","target":["https:\/\/aquabellis.pl\/index.php\/uslugi\/wywoz-nieczystosci\/"]}]},{"@type":"ImageObject","inLanguage":"pl-PL","@id":"https:\/\/aquabellis.pl\/index.php\/uslugi\/wywoz-nieczystosci\/#primaryimage","url":"https:\/\/aquabellis.pl\/wp-content\/uploads\/2026\/01\/image004.jpg","contentUrl":"https:\/\/aquabellis.pl\/wp-content\/uploads\/2026\/01\/image004.jpg","width":724,"height":1024},{"@type":"BreadcrumbList","@id":"https:\/\/aquabellis.pl\/index.php\/uslugi\/wywoz-nieczystosci\/#breadcrumb","itemListElement":[{"@type":"ListItem","position":1,"name":"Strona g\u0142\u00f3wna","item":"https:\/\/aquabellis.pl\/"},{"@type":"ListItem","position":2,"name":"Us\u0142ugi","item":"https:\/\/aquabellis.pl\/index.php\/uslugi\/"},{"@type":"ListItem","position":3,"name":"Wyw\u00f3z nieczysto\u015bci"}]},{"@type":"WebSite","@id":"https:\/\/aquabellis.pl\/#website","url":"https:\/\/aquabellis.pl\/","name":"AQUABELLIS.PL","description":"Sp\u00f3\u0142ka z o. o. Rogo\u017ano WLKP","potentialAction":[{"@type":"SearchAction","target":{"@type":"EntryPoint","urlTemplate":"https:\/\/aquabellis.pl\/?s={search_term_string}"},"query-input":{"@type":"PropertyValueSpecification","valueRequired":true,"valueName":"search_term_string"}}],"inLanguage":"pl-PL"}]}},"_links":{"self":[{"href":"https:\/\/aquabellis.pl\/index.php\/wp-json\/wp\/v2\/pages\/4584","targetHints":{"allow":["GET"]}}],"collection":[{"href":"https:\/\/aquabellis.pl\/index.php\/wp-json\/wp\/v2\/pages"}],"about":[{"href":"https:\/\/aquabellis.pl\/index.php\/wp-json\/wp\/v2\/types\/page"}],"author":[{"embeddable":true,"href":"https:\/\/aquabellis.pl\/index.php\/wp-json\/wp\/v2\/users\/2"}],"replies":[{"embeddable":true,"href":"https:\/\/aquabellis.pl\/index.php\/wp-json\/wp\/v2\/comments?post=4584"}],"version-history":[{"count":4,"href":"https:\/\/aquabellis.pl\/index.php\/wp-json\/wp\/v2\/pages\/4584\/revisions"}],"predecessor-version":[{"id":5185,"href":"https:\/\/aquabellis.pl\/index.php\/wp-json\/wp\/v2\/pages\/4584\/revisions\/5185"}],"up":[{"embeddable":true,"href":"https:\/\/aquabellis.pl\/index.php\/wp-json\/wp\/v2\/pages\/4194"}],"wp:attachment":[{"href":"https:\/\/aquabellis.pl\/index.php\/wp-json\/wp\/v2\/media?parent=4584"}],"curies":[{"name":"wp","href":"https:\/\/api.w.org\/{rel}","templated":true}]}}