{"id":4558,"date":"2026-01-02T10:48:27","date_gmt":"2026-01-02T09:48:27","guid":{"rendered":"https:\/\/test1.nowakowskiprojekt.kylos.pl\/?page_id=4558"},"modified":"2026-03-02T11:23:06","modified_gmt":"2026-03-02T10:23:06","slug":"taryfa-dla-ciepla","status":"publish","type":"page","link":"https:\/\/aquabellis.pl\/index.php\/taryfy-cennik\/taryfa-dla-ciepla\/","title":{"rendered":"Taryfa dla ciep\u0142a"},"content":{"rendered":"<!--themify_builder_content-->\n<div id=\"themify_builder_content-4558\" data-postid=\"4558\" class=\"themify_builder_content themify_builder_content-4558 themify_builder tf_clear\">\n                    <div  data-lazy=\"1\" class=\"module_row themify_builder_row tb_skj1756 tb_first tf_w\">\n                        <div class=\"row_inner col_align_top tb_col_count_1 tf_box tf_rel\">\n                        <div  data-lazy=\"1\" class=\"module_column tb-column col-full tb_7t1h000 first\">\n                    <!-- module text -->\n<div  class=\"module module-text tb_k429797   \" data-lazy=\"1\">\n        <div  class=\"tb_text_wrap\">\n        <h1>Taryfa dla ciep\u0142a<\/h1>    <\/div>\n<\/div>\n<!-- \/module text --><!-- module text -->\n<div  class=\"module module-text tb_rbdb509   \" data-lazy=\"1\">\n        <div  class=\"tb_text_wrap\">\n        <span><span><a href=\"https:\/\/aquabellis.pl\/\">Strona g\u0142\u00f3wna<\/a><\/span><\/span>    <\/div>\n<\/div>\n<!-- \/module text -->        <\/div>\n                        <\/div>\n        <\/div>\n                        <div  data-lazy=\"1\" class=\"module_row themify_builder_row tb_mspt655 tf_w\">\n                        <div class=\"row_inner col_align_top tb_col_count_1 tf_box tf_rel\">\n                        <div  data-lazy=\"1\" class=\"module_column tb-column col-full tb_eqhs507 first\">\n                    <!-- module text -->\n<div  class=\"module module-text tb_ui25555   \" data-lazy=\"1\">\n        <div  class=\"tb_text_wrap\">\n        <h2>Aktualizacja taryfy dla ciep\u0142a od 23 stycznia 2026 r.<\/h2>    <\/div>\n<\/div>\n<!-- \/module text --><!-- module text -->\n<div  class=\"module module-text tb_zrhn555   \" data-lazy=\"1\">\n        <div  class=\"tb_text_wrap\">\n        <p class=\"v1MsoNormal\">Aquabellis Sp. z o. o. informuje, \u017ce zako\u0144czy\u0142o post\u0119powanie administracyjne prowadzone przez Prezesa Urz\u0119du Regulacji Energetyki w sprawie zmiany zatwierdzonej XXVI taryfy dla ciep\u0142a.<\/p>\n<p class=\"v1MsoNormal\">Cena ciep\u0142a uleg\u0142a zmniejszeniu w taryfie KSI o 3,40 %, KSG o 3,51 %, KSGS o 3,03 % oraz KL o 3,86 %.<\/p>    <\/div>\n<\/div>\n<!-- \/module text -->        <\/div>\n                        <\/div>\n        <\/div>\n                        <div  data-lazy=\"1\" class=\"module_row themify_builder_row tb_cqtd959 tf_w\">\n                        <div class=\"row_inner col_align_top tb_col_count_1 tf_box tf_rel\">\n                        <div  data-lazy=\"1\" class=\"module_column tb-column col-full tb_8fre255 first\">\n                    <!-- module text -->\n<div  class=\"module module-text tb_b3mv970   \" data-lazy=\"1\">\n        <div  class=\"tb_text_wrap\">\n        <h2 style=\"text-align: center;\">Pliki<\/h2>    <\/div>\n<\/div>\n<!-- \/module text -->        <div  data-lazy=\"1\" class=\"module_subrow themify_builder_sub_row tf_w col_align_middle tb_col_count_2 tb_3v66099\">\n                <div  data-lazy=\"1\" class=\"module_column sub_column col4-2 tb_xbvg507 first\">\n                    <!-- module text -->\n<div  class=\"module module-text tb_9a30578   \" data-lazy=\"1\">\n        <div  class=\"tb_text_wrap\">\n        <p><a href=\"https:\/\/test1.nowakowskiprojekt.kylos.pl\/wp-content\/uploads\/2026\/01\/TARYFA-XXVI-Z-DECYZJA.pdf\">Taryfa z decyzj\u0105<\/a><\/p>    <\/div>\n<\/div>\n<!-- \/module text -->        <\/div>\n                    <div  data-lazy=\"1\" class=\"module_column sub_column col4-2 tb_0ee5005 last\">\n                    <!-- module buttons -->\n<div  class=\"module module-buttons tb_acur019 buttons-horizontal transparent   rounded\" data-lazy=\"1\">\n        <div class=\"module-buttons-item tf_in_flx\">\n                        <a href=\"https:\/\/aquabellis.pl\/wp-content\/uploads\/2026\/03\/2025.12.12-Taryfa-XXVI-zmiana-I-od-23.01.2026-r_.pdf\" class=\"ui builder_button tf_in_flx tb_default_color\" download>\n                                    <em><svg  class=\"tf_fa tf-ti-download\" xmlns:xlink=\"http:\/\/www.w3.org\/1999\/xlink\" aria-hidden=\"true\"><use href=\"#tf-ti-download\" xlink:href=\"#tf-ti-download\"><\/use><\/svg><\/em>                                        Pobierz                                        <\/a>\n                <\/div>\n            <\/div>\n<!-- \/module buttons -->\n        <\/div>\n                    <\/div>\n                <\/div>\n                        <\/div>\n        <\/div>\n                        <div  data-lazy=\"1\" class=\"module_row themify_builder_row tb_zxul723 tf_w\">\n                        <div class=\"row_inner col_align_top tb_col_count_1 tf_box tf_rel\">\n                        <div  data-lazy=\"1\" class=\"module_column tb-column col-full tb_cjwp723 first\">\n                    <!-- module text -->\n<div  class=\"module module-text tb_uqdh723   \" data-lazy=\"1\">\n        <div  class=\"tb_text_wrap\">\n        <h2>Nowa taryfa dla ciep\u0142a od 21.07.2025 r.<\/h2>    <\/div>\n<\/div>\n<!-- \/module text --><!-- module text -->\n<div  class=\"module module-text tb_w82x723   \" data-lazy=\"1\">\n        <div  class=\"tb_text_wrap\">\n        <p>Aquabellis Sp. z o. o. informuje, \u017ce zako\u0144czy\u0142o post\u0119powanie administracyjne prowadzone przez Prezesa Urz\u0119du Regulacji Energetyki w sprawie zatwierdzenia XXVI taryfy dla ciep\u0142a.<\/p>\n<p>Poni\u017cej znajduje si\u0119 link do decyzji Prezesa URE oraz XXVI taryfa dla ciep\u0142a:<\/p>    <\/div>\n<\/div>\n<!-- \/module text -->        <\/div>\n                        <\/div>\n        <\/div>\n                        <div  data-lazy=\"1\" class=\"module_row themify_builder_row tb_7qmk962 tf_w\">\n                        <div class=\"row_inner col_align_top tb_col_count_1 tf_box tf_rel\">\n                        <div  data-lazy=\"1\" class=\"module_column tb-column col-full tb_461h962 first\">\n                    <!-- module text -->\n<div  class=\"module module-text tb_744w962   \" data-lazy=\"1\">\n        <div  class=\"tb_text_wrap\">\n        <h2 style=\"text-align: center;\">Pliki<\/h2>    <\/div>\n<\/div>\n<!-- \/module text -->        <div  data-lazy=\"1\" class=\"module_subrow themify_builder_sub_row tf_w col_align_middle tb_col_count_2 tb_58lt962\">\n                <div  data-lazy=\"1\" class=\"module_column sub_column col4-2 tb_at5h962 first\">\n                    <!-- module text -->\n<div  class=\"module module-text tb_ib2s962   \" data-lazy=\"1\">\n        <div  class=\"tb_text_wrap\">\n        <p><a href=\"https:\/\/test1.nowakowskiprojekt.kylos.pl\/wp-content\/uploads\/2026\/01\/TARYFA-XXVI-Z-DECYZJA.pdf\">Taryfa z decyzj\u0105<\/a><\/p>    <\/div>\n<\/div>\n<!-- \/module text -->        <\/div>\n                    <div  data-lazy=\"1\" class=\"module_column sub_column col4-2 tb_rkhq962 last\">\n                    <!-- module buttons -->\n<div  class=\"module module-buttons tb_bdzx962 buttons-horizontal transparent   rounded\" data-lazy=\"1\">\n        <div class=\"module-buttons-item tf_in_flx\">\n                        <a href=\"https:\/\/aquabellis.pl\/wp-content\/uploads\/2026\/01\/TARYFA-XXVI-Z-DECYZJA.pdf\" class=\"ui builder_button tf_in_flx tb_default_color\" download>\n                                    <em><svg  class=\"tf_fa tf-ti-download\" xmlns:xlink=\"http:\/\/www.w3.org\/1999\/xlink\" aria-hidden=\"true\"><use href=\"#tf-ti-download\" xlink:href=\"#tf-ti-download\"><\/use><\/svg><\/em>                                        Pobierz                                        <\/a>\n                <\/div>\n            <\/div>\n<!-- \/module buttons -->\n        <\/div>\n                    <\/div>\n                <\/div>\n                        <\/div>\n        <\/div>\n        <\/div>\n<!--\/themify_builder_content-->","protected":false},"excerpt":{"rendered":"<p>Taryfa dla ciep\u0142a<\/p>\n","protected":false},"author":2,"featured_media":0,"parent":4983,"menu_order":0,"comment_status":"closed","ping_status":"closed","template":"","meta":{"inline_featured_image":false,"footnotes":""},"class_list":["post-4558","page","type-page","status-publish","hentry","has-post-title","has-post-date","has-post-category","has-post-tag","has-post-comment","has-post-author",""],"yoast_head":"<!-- This site is optimized with the Yoast SEO plugin v27.0 - https:\/\/yoast.com\/product\/yoast-seo-wordpress\/ -->\n<title>Taryfa dla ciep\u0142a - AQUABELLIS.PL<\/title>\n<meta name=\"robots\" content=\"index, follow, max-snippet:-1, max-image-preview:large, max-video-preview:-1\" \/>\n<link rel=\"canonical\" href=\"https:\/\/aquabellis.pl\/index.php\/taryfy-cennik\/taryfa-dla-ciepla\/\" \/>\n<meta property=\"og:locale\" content=\"pl_PL\" \/>\n<meta property=\"og:type\" content=\"article\" \/>\n<meta property=\"og:title\" content=\"Taryfa dla ciep\u0142a - AQUABELLIS.PL\" \/>\n<meta property=\"og:description\" content=\"Taryfa dla ciep\u0142a\" \/>\n<meta property=\"og:url\" content=\"https:\/\/aquabellis.pl\/index.php\/taryfy-cennik\/taryfa-dla-ciepla\/\" \/>\n<meta property=\"og:site_name\" content=\"AQUABELLIS.PL\" \/>\n<meta property=\"article:modified_time\" content=\"2026-03-02T10:23:06+00:00\" \/>\n<meta name=\"twitter:card\" content=\"summary_large_image\" \/>\n<meta name=\"twitter:label1\" content=\"Szacowany czas czytania\" \/>\n\t<meta name=\"twitter:data1\" content=\"2 minuty\" \/>\n<script type=\"application\/ld+json\" class=\"yoast-schema-graph\">{\"@context\":\"https:\/\/schema.org\",\"@graph\":[{\"@type\":\"WebPage\",\"@id\":\"https:\/\/aquabellis.pl\/index.php\/taryfy-cennik\/taryfa-dla-ciepla\/\",\"url\":\"https:\/\/aquabellis.pl\/index.php\/taryfy-cennik\/taryfa-dla-ciepla\/\",\"name\":\"Taryfa dla ciep\u0142a - AQUABELLIS.PL\",\"isPartOf\":{\"@id\":\"https:\/\/aquabellis.pl\/#website\"},\"datePublished\":\"2026-01-02T09:48:27+00:00\",\"dateModified\":\"2026-03-02T10:23:06+00:00\",\"breadcrumb\":{\"@id\":\"https:\/\/aquabellis.pl\/index.php\/taryfy-cennik\/taryfa-dla-ciepla\/#breadcrumb\"},\"inLanguage\":\"pl-PL\",\"potentialAction\":[{\"@type\":\"ReadAction\",\"target\":[\"https:\/\/aquabellis.pl\/index.php\/taryfy-cennik\/taryfa-dla-ciepla\/\"]}]},{\"@type\":\"BreadcrumbList\",\"@id\":\"https:\/\/aquabellis.pl\/index.php\/taryfy-cennik\/taryfa-dla-ciepla\/#breadcrumb\",\"itemListElement\":[{\"@type\":\"ListItem\",\"position\":1,\"name\":\"Strona g\u0142\u00f3wna\",\"item\":\"https:\/\/aquabellis.pl\/\"},{\"@type\":\"ListItem\",\"position\":2,\"name\":\"Taryfy \/ Cennik\",\"item\":\"https:\/\/aquabellis.pl\/index.php\/taryfy-cennik\/\"},{\"@type\":\"ListItem\",\"position\":3,\"name\":\"Taryfa dla ciep\u0142a\"}]},{\"@type\":\"WebSite\",\"@id\":\"https:\/\/aquabellis.pl\/#website\",\"url\":\"https:\/\/aquabellis.pl\/\",\"name\":\"AQUABELLIS.PL\",\"description\":\"Sp\u00f3\u0142ka z o. o. Rogo\u017ano WLKP\",\"potentialAction\":[{\"@type\":\"SearchAction\",\"target\":{\"@type\":\"EntryPoint\",\"urlTemplate\":\"https:\/\/aquabellis.pl\/?s={search_term_string}\"},\"query-input\":{\"@type\":\"PropertyValueSpecification\",\"valueRequired\":true,\"valueName\":\"search_term_string\"}}],\"inLanguage\":\"pl-PL\"}]}<\/script>\n<!-- \/ Yoast SEO plugin. -->","yoast_head_json":{"title":"Taryfa dla ciep\u0142a - AQUABELLIS.PL","robots":{"index":"index","follow":"follow","max-snippet":"max-snippet:-1","max-image-preview":"max-image-preview:large","max-video-preview":"max-video-preview:-1"},"canonical":"https:\/\/aquabellis.pl\/index.php\/taryfy-cennik\/taryfa-dla-ciepla\/","og_locale":"pl_PL","og_type":"article","og_title":"Taryfa dla ciep\u0142a - AQUABELLIS.PL","og_description":"Taryfa dla ciep\u0142a","og_url":"https:\/\/aquabellis.pl\/index.php\/taryfy-cennik\/taryfa-dla-ciepla\/","og_site_name":"AQUABELLIS.PL","article_modified_time":"2026-03-02T10:23:06+00:00","twitter_card":"summary_large_image","twitter_misc":{"Szacowany czas czytania":"2 minuty"},"schema":{"@context":"https:\/\/schema.org","@graph":[{"@type":"WebPage","@id":"https:\/\/aquabellis.pl\/index.php\/taryfy-cennik\/taryfa-dla-ciepla\/","url":"https:\/\/aquabellis.pl\/index.php\/taryfy-cennik\/taryfa-dla-ciepla\/","name":"Taryfa dla ciep\u0142a - AQUABELLIS.PL","isPartOf":{"@id":"https:\/\/aquabellis.pl\/#website"},"datePublished":"2026-01-02T09:48:27+00:00","dateModified":"2026-03-02T10:23:06+00:00","breadcrumb":{"@id":"https:\/\/aquabellis.pl\/index.php\/taryfy-cennik\/taryfa-dla-ciepla\/#breadcrumb"},"inLanguage":"pl-PL","potentialAction":[{"@type":"ReadAction","target":["https:\/\/aquabellis.pl\/index.php\/taryfy-cennik\/taryfa-dla-ciepla\/"]}]},{"@type":"BreadcrumbList","@id":"https:\/\/aquabellis.pl\/index.php\/taryfy-cennik\/taryfa-dla-ciepla\/#breadcrumb","itemListElement":[{"@type":"ListItem","position":1,"name":"Strona g\u0142\u00f3wna","item":"https:\/\/aquabellis.pl\/"},{"@type":"ListItem","position":2,"name":"Taryfy \/ Cennik","item":"https:\/\/aquabellis.pl\/index.php\/taryfy-cennik\/"},{"@type":"ListItem","position":3,"name":"Taryfa dla ciep\u0142a"}]},{"@type":"WebSite","@id":"https:\/\/aquabellis.pl\/#website","url":"https:\/\/aquabellis.pl\/","name":"AQUABELLIS.PL","description":"Sp\u00f3\u0142ka z o. o. Rogo\u017ano WLKP","potentialAction":[{"@type":"SearchAction","target":{"@type":"EntryPoint","urlTemplate":"https:\/\/aquabellis.pl\/?s={search_term_string}"},"query-input":{"@type":"PropertyValueSpecification","valueRequired":true,"valueName":"search_term_string"}}],"inLanguage":"pl-PL"}]}},"_links":{"self":[{"href":"https:\/\/aquabellis.pl\/index.php\/wp-json\/wp\/v2\/pages\/4558","targetHints":{"allow":["GET"]}}],"collection":[{"href":"https:\/\/aquabellis.pl\/index.php\/wp-json\/wp\/v2\/pages"}],"about":[{"href":"https:\/\/aquabellis.pl\/index.php\/wp-json\/wp\/v2\/types\/page"}],"author":[{"embeddable":true,"href":"https:\/\/aquabellis.pl\/index.php\/wp-json\/wp\/v2\/users\/2"}],"replies":[{"embeddable":true,"href":"https:\/\/aquabellis.pl\/index.php\/wp-json\/wp\/v2\/comments?post=4558"}],"version-history":[{"count":6,"href":"https:\/\/aquabellis.pl\/index.php\/wp-json\/wp\/v2\/pages\/4558\/revisions"}],"predecessor-version":[{"id":5246,"href":"https:\/\/aquabellis.pl\/index.php\/wp-json\/wp\/v2\/pages\/4558\/revisions\/5246"}],"up":[{"embeddable":true,"href":"https:\/\/aquabellis.pl\/index.php\/wp-json\/wp\/v2\/pages\/4983"}],"wp:attachment":[{"href":"https:\/\/aquabellis.pl\/index.php\/wp-json\/wp\/v2\/media?parent=4558"}],"curies":[{"name":"wp","href":"https:\/\/api.w.org\/{rel}","templated":true}]}}