{"id":4512,"date":"2026-01-02T10:06:09","date_gmt":"2026-01-02T09:06:09","guid":{"rendered":"https:\/\/test1.nowakowskiprojekt.kylos.pl\/?page_id=4512"},"modified":"2026-02-25T07:08:26","modified_gmt":"2026-02-25T06:08:26","slug":"ogloszenia","status":"publish","type":"page","link":"https:\/\/aquabellis.pl\/index.php\/o-firmie\/cieplownictwo\/ogloszenia\/","title":{"rendered":"Og\u0142oszenia"},"content":{"rendered":"<!--themify_builder_content-->\n<div id=\"themify_builder_content-4512\" data-postid=\"4512\" class=\"themify_builder_content themify_builder_content-4512 themify_builder tf_clear\">\n                    <div  data-lazy=\"1\" class=\"module_row themify_builder_row tb_8xny096 tb_first tf_w\">\n                        <div class=\"row_inner col_align_top tb_col_count_1 tf_box tf_rel\">\n                        <div  data-lazy=\"1\" class=\"module_column tb-column col-full tb_kd4h931 first\">\n                    <!-- module text -->\n<div  class=\"module module-text tb_ewae009   \" data-lazy=\"1\">\n        <div  class=\"tb_text_wrap\">\n        <h1>Og\u0142oszenia<\/h1>    <\/div>\n<\/div>\n<!-- \/module text --><!-- module text -->\n<div  class=\"module module-text tb_9zlv903   \" data-lazy=\"1\">\n        <div  class=\"tb_text_wrap\">\n        <span><span><a href=\"https:\/\/aquabellis.pl\/\">Strona g\u0142\u00f3wna<\/a><\/span><\/span>    <\/div>\n<\/div>\n<!-- \/module text -->        <\/div>\n                        <\/div>\n        <\/div>\n                        <div  data-lazy=\"1\" class=\"module_row themify_builder_row tb_0neg550 tf_w\">\n                        <div class=\"row_inner col_align_top tb_col_count_1 tf_box tf_rel\">\n                        <div  data-lazy=\"1\" class=\"module_column tb-column col-full tb_3xp7961 first\">\n                            <div  data-lazy=\"1\" class=\"module_subrow themify_builder_sub_row tf_w col_align_top tb_col_count_1 tb_gu87019\">\n                <div  data-lazy=\"1\" class=\"module_column sub_column col-full tb_tz10009 first\">\n                    <!-- module text -->\n<div  class=\"module module-text tb_rv7z041   \" data-lazy=\"1\">\n        <div  class=\"tb_text_wrap\">\n        <div id=\"text-599-1-0-0\" class=\"module module-text text-599-1-0-0 repeat \" data-id=\"1ae1422\">\n<h2>OG\u0141OSZENIE Z DNIA 3 PA\u0179DZIERNIKA 2025 R.<\/h2>\n<\/div>    <\/div>\n<\/div>\n<!-- \/module text --><!-- module text -->\n<div  class=\"module module-text tb_m54d309   \" data-lazy=\"1\">\n        <div  class=\"tb_text_wrap\">\n        <div id=\"text-599-1-0-0\" class=\"module module-text text-599-1-0-0 repeat \" data-id=\"1ae1422\">\n<p class=\"v1MsoNormal\">Zgodnie z art. 3 ust. 8, ustawy z dnia\u00a012 wrze\u015bnia 2025 r. o bonie ciep\u0142owniczym oraz o zmianie niekt\u00f3rych ustaw w celu ograniczenia wysoko\u015bci cen energii elektrycznej (DZ.U.2025 poz. 1302) AQUABELLIS Sp. z o.o. publikuje jednosk\u0142adnikowe ceny ciep\u0142a netto stosowane w\u00a0rozliczeniach z odbiorcami, w ka\u017cdej grupie taryfowej, w ka\u017cdym systemie ciep\u0142owniczym, w\u00a0ramach kt\u00f3rego jest prowadzona sprzeda\u017c ciep\u0142a do gospodarstw domowych.<\/p>\n<ul>\n<li class=\"v1MsoNormal\">GRUPA TARYFOWA KSI \u2013 179,47 Z\u0141\/GJ<\/li>\n<li class=\"v1MsoNormal\">GRUPA TARYFOWA KSG \u2013 171,87 Z\u0141\/GJ<\/li>\n<li class=\"v1MsoNormal\">GRUPA TARYFOWA KSGS \u2013 207,66 Z\u0141\/GJ<\/li>\n<li class=\"v1MsoNormal\">GRUPA TARYFOWA KL \u2013 133,18 Z\u0141\/GJ<\/li>\n<\/ul>\n<p style=\"text-align: center;\">Jakub Dworza\u0144ski<br>Prezes Zarz\u0105du<\/p>\n<\/div>    <\/div>\n<\/div>\n<!-- \/module text -->        <\/div>\n                    <\/div>\n                <\/div>\n                        <\/div>\n        <\/div>\n        <\/div>\n<!--\/themify_builder_content-->","protected":false},"excerpt":{"rendered":"<p>Og\u0142oszenia<\/p>\n","protected":false},"author":2,"featured_media":0,"parent":4074,"menu_order":0,"comment_status":"closed","ping_status":"closed","template":"","meta":{"inline_featured_image":false,"footnotes":""},"class_list":["post-4512","page","type-page","status-publish","hentry","has-post-title","has-post-date","has-post-category","has-post-tag","has-post-comment","has-post-author",""],"yoast_head":"<!-- This site is optimized with the Yoast SEO plugin v27.0 - https:\/\/yoast.com\/product\/yoast-seo-wordpress\/ -->\n<title>Og\u0142oszenia - AQUABELLIS.PL<\/title>\n<meta name=\"robots\" content=\"index, follow, max-snippet:-1, max-image-preview:large, max-video-preview:-1\" \/>\n<link rel=\"canonical\" href=\"https:\/\/aquabellis.pl\/index.php\/o-firmie\/cieplownictwo\/ogloszenia\/\" \/>\n<meta property=\"og:locale\" content=\"pl_PL\" \/>\n<meta property=\"og:type\" content=\"article\" \/>\n<meta property=\"og:title\" content=\"Og\u0142oszenia - AQUABELLIS.PL\" \/>\n<meta property=\"og:description\" content=\"Og\u0142oszenia\" \/>\n<meta property=\"og:url\" content=\"https:\/\/aquabellis.pl\/index.php\/o-firmie\/cieplownictwo\/ogloszenia\/\" \/>\n<meta property=\"og:site_name\" content=\"AQUABELLIS.PL\" \/>\n<meta property=\"article:modified_time\" content=\"2026-02-25T06:08:26+00:00\" \/>\n<meta name=\"twitter:card\" content=\"summary_large_image\" \/>\n<meta name=\"twitter:label1\" content=\"Szacowany czas czytania\" \/>\n\t<meta name=\"twitter:data1\" content=\"4 minuty\" \/>\n<script type=\"application\/ld+json\" class=\"yoast-schema-graph\">{\"@context\":\"https:\/\/schema.org\",\"@graph\":[{\"@type\":\"WebPage\",\"@id\":\"https:\/\/aquabellis.pl\/index.php\/o-firmie\/cieplownictwo\/ogloszenia\/\",\"url\":\"https:\/\/aquabellis.pl\/index.php\/o-firmie\/cieplownictwo\/ogloszenia\/\",\"name\":\"Og\u0142oszenia - AQUABELLIS.PL\",\"isPartOf\":{\"@id\":\"https:\/\/aquabellis.pl\/#website\"},\"datePublished\":\"2026-01-02T09:06:09+00:00\",\"dateModified\":\"2026-02-25T06:08:26+00:00\",\"breadcrumb\":{\"@id\":\"https:\/\/aquabellis.pl\/index.php\/o-firmie\/cieplownictwo\/ogloszenia\/#breadcrumb\"},\"inLanguage\":\"pl-PL\",\"potentialAction\":[{\"@type\":\"ReadAction\",\"target\":[\"https:\/\/aquabellis.pl\/index.php\/o-firmie\/cieplownictwo\/ogloszenia\/\"]}]},{\"@type\":\"BreadcrumbList\",\"@id\":\"https:\/\/aquabellis.pl\/index.php\/o-firmie\/cieplownictwo\/ogloszenia\/#breadcrumb\",\"itemListElement\":[{\"@type\":\"ListItem\",\"position\":1,\"name\":\"Strona g\u0142\u00f3wna\",\"item\":\"https:\/\/aquabellis.pl\/\"},{\"@type\":\"ListItem\",\"position\":2,\"name\":\"O firmie\",\"item\":\"https:\/\/aquabellis.pl\/index.php\/o-firmie\/\"},{\"@type\":\"ListItem\",\"position\":3,\"name\":\"Ciep\u0142ownictwo\",\"item\":\"https:\/\/aquabellis.pl\/index.php\/o-firmie\/cieplownictwo\/\"},{\"@type\":\"ListItem\",\"position\":4,\"name\":\"Og\u0142oszenia\"}]},{\"@type\":\"WebSite\",\"@id\":\"https:\/\/aquabellis.pl\/#website\",\"url\":\"https:\/\/aquabellis.pl\/\",\"name\":\"AQUABELLIS.PL\",\"description\":\"Sp\u00f3\u0142ka z o. o. Rogo\u017ano WLKP\",\"potentialAction\":[{\"@type\":\"SearchAction\",\"target\":{\"@type\":\"EntryPoint\",\"urlTemplate\":\"https:\/\/aquabellis.pl\/?s={search_term_string}\"},\"query-input\":{\"@type\":\"PropertyValueSpecification\",\"valueRequired\":true,\"valueName\":\"search_term_string\"}}],\"inLanguage\":\"pl-PL\"}]}<\/script>\n<!-- \/ Yoast SEO plugin. -->","yoast_head_json":{"title":"Og\u0142oszenia - AQUABELLIS.PL","robots":{"index":"index","follow":"follow","max-snippet":"max-snippet:-1","max-image-preview":"max-image-preview:large","max-video-preview":"max-video-preview:-1"},"canonical":"https:\/\/aquabellis.pl\/index.php\/o-firmie\/cieplownictwo\/ogloszenia\/","og_locale":"pl_PL","og_type":"article","og_title":"Og\u0142oszenia - AQUABELLIS.PL","og_description":"Og\u0142oszenia","og_url":"https:\/\/aquabellis.pl\/index.php\/o-firmie\/cieplownictwo\/ogloszenia\/","og_site_name":"AQUABELLIS.PL","article_modified_time":"2026-02-25T06:08:26+00:00","twitter_card":"summary_large_image","twitter_misc":{"Szacowany czas czytania":"4 minuty"},"schema":{"@context":"https:\/\/schema.org","@graph":[{"@type":"WebPage","@id":"https:\/\/aquabellis.pl\/index.php\/o-firmie\/cieplownictwo\/ogloszenia\/","url":"https:\/\/aquabellis.pl\/index.php\/o-firmie\/cieplownictwo\/ogloszenia\/","name":"Og\u0142oszenia - AQUABELLIS.PL","isPartOf":{"@id":"https:\/\/aquabellis.pl\/#website"},"datePublished":"2026-01-02T09:06:09+00:00","dateModified":"2026-02-25T06:08:26+00:00","breadcrumb":{"@id":"https:\/\/aquabellis.pl\/index.php\/o-firmie\/cieplownictwo\/ogloszenia\/#breadcrumb"},"inLanguage":"pl-PL","potentialAction":[{"@type":"ReadAction","target":["https:\/\/aquabellis.pl\/index.php\/o-firmie\/cieplownictwo\/ogloszenia\/"]}]},{"@type":"BreadcrumbList","@id":"https:\/\/aquabellis.pl\/index.php\/o-firmie\/cieplownictwo\/ogloszenia\/#breadcrumb","itemListElement":[{"@type":"ListItem","position":1,"name":"Strona g\u0142\u00f3wna","item":"https:\/\/aquabellis.pl\/"},{"@type":"ListItem","position":2,"name":"O firmie","item":"https:\/\/aquabellis.pl\/index.php\/o-firmie\/"},{"@type":"ListItem","position":3,"name":"Ciep\u0142ownictwo","item":"https:\/\/aquabellis.pl\/index.php\/o-firmie\/cieplownictwo\/"},{"@type":"ListItem","position":4,"name":"Og\u0142oszenia"}]},{"@type":"WebSite","@id":"https:\/\/aquabellis.pl\/#website","url":"https:\/\/aquabellis.pl\/","name":"AQUABELLIS.PL","description":"Sp\u00f3\u0142ka z o. o. Rogo\u017ano WLKP","potentialAction":[{"@type":"SearchAction","target":{"@type":"EntryPoint","urlTemplate":"https:\/\/aquabellis.pl\/?s={search_term_string}"},"query-input":{"@type":"PropertyValueSpecification","valueRequired":true,"valueName":"search_term_string"}}],"inLanguage":"pl-PL"}]}},"_links":{"self":[{"href":"https:\/\/aquabellis.pl\/index.php\/wp-json\/wp\/v2\/pages\/4512","targetHints":{"allow":["GET"]}}],"collection":[{"href":"https:\/\/aquabellis.pl\/index.php\/wp-json\/wp\/v2\/pages"}],"about":[{"href":"https:\/\/aquabellis.pl\/index.php\/wp-json\/wp\/v2\/types\/page"}],"author":[{"embeddable":true,"href":"https:\/\/aquabellis.pl\/index.php\/wp-json\/wp\/v2\/users\/2"}],"replies":[{"embeddable":true,"href":"https:\/\/aquabellis.pl\/index.php\/wp-json\/wp\/v2\/comments?post=4512"}],"version-history":[{"count":1,"href":"https:\/\/aquabellis.pl\/index.php\/wp-json\/wp\/v2\/pages\/4512\/revisions"}],"predecessor-version":[{"id":5018,"href":"https:\/\/aquabellis.pl\/index.php\/wp-json\/wp\/v2\/pages\/4512\/revisions\/5018"}],"up":[{"embeddable":true,"href":"https:\/\/aquabellis.pl\/index.php\/wp-json\/wp\/v2\/pages\/4074"}],"wp:attachment":[{"href":"https:\/\/aquabellis.pl\/index.php\/wp-json\/wp\/v2\/media?parent=4512"}],"curies":[{"name":"wp","href":"https:\/\/api.w.org\/{rel}","templated":true}]}}