{"id":4497,"date":"2026-01-02T09:58:57","date_gmt":"2026-01-02T08:58:57","guid":{"rendered":"https:\/\/test1.nowakowskiprojekt.kylos.pl\/?page_id=4497"},"modified":"2026-03-23T08:37:16","modified_gmt":"2026-03-23T07:37:16","slug":"dla-audytorow","status":"publish","type":"page","link":"https:\/\/aquabellis.pl\/index.php\/o-firmie\/cieplownictwo\/dla-audytorow\/","title":{"rendered":"Dla audytor\u00f3w"},"content":{"rendered":"<!--themify_builder_content-->\n<div id=\"themify_builder_content-4497\" data-postid=\"4497\" class=\"themify_builder_content themify_builder_content-4497 themify_builder tf_clear\">\n                    <div  data-lazy=\"1\" class=\"module_row themify_builder_row tb_9asd908 tb_first tf_w\">\n                        <div class=\"row_inner col_align_top tb_col_count_1 tf_box tf_rel\">\n                        <div  data-lazy=\"1\" class=\"module_column tb-column col-full tb_nsn2997 first\">\n                    <!-- module text -->\n<div  class=\"module module-text tb_ewdm967   \" data-lazy=\"1\">\n        <div  class=\"tb_text_wrap\">\n        <h1>Dla audytor\u00f3w<\/h1>    <\/div>\n<\/div>\n<!-- \/module text --><!-- module text -->\n<div  class=\"module module-text tb_m41o900   \" data-lazy=\"1\">\n        <div  class=\"tb_text_wrap\">\n        <span><span><a href=\"https:\/\/aquabellis.pl\/\">Strona g\u0142\u00f3wna<\/a><\/span><\/span>    <\/div>\n<\/div>\n<!-- \/module text -->        <\/div>\n                        <\/div>\n        <\/div>\n                        <div  data-lazy=\"1\" class=\"module_row themify_builder_row tb_071g067 tf_w\">\n                        <div class=\"row_inner col_align_top tb_col_count_1 tf_box tf_rel\">\n                        <div  data-lazy=\"1\" class=\"module_column tb-column col-full tb_rhwg977 first\">\n                            <div  data-lazy=\"1\" class=\"module_subrow themify_builder_sub_row tf_w col_align_top tb_col_count_1 tb_87un099\">\n                <div  data-lazy=\"1\" class=\"module_column sub_column col-full tb_z91x707 first\">\n                    <!-- module text -->\n<div  class=\"module module-text tb_df4x707   \" data-lazy=\"1\">\n        <div  class=\"tb_text_wrap\">\n        <div id=\"text-599-1-0-0\" class=\"module module-text text-599-1-0-0 repeat \" data-id=\"1ae1422\">\n<h2>Wsp\u00f3\u0142czynniki efektywno\u015bci energetycznej dla systemu ciep\u0142owniczego Aquabellis Sp. z o.o. w Rogo\u017anie za 2025 rok<\/h2>\n<ol>\n<li>Procentowy udzia\u0142 ciep\u0142a dostarczonego w ci\u0105gu roku kalendarzowego do sieci ciep\u0142owniczej, wytworzonego w instalacjach odnawialnego \u017ar\u00f3d\u0142a energii, ciep\u0142a u\u017cytkowego w kogeneracji lub ciep\u0142a odpadowego z instalacji przemys\u0142owych <br>w \u0142\u0105cznej ilo\u015bci ciep\u0142a dostarczonego do systemu ciep\u0142owniczego wynosi:<\/li>\n<\/ol>\n<p><strong>\u03b1DH = 0,00 %<\/strong> **<\/p>\n<p>**) \u017ar\u00f3d\u0142o nie wytwarza ciep\u0142a zdefiniowanego jako ciep\u0142o pochodz\u0105ce z instalacji odnawialnego \u017ar\u00f3d\u0142a energii, ciep\u0142o u\u017cytkowe z kogeneracji lub ciep\u0142o odpadowe z instalacji przemys\u0142owych.<\/p>\n<ol>\n<li>Warto\u015b\u0107 wsp\u00f3\u0142czynnika nak\u0142adu nieodnawialnej energii pierwotnej obliczonego na podstawie art. 29 ustawy z dnia 20 maja 2016 r. o efektywno\u015bci dla sieci ciep\u0142owniczej,<\/li>\n<\/ol>\n<p><strong>W<\/strong> p,c = <strong>1,491<\/strong>*<\/p>\n<p>*) wska\u017anik obliczono zgodnie z Za\u0142\u0105cznikiem nr 4 pkt. 1.3, do rozporz\u0105dzenia Ministra Energii z dnia 5 pa\u017adziernika 2017 r w sprawie szczeg\u00f3\u0142owego zakresu i sposobu sporz\u0105dzania audytu efektywno\u015bci energetycznej oraz metod obliczania oszcz\u0119dno\u015bci energii.<\/p>\n<ul>\n<li>Suma ko\u0144cowego zu\u017cycia energii cieplnej brutto w 2025 roku, o kt\u00f3rej mowa <br>w art. 2 pkt 16 ustawy z dnia 20 lutego 2015 r. o odnawialnych \u017ar\u00f3d\u0142ach energii, wytworzonej przez wszystkich wytw\u00f3rc\u00f3w ciep\u0142a w systemie [GJ].<\/li>\n<\/ul>\n<p>Suma energii cieplnej brutto w 2025 roku = <strong>35\u00a0447,96 GJ <\/strong><\/p>\n<h3>STRUKTURA PALIW I EMISJA ZA 2025 ROK<\/h3>\n<p>Zgodnie z paragrafem 23 Rozporz\u0105dzenia Ministra Gospodarki z dnia 15 stycznia 2007 roku w sprawie szczeg\u00f3\u0142owych warunk\u00f3w funkcjonowania system\u00f3w ciep\u0142owniczych, Aquabellis Sp. z o.o. przedstawia struktur\u0119 wykorzystanych w 2025 roku paliw pierwotnych do produkcji energii cieplnej z kot\u0142owni K-1 (13,8 MW) zasilaj\u0105cej sie\u0107 ciep\u0142ownicz\u0105 oraz wynikaj\u0105ce z tego wielko\u015bci emisji zanieczyszcze\u0144.<\/p>\n<p><strong>WYKORZYSTANE PALIWA: <\/strong><\/p>\n<p>Gaz ziemny wysokometanowy grupy E: <strong>1\u00a0050 832 Nm<sup>3<\/sup><\/strong>\u00a0\u00a0\u00a0\u00a0\u00a0\u00a0\u00a0\u00a0\u00a0\u00a0\u00a0\u00a0<\/p>\n<p><strong>EMISJA ZANIECZYSZCZE\u0143 DO ATMOSFERY:\u00a0\u00a0\u00a0 <\/strong><\/p>\n<p>Dwutlenek w\u0119gla (CO<sub>2<\/sub>): <strong>2 063 834,0 kg\u00a0\u00a0\u00a0\u00a0 <\/strong><\/p>\n<p>Dwutlenek siarki (SO<sub>2<\/sub>):<strong> 84,1 kg<\/strong><\/p>\n<p>Tlenki azotu (NOx): <strong>1 961,7 kg<\/strong><\/p>\n<p>Tlenek w\u0119gla (CO):<strong> 291,6 kg<\/strong><\/p>\n<p>Py\u0142y: <strong>15,3 kg<\/strong><\/p>\n<p>Odpady radioaktywne: <strong>brak<\/strong><\/p>\n<\/div>    <\/div>\n<\/div>\n<!-- \/module text -->        <\/div>\n                    <\/div>\n                <\/div>\n                        <\/div>\n        <\/div>\n        <\/div>\n<!--\/themify_builder_content-->","protected":false},"excerpt":{"rendered":"<p>Dla audytor\u00f3w<\/p>\n","protected":false},"author":2,"featured_media":0,"parent":4074,"menu_order":0,"comment_status":"closed","ping_status":"closed","template":"","meta":{"inline_featured_image":false,"footnotes":""},"class_list":["post-4497","page","type-page","status-publish","hentry","has-post-title","has-post-date","has-post-category","has-post-tag","has-post-comment","has-post-author",""],"yoast_head":"<!-- This site is optimized with the Yoast SEO plugin v27.0 - https:\/\/yoast.com\/product\/yoast-seo-wordpress\/ -->\n<title>Dla audytor\u00f3w - AQUABELLIS.PL<\/title>\n<meta name=\"robots\" content=\"index, follow, max-snippet:-1, max-image-preview:large, max-video-preview:-1\" \/>\n<link rel=\"canonical\" href=\"https:\/\/aquabellis.pl\/index.php\/o-firmie\/cieplownictwo\/dla-audytorow\/\" \/>\n<meta property=\"og:locale\" content=\"pl_PL\" \/>\n<meta property=\"og:type\" content=\"article\" \/>\n<meta property=\"og:title\" content=\"Dla audytor\u00f3w - AQUABELLIS.PL\" \/>\n<meta property=\"og:description\" content=\"Dla audytor\u00f3w\" \/>\n<meta property=\"og:url\" content=\"https:\/\/aquabellis.pl\/index.php\/o-firmie\/cieplownictwo\/dla-audytorow\/\" \/>\n<meta property=\"og:site_name\" content=\"AQUABELLIS.PL\" \/>\n<meta property=\"article:modified_time\" content=\"2026-03-23T07:37:16+00:00\" \/>\n<meta name=\"twitter:card\" content=\"summary_large_image\" \/>\n<meta name=\"twitter:label1\" content=\"Szacowany czas czytania\" \/>\n\t<meta name=\"twitter:data1\" content=\"13 minut\" \/>\n<script type=\"application\/ld+json\" class=\"yoast-schema-graph\">{\"@context\":\"https:\/\/schema.org\",\"@graph\":[{\"@type\":\"WebPage\",\"@id\":\"https:\/\/aquabellis.pl\/index.php\/o-firmie\/cieplownictwo\/dla-audytorow\/\",\"url\":\"https:\/\/aquabellis.pl\/index.php\/o-firmie\/cieplownictwo\/dla-audytorow\/\",\"name\":\"Dla audytor\u00f3w - AQUABELLIS.PL\",\"isPartOf\":{\"@id\":\"https:\/\/aquabellis.pl\/#website\"},\"datePublished\":\"2026-01-02T08:58:57+00:00\",\"dateModified\":\"2026-03-23T07:37:16+00:00\",\"breadcrumb\":{\"@id\":\"https:\/\/aquabellis.pl\/index.php\/o-firmie\/cieplownictwo\/dla-audytorow\/#breadcrumb\"},\"inLanguage\":\"pl-PL\",\"potentialAction\":[{\"@type\":\"ReadAction\",\"target\":[\"https:\/\/aquabellis.pl\/index.php\/o-firmie\/cieplownictwo\/dla-audytorow\/\"]}]},{\"@type\":\"BreadcrumbList\",\"@id\":\"https:\/\/aquabellis.pl\/index.php\/o-firmie\/cieplownictwo\/dla-audytorow\/#breadcrumb\",\"itemListElement\":[{\"@type\":\"ListItem\",\"position\":1,\"name\":\"Strona g\u0142\u00f3wna\",\"item\":\"https:\/\/aquabellis.pl\/\"},{\"@type\":\"ListItem\",\"position\":2,\"name\":\"O firmie\",\"item\":\"https:\/\/aquabellis.pl\/index.php\/o-firmie\/\"},{\"@type\":\"ListItem\",\"position\":3,\"name\":\"Ciep\u0142ownictwo\",\"item\":\"https:\/\/aquabellis.pl\/index.php\/o-firmie\/cieplownictwo\/\"},{\"@type\":\"ListItem\",\"position\":4,\"name\":\"Dla audytor\u00f3w\"}]},{\"@type\":\"WebSite\",\"@id\":\"https:\/\/aquabellis.pl\/#website\",\"url\":\"https:\/\/aquabellis.pl\/\",\"name\":\"AQUABELLIS.PL\",\"description\":\"Sp\u00f3\u0142ka z o. o. Rogo\u017ano WLKP\",\"potentialAction\":[{\"@type\":\"SearchAction\",\"target\":{\"@type\":\"EntryPoint\",\"urlTemplate\":\"https:\/\/aquabellis.pl\/?s={search_term_string}\"},\"query-input\":{\"@type\":\"PropertyValueSpecification\",\"valueRequired\":true,\"valueName\":\"search_term_string\"}}],\"inLanguage\":\"pl-PL\"}]}<\/script>\n<!-- \/ Yoast SEO plugin. -->","yoast_head_json":{"title":"Dla audytor\u00f3w - AQUABELLIS.PL","robots":{"index":"index","follow":"follow","max-snippet":"max-snippet:-1","max-image-preview":"max-image-preview:large","max-video-preview":"max-video-preview:-1"},"canonical":"https:\/\/aquabellis.pl\/index.php\/o-firmie\/cieplownictwo\/dla-audytorow\/","og_locale":"pl_PL","og_type":"article","og_title":"Dla audytor\u00f3w - AQUABELLIS.PL","og_description":"Dla audytor\u00f3w","og_url":"https:\/\/aquabellis.pl\/index.php\/o-firmie\/cieplownictwo\/dla-audytorow\/","og_site_name":"AQUABELLIS.PL","article_modified_time":"2026-03-23T07:37:16+00:00","twitter_card":"summary_large_image","twitter_misc":{"Szacowany czas czytania":"13 minut"},"schema":{"@context":"https:\/\/schema.org","@graph":[{"@type":"WebPage","@id":"https:\/\/aquabellis.pl\/index.php\/o-firmie\/cieplownictwo\/dla-audytorow\/","url":"https:\/\/aquabellis.pl\/index.php\/o-firmie\/cieplownictwo\/dla-audytorow\/","name":"Dla audytor\u00f3w - AQUABELLIS.PL","isPartOf":{"@id":"https:\/\/aquabellis.pl\/#website"},"datePublished":"2026-01-02T08:58:57+00:00","dateModified":"2026-03-23T07:37:16+00:00","breadcrumb":{"@id":"https:\/\/aquabellis.pl\/index.php\/o-firmie\/cieplownictwo\/dla-audytorow\/#breadcrumb"},"inLanguage":"pl-PL","potentialAction":[{"@type":"ReadAction","target":["https:\/\/aquabellis.pl\/index.php\/o-firmie\/cieplownictwo\/dla-audytorow\/"]}]},{"@type":"BreadcrumbList","@id":"https:\/\/aquabellis.pl\/index.php\/o-firmie\/cieplownictwo\/dla-audytorow\/#breadcrumb","itemListElement":[{"@type":"ListItem","position":1,"name":"Strona g\u0142\u00f3wna","item":"https:\/\/aquabellis.pl\/"},{"@type":"ListItem","position":2,"name":"O firmie","item":"https:\/\/aquabellis.pl\/index.php\/o-firmie\/"},{"@type":"ListItem","position":3,"name":"Ciep\u0142ownictwo","item":"https:\/\/aquabellis.pl\/index.php\/o-firmie\/cieplownictwo\/"},{"@type":"ListItem","position":4,"name":"Dla audytor\u00f3w"}]},{"@type":"WebSite","@id":"https:\/\/aquabellis.pl\/#website","url":"https:\/\/aquabellis.pl\/","name":"AQUABELLIS.PL","description":"Sp\u00f3\u0142ka z o. o. Rogo\u017ano WLKP","potentialAction":[{"@type":"SearchAction","target":{"@type":"EntryPoint","urlTemplate":"https:\/\/aquabellis.pl\/?s={search_term_string}"},"query-input":{"@type":"PropertyValueSpecification","valueRequired":true,"valueName":"search_term_string"}}],"inLanguage":"pl-PL"}]}},"_links":{"self":[{"href":"https:\/\/aquabellis.pl\/index.php\/wp-json\/wp\/v2\/pages\/4497","targetHints":{"allow":["GET"]}}],"collection":[{"href":"https:\/\/aquabellis.pl\/index.php\/wp-json\/wp\/v2\/pages"}],"about":[{"href":"https:\/\/aquabellis.pl\/index.php\/wp-json\/wp\/v2\/types\/page"}],"author":[{"embeddable":true,"href":"https:\/\/aquabellis.pl\/index.php\/wp-json\/wp\/v2\/users\/2"}],"replies":[{"embeddable":true,"href":"https:\/\/aquabellis.pl\/index.php\/wp-json\/wp\/v2\/comments?post=4497"}],"version-history":[{"count":5,"href":"https:\/\/aquabellis.pl\/index.php\/wp-json\/wp\/v2\/pages\/4497\/revisions"}],"predecessor-version":[{"id":5324,"href":"https:\/\/aquabellis.pl\/index.php\/wp-json\/wp\/v2\/pages\/4497\/revisions\/5324"}],"up":[{"embeddable":true,"href":"https:\/\/aquabellis.pl\/index.php\/wp-json\/wp\/v2\/pages\/4074"}],"wp:attachment":[{"href":"https:\/\/aquabellis.pl\/index.php\/wp-json\/wp\/v2\/media?parent=4497"}],"curies":[{"name":"wp","href":"https:\/\/api.w.org\/{rel}","templated":true}]}}