{"id":4371,"date":"2025-08-06T09:34:33","date_gmt":"2025-08-06T07:34:33","guid":{"rendered":"https:\/\/test1.nowakowskiprojekt.kylos.pl\/?page_id=4371"},"modified":"2026-03-12T14:08:16","modified_gmt":"2026-03-12T13:08:16","slug":"efaktura","status":"publish","type":"page","link":"https:\/\/aquabellis.pl\/index.php\/obsluga-klienta\/efaktura\/","title":{"rendered":"eFaktura"},"content":{"rendered":"<!--themify_builder_content-->\n<div id=\"themify_builder_content-4371\" data-postid=\"4371\" class=\"themify_builder_content themify_builder_content-4371 themify_builder tf_clear\">\n                    <div  data-lazy=\"1\" class=\"module_row themify_builder_row tb_m9cl188 tb_first tf_w\">\n                        <div class=\"row_inner col_align_top tb_col_count_1 tf_box tf_rel\">\n                        <div  data-lazy=\"1\" class=\"module_column tb-column col-full tb_xx1u011 first\">\n                    <!-- module text -->\n<div  class=\"module module-text tb_h2oq103   \" data-lazy=\"1\">\n        <div  class=\"tb_text_wrap\">\n        <h1>eFaktura<\/h1>    <\/div>\n<\/div>\n<!-- \/module text --><!-- module text -->\n<div  class=\"module module-text tb_zlx1605   \" data-lazy=\"1\">\n        <div  class=\"tb_text_wrap\">\n        <span><span><a href=\"https:\/\/aquabellis.pl\/\">Strona g\u0142\u00f3wna<\/a><\/span><\/span>    <\/div>\n<\/div>\n<!-- \/module text -->        <\/div>\n                        <\/div>\n        <\/div>\n                        <div  data-lazy=\"1\" class=\"module_row themify_builder_row tb_xz47404 tf_w\">\n                        <div class=\"row_inner col_align_middle tb_col_count_2 tf_box tf_rel\">\n                        <div  data-lazy=\"1\" class=\"module_column tb-column col4-2 tb_1lyp740 first\">\n                    <!-- module text -->\n<div  class=\"module module-text tb_gsqo914   \" data-lazy=\"1\">\n        <div  class=\"tb_text_wrap\">\n        <h2>Faktura elektroniczna<\/h2>    <\/div>\n<\/div>\n<!-- \/module text --><!-- module text -->\n<div  class=\"module module-text tb_f1j1065   \" data-lazy=\"1\">\n        <div  class=\"tb_text_wrap\">\n        <p>Aquabellis z o. o. w Rogo\u017anie wprowadza udogodnienia dla swoich klient\u00f3w i proponuje Pa\u0144stwu mo\u017cliwo\u015b\u0107 otrzymywania faktur za wod\u0119, ciep\u0142o lub \u015bcieki na adres poczty elektronicznej (e-mail) zwi\u0105zanych z \u015bwiadczonymi przez nas us\u0142ugami.<\/p>\n<p>Korzy\u015bci i mo\u017cliwo\u015bci, jakie daje eFaktura:<\/p>\n<ul>\n<li>\n<p>Terminowo\u015b\u0107: faktura przychodzi zawsze na czas bez obawy o ryzyko niedostarczenia, kt\u00f3re wyst\u0119puje przy wysy\u0142ce drog\u0105 pocztow\u0105.<\/p>\n<\/li>\n<li>\n<p>Bezpiecze\u0144stwo: nie trafi w niepowo\u0142ane r\u0119ce.<\/p>\n<\/li>\n<li>\n<p>Ekologia: brak faktur papierowych, a wi\u0119c mniej \u015bci\u0119tych drzew.<\/p>\n<\/li>\n<li>\n<p>Wygoda przechowywania: nie zajmuje miejsca, w przeciwie\u0144stwie do faktur papierowych przepe\u0142niaj\u0105cych skrzynki pocztowe a nast\u0119pnie gromadzonych w segregatorach.<\/p>\n<\/li>\n<li>\n<p>Dodatkowo &#8211; korzystanie z us\u0142ugi jest bezp\u0142atne.<\/p>\n<\/li>\n<\/ul>    <\/div>\n<\/div>\n<!-- \/module text -->        <\/div>\n                    <div  data-lazy=\"1\" class=\"module_column tb-column col4-2 tb_ggrr410 last\">\n                    <!-- module image -->\n<div  class=\"module module-image tb_82uu551 image-top   tf_mw\" data-lazy=\"1\">\n        <div class=\"image-wrap tf_rel tf_mw\">\n            <img loading=\"lazy\" decoding=\"async\" width=\"800\" height=\"800\" src=\"https:\/\/aquabellis.pl\/wp-content\/uploads\/2026\/01\/efaktura-zamiast-papierowej.jpg\" class=\"wp-post-image wp-image-4546\" title=\"efaktura zamiast papierowej\" alt=\"efaktura zamiast papierowej\" srcset=\"https:\/\/aquabellis.pl\/wp-content\/uploads\/2026\/01\/efaktura-zamiast-papierowej.jpg 800w, https:\/\/aquabellis.pl\/wp-content\/uploads\/2026\/01\/efaktura-zamiast-papierowej-300x300.jpg 300w, https:\/\/aquabellis.pl\/wp-content\/uploads\/2026\/01\/efaktura-zamiast-papierowej-150x150.jpg 150w, https:\/\/aquabellis.pl\/wp-content\/uploads\/2026\/01\/efaktura-zamiast-papierowej-768x768.jpg 768w, https:\/\/aquabellis.pl\/wp-content\/uploads\/2026\/01\/efaktura-zamiast-papierowej-600x600.jpg 600w\" sizes=\"auto, (max-width: 800px) 100vw, 800px\" \/>    \n        <\/div>\n    <!-- \/image-wrap -->\n    \n        <\/div>\n<!-- \/module image -->        <\/div>\n                        <\/div>\n        <\/div>\n                        <div  data-css_id=\"tt6r190\" data-lazy=\"1\" class=\"module_row themify_builder_row fullwidth tb_tt6r190 tf_w\">\n                        <div class=\"row_inner col_align_top tb_col_count_1 tf_box tf_rel\">\n                        <div  data-lazy=\"1\" class=\"module_column tb-column col-full tb_4kad190 first\">\n                            <div  data-lazy=\"1\" class=\"module_subrow themify_builder_sub_row tf_w col_align_middle tb_col_count_2 tb_wvtc190\">\n                <div  data-lazy=\"1\" class=\"module_column sub_column col4-2 tb_nxqq190 first\">\n                    <!-- module text -->\n<div  class=\"module module-text tb_pbu6190   \" data-lazy=\"1\">\n        <div  class=\"tb_text_wrap\">\n        <p>Zgoda na otrzymywanie faktur w formie elektronicznej<\/p>    <\/div>\n<\/div>\n<!-- \/module text -->        <\/div>\n                    <div  data-lazy=\"1\" class=\"module_column sub_column col4-2 tb_6jnu190 last\">\n                    <!-- module buttons -->\n<div  class=\"module module-buttons tb_fj6v190 buttons-horizontal transparent   rounded\" data-lazy=\"1\">\n        <div class=\"module-buttons-item tf_in_flx\">\n                        <a href=\"https:\/\/aquabellis.pl\/wp-content\/uploads\/2021\/10\/zgoda-faktury-elektroniczne.pdf\" class=\"ui builder_button tf_in_flx tb_default_color\" >\n                                    <em><svg  class=\"tf_fa tf-ti-download\" xmlns:xlink=\"http:\/\/www.w3.org\/1999\/xlink\" aria-hidden=\"true\"><use href=\"#tf-ti-download\" xlink:href=\"#tf-ti-download\"><\/use><\/svg><\/em>                                        Pobierz PDF                                        <\/a>\n                <\/div>\n                    <div class=\"module-buttons-item tf_in_flx\">\n                        <a href=\"https:\/\/aquabellis.pl\/index.php\/wnioski\/zgoda-na-przesylanie-faktur-w-formie-elektronicznej-przez-aquabellis-sp-z-o-o\/\" class=\"ui builder_button tf_in_flx tb_default_color\" >\n                                                Formularz online                                        <em><svg  class=\"tf_fa tf-ti-arrow-circle-right\" xmlns:xlink=\"http:\/\/www.w3.org\/1999\/xlink\" aria-hidden=\"true\"><use href=\"#tf-ti-arrow-circle-right\" xlink:href=\"#tf-ti-arrow-circle-right\"><\/use><\/svg><\/em>                            <\/a>\n                <\/div>\n            <\/div>\n<!-- \/module buttons -->\n        <\/div>\n                    <\/div>\n                <div  data-lazy=\"1\" class=\"module_subrow themify_builder_sub_row tf_w col_align_middle tb_col_count_2 tb_f8rc190\">\n                <div  data-lazy=\"1\" class=\"module_column sub_column col4-2 tb_joib190 first\">\n                    <!-- module text -->\n<div  class=\"module module-text tb_8vd0190   \" data-lazy=\"1\">\n        <div  class=\"tb_text_wrap\">\n        <p>Wniosek o zmian\u0119 adresu e-mail na kt\u00f3ry b\u0119d\u0105 wysy\u0142ane faktury w formie elektronicznej<\/p>    <\/div>\n<\/div>\n<!-- \/module text -->        <\/div>\n                    <div  data-lazy=\"1\" class=\"module_column sub_column col4-2 tb_xdyn190 last\">\n                    <!-- module buttons -->\n<div  class=\"module module-buttons tb_8fge190 buttons-horizontal transparent   rounded\" data-lazy=\"1\">\n        <div class=\"module-buttons-item tf_in_flx\">\n                        <a href=\"https:\/\/aquabellis.pl\/wp-content\/uploads\/2021\/10\/zmiana-email.pdf\" class=\"ui builder_button tf_in_flx tb_default_color\" >\n                                    <em><svg  class=\"tf_fa tf-ti-download\" xmlns:xlink=\"http:\/\/www.w3.org\/1999\/xlink\" aria-hidden=\"true\"><use href=\"#tf-ti-download\" xlink:href=\"#tf-ti-download\"><\/use><\/svg><\/em>                                        Pobierz PDF                                        <\/a>\n                <\/div>\n                    <div class=\"module-buttons-item tf_in_flx\">\n                        <a href=\"https:\/\/aquabellis.pl\/index.php\/wnioski\/wniosek-o-zmiane-adresu-e-mail-na-ktory-wysylane-beda-faktury-w-formie-elektronicznej-przez-aquabellis-sp-z-o-o\/\" class=\"ui builder_button tf_in_flx tb_default_color\" >\n                                                Formularz online                                        <em><svg  class=\"tf_fa tf-ti-arrow-circle-right\" xmlns:xlink=\"http:\/\/www.w3.org\/1999\/xlink\" aria-hidden=\"true\"><use href=\"#tf-ti-arrow-circle-right\" xlink:href=\"#tf-ti-arrow-circle-right\"><\/use><\/svg><\/em>                            <\/a>\n                <\/div>\n            <\/div>\n<!-- \/module buttons -->\n        <\/div>\n                    <\/div>\n                <div  data-lazy=\"1\" class=\"module_subrow themify_builder_sub_row tf_w col_align_middle tb_col_count_2 tb_dl06190\">\n                <div  data-lazy=\"1\" class=\"module_column sub_column col4-2 tb_68us190 first\">\n                    <!-- module text -->\n<div  class=\"module module-text tb_rdqf190   \" data-lazy=\"1\">\n        <div  class=\"tb_text_wrap\">\n        <p>Odwo\u0142anie zgody na otrzymywanie faktur w formie elektronicznej<\/p>    <\/div>\n<\/div>\n<!-- \/module text -->        <\/div>\n                    <div  data-lazy=\"1\" class=\"module_column sub_column col4-2 tb_87dy190 last\">\n                    <!-- module buttons -->\n<div  class=\"module module-buttons tb_g6l1190 buttons-horizontal transparent   rounded\" data-lazy=\"1\">\n        <div class=\"module-buttons-item tf_in_flx\">\n                        <a href=\"https:\/\/aquabellis.pl\/wp-content\/uploads\/2021\/12\/Odwolanie-zgody-na-przesylanie-faktur-w-formie-elektronicznej-RODO.pdf\" class=\"ui builder_button tf_in_flx tb_default_color\" >\n                                    <em><svg  class=\"tf_fa tf-ti-download\" xmlns:xlink=\"http:\/\/www.w3.org\/1999\/xlink\" aria-hidden=\"true\"><use href=\"#tf-ti-download\" xlink:href=\"#tf-ti-download\"><\/use><\/svg><\/em>                                        Pobierz PDF                                        <\/a>\n                <\/div>\n                    <div class=\"module-buttons-item tf_in_flx\">\n                        <a href=\"https:\/\/aquabellis.pl\/index.php\/wnioski\/odwolanie-zgody-na-przesylanie-faktur-w-formie-elektronicznej-przez-aquabellis-sp-z-o-o\/\" class=\"ui builder_button tf_in_flx tb_default_color\" >\n                                                Formularz online                                        <em><svg  class=\"tf_fa tf-ti-arrow-circle-right\" xmlns:xlink=\"http:\/\/www.w3.org\/1999\/xlink\" aria-hidden=\"true\"><use href=\"#tf-ti-arrow-circle-right\" xlink:href=\"#tf-ti-arrow-circle-right\"><\/use><\/svg><\/em>                            <\/a>\n                <\/div>\n            <\/div>\n<!-- \/module buttons -->\n        <\/div>\n                    <\/div>\n                <div  data-lazy=\"1\" class=\"module_subrow themify_builder_sub_row tf_w col_align_middle tb_col_count_2 tb_w481239\">\n                <div  data-lazy=\"1\" class=\"module_column sub_column col4-2 tb_hijt239 first\">\n                    <!-- module text -->\n<div  class=\"module module-text tb_h626239   \" data-lazy=\"1\">\n        <div  class=\"tb_text_wrap\">\n        <p>Regulamin wystawiania i udost\u0119pniania faktur w formie elektronicznej<\/p>    <\/div>\n<\/div>\n<!-- \/module text -->        <\/div>\n                    <div  data-lazy=\"1\" class=\"module_column sub_column col4-2 tb_5qep239 last\">\n                    <!-- module buttons -->\n<div  class=\"module module-buttons tb_z5my239 buttons-horizontal transparent   rounded\" data-lazy=\"1\">\n        <div class=\"module-buttons-item tf_in_flx\">\n                        <a href=\"https:\/\/aquabellis.pl\/wp-content\/uploads\/2026\/03\/REGULAMIN-WYSTAWIANIA-I-UDOSTEPNIANIA-FAKTUR-W-FORMIE-ELEKTRONICZNEJ.pdf\" class=\"ui builder_button tf_in_flx tb_default_color\" >\n                                    <em><svg  class=\"tf_fa tf-ti-download\" xmlns:xlink=\"http:\/\/www.w3.org\/1999\/xlink\" aria-hidden=\"true\"><use href=\"#tf-ti-download\" xlink:href=\"#tf-ti-download\"><\/use><\/svg><\/em>                                        Pobierz PDF                                        <\/a>\n                <\/div>\n            <\/div>\n<!-- \/module buttons -->\n        <\/div>\n                    <\/div>\n                <\/div>\n                        <\/div>\n        <\/div>\n        <\/div>\n<!--\/themify_builder_content-->","protected":false},"excerpt":{"rendered":"<p>eFaktura<\/p>\n","protected":false},"author":2,"featured_media":0,"parent":3953,"menu_order":0,"comment_status":"closed","ping_status":"closed","template":"","meta":{"inline_featured_image":false,"footnotes":""},"class_list":["post-4371","page","type-page","status-publish","hentry","has-post-title","has-post-date","has-post-category","has-post-tag","has-post-comment","has-post-author",""],"yoast_head":"<!-- This site is optimized with the Yoast SEO plugin v27.0 - https:\/\/yoast.com\/product\/yoast-seo-wordpress\/ -->\n<title>eFaktura - AQUABELLIS.PL<\/title>\n<meta name=\"robots\" content=\"index, follow, max-snippet:-1, max-image-preview:large, max-video-preview:-1\" \/>\n<link rel=\"canonical\" href=\"https:\/\/aquabellis.pl\/index.php\/obsluga-klienta\/efaktura\/\" \/>\n<meta property=\"og:locale\" content=\"pl_PL\" \/>\n<meta property=\"og:type\" content=\"article\" \/>\n<meta property=\"og:title\" content=\"eFaktura - AQUABELLIS.PL\" \/>\n<meta property=\"og:description\" content=\"eFaktura\" \/>\n<meta property=\"og:url\" content=\"https:\/\/aquabellis.pl\/index.php\/obsluga-klienta\/efaktura\/\" \/>\n<meta property=\"og:site_name\" content=\"AQUABELLIS.PL\" \/>\n<meta property=\"article:modified_time\" content=\"2026-03-12T13:08:16+00:00\" \/>\n<meta property=\"og:image\" content=\"https:\/\/aquabellis.pl\/wp-content\/uploads\/2026\/01\/efaktura-zamiast-papierowej.jpg\" \/>\n\t<meta property=\"og:image:width\" content=\"800\" \/>\n\t<meta property=\"og:image:height\" content=\"800\" \/>\n\t<meta property=\"og:image:type\" content=\"image\/jpeg\" \/>\n<meta name=\"twitter:card\" content=\"summary_large_image\" \/>\n<meta name=\"twitter:label1\" content=\"Szacowany czas czytania\" \/>\n\t<meta name=\"twitter:data1\" content=\"2 minuty\" \/>\n<script type=\"application\/ld+json\" class=\"yoast-schema-graph\">{\"@context\":\"https:\/\/schema.org\",\"@graph\":[{\"@type\":\"WebPage\",\"@id\":\"https:\/\/aquabellis.pl\/index.php\/obsluga-klienta\/efaktura\/\",\"url\":\"https:\/\/aquabellis.pl\/index.php\/obsluga-klienta\/efaktura\/\",\"name\":\"eFaktura - AQUABELLIS.PL\",\"isPartOf\":{\"@id\":\"https:\/\/aquabellis.pl\/#website\"},\"primaryImageOfPage\":{\"@id\":\"https:\/\/aquabellis.pl\/index.php\/obsluga-klienta\/efaktura\/#primaryimage\"},\"image\":{\"@id\":\"https:\/\/aquabellis.pl\/index.php\/obsluga-klienta\/efaktura\/#primaryimage\"},\"thumbnailUrl\":\"https:\/\/aquabellis.pl\/wp-content\/uploads\/2026\/01\/efaktura-zamiast-papierowej.jpg\",\"datePublished\":\"2025-08-06T07:34:33+00:00\",\"dateModified\":\"2026-03-12T13:08:16+00:00\",\"breadcrumb\":{\"@id\":\"https:\/\/aquabellis.pl\/index.php\/obsluga-klienta\/efaktura\/#breadcrumb\"},\"inLanguage\":\"pl-PL\",\"potentialAction\":[{\"@type\":\"ReadAction\",\"target\":[\"https:\/\/aquabellis.pl\/index.php\/obsluga-klienta\/efaktura\/\"]}]},{\"@type\":\"ImageObject\",\"inLanguage\":\"pl-PL\",\"@id\":\"https:\/\/aquabellis.pl\/index.php\/obsluga-klienta\/efaktura\/#primaryimage\",\"url\":\"https:\/\/aquabellis.pl\/wp-content\/uploads\/2026\/01\/efaktura-zamiast-papierowej.jpg\",\"contentUrl\":\"https:\/\/aquabellis.pl\/wp-content\/uploads\/2026\/01\/efaktura-zamiast-papierowej.jpg\",\"width\":800,\"height\":800},{\"@type\":\"BreadcrumbList\",\"@id\":\"https:\/\/aquabellis.pl\/index.php\/obsluga-klienta\/efaktura\/#breadcrumb\",\"itemListElement\":[{\"@type\":\"ListItem\",\"position\":1,\"name\":\"Strona g\u0142\u00f3wna\",\"item\":\"https:\/\/aquabellis.pl\/\"},{\"@type\":\"ListItem\",\"position\":2,\"name\":\"Obs\u0142uga klienta\",\"item\":\"https:\/\/aquabellis.pl\/index.php\/obsluga-klienta\/\"},{\"@type\":\"ListItem\",\"position\":3,\"name\":\"eFaktura\"}]},{\"@type\":\"WebSite\",\"@id\":\"https:\/\/aquabellis.pl\/#website\",\"url\":\"https:\/\/aquabellis.pl\/\",\"name\":\"AQUABELLIS.PL\",\"description\":\"Sp\u00f3\u0142ka z o. o. Rogo\u017ano WLKP\",\"potentialAction\":[{\"@type\":\"SearchAction\",\"target\":{\"@type\":\"EntryPoint\",\"urlTemplate\":\"https:\/\/aquabellis.pl\/?s={search_term_string}\"},\"query-input\":{\"@type\":\"PropertyValueSpecification\",\"valueRequired\":true,\"valueName\":\"search_term_string\"}}],\"inLanguage\":\"pl-PL\"}]}<\/script>\n<!-- \/ Yoast SEO plugin. -->","yoast_head_json":{"title":"eFaktura - AQUABELLIS.PL","robots":{"index":"index","follow":"follow","max-snippet":"max-snippet:-1","max-image-preview":"max-image-preview:large","max-video-preview":"max-video-preview:-1"},"canonical":"https:\/\/aquabellis.pl\/index.php\/obsluga-klienta\/efaktura\/","og_locale":"pl_PL","og_type":"article","og_title":"eFaktura - AQUABELLIS.PL","og_description":"eFaktura","og_url":"https:\/\/aquabellis.pl\/index.php\/obsluga-klienta\/efaktura\/","og_site_name":"AQUABELLIS.PL","article_modified_time":"2026-03-12T13:08:16+00:00","og_image":[{"width":800,"height":800,"url":"https:\/\/aquabellis.pl\/wp-content\/uploads\/2026\/01\/efaktura-zamiast-papierowej.jpg","type":"image\/jpeg"}],"twitter_card":"summary_large_image","twitter_misc":{"Szacowany czas czytania":"2 minuty"},"schema":{"@context":"https:\/\/schema.org","@graph":[{"@type":"WebPage","@id":"https:\/\/aquabellis.pl\/index.php\/obsluga-klienta\/efaktura\/","url":"https:\/\/aquabellis.pl\/index.php\/obsluga-klienta\/efaktura\/","name":"eFaktura - AQUABELLIS.PL","isPartOf":{"@id":"https:\/\/aquabellis.pl\/#website"},"primaryImageOfPage":{"@id":"https:\/\/aquabellis.pl\/index.php\/obsluga-klienta\/efaktura\/#primaryimage"},"image":{"@id":"https:\/\/aquabellis.pl\/index.php\/obsluga-klienta\/efaktura\/#primaryimage"},"thumbnailUrl":"https:\/\/aquabellis.pl\/wp-content\/uploads\/2026\/01\/efaktura-zamiast-papierowej.jpg","datePublished":"2025-08-06T07:34:33+00:00","dateModified":"2026-03-12T13:08:16+00:00","breadcrumb":{"@id":"https:\/\/aquabellis.pl\/index.php\/obsluga-klienta\/efaktura\/#breadcrumb"},"inLanguage":"pl-PL","potentialAction":[{"@type":"ReadAction","target":["https:\/\/aquabellis.pl\/index.php\/obsluga-klienta\/efaktura\/"]}]},{"@type":"ImageObject","inLanguage":"pl-PL","@id":"https:\/\/aquabellis.pl\/index.php\/obsluga-klienta\/efaktura\/#primaryimage","url":"https:\/\/aquabellis.pl\/wp-content\/uploads\/2026\/01\/efaktura-zamiast-papierowej.jpg","contentUrl":"https:\/\/aquabellis.pl\/wp-content\/uploads\/2026\/01\/efaktura-zamiast-papierowej.jpg","width":800,"height":800},{"@type":"BreadcrumbList","@id":"https:\/\/aquabellis.pl\/index.php\/obsluga-klienta\/efaktura\/#breadcrumb","itemListElement":[{"@type":"ListItem","position":1,"name":"Strona g\u0142\u00f3wna","item":"https:\/\/aquabellis.pl\/"},{"@type":"ListItem","position":2,"name":"Obs\u0142uga klienta","item":"https:\/\/aquabellis.pl\/index.php\/obsluga-klienta\/"},{"@type":"ListItem","position":3,"name":"eFaktura"}]},{"@type":"WebSite","@id":"https:\/\/aquabellis.pl\/#website","url":"https:\/\/aquabellis.pl\/","name":"AQUABELLIS.PL","description":"Sp\u00f3\u0142ka z o. o. Rogo\u017ano WLKP","potentialAction":[{"@type":"SearchAction","target":{"@type":"EntryPoint","urlTemplate":"https:\/\/aquabellis.pl\/?s={search_term_string}"},"query-input":{"@type":"PropertyValueSpecification","valueRequired":true,"valueName":"search_term_string"}}],"inLanguage":"pl-PL"}]}},"_links":{"self":[{"href":"https:\/\/aquabellis.pl\/index.php\/wp-json\/wp\/v2\/pages\/4371","targetHints":{"allow":["GET"]}}],"collection":[{"href":"https:\/\/aquabellis.pl\/index.php\/wp-json\/wp\/v2\/pages"}],"about":[{"href":"https:\/\/aquabellis.pl\/index.php\/wp-json\/wp\/v2\/types\/page"}],"author":[{"embeddable":true,"href":"https:\/\/aquabellis.pl\/index.php\/wp-json\/wp\/v2\/users\/2"}],"replies":[{"embeddable":true,"href":"https:\/\/aquabellis.pl\/index.php\/wp-json\/wp\/v2\/comments?post=4371"}],"version-history":[{"count":8,"href":"https:\/\/aquabellis.pl\/index.php\/wp-json\/wp\/v2\/pages\/4371\/revisions"}],"predecessor-version":[{"id":5301,"href":"https:\/\/aquabellis.pl\/index.php\/wp-json\/wp\/v2\/pages\/4371\/revisions\/5301"}],"up":[{"embeddable":true,"href":"https:\/\/aquabellis.pl\/index.php\/wp-json\/wp\/v2\/pages\/3953"}],"wp:attachment":[{"href":"https:\/\/aquabellis.pl\/index.php\/wp-json\/wp\/v2\/media?parent=4371"}],"curies":[{"name":"wp","href":"https:\/\/api.w.org\/{rel}","templated":true}]}}