{"id":4355,"date":"2025-08-06T09:26:25","date_gmt":"2025-08-06T07:26:25","guid":{"rendered":"https:\/\/test1.nowakowskiprojekt.kylos.pl\/?page_id=4355"},"modified":"2026-02-25T10:37:11","modified_gmt":"2026-02-25T09:37:11","slug":"ebok","status":"publish","type":"page","link":"https:\/\/aquabellis.pl\/index.php\/obsluga-klienta\/ebok\/","title":{"rendered":"eBOK"},"content":{"rendered":"<!--themify_builder_content-->\n<div id=\"themify_builder_content-4355\" data-postid=\"4355\" class=\"themify_builder_content themify_builder_content-4355 themify_builder tf_clear\">\n                    <div  data-lazy=\"1\" class=\"module_row themify_builder_row tb_7e4m616 tb_first tf_w\">\n                        <div class=\"row_inner col_align_top tb_col_count_1 tf_box tf_rel\">\n                        <div  data-lazy=\"1\" class=\"module_column tb-column col-full tb_q50s007 first\">\n                    <!-- module text -->\n<div  class=\"module module-text tb_pnta101   \" data-lazy=\"1\">\n        <div  class=\"tb_text_wrap\">\n        <h1>eBOK<\/h1>    <\/div>\n<\/div>\n<!-- \/module text --><!-- module text -->\n<div  class=\"module module-text tb_ymwa707   \" data-lazy=\"1\">\n        <div  class=\"tb_text_wrap\">\n        <span><span><a href=\"https:\/\/aquabellis.pl\/\">Strona g\u0142\u00f3wna<\/a><\/span><\/span>    <\/div>\n<\/div>\n<!-- \/module text -->        <\/div>\n                        <\/div>\n        <\/div>\n                        <div  data-lazy=\"1\" class=\"module_row themify_builder_row tb_fbmz140 tf_w\">\n                        <div class=\"row_inner col_align_middle tb_col_count_2 tf_box tf_rel\">\n                        <div  data-lazy=\"1\" class=\"module_column tb-column col4-2 tb_5q68140 first\">\n                    <!-- module text -->\n<div  class=\"module module-text tb_l2nh140   \" data-lazy=\"1\">\n        <div  class=\"tb_text_wrap\">\n        <h2>Elektroniczne Biuro Obs\u0142ugi Klienta<\/h2>    <\/div>\n<\/div>\n<!-- \/module text --><!-- module text -->\n<div  class=\"module module-text tb_gqdv140   \" data-lazy=\"1\">\n        <div  class=\"tb_text_wrap\">\n        <p>Zach\u0119camy do za\u0142o\u017cenia elektronicznego konta obs\u0142ugi klienta (e-BOK).<\/p>\n<p>Korzy\u015bci i mo\u017cliwo\u015bci, jakie daje e-BOK:<\/p>\n<ul>\n<li>dost\u0119p do faktur oraz faktur koryguj\u0105cych<\/li>\n<li>podgl\u0105d salda konta<\/li>\n<li>podgl\u0105d historii p\u0142atno\u015bci<\/li>\n<li>szybki dost\u0119p 24 godziny na dob\u0119<\/li>\n<li>oszcz\u0119dno\u015b\u0107 czasu<\/li>\n<li>bezpiecze\u0144stwo transmisji i przechowywania danych<\/li>\n<\/ul>\n<h4>Jak otrzyma\u0107 dost\u0119p do e-BOK?<\/h4>\n<p>Odbiorca us\u0142ug, zwi\u0105zany umow\u0105 ze Sp\u00f3\u0142k\u0105 Aquabellis w Rogo\u017anie, powinien zarejestrowa\u0107 si\u0119 na naszej platformie e-BOK wype\u0142niaj\u0105c wszystkie niezb\u0119dne dane.<\/p>    <\/div>\n<\/div>\n<!-- \/module text --><!-- module text -->\n<div  class=\"module module-text tb_5b8f852   \" data-lazy=\"1\">\n        <div  class=\"tb_text_wrap\">\n        <p>Na podany w rejestracji adres e-mail klient otrzyma potwierdzenie rejestracji, a nast\u0119pnie drug\u0105 wiadomo\u015b\u0107 z wygenerowanym has\u0142em startowym w celu doko\u0144czenia rejestracji.<\/p>    <\/div>\n<\/div>\n<!-- \/module text --><!-- module buttons -->\n<div  class=\"module module-buttons tb_a3v5140 buttons-horizontal transparent  hide-mobile large rounded\" data-lazy=\"1\">\n        <div class=\"module-buttons-item tf_in_flx\">\n                        <a href=\"https:\/\/ebok.aquabellis.pl\/ords\/r\/ebok\/e\/logowanie\" class=\"ui builder_button tf_in_flx tb_default_color\" >\n                                                eBOK                                        <em><svg  class=\"tf_fa tf-ti-angle-right\" xmlns:xlink=\"http:\/\/www.w3.org\/1999\/xlink\" aria-hidden=\"true\"><use href=\"#tf-ti-angle-right\" xlink:href=\"#tf-ti-angle-right\"><\/use><\/svg><\/em>                            <\/a>\n                <\/div>\n                    <div class=\"module-buttons-item tf_in_flx\">\n                        <a href=\"https:\/\/ebok.aquabellis.pl\/ords\/r\/ebok\/e\/logowanie?dok_id=regulamin1_ebok.pdf&#038;request=APPLICATION_PROCESS%3Dpobieranie2&#038;clear=RP,102&#038;cs=1AQn1PfE2hGvby5caD8a6Acd71zyZH7lJGajvTw8fAuWMAUvfiVptc4CpZSyd8L5vZLpsDMAlb6QaFuuQxI8HGQ\" class=\"ui builder_button tf_in_flx tb_default_color\" >\n                                                Regulamin                                        <\/a>\n                <\/div>\n                    <div class=\"module-buttons-item tf_in_flx\">\n                        <a href=\"https:\/\/aquabellis.pl\/wp-content\/uploads\/2026\/01\/E-BOK-instrukcja-rejestracji-i-logowania.pdf\" class=\"ui builder_button tf_in_flx tb_default_color\" >\n                                    <em><svg  class=\"tf_fa tf-ti-download\" xmlns:xlink=\"http:\/\/www.w3.org\/1999\/xlink\" aria-hidden=\"true\"><use href=\"#tf-ti-download\" xlink:href=\"#tf-ti-download\"><\/use><\/svg><\/em>                                        Instrukcja                                        <\/a>\n                <\/div>\n            <\/div>\n<!-- \/module buttons -->\n<!-- module buttons -->\n<div  class=\"module module-buttons tb_330t426 buttons-vertical transparent  hide-desktop hide-tablet hide-tablet_landscape large rounded\" data-lazy=\"1\">\n        <div class=\"module-buttons-item tf_in_flx\">\n                        <a href=\"https:\/\/ebok.aquabellis.pl\/ords\/r\/ebok\/e\/logowanie\" class=\"ui builder_button tf_in_flx tb_default_color\" >\n                                                eBOK                                        <em><svg  class=\"tf_fa tf-ti-angle-right\" xmlns:xlink=\"http:\/\/www.w3.org\/1999\/xlink\" aria-hidden=\"true\"><use href=\"#tf-ti-angle-right\" xlink:href=\"#tf-ti-angle-right\"><\/use><\/svg><\/em>                            <\/a>\n                <\/div>\n                    <div class=\"module-buttons-item tf_in_flx\">\n                        <a href=\"https:\/\/ebok.aquabellis.pl\/ords\/r\/ebok\/e\/logowanie?dok_id=regulamin1_ebok.pdf&#038;request=APPLICATION_PROCESS%3Dpobieranie2&#038;clear=RP,102&#038;cs=1AQn1PfE2hGvby5caD8a6Acd71zyZH7lJGajvTw8fAuWMAUvfiVptc4CpZSyd8L5vZLpsDMAlb6QaFuuQxI8HGQ\" class=\"ui builder_button tf_in_flx tb_default_color\" >\n                                                Regulamin                                        <\/a>\n                <\/div>\n                    <div class=\"module-buttons-item tf_in_flx\">\n                        <a href=\"https:\/\/aquabellis.pl\/wp-content\/uploads\/2026\/01\/E-BOK-instrukcja-rejestracji-i-logowania.pdf\" class=\"ui builder_button tf_in_flx tb_default_color\" >\n                                    <em><svg  class=\"tf_fa tf-ti-download\" xmlns:xlink=\"http:\/\/www.w3.org\/1999\/xlink\" aria-hidden=\"true\"><use href=\"#tf-ti-download\" xlink:href=\"#tf-ti-download\"><\/use><\/svg><\/em>                                        Instrukcja                                        <\/a>\n                <\/div>\n            <\/div>\n<!-- \/module buttons -->\n        <\/div>\n                    <div  data-lazy=\"1\" class=\"module_column tb-column col4-2 tb_ureh140 last\">\n                    <!-- module image -->\n<div  class=\"module module-image tb_ws2a140 image-top   tf_mw\" data-lazy=\"1\">\n        <div class=\"image-wrap tf_rel tf_mw\">\n            <img loading=\"lazy\" decoding=\"async\" width=\"677\" height=\"716\" src=\"https:\/\/aquabellis.pl\/wp-content\/uploads\/2025\/08\/eBOK-widok.jpg\" class=\"wp-post-image wp-image-4365\" title=\"eBOK widok\" alt=\"eBOK widok\" srcset=\"https:\/\/aquabellis.pl\/wp-content\/uploads\/2025\/08\/eBOK-widok.jpg 677w, https:\/\/aquabellis.pl\/wp-content\/uploads\/2025\/08\/eBOK-widok-284x300.jpg 284w\" sizes=\"auto, (max-width: 677px) 100vw, 677px\" \/>    \n        <\/div>\n    <!-- \/image-wrap -->\n    \n        <\/div>\n<!-- \/module image -->        <\/div>\n                        <\/div>\n        <\/div>\n        <\/div>\n<!--\/themify_builder_content-->","protected":false},"excerpt":{"rendered":"<p>eBOK<\/p>\n","protected":false},"author":2,"featured_media":0,"parent":3953,"menu_order":0,"comment_status":"closed","ping_status":"closed","template":"","meta":{"inline_featured_image":false,"footnotes":""},"class_list":["post-4355","page","type-page","status-publish","hentry","has-post-title","has-post-date","has-post-category","has-post-tag","has-post-comment","has-post-author",""],"yoast_head":"<!-- This site is optimized with the Yoast SEO plugin v27.0 - https:\/\/yoast.com\/product\/yoast-seo-wordpress\/ -->\n<title>eBOK - AQUABELLIS.PL<\/title>\n<meta name=\"robots\" content=\"index, follow, max-snippet:-1, max-image-preview:large, max-video-preview:-1\" \/>\n<link rel=\"canonical\" href=\"https:\/\/aquabellis.pl\/index.php\/obsluga-klienta\/ebok\/\" \/>\n<meta property=\"og:locale\" content=\"pl_PL\" \/>\n<meta property=\"og:type\" content=\"article\" \/>\n<meta property=\"og:title\" content=\"eBOK - AQUABELLIS.PL\" \/>\n<meta property=\"og:description\" content=\"eBOK\" \/>\n<meta property=\"og:url\" content=\"https:\/\/aquabellis.pl\/index.php\/obsluga-klienta\/ebok\/\" \/>\n<meta property=\"og:site_name\" content=\"AQUABELLIS.PL\" \/>\n<meta property=\"article:modified_time\" content=\"2026-02-25T09:37:11+00:00\" \/>\n<meta property=\"og:image\" content=\"https:\/\/aquabellis.pl\/wp-content\/uploads\/2025\/08\/eBOK-widok.jpg\" \/>\n\t<meta property=\"og:image:width\" content=\"677\" \/>\n\t<meta property=\"og:image:height\" content=\"716\" \/>\n\t<meta property=\"og:image:type\" content=\"image\/jpeg\" \/>\n<meta name=\"twitter:card\" content=\"summary_large_image\" \/>\n<meta name=\"twitter:label1\" content=\"Szacowany czas czytania\" \/>\n\t<meta name=\"twitter:data1\" content=\"1 minuta\" \/>\n<script type=\"application\/ld+json\" class=\"yoast-schema-graph\">{\"@context\":\"https:\/\/schema.org\",\"@graph\":[{\"@type\":\"WebPage\",\"@id\":\"https:\/\/aquabellis.pl\/index.php\/obsluga-klienta\/ebok\/\",\"url\":\"https:\/\/aquabellis.pl\/index.php\/obsluga-klienta\/ebok\/\",\"name\":\"eBOK - AQUABELLIS.PL\",\"isPartOf\":{\"@id\":\"https:\/\/aquabellis.pl\/#website\"},\"primaryImageOfPage\":{\"@id\":\"https:\/\/aquabellis.pl\/index.php\/obsluga-klienta\/ebok\/#primaryimage\"},\"image\":{\"@id\":\"https:\/\/aquabellis.pl\/index.php\/obsluga-klienta\/ebok\/#primaryimage\"},\"thumbnailUrl\":\"https:\/\/aquabellis.pl\/wp-content\/uploads\/2025\/08\/eBOK-widok.jpg\",\"datePublished\":\"2025-08-06T07:26:25+00:00\",\"dateModified\":\"2026-02-25T09:37:11+00:00\",\"breadcrumb\":{\"@id\":\"https:\/\/aquabellis.pl\/index.php\/obsluga-klienta\/ebok\/#breadcrumb\"},\"inLanguage\":\"pl-PL\",\"potentialAction\":[{\"@type\":\"ReadAction\",\"target\":[\"https:\/\/aquabellis.pl\/index.php\/obsluga-klienta\/ebok\/\"]}]},{\"@type\":\"ImageObject\",\"inLanguage\":\"pl-PL\",\"@id\":\"https:\/\/aquabellis.pl\/index.php\/obsluga-klienta\/ebok\/#primaryimage\",\"url\":\"https:\/\/aquabellis.pl\/wp-content\/uploads\/2025\/08\/eBOK-widok.jpg\",\"contentUrl\":\"https:\/\/aquabellis.pl\/wp-content\/uploads\/2025\/08\/eBOK-widok.jpg\",\"width\":677,\"height\":716},{\"@type\":\"BreadcrumbList\",\"@id\":\"https:\/\/aquabellis.pl\/index.php\/obsluga-klienta\/ebok\/#breadcrumb\",\"itemListElement\":[{\"@type\":\"ListItem\",\"position\":1,\"name\":\"Strona g\u0142\u00f3wna\",\"item\":\"https:\/\/aquabellis.pl\/\"},{\"@type\":\"ListItem\",\"position\":2,\"name\":\"Obs\u0142uga klienta\",\"item\":\"https:\/\/aquabellis.pl\/index.php\/obsluga-klienta\/\"},{\"@type\":\"ListItem\",\"position\":3,\"name\":\"eBOK\"}]},{\"@type\":\"WebSite\",\"@id\":\"https:\/\/aquabellis.pl\/#website\",\"url\":\"https:\/\/aquabellis.pl\/\",\"name\":\"AQUABELLIS.PL\",\"description\":\"Sp\u00f3\u0142ka z o. o. Rogo\u017ano WLKP\",\"potentialAction\":[{\"@type\":\"SearchAction\",\"target\":{\"@type\":\"EntryPoint\",\"urlTemplate\":\"https:\/\/aquabellis.pl\/?s={search_term_string}\"},\"query-input\":{\"@type\":\"PropertyValueSpecification\",\"valueRequired\":true,\"valueName\":\"search_term_string\"}}],\"inLanguage\":\"pl-PL\"}]}<\/script>\n<!-- \/ Yoast SEO plugin. -->","yoast_head_json":{"title":"eBOK - AQUABELLIS.PL","robots":{"index":"index","follow":"follow","max-snippet":"max-snippet:-1","max-image-preview":"max-image-preview:large","max-video-preview":"max-video-preview:-1"},"canonical":"https:\/\/aquabellis.pl\/index.php\/obsluga-klienta\/ebok\/","og_locale":"pl_PL","og_type":"article","og_title":"eBOK - AQUABELLIS.PL","og_description":"eBOK","og_url":"https:\/\/aquabellis.pl\/index.php\/obsluga-klienta\/ebok\/","og_site_name":"AQUABELLIS.PL","article_modified_time":"2026-02-25T09:37:11+00:00","og_image":[{"width":677,"height":716,"url":"https:\/\/aquabellis.pl\/wp-content\/uploads\/2025\/08\/eBOK-widok.jpg","type":"image\/jpeg"}],"twitter_card":"summary_large_image","twitter_misc":{"Szacowany czas czytania":"1 minuta"},"schema":{"@context":"https:\/\/schema.org","@graph":[{"@type":"WebPage","@id":"https:\/\/aquabellis.pl\/index.php\/obsluga-klienta\/ebok\/","url":"https:\/\/aquabellis.pl\/index.php\/obsluga-klienta\/ebok\/","name":"eBOK - AQUABELLIS.PL","isPartOf":{"@id":"https:\/\/aquabellis.pl\/#website"},"primaryImageOfPage":{"@id":"https:\/\/aquabellis.pl\/index.php\/obsluga-klienta\/ebok\/#primaryimage"},"image":{"@id":"https:\/\/aquabellis.pl\/index.php\/obsluga-klienta\/ebok\/#primaryimage"},"thumbnailUrl":"https:\/\/aquabellis.pl\/wp-content\/uploads\/2025\/08\/eBOK-widok.jpg","datePublished":"2025-08-06T07:26:25+00:00","dateModified":"2026-02-25T09:37:11+00:00","breadcrumb":{"@id":"https:\/\/aquabellis.pl\/index.php\/obsluga-klienta\/ebok\/#breadcrumb"},"inLanguage":"pl-PL","potentialAction":[{"@type":"ReadAction","target":["https:\/\/aquabellis.pl\/index.php\/obsluga-klienta\/ebok\/"]}]},{"@type":"ImageObject","inLanguage":"pl-PL","@id":"https:\/\/aquabellis.pl\/index.php\/obsluga-klienta\/ebok\/#primaryimage","url":"https:\/\/aquabellis.pl\/wp-content\/uploads\/2025\/08\/eBOK-widok.jpg","contentUrl":"https:\/\/aquabellis.pl\/wp-content\/uploads\/2025\/08\/eBOK-widok.jpg","width":677,"height":716},{"@type":"BreadcrumbList","@id":"https:\/\/aquabellis.pl\/index.php\/obsluga-klienta\/ebok\/#breadcrumb","itemListElement":[{"@type":"ListItem","position":1,"name":"Strona g\u0142\u00f3wna","item":"https:\/\/aquabellis.pl\/"},{"@type":"ListItem","position":2,"name":"Obs\u0142uga klienta","item":"https:\/\/aquabellis.pl\/index.php\/obsluga-klienta\/"},{"@type":"ListItem","position":3,"name":"eBOK"}]},{"@type":"WebSite","@id":"https:\/\/aquabellis.pl\/#website","url":"https:\/\/aquabellis.pl\/","name":"AQUABELLIS.PL","description":"Sp\u00f3\u0142ka z o. o. Rogo\u017ano WLKP","potentialAction":[{"@type":"SearchAction","target":{"@type":"EntryPoint","urlTemplate":"https:\/\/aquabellis.pl\/?s={search_term_string}"},"query-input":{"@type":"PropertyValueSpecification","valueRequired":true,"valueName":"search_term_string"}}],"inLanguage":"pl-PL"}]}},"_links":{"self":[{"href":"https:\/\/aquabellis.pl\/index.php\/wp-json\/wp\/v2\/pages\/4355","targetHints":{"allow":["GET"]}}],"collection":[{"href":"https:\/\/aquabellis.pl\/index.php\/wp-json\/wp\/v2\/pages"}],"about":[{"href":"https:\/\/aquabellis.pl\/index.php\/wp-json\/wp\/v2\/types\/page"}],"author":[{"embeddable":true,"href":"https:\/\/aquabellis.pl\/index.php\/wp-json\/wp\/v2\/users\/2"}],"replies":[{"embeddable":true,"href":"https:\/\/aquabellis.pl\/index.php\/wp-json\/wp\/v2\/comments?post=4355"}],"version-history":[{"count":6,"href":"https:\/\/aquabellis.pl\/index.php\/wp-json\/wp\/v2\/pages\/4355\/revisions"}],"predecessor-version":[{"id":5228,"href":"https:\/\/aquabellis.pl\/index.php\/wp-json\/wp\/v2\/pages\/4355\/revisions\/5228"}],"up":[{"embeddable":true,"href":"https:\/\/aquabellis.pl\/index.php\/wp-json\/wp\/v2\/pages\/3953"}],"wp:attachment":[{"href":"https:\/\/aquabellis.pl\/index.php\/wp-json\/wp\/v2\/media?parent=4355"}],"curies":[{"name":"wp","href":"https:\/\/api.w.org\/{rel}","templated":true}]}}