{"id":4176,"date":"2025-05-26T10:44:58","date_gmt":"2025-05-26T08:44:58","guid":{"rendered":"https:\/\/test1.nowakowskiprojekt.kylos.pl\/?page_id=4176"},"modified":"2026-02-25T07:08:25","modified_gmt":"2026-02-25T06:08:25","slug":"reklamacje","status":"publish","type":"page","link":"https:\/\/aquabellis.pl\/index.php\/obsluga-klienta\/reklamacje\/","title":{"rendered":"Reklamacje"},"content":{"rendered":"<!--themify_builder_content-->\n<div id=\"themify_builder_content-4176\" data-postid=\"4176\" class=\"themify_builder_content themify_builder_content-4176 themify_builder tf_clear\">\n                    <div  data-lazy=\"1\" class=\"module_row themify_builder_row tb_kab0004 tb_first tf_w\">\n                        <div class=\"row_inner col_align_top tb_col_count_1 tf_box tf_rel\">\n                        <div  data-lazy=\"1\" class=\"module_column tb-column col-full tb_nyg2440 first\">\n                    <!-- module text -->\n<div  class=\"module module-text tb_gko1420   \" data-lazy=\"1\">\n        <div  class=\"tb_text_wrap\">\n        <h1>Reklamacje<\/h1>    <\/div>\n<\/div>\n<!-- \/module text --><!-- module text -->\n<div  class=\"module module-text tb_sqyy452   \" data-lazy=\"1\">\n        <div  class=\"tb_text_wrap\">\n        <span><span><a href=\"https:\/\/aquabellis.pl\/\">Strona g\u0142\u00f3wna<\/a><\/span><\/span>    <\/div>\n<\/div>\n<!-- \/module text -->        <\/div>\n                        <\/div>\n        <\/div>\n                        <div  data-lazy=\"1\" class=\"module_row themify_builder_row tb_jdek908 tf_w\">\n                        <div class=\"row_inner col_align_top tb_col_count_1 tf_box tf_rel\">\n                        <div  data-lazy=\"1\" class=\"module_column tb-column col-full tb_283m908 first\">\n                            <div  data-lazy=\"1\" class=\"module_subrow themify_builder_sub_row tf_w col_align_top tb_col_count_1 tb_qx4d908\">\n                <div  data-lazy=\"1\" class=\"module_column sub_column col-full tb_ergy908 first\">\n                    <!-- module text -->\n<div  class=\"module module-text tb_n2ba908   \" data-lazy=\"1\">\n        <div  class=\"tb_text_wrap\">\n        <p>Ka\u017cdy Odbiorca ma prawo do zg\u0142oszenia reklamacji dotycz\u0105cych nale\u017cno\u015bci z tytu\u0142u wystawionej faktury VAT.<\/p>\n<p>Korekta rozliczenia za zaopatrzenie w wod\u0119 i\/lub odprowadzenie \u015bciek\u00f3w lub dostaw\u0119 ciep\u0142a mo\u017ce by\u0107 wykonana w nast\u0119puj\u0105cych przypadkach:<\/p>\n<ul>\n<li>stwierdzenia na otrzymanej fakturze b\u0142\u0119dnych wskaza\u0144 wodomierza g\u0142\u00f3wnego \/ przep\u0142ywomierza (np. pomy\u0142ka w odczycie);<\/li>\n<li>b\u0142\u0119dnego rozliczenia na skutek wadliwego dzia\u0142ania wodomierza g\u0142\u00f3wnego \/ przep\u0142ywomierza \u2013 w tym przypadku niezb\u0119dna jest ekspertyza tego urz\u0105dzenia;<\/li>\n<li>awarii przy\u0142\u0105cza wodoci\u0105gowego \u2013 istnieje mo\u017cliwo\u015b\u0107 odst\u0105pienia od naliczenia cz\u0119\u015bci op\u0142at za \u015bcieki, kt\u00f3re w wyniku awarii nie zosta\u0142y odprowadzone do kanalizacji; do tego celu niezb\u0119dne jest udokumentowanie awarii przez Odbiorc\u0119 Us\u0142ug oraz kontrola pracownik\u00f3w Dzia\u0142u Technicznego Przedsi\u0119biorstwa.<\/li>\n<\/ul>\n<p>Reklamuj\u0105c rozliczenie nie nale\u017cy zwraca\u0107 orygina\u0142u faktury.<\/p>\n<p>Zgodnie z zawart\u0105 umow\u0105 <strong>reklamacja rozliczenia nie zwalnia Odbiorcy Us\u0142ug z obowi\u0105zku terminowego op\u0142acania nale\u017cno\u015bci za zaopatrzenie w wod\u0119 i\/lub odprowadzanie \u015bciek\u00f3w<\/strong>. Do czasu rozstrzygni\u0119cia reklamacji Odbiorca Us\u0142ug dokonuje op\u0142at zgodnie z otrzyman\u0105 faktur\u0105. W przypadku uznania reklamacji Odbiorca Us\u0142ug otrzymuje faktur\u0119 koryguj\u0105c\u0105.<\/p>\n<p>Korekta obejmuje jeden lub kilka okres\u00f3w rozliczeniowych, w kt\u00f3rych wyst\u0119powa\u0142y stwierdzone nieprawid\u0142owo\u015bci lub b\u0142\u0119dy. Je\u017celi z wyliczonej korekty wyniknie wyniknie nadp\u0142ata, zalicza si\u0119 j\u0105 na poczet p\u0142atno\u015bci za najbli\u017cszy okres rozliczeniowy lub zostaje przekazana na wskazany przez Odbiorc\u0119 us\u0142ug rachunek bankowy.<\/p>    <\/div>\n<\/div>\n<!-- \/module text -->        <\/div>\n                    <\/div>\n                <\/div>\n                        <\/div>\n        <\/div>\n        <\/div>\n<!--\/themify_builder_content-->","protected":false},"excerpt":{"rendered":"<p>Reklamacje<\/p>\n","protected":false},"author":2,"featured_media":0,"parent":3953,"menu_order":0,"comment_status":"closed","ping_status":"closed","template":"","meta":{"inline_featured_image":false,"footnotes":""},"class_list":["post-4176","page","type-page","status-publish","hentry","has-post-title","has-post-date","has-post-category","has-post-tag","has-post-comment","has-post-author",""],"yoast_head":"<!-- This site is optimized with the Yoast SEO plugin v27.0 - https:\/\/yoast.com\/product\/yoast-seo-wordpress\/ -->\n<title>Reklamacje - AQUABELLIS.PL<\/title>\n<meta name=\"robots\" content=\"index, follow, max-snippet:-1, max-image-preview:large, max-video-preview:-1\" \/>\n<link rel=\"canonical\" href=\"https:\/\/aquabellis.pl\/index.php\/obsluga-klienta\/reklamacje\/\" \/>\n<meta property=\"og:locale\" content=\"pl_PL\" \/>\n<meta property=\"og:type\" content=\"article\" \/>\n<meta property=\"og:title\" content=\"Reklamacje - AQUABELLIS.PL\" \/>\n<meta property=\"og:description\" content=\"Reklamacje\" \/>\n<meta property=\"og:url\" content=\"https:\/\/aquabellis.pl\/index.php\/obsluga-klienta\/reklamacje\/\" \/>\n<meta property=\"og:site_name\" content=\"AQUABELLIS.PL\" \/>\n<meta property=\"article:modified_time\" content=\"2026-02-25T06:08:25+00:00\" \/>\n<meta name=\"twitter:card\" content=\"summary_large_image\" \/>\n<meta name=\"twitter:label1\" content=\"Szacowany czas czytania\" \/>\n\t<meta name=\"twitter:data1\" content=\"1 minuta\" \/>\n<script type=\"application\/ld+json\" class=\"yoast-schema-graph\">{\"@context\":\"https:\/\/schema.org\",\"@graph\":[{\"@type\":\"WebPage\",\"@id\":\"https:\/\/aquabellis.pl\/index.php\/obsluga-klienta\/reklamacje\/\",\"url\":\"https:\/\/aquabellis.pl\/index.php\/obsluga-klienta\/reklamacje\/\",\"name\":\"Reklamacje - AQUABELLIS.PL\",\"isPartOf\":{\"@id\":\"https:\/\/aquabellis.pl\/#website\"},\"datePublished\":\"2025-05-26T08:44:58+00:00\",\"dateModified\":\"2026-02-25T06:08:25+00:00\",\"breadcrumb\":{\"@id\":\"https:\/\/aquabellis.pl\/index.php\/obsluga-klienta\/reklamacje\/#breadcrumb\"},\"inLanguage\":\"pl-PL\",\"potentialAction\":[{\"@type\":\"ReadAction\",\"target\":[\"https:\/\/aquabellis.pl\/index.php\/obsluga-klienta\/reklamacje\/\"]}]},{\"@type\":\"BreadcrumbList\",\"@id\":\"https:\/\/aquabellis.pl\/index.php\/obsluga-klienta\/reklamacje\/#breadcrumb\",\"itemListElement\":[{\"@type\":\"ListItem\",\"position\":1,\"name\":\"Strona g\u0142\u00f3wna\",\"item\":\"https:\/\/aquabellis.pl\/\"},{\"@type\":\"ListItem\",\"position\":2,\"name\":\"Obs\u0142uga klienta\",\"item\":\"https:\/\/aquabellis.pl\/index.php\/obsluga-klienta\/\"},{\"@type\":\"ListItem\",\"position\":3,\"name\":\"Reklamacje\"}]},{\"@type\":\"WebSite\",\"@id\":\"https:\/\/aquabellis.pl\/#website\",\"url\":\"https:\/\/aquabellis.pl\/\",\"name\":\"AQUABELLIS.PL\",\"description\":\"Sp\u00f3\u0142ka z o. o. Rogo\u017ano WLKP\",\"potentialAction\":[{\"@type\":\"SearchAction\",\"target\":{\"@type\":\"EntryPoint\",\"urlTemplate\":\"https:\/\/aquabellis.pl\/?s={search_term_string}\"},\"query-input\":{\"@type\":\"PropertyValueSpecification\",\"valueRequired\":true,\"valueName\":\"search_term_string\"}}],\"inLanguage\":\"pl-PL\"}]}<\/script>\n<!-- \/ Yoast SEO plugin. -->","yoast_head_json":{"title":"Reklamacje - AQUABELLIS.PL","robots":{"index":"index","follow":"follow","max-snippet":"max-snippet:-1","max-image-preview":"max-image-preview:large","max-video-preview":"max-video-preview:-1"},"canonical":"https:\/\/aquabellis.pl\/index.php\/obsluga-klienta\/reklamacje\/","og_locale":"pl_PL","og_type":"article","og_title":"Reklamacje - AQUABELLIS.PL","og_description":"Reklamacje","og_url":"https:\/\/aquabellis.pl\/index.php\/obsluga-klienta\/reklamacje\/","og_site_name":"AQUABELLIS.PL","article_modified_time":"2026-02-25T06:08:25+00:00","twitter_card":"summary_large_image","twitter_misc":{"Szacowany czas czytania":"1 minuta"},"schema":{"@context":"https:\/\/schema.org","@graph":[{"@type":"WebPage","@id":"https:\/\/aquabellis.pl\/index.php\/obsluga-klienta\/reklamacje\/","url":"https:\/\/aquabellis.pl\/index.php\/obsluga-klienta\/reklamacje\/","name":"Reklamacje - AQUABELLIS.PL","isPartOf":{"@id":"https:\/\/aquabellis.pl\/#website"},"datePublished":"2025-05-26T08:44:58+00:00","dateModified":"2026-02-25T06:08:25+00:00","breadcrumb":{"@id":"https:\/\/aquabellis.pl\/index.php\/obsluga-klienta\/reklamacje\/#breadcrumb"},"inLanguage":"pl-PL","potentialAction":[{"@type":"ReadAction","target":["https:\/\/aquabellis.pl\/index.php\/obsluga-klienta\/reklamacje\/"]}]},{"@type":"BreadcrumbList","@id":"https:\/\/aquabellis.pl\/index.php\/obsluga-klienta\/reklamacje\/#breadcrumb","itemListElement":[{"@type":"ListItem","position":1,"name":"Strona g\u0142\u00f3wna","item":"https:\/\/aquabellis.pl\/"},{"@type":"ListItem","position":2,"name":"Obs\u0142uga klienta","item":"https:\/\/aquabellis.pl\/index.php\/obsluga-klienta\/"},{"@type":"ListItem","position":3,"name":"Reklamacje"}]},{"@type":"WebSite","@id":"https:\/\/aquabellis.pl\/#website","url":"https:\/\/aquabellis.pl\/","name":"AQUABELLIS.PL","description":"Sp\u00f3\u0142ka z o. o. Rogo\u017ano WLKP","potentialAction":[{"@type":"SearchAction","target":{"@type":"EntryPoint","urlTemplate":"https:\/\/aquabellis.pl\/?s={search_term_string}"},"query-input":{"@type":"PropertyValueSpecification","valueRequired":true,"valueName":"search_term_string"}}],"inLanguage":"pl-PL"}]}},"_links":{"self":[{"href":"https:\/\/aquabellis.pl\/index.php\/wp-json\/wp\/v2\/pages\/4176","targetHints":{"allow":["GET"]}}],"collection":[{"href":"https:\/\/aquabellis.pl\/index.php\/wp-json\/wp\/v2\/pages"}],"about":[{"href":"https:\/\/aquabellis.pl\/index.php\/wp-json\/wp\/v2\/types\/page"}],"author":[{"embeddable":true,"href":"https:\/\/aquabellis.pl\/index.php\/wp-json\/wp\/v2\/users\/2"}],"replies":[{"embeddable":true,"href":"https:\/\/aquabellis.pl\/index.php\/wp-json\/wp\/v2\/comments?post=4176"}],"version-history":[{"count":1,"href":"https:\/\/aquabellis.pl\/index.php\/wp-json\/wp\/v2\/pages\/4176\/revisions"}],"predecessor-version":[{"id":5002,"href":"https:\/\/aquabellis.pl\/index.php\/wp-json\/wp\/v2\/pages\/4176\/revisions\/5002"}],"up":[{"embeddable":true,"href":"https:\/\/aquabellis.pl\/index.php\/wp-json\/wp\/v2\/pages\/3953"}],"wp:attachment":[{"href":"https:\/\/aquabellis.pl\/index.php\/wp-json\/wp\/v2\/media?parent=4176"}],"curies":[{"name":"wp","href":"https:\/\/api.w.org\/{rel}","templated":true}]}}