{"id":4129,"date":"2025-05-26T10:14:03","date_gmt":"2025-05-26T08:14:03","guid":{"rendered":"https:\/\/test1.nowakowskiprojekt.kylos.pl\/?page_id=4129"},"modified":"2026-02-25T08:59:12","modified_gmt":"2026-02-25T07:59:12","slug":"wodomierze","status":"publish","type":"page","link":"https:\/\/aquabellis.pl\/index.php\/obsluga-klienta\/wodomierze\/","title":{"rendered":"Wodomierze"},"content":{"rendered":"<!--themify_builder_content-->\n<div id=\"themify_builder_content-4129\" data-postid=\"4129\" class=\"themify_builder_content themify_builder_content-4129 themify_builder tf_clear\">\n                    <div  data-lazy=\"1\" class=\"module_row themify_builder_row tb_rfrs003 tb_first tf_w\">\n                        <div class=\"row_inner col_align_top tb_col_count_1 tf_box tf_rel\">\n                        <div  data-lazy=\"1\" class=\"module_column tb-column col-full tb_7613310 first\">\n                    <!-- module text -->\n<div  class=\"module module-text tb_45up153   \" data-lazy=\"1\">\n        <div  class=\"tb_text_wrap\">\n        <h1>Wodomierze<\/h1>    <\/div>\n<\/div>\n<!-- \/module text --><!-- module text -->\n<div  class=\"module module-text tb_p09x316   \" data-lazy=\"1\">\n        <div  class=\"tb_text_wrap\">\n        <span><span><a href=\"https:\/\/aquabellis.pl\/\">Strona g\u0142\u00f3wna<\/a><\/span><\/span>    <\/div>\n<\/div>\n<!-- \/module text -->        <\/div>\n                        <\/div>\n        <\/div>\n                        <div  data-lazy=\"1\" class=\"module_row themify_builder_row tb_cn5j348 tf_w\">\n                        <div class=\"row_inner col_align_top tb_col_count_1 tf_box tf_rel\">\n                        <div  data-lazy=\"1\" class=\"module_column tb-column col-full tb_d0a9348 first\">\n                            <div  data-lazy=\"1\" class=\"module_subrow themify_builder_sub_row tf_w col_align_top tb_col_count_1 tb_ahj2348\">\n                <div  data-lazy=\"1\" class=\"module_column sub_column col-full tb_up7o348 first\">\n                    <!-- module text -->\n<div  class=\"module module-text tb_9wiq348   \" data-lazy=\"1\">\n        <div  class=\"tb_text_wrap\">\n        <h2 style=\"text-align: center;\">Cecha legalizacyjna<\/h2>    <\/div>\n<\/div>\n<!-- \/module text --><!-- module text -->\n<div  class=\"module module-text tb_hw8i348   \" data-lazy=\"1\">\n        <div  class=\"tb_text_wrap\">\n        <p>Zgodnie z Rozporz\u0105dzeniem Ministra Gospodarki z dnia 22 marca 2019 r. w sprawie prawnej kontroli metrologicznej przyrz\u0105d\u00f3w pomiarowych, okres wa\u017cno\u015bci legalizacji wodomierza wynosi 5 lat.<\/p>\n<p>Okres wa\u017cno\u015bci legalizacji liczy si\u0119 od 1 stycznia roku nast\u0119puj\u0105cego po roku, w kt\u00f3rym legalizacja zosta\u0142a dokonana.<\/p>\n<p>Organ administracji miar na podstawie przeprowadzonego sprawdzenia przyrz\u0105du pomiarowego \u2013 wodomierza i stwierdzenia zgodno\u015bci z wymaganiami technicznymi i metrologicznymi po\u015bwiadcza dokonanie legalizacji poprzez umieszczenie na przyrz\u0105dzie cechy legalizacji. Cech\u0119 identyfikuj\u0105c\u0105 urz\u0105d miar stanowi tarcza z umieszczonymi w \u015brodku literami PL. Po prawej i lewej stronie tarczy umieszczony jest wyr\u00f3\u017cnik identyfikuj\u0105cy urz\u0105d miar. Cecha roczna wodomierza umieszczona jest w stylizowanej ramce, w kt\u00f3rej umieszczone s\u0105 dwie ostatnie cyfry roku , w kt\u00f3rym przeprowadzona zosta\u0142a legalizacja.<\/p>\n<p>Wzory cech identyfikuj\u0105ce urz\u0105d miar oraz roczn\u0105 cech\u0119 wodomierza przedstawiaj\u0105 poni\u017csze rysunki:<\/p>    <\/div>\n<\/div>\n<!-- \/module text --><!-- module image -->\n<div  class=\"module module-image tb_zt09633 image-center   tf_mw\" data-lazy=\"1\">\n        <div class=\"image-wrap tf_rel tf_mw\">\n            <img loading=\"lazy\" decoding=\"async\" src=\"https:\/\/aquabellis.pl\/wp-content\/uploads\/2025\/08\/legalizacja-700x301.png\" width=\"700\" height=\"301\" class=\"wp-post-image wp-image-4419\" title=\"legalizacja\" alt=\"legalizacja\" srcset=\"https:\/\/aquabellis.pl\/wp-content\/uploads\/2025\/08\/legalizacja-700x301.png 700w, https:\/\/aquabellis.pl\/wp-content\/uploads\/2025\/08\/legalizacja-300x129.png 300w, https:\/\/aquabellis.pl\/wp-content\/uploads\/2025\/08\/legalizacja-768x331.png 768w, https:\/\/aquabellis.pl\/wp-content\/uploads\/2025\/08\/legalizacja.png 1020w\" sizes=\"auto, (max-width: 700px) 100vw, 700px\" \/>    \n        <\/div>\n    <!-- \/image-wrap -->\n    \n        <\/div>\n<!-- \/module image --><!-- module text -->\n<div  class=\"module module-text tb_a0sm593   \" data-lazy=\"1\">\n        <div  class=\"tb_text_wrap\">\n        <p style=\"text-align: center;\">Na wodomierzach posiadaj\u0105cych zatwierdzenie typu i \u015bwiadectw legalizacji przed wej\u015bciem w \u017cycie w\/w rozporz\u0105dzenia mog\u0105 wyst\u0119powa\u0107 inne oznaczenia cechy legalizacyjnej.<\/p>    <\/div>\n<\/div>\n<!-- \/module text --><!-- module text -->\n<div  class=\"module module-text tb_ym0q348   \" data-lazy=\"1\">\n        <div  class=\"tb_text_wrap\">\n        <h2 style=\"text-align: center;\">Ekspertyza<\/h2>\n<p>Ka\u017cdy Odbiorca wody dostarczanej przez Aquabellis Sp. z o.o. w Rogo\u017anie, zgodnie z zawart\u0105 umow\u0105 posiada prawo do zlecenia wykonania ekspertyzy wodomierza g\u0142\u00f3wnego zamontowanego na przy\u0142\u0105czu do nieruchomo\u015bci w przypadku, gdy podejrzewa on jego wadliwe dzia\u0142anie. O sprawdzenie poprawno\u015bci wskaza\u0144 wodomierza g\u0142\u00f3wnego wyst\u0119puje Sp\u00f3\u0142ka po uprzednim z\u0142o\u017ceniu wniosku w tej sprawie przez Odbiorc\u0119.<\/p>\n<p>Przed z\u0142o\u017ceniem wniosku o wykonanie ekspertyzy wodomierza Odbiorca winien wykluczy\u0107 mo\u017cliwo\u015b\u0107 wyst\u0105pienia wszelkiego rodzaju przeciek\u00f3w, nieszczelno\u015bci oraz innych mo\u017cliwych awarii na wewn\u0119trznej instalacji wodoci\u0105gowej (tj. za wodomierzem g\u0142\u00f3wnym). Nadmieniamy, \u017ce cz\u0119sto spotykanym powodem zwi\u0119kszonego zu\u017cycia wody s\u0105 m.in.: ciekn\u0105ce sp\u0142uczki sanitarne, nieszczelna armatura wodoci\u0105gowa w tym krany i prysznice, przecieki na kranach wyprowadzonych poza budynek, mo\u017cliwych pod\u0142\u0105czeniach wody do instalacji centralnego ogrzewania itp. Nale\u017cy r\u00f3wnie\u017c wzi\u0105\u0107 pod uwag\u0119 fakt, \u017ce jednorazowo zwi\u0119kszona kwota otrzymanej faktury mo\u017ce by\u0107 powodem wyr\u00f3wnania do faktycznego stanu wodomierza w przypadku, gdy wcze\u015bniejsze faktury wystawiane by\u0142y z prognozy liczonej na podstawie \u015bredniego zu\u017cycia w zwi\u0105zku z brakiem dost\u0119pu do wodomierza przez Pracownika Sp\u00f3\u0142ki.<br>Procedura przekazania wodomierza do ekspertyzy rozpoczyna si\u0119 po z\u0142o\u017ceniu pisemnego Zlecenia o ekspertyz\u0119 do Aquabellis Sp. z o.o. w Rogo\u017anie, na podstawie kt\u00f3rego nasi Pracownicy w terminie do 3 dni roboczych od z\u0142o\u017cenia wniosku zdemontuj\u0105 przedmiotowy wodomierz montuj\u0105c w jego miejsce nowy.<\/p>\n<p>Zdemontowany wodomierz zostaje zabezpieczony i przekazany do certyfikowanego Urz\u0119du Miar, w kt\u00f3rym zostanie wykonana ekspertyza wodomierza. Czas oczekiwania na wynik ekspertyzy wynosi oko\u0142o 4 tygodni. O wyniku ekspertyzy Odbiorca informowany jest pismem, kt\u00f3re otrzymuje wraz z kserokopi\u0105 \u015bwiadectwa ekspertyzy. W przypadku gdy ekspertyza stwierdza, i\u017c wodomierz spe\u0142nia wymagania wprowadzone rozporz\u0105dzeniem Ministra Gospodarki z dnia 7 stycznia 2008 r. w sprawie prawnej kontroli metrologicznej przyrz\u0105d\u00f3w pomiarowych (Dz. U. z 2008 r. Nr 5, poz. 29 ze zmian.) oraz rozporz\u0105dzeniem Ministra Gospodarki z dnia 23 pa\u017adziernika 2007r. w sprawie wymaga\u0144, kt\u00f3rym powinny odpowiada\u0107 wodomierze oraz szczeg\u00f3\u0142owego zakresu sprawdze\u0144 wykonywanych podczas prawnej kontroli metrologicznej tych przyrz\u0105d\u00f3w pomiarowych (Dz. U. z 2007 r. Nr 209, poz. 1513 ze zmian.) \u2013 Odbiorca zostanie obci\u0105\u017cony jej kosztami.<\/p>\n<p>W przypadku gdy ekspertyza wyka\u017ce, \u017ce wodomierz przekracza dopuszczalne graniczne b\u0142\u0119dy, a co za tym idzie nie mo\u017ce by\u0107 dalej stosowany zostanie dokonana korekta ostatniego rachunku dor\u0119czonego przed dniem z\u0142o\u017cenia wniosku o ekspertyz\u0119 oraz rachunku uwzgl\u0119dniaj\u0105cego zu\u017cycie do dnia wymontowania wodomierza, kt\u00f3rego wskazania zakwestionowano.<\/p>\n<p>Zg\u0142oszenie ewentualnych zastrze\u017ce\u0144 do wysoko\u015bci wystawionej faktury nie wstrzymuje jej zap\u0142aty. W przypadku nadp\u0142aty zalicza si\u0119 j\u0105 na poczet przysz\u0142ych nale\u017cno\u015bci, lub na \u017c\u0105danie odbiorcy us\u0142ug zwraca si\u0119 w terminie 7 dni od z\u0142o\u017cenia wniosku o zwrot nadp\u0142aty.<\/p>    <\/div>\n<\/div>\n<!-- \/module text -->        <div  data-lazy=\"1\" class=\"module_subrow themify_builder_sub_row tf_w col_align_top tb_col_count_1 tb_vpky348\">\n                <div  data-lazy=\"1\" class=\"module_column sub_column col-full tb_jncs348 first\">\n                    <!-- module text -->\n<div  class=\"module module-text tb_tszl348   \" data-lazy=\"1\">\n        <div  class=\"tb_text_wrap\">\n        <h3 style=\"text-align: center;\">Do pobrania<\/h3>    <\/div>\n<\/div>\n<!-- \/module text -->        <div  data-lazy=\"1\" class=\"module_subrow themify_builder_sub_row tf_w col_align_middle tb_col_count_2 tb_slth348\">\n                <div  data-lazy=\"1\" class=\"module_column sub_column col4-2 tb_5751348 first\">\n                    <!-- module text -->\n<div  class=\"module module-text tb_65z8348   \" data-lazy=\"1\">\n        <div  class=\"tb_text_wrap\">\n        <p>Zlecenie ekspertyzy wodomierza<\/p>    <\/div>\n<\/div>\n<!-- \/module text -->        <\/div>\n                    <div  data-lazy=\"1\" class=\"module_column sub_column col4-2 tb_jzz1348 last\">\n                    <!-- module buttons -->\n<div  class=\"module module-buttons tb_9clz348 buttons-horizontal transparent   rounded\" data-lazy=\"1\">\n        <div class=\"module-buttons-item tf_in_flx\">\n                        <a href=\"https:\/\/aquabellis.pl\/wp-content\/uploads\/2026\/01\/Zlecenie-ekspertyzy-wodomierza.pdf\" class=\"ui builder_button tf_in_flx tb_default_color\" download>\n                                    <em><svg  class=\"tf_fa tf-ti-download\" xmlns:xlink=\"http:\/\/www.w3.org\/1999\/xlink\" aria-hidden=\"true\"><use href=\"#tf-ti-download\" xlink:href=\"#tf-ti-download\"><\/use><\/svg><\/em>                                        Pobierz PDF                                        <\/a>\n                <\/div>\n            <\/div>\n<!-- \/module buttons -->\n        <\/div>\n                    <\/div>\n                <\/div>\n                    <\/div>\n                <\/div>\n                    <\/div>\n                <\/div>\n                        <\/div>\n        <\/div>\n        <\/div>\n<!--\/themify_builder_content-->","protected":false},"excerpt":{"rendered":"<p>Wodomierze<\/p>\n","protected":false},"author":2,"featured_media":0,"parent":3953,"menu_order":0,"comment_status":"closed","ping_status":"closed","template":"","meta":{"inline_featured_image":false,"footnotes":""},"class_list":["post-4129","page","type-page","status-publish","hentry","has-post-title","has-post-date","has-post-category","has-post-tag","has-post-comment","has-post-author",""],"yoast_head":"<!-- This site is optimized with the Yoast SEO plugin v27.0 - https:\/\/yoast.com\/product\/yoast-seo-wordpress\/ -->\n<title>Wodomierze - AQUABELLIS.PL<\/title>\n<meta name=\"robots\" content=\"index, follow, max-snippet:-1, max-image-preview:large, max-video-preview:-1\" \/>\n<link rel=\"canonical\" href=\"https:\/\/aquabellis.pl\/index.php\/obsluga-klienta\/wodomierze\/\" \/>\n<meta property=\"og:locale\" content=\"pl_PL\" \/>\n<meta property=\"og:type\" content=\"article\" \/>\n<meta property=\"og:title\" content=\"Wodomierze - AQUABELLIS.PL\" \/>\n<meta property=\"og:description\" content=\"Wodomierze\" \/>\n<meta property=\"og:url\" content=\"https:\/\/aquabellis.pl\/index.php\/obsluga-klienta\/wodomierze\/\" \/>\n<meta property=\"og:site_name\" content=\"AQUABELLIS.PL\" \/>\n<meta property=\"article:modified_time\" content=\"2026-02-25T07:59:12+00:00\" \/>\n<meta property=\"og:image\" content=\"https:\/\/aquabellis.pl\/wp-content\/uploads\/2025\/08\/legalizacja.png\" \/>\n\t<meta property=\"og:image:width\" content=\"1020\" \/>\n\t<meta property=\"og:image:height\" content=\"440\" \/>\n\t<meta property=\"og:image:type\" content=\"image\/png\" \/>\n<meta name=\"twitter:card\" content=\"summary_large_image\" \/>\n<meta name=\"twitter:label1\" content=\"Szacowany czas czytania\" \/>\n\t<meta name=\"twitter:data1\" content=\"1 minuta\" \/>\n<script type=\"application\/ld+json\" class=\"yoast-schema-graph\">{\"@context\":\"https:\/\/schema.org\",\"@graph\":[{\"@type\":\"WebPage\",\"@id\":\"https:\/\/aquabellis.pl\/index.php\/obsluga-klienta\/wodomierze\/\",\"url\":\"https:\/\/aquabellis.pl\/index.php\/obsluga-klienta\/wodomierze\/\",\"name\":\"Wodomierze - AQUABELLIS.PL\",\"isPartOf\":{\"@id\":\"https:\/\/aquabellis.pl\/#website\"},\"primaryImageOfPage\":{\"@id\":\"https:\/\/aquabellis.pl\/index.php\/obsluga-klienta\/wodomierze\/#primaryimage\"},\"image\":{\"@id\":\"https:\/\/aquabellis.pl\/index.php\/obsluga-klienta\/wodomierze\/#primaryimage\"},\"thumbnailUrl\":\"https:\/\/aquabellis.pl\/wp-content\/uploads\/2025\/08\/legalizacja-700x301.png\",\"datePublished\":\"2025-05-26T08:14:03+00:00\",\"dateModified\":\"2026-02-25T07:59:12+00:00\",\"breadcrumb\":{\"@id\":\"https:\/\/aquabellis.pl\/index.php\/obsluga-klienta\/wodomierze\/#breadcrumb\"},\"inLanguage\":\"pl-PL\",\"potentialAction\":[{\"@type\":\"ReadAction\",\"target\":[\"https:\/\/aquabellis.pl\/index.php\/obsluga-klienta\/wodomierze\/\"]}]},{\"@type\":\"ImageObject\",\"inLanguage\":\"pl-PL\",\"@id\":\"https:\/\/aquabellis.pl\/index.php\/obsluga-klienta\/wodomierze\/#primaryimage\",\"url\":\"https:\/\/aquabellis.pl\/wp-content\/uploads\/2025\/08\/legalizacja.png\",\"contentUrl\":\"https:\/\/aquabellis.pl\/wp-content\/uploads\/2025\/08\/legalizacja.png\",\"width\":1020,\"height\":440},{\"@type\":\"BreadcrumbList\",\"@id\":\"https:\/\/aquabellis.pl\/index.php\/obsluga-klienta\/wodomierze\/#breadcrumb\",\"itemListElement\":[{\"@type\":\"ListItem\",\"position\":1,\"name\":\"Strona g\u0142\u00f3wna\",\"item\":\"https:\/\/aquabellis.pl\/\"},{\"@type\":\"ListItem\",\"position\":2,\"name\":\"Obs\u0142uga klienta\",\"item\":\"https:\/\/aquabellis.pl\/index.php\/obsluga-klienta\/\"},{\"@type\":\"ListItem\",\"position\":3,\"name\":\"Wodomierze\"}]},{\"@type\":\"WebSite\",\"@id\":\"https:\/\/aquabellis.pl\/#website\",\"url\":\"https:\/\/aquabellis.pl\/\",\"name\":\"AQUABELLIS.PL\",\"description\":\"Sp\u00f3\u0142ka z o. o. Rogo\u017ano WLKP\",\"potentialAction\":[{\"@type\":\"SearchAction\",\"target\":{\"@type\":\"EntryPoint\",\"urlTemplate\":\"https:\/\/aquabellis.pl\/?s={search_term_string}\"},\"query-input\":{\"@type\":\"PropertyValueSpecification\",\"valueRequired\":true,\"valueName\":\"search_term_string\"}}],\"inLanguage\":\"pl-PL\"}]}<\/script>\n<!-- \/ Yoast SEO plugin. -->","yoast_head_json":{"title":"Wodomierze - AQUABELLIS.PL","robots":{"index":"index","follow":"follow","max-snippet":"max-snippet:-1","max-image-preview":"max-image-preview:large","max-video-preview":"max-video-preview:-1"},"canonical":"https:\/\/aquabellis.pl\/index.php\/obsluga-klienta\/wodomierze\/","og_locale":"pl_PL","og_type":"article","og_title":"Wodomierze - AQUABELLIS.PL","og_description":"Wodomierze","og_url":"https:\/\/aquabellis.pl\/index.php\/obsluga-klienta\/wodomierze\/","og_site_name":"AQUABELLIS.PL","article_modified_time":"2026-02-25T07:59:12+00:00","og_image":[{"width":1020,"height":440,"url":"https:\/\/aquabellis.pl\/wp-content\/uploads\/2025\/08\/legalizacja.png","type":"image\/png"}],"twitter_card":"summary_large_image","twitter_misc":{"Szacowany czas czytania":"1 minuta"},"schema":{"@context":"https:\/\/schema.org","@graph":[{"@type":"WebPage","@id":"https:\/\/aquabellis.pl\/index.php\/obsluga-klienta\/wodomierze\/","url":"https:\/\/aquabellis.pl\/index.php\/obsluga-klienta\/wodomierze\/","name":"Wodomierze - AQUABELLIS.PL","isPartOf":{"@id":"https:\/\/aquabellis.pl\/#website"},"primaryImageOfPage":{"@id":"https:\/\/aquabellis.pl\/index.php\/obsluga-klienta\/wodomierze\/#primaryimage"},"image":{"@id":"https:\/\/aquabellis.pl\/index.php\/obsluga-klienta\/wodomierze\/#primaryimage"},"thumbnailUrl":"https:\/\/aquabellis.pl\/wp-content\/uploads\/2025\/08\/legalizacja-700x301.png","datePublished":"2025-05-26T08:14:03+00:00","dateModified":"2026-02-25T07:59:12+00:00","breadcrumb":{"@id":"https:\/\/aquabellis.pl\/index.php\/obsluga-klienta\/wodomierze\/#breadcrumb"},"inLanguage":"pl-PL","potentialAction":[{"@type":"ReadAction","target":["https:\/\/aquabellis.pl\/index.php\/obsluga-klienta\/wodomierze\/"]}]},{"@type":"ImageObject","inLanguage":"pl-PL","@id":"https:\/\/aquabellis.pl\/index.php\/obsluga-klienta\/wodomierze\/#primaryimage","url":"https:\/\/aquabellis.pl\/wp-content\/uploads\/2025\/08\/legalizacja.png","contentUrl":"https:\/\/aquabellis.pl\/wp-content\/uploads\/2025\/08\/legalizacja.png","width":1020,"height":440},{"@type":"BreadcrumbList","@id":"https:\/\/aquabellis.pl\/index.php\/obsluga-klienta\/wodomierze\/#breadcrumb","itemListElement":[{"@type":"ListItem","position":1,"name":"Strona g\u0142\u00f3wna","item":"https:\/\/aquabellis.pl\/"},{"@type":"ListItem","position":2,"name":"Obs\u0142uga klienta","item":"https:\/\/aquabellis.pl\/index.php\/obsluga-klienta\/"},{"@type":"ListItem","position":3,"name":"Wodomierze"}]},{"@type":"WebSite","@id":"https:\/\/aquabellis.pl\/#website","url":"https:\/\/aquabellis.pl\/","name":"AQUABELLIS.PL","description":"Sp\u00f3\u0142ka z o. o. Rogo\u017ano WLKP","potentialAction":[{"@type":"SearchAction","target":{"@type":"EntryPoint","urlTemplate":"https:\/\/aquabellis.pl\/?s={search_term_string}"},"query-input":{"@type":"PropertyValueSpecification","valueRequired":true,"valueName":"search_term_string"}}],"inLanguage":"pl-PL"}]}},"_links":{"self":[{"href":"https:\/\/aquabellis.pl\/index.php\/wp-json\/wp\/v2\/pages\/4129","targetHints":{"allow":["GET"]}}],"collection":[{"href":"https:\/\/aquabellis.pl\/index.php\/wp-json\/wp\/v2\/pages"}],"about":[{"href":"https:\/\/aquabellis.pl\/index.php\/wp-json\/wp\/v2\/types\/page"}],"author":[{"embeddable":true,"href":"https:\/\/aquabellis.pl\/index.php\/wp-json\/wp\/v2\/users\/2"}],"replies":[{"embeddable":true,"href":"https:\/\/aquabellis.pl\/index.php\/wp-json\/wp\/v2\/comments?post=4129"}],"version-history":[{"count":4,"href":"https:\/\/aquabellis.pl\/index.php\/wp-json\/wp\/v2\/pages\/4129\/revisions"}],"predecessor-version":[{"id":5176,"href":"https:\/\/aquabellis.pl\/index.php\/wp-json\/wp\/v2\/pages\/4129\/revisions\/5176"}],"up":[{"embeddable":true,"href":"https:\/\/aquabellis.pl\/index.php\/wp-json\/wp\/v2\/pages\/3953"}],"wp:attachment":[{"href":"https:\/\/aquabellis.pl\/index.php\/wp-json\/wp\/v2\/media?parent=4129"}],"curies":[{"name":"wp","href":"https:\/\/api.w.org\/{rel}","templated":true}]}}