{"id":4074,"date":"2025-05-26T09:31:57","date_gmt":"2025-05-26T07:31:57","guid":{"rendered":"https:\/\/test1.nowakowskiprojekt.kylos.pl\/?page_id=4074"},"modified":"2026-03-02T11:26:05","modified_gmt":"2026-03-02T10:26:05","slug":"cieplownictwo","status":"publish","type":"page","link":"https:\/\/aquabellis.pl\/index.php\/o-firmie\/cieplownictwo\/","title":{"rendered":"Ciep\u0142ownictwo"},"content":{"rendered":"<!--themify_builder_content-->\n<div id=\"themify_builder_content-4074\" data-postid=\"4074\" class=\"themify_builder_content themify_builder_content-4074 themify_builder tf_clear\">\n                    <div  data-lazy=\"1\" class=\"module_row themify_builder_row tb_bfc5009 tb_first tf_w\">\n                        <div class=\"row_inner col_align_top tb_col_count_1 tf_box tf_rel\">\n                        <div  data-lazy=\"1\" class=\"module_column tb-column col-full tb_pmq1144 first\">\n                    <!-- module text -->\n<div  class=\"module module-text tb_o43m110   \" data-lazy=\"1\">\n        <div  class=\"tb_text_wrap\">\n        <h1>Ciep\u0142ownictwo<\/h1>    <\/div>\n<\/div>\n<!-- \/module text --><!-- module text -->\n<div  class=\"module module-text tb_wdp1099   \" data-lazy=\"1\">\n        <div  class=\"tb_text_wrap\">\n        <span><span><a href=\"https:\/\/aquabellis.pl\/\">Strona g\u0142\u00f3wna<\/a><\/span><\/span>    <\/div>\n<\/div>\n<!-- \/module text -->        <\/div>\n                        <\/div>\n        <\/div>\n                        <div  data-lazy=\"1\" class=\"module_row themify_builder_row tb_vlr8156 tf_w\">\n                        <div class=\"row_inner col_align_middle tb_col_count_2 tf_box tf_rel\">\n                        <div  data-lazy=\"1\" class=\"module_column tb-column col4-2 tb_mlad156 first\">\n                    <!-- module text -->\n<div  class=\"module module-text tb_l2ld156   \" data-lazy=\"1\">\n        <div  class=\"tb_text_wrap\">\n        <h2>O ciep\u0142owni<\/h2>    <\/div>\n<\/div>\n<!-- \/module text --><!-- module text -->\n<div  class=\"module module-text tb_uyea156   \" data-lazy=\"1\">\n        <div  class=\"tb_text_wrap\">\n        <p>Sp\u00f3\u0142ka MEGAWAT jako samodzielny podmiot gospodarczy rozpocz\u0119\u0142a dzia\u0142alno\u015b\u0107 od 1 czerwca 1992 roku, korzystaj\u0105c ze skomunalizowanego maj\u0105tku kot\u0142owni zak\u0142adowej Fabryki Maszyn Rolniczych \u201cAgromet-Rofama\u201d.<\/p>\n<p>Moc cieplna starego obiektu wynosi\u0142a 69,8 MW. Sk\u0142ada\u0142y si\u0119 na to kot\u0142y na mia\u0142 w\u0119glowy, WR25 \u2013 2 sztuki i WR5 \u2013 2 sztuki, oddane do eksploatacji w 1979 roku.<\/p>\n<p>Sp\u00f3\u0142ka jako jedna z nielicznych wdro\u017cy\u0142a system zarz\u0105dzania energi\u0105 ISO 50001:2018.<\/p>    <\/div>\n<\/div>\n<!-- \/module text --><!-- module buttons -->\n<div  class=\"module module-buttons tb_r3ay158 buttons-horizontal transparent  large rounded\" data-lazy=\"1\">\n        <div class=\"module-buttons-item tf_in_flx\">\n                        <a href=\"https:\/\/aquabellis.pl\/wp-content\/uploads\/2026\/01\/CERTYFIKAT-DEKRA-26.09.2025.pdf\" class=\"ui builder_button tf_in_flx tb_default_color\" download>\n                                    <em><svg  class=\"tf_fa tf-ti-download\" xmlns:xlink=\"http:\/\/www.w3.org\/1999\/xlink\" aria-hidden=\"true\"><use href=\"#tf-ti-download\" xlink:href=\"#tf-ti-download\"><\/use><\/svg><\/em>                                        Certyfikat                                        <\/a>\n                <\/div>\n                    <div class=\"module-buttons-item tf_in_flx\">\n                        <a href=\"https:\/\/aquabellis.pl\/wp-content\/uploads\/2026\/03\/Polityka-energetyczna.pdf\" class=\"ui builder_button tf_in_flx tb_default_color\" download>\n                                                Polityka energetyczna                                        <\/a>\n                <\/div>\n            <\/div>\n<!-- \/module buttons -->\n        <\/div>\n                    <div  data-lazy=\"1\" class=\"module_column tb-column col4-2 tb_qssa156 last\">\n                    <!-- module image -->\n<div  class=\"module module-image tb_nj8g156 image-top   tf_mw\" data-lazy=\"1\">\n        <div class=\"image-wrap tf_rel tf_mw\">\n            <img loading=\"lazy\" decoding=\"async\" width=\"1400\" height=\"788\" src=\"https:\/\/aquabellis.pl\/wp-content\/uploads\/2025\/08\/Megawat.jpg\" class=\"wp-post-image wp-image-4348\" title=\"Megawat\" alt=\"Megawat\" srcset=\"https:\/\/aquabellis.pl\/wp-content\/uploads\/2025\/08\/Megawat.jpg 1400w, https:\/\/aquabellis.pl\/wp-content\/uploads\/2025\/08\/Megawat-300x169.jpg 300w, https:\/\/aquabellis.pl\/wp-content\/uploads\/2025\/08\/Megawat-1024x576.jpg 1024w, https:\/\/aquabellis.pl\/wp-content\/uploads\/2025\/08\/Megawat-768x432.jpg 768w, https:\/\/aquabellis.pl\/wp-content\/uploads\/2025\/08\/Megawat-800x450.jpg 800w\" sizes=\"auto, (max-width: 1400px) 100vw, 1400px\" \/>    \n        <\/div>\n    <!-- \/image-wrap -->\n    \n        <\/div>\n<!-- \/module image -->        <\/div>\n                        <\/div>\n        <\/div>\n                        <div  data-lazy=\"1\" class=\"module_row themify_builder_row tb_8dhl702 tf_w\">\n                        <div class=\"row_inner col_align_top tb_col_count_1 tf_box tf_rel\">\n                        <div  data-lazy=\"1\" class=\"module_column tb-column col-full tb_bf6o702 first\">\n                            <div  data-lazy=\"1\" class=\"module_subrow themify_builder_sub_row tf_w col_align_top tb_col_count_2 tb_7cms702\">\n                <div  data-lazy=\"1\" class=\"module_column sub_column col4-2 tb_vdes702 first\">\n                    <!-- module text -->\n<div  class=\"module module-text tb_5fif702   \" data-lazy=\"1\">\n        <div  class=\"tb_text_wrap\">\n        <h5 style=\"text-align: center;\"><a href=\"https:\/\/test1.nowakowskiprojekt.kylos.pl\/o-firmie\/cieplownictwo\/dla-audytorow\">Dla audytor\u00f3w<\/a><\/h5>    <\/div>\n<\/div>\n<!-- \/module text --><!-- module icon -->\n<div  class=\"module module-icon tb_lyt5702    icon_horizontal \" data-lazy=\"1\">\n\t\t\t<div class=\"module-icon-item\">\n\t\t\t\t\t\t\t<a href=\"https:\/\/aquabellis.pl\/index.php\/o-firmie\/cieplownictwo\/dla-audytorow\">\n\t\t\t\t\t\t\t\t\t\t\t\t\t\t\t\t\t<em class=\"tf_box\"\n\t\t\t\t\t\t\t\t\t\t\t\t style=\"background-color:#02a8f3;color:#ffffff\"\t\t\t\t\t><svg  class=\"tf_fa tf-fas-chevron-right\" xmlns:xlink=\"http:\/\/www.w3.org\/1999\/xlink\" aria-hidden=\"true\"><use href=\"#tf-fas-chevron-right\" xlink:href=\"#tf-fas-chevron-right\"><\/use><\/svg><\/em>\n\t\t\t\t\t\t\t\t\t\t\t\t\t\t\t\t<\/a>\n\t\t\t\t\t<\/div>\n\t<\/div>\n<!-- \/module icon -->\n        <\/div>\n                    <div  data-lazy=\"1\" class=\"module_column sub_column col4-2 tb_r502702 last\">\n                    <!-- module text -->\n<div  class=\"module module-text tb_o36q702   \" data-lazy=\"1\">\n        <div  class=\"tb_text_wrap\">\n        <h5 style=\"text-align: center;\"><a href=\"https:\/\/aquabellis.pl\/index.php\/o-firmie\/cieplownictwo\/ogloszenia\">Og\u0142oszenia<\/a><\/h5>    <\/div>\n<\/div>\n<!-- \/module text --><!-- module icon -->\n<div  class=\"module module-icon tb_tpsz702    icon_horizontal \" data-lazy=\"1\">\n\t\t\t<div class=\"module-icon-item\">\n\t\t\t\t\t\t\t<a href=\"https:\/\/aquabellis.pl\/index.php\/o-firmie\/cieplownictwo\/ogloszenia\">\n\t\t\t\t\t\t\t\t\t\t\t\t\t\t\t\t\t<em class=\"tf_box\"\n\t\t\t\t\t\t\t\t\t\t\t\t style=\"background-color:#02a8f3;color:#ffffff\"\t\t\t\t\t><svg  class=\"tf_fa tf-fas-chevron-right\" xmlns:xlink=\"http:\/\/www.w3.org\/1999\/xlink\" aria-hidden=\"true\"><use href=\"#tf-fas-chevron-right\" xlink:href=\"#tf-fas-chevron-right\"><\/use><\/svg><\/em>\n\t\t\t\t\t\t\t\t\t\t\t\t\t\t\t\t<\/a>\n\t\t\t\t\t<\/div>\n\t<\/div>\n<!-- \/module icon -->\n        <\/div>\n                    <\/div>\n                <\/div>\n                        <\/div>\n        <\/div>\n                        <div  data-lazy=\"1\" class=\"module_row themify_builder_row tb_ywto124 tf_w\">\n                        <div class=\"row_inner col_align_top tb_col_count_1 tf_box tf_rel\">\n                        <div  data-lazy=\"1\" class=\"module_column tb-column col-full tb_27su124 first\">\n                            <div  data-lazy=\"1\" class=\"module_subrow themify_builder_sub_row tf_w col_align_top tb_col_count_1 tb_etd2124\">\n                <div  data-lazy=\"1\" class=\"module_column sub_column col-full tb_lrzg124 first\">\n                    <!-- module text -->\n<div  class=\"module module-text tb_95o0124   \" data-lazy=\"1\">\n        <div  class=\"tb_text_wrap\">\n        <p>Kot\u0142ownia ta w za\u0142o\u017ceniach mia\u0142a produkowa\u0107 ciep\u0142o na potrzeby technologiczne i grzewcze Fabryki. Dostawa ciep\u0142a na potrzeby komunalne stanowi\u0142a niewielki procent obci\u0105\u017cenia. Realia lat 90-tych zweryfikowa\u0142y te za\u0142o\u017cenia. Z roku na rok mala\u0142o zapotrzebowanie na energi\u0119 ze strony przemys\u0142u. Efektem tego by\u0142y coraz gorsze wyniki finansowe Sp\u00f3\u0142ki.<br>W latach 1993-1995 dzia\u0142alno\u015b\u0107 prowadzona by\u0142a ze strat\u0105. Brak \u015brodk\u00f3w na remonty i modernizacj\u0119 w czasie, kiedy kot\u0142ownia by\u0142a w\u0142asno\u015bci\u0105 \u201cAgromet-Rofama\u201d oraz wykonywanie tylko niezb\u0119dnych napraw po przej\u0119ciu maj\u0105tku przez Sp\u00f3\u0142k\u0119, doprowadzi\u0142o do powa\u017cnych problem\u00f3w technicznych, gro\u017c\u0105cych zak\u0142\u00f3ceniem w ruchu kot\u0142owni. Eksploatowane urz\u0105dzenia nie gwarantowa\u0142y te\u017c spe\u0142nienia obostrzonych wymaga\u0144 ochrony \u015brodowiska.<\/p>    <\/div>\n<\/div>\n<!-- \/module text --><!-- module text -->\n<div  class=\"module module-text tb_nuar124   \" data-lazy=\"1\">\n        <div  class=\"tb_text_wrap\">\n        <p>To w\u0142a\u015bnie te uwarunkowania by\u0142y powodem, \u017ce powo\u0142any w marcu 1995 roku nowy Zarz\u0105d Sp\u00f3\u0142ki, rozpocz\u0105\u0142 dzia\u0142ania zmierzaj\u0105ce do zmiany bardzo trudnej sytuacji firmy. \u015awiadomo\u015b\u0107, \u017ce z ciep\u0142a produkowanego przez MEGAWAT korzysta trzy tysi\u0105ce mieszka\u0144c\u00f3w w blokach pod\u0142\u0105czonych do sieci, oko\u0142o 1,5 tysi\u0105ca uczni\u00f3w w trzech szko\u0142ach i dw\u00f3ch przedszkolach, pacjenci w obiektach Zespo\u0142u Opieki Zdrowotnej by\u0142a motywacj\u0105 do szybkich i efektywnych dzia\u0142a\u0144.<br>W dniu 29 listopada 1995 roku Zgromadzenie Wsp\u00f3lnik\u00f3w Sp\u00f3\u0142ki podj\u0119\u0142o uchwa\u0142\u0119 w sprawie przyst\u0105pienia do realizacji inwestycji pod nazw\u0105 \u201cModernizacja systemu ciep\u0142owniczego miasta Rogo\u017ana\u201d. W latach 1996-1998 przewidziano do realizacji nast\u0119puj\u0105ce zadania:<\/p>\n<ul>\n<li>budowa kot\u0142owni gazowo-olejowej o mocy 13,8 MW,<\/li>\n<li>budowa nowego odcinka sieci cieplnej,<\/li>\n<li>monta\u017c 4 w\u0119z\u0142\u00f3w cieplnych,<\/li>\n<li>monta\u017c termozawor\u00f3w i podzielnik\u00f3w koszt\u00f3w.<\/li>\n<\/ul>    <\/div>\n<\/div>\n<!-- \/module text --><!-- module text -->\n<div  class=\"module module-text tb_iqk3124   \" data-lazy=\"1\">\n        <div  class=\"tb_text_wrap\">\n        <p>Wy\u0142oniona w przetargu firma GROS-POL Sp. z o.o. z Poznania rozpocz\u0119\u0142a budow\u0119 28 maja 1996 roku.<br>Zgodnie z przyj\u0119tym harmonogramem prac, budowa mia\u0142a przebiega\u0107 w taki spos\u00f3b, aby w pierwszej kolejno\u015bci realizowa\u0107 te etapy, kt\u00f3re pozwol\u0105 na podanie ciep\u0142a w nadchodz\u0105cym sezonie ju\u017c z nowego \u017ar\u00f3d\u0142a. Do ko\u0144ca sierpnia 1996 roku, na potrzeby produkcji ciep\u0142ej wody u\u017cytkowej pracowa\u0142a jeszcze dotychczasowa kot\u0142ownia w\u0119glowa. Miesi\u0105c wrzesie\u0144 przeznaczony by\u0142 na wykonanie prac adaptacyjnych sieci cieplnych, celem pod\u0142\u0105czenia nowego \u017ar\u00f3d\u0142a ciep\u0142a do systemu.<br>W dniu 28 wrze\u015bnia 1996 roku, r\u00f3wno 4 miesi\u0105ce od rozpocz\u0119cia prac, wykonawca GROS-POL Sp. z o.o. uruchomi\u0142, w ramach rozruchu technologicznego, pierwszy kocio\u0142 o mocy 6 MW. Od tego dnia podawano ju\u017c ciep\u0142o do odbiorc\u00f3w.<br>Wybudowano r\u00f3wnie\u017c gazoci\u0105g \u015bredniego ci\u015bnienia o d\u0142ugo\u015bci L=486 m oraz stacj\u0119 pomiarow\u0105 gazu o przepustowo\u015bci 2000 Nm3\/h.<br>W dalszym okresie, wraz ze spadkiem temperatur zewn\u0119trznych przekazano do ruchu drugi kocio\u0142 6 MW \u2013 by\u0142o to w listopadzie 1996 roku, a w styczniu 1997 roku uruchomiono kocio\u0142 1,8 MW.<\/p>    <\/div>\n<\/div>\n<!-- \/module text --><!-- module text -->\n<div  class=\"module module-text tb_qmo5124   \" data-lazy=\"1\">\n        <div  class=\"tb_text_wrap\">\n        <p>Takie dzia\u0142anie pozwala\u0142o na zwi\u0119kszanie mocy kot\u0142owni stosownie do warunk\u00f3w pogodowych i na pe\u0142ne zabezpieczenie potrzeb odbiorc\u00f3w w sezonie grzewczym 1996\/97. W drugiej po\u0142owie lutego 1997 roku przeprowadzono tzw. ruch 72-godzinny, maj\u0105cy na celu komisyjne sprawdzenie poprawno\u015bci pracy wszystkich uk\u0142ad\u00f3w technologicznych kot\u0142owni. W dalszych miesi\u0105cach trwa\u0142y prace wyko\u0144czeniowe. Nie mia\u0142y one wp\u0142ywu na funkcjonowanie kot\u0142owni. Ostatecznego odbioru ko\u0144cowego dokonano 12 wrze\u015bnia 1997 roku. Na bazie protoko\u0142u z tego odbioru, uzyskano z Urz\u0119du Rejonowego w W\u0105growcu, pozwolenie na u\u017cytkowanie kot\u0142owni gazowo-olejowej.<\/p>\n<p>Sfinansowanie tak du\u017cej inwestycji nie by\u0142o mo\u017cliwe tylko i wy\u0142\u0105cznie ze \u015brodk\u00f3w w\u0142asnych Sp\u00f3\u0142ki. Dodatkowo uzyskano \u015brodki z bud\u017cetu Gminy Rogo\u017ano, Urz\u0119du Wojew\u00f3dzkiego w Pile, kredyty z Wojew\u00f3dzkiego Funduszu Ochrony \u015arodowiska i Gospodarki Wodnej w Pile, NFO\u015aiGW w Warszawie. Otrzymano zwrot koszt\u00f3w budowy gazoci\u0105gu z WOZG Pozna\u0144. Nie uzyskano natomiast przewidywanej dotacji z Fundacji EKOFUNDUSZ. W uzasadnieniu odmownej decyzji stwierdzono, \u017ce \u201c\u2026z\u0142a kondycja finansowa Przedsi\u0119biorstwa stwarza zagro\u017cenie dla wykonalno\u015bci projektu i jego wynik\u00f3w finansowych w przysz\u0142o\u015bci\u201d. Czas zweryfikowa\u0142 jednak to uzasadnienie. Okaza\u0142o si\u0119, \u017ce produkcja energii z nowego \u017ar\u00f3d\u0142a ciep\u0142a jest dla Sp\u00f3\u0142ki op\u0142acalna.<br>Rok 1996 zako\u0144czono z dodatnim wynikiem finansowym. Na podkre\u015blenie zas\u0142uguje fakt, \u017ce przechodz\u0105c na produkcj\u0119 ciep\u0142a z kot\u0142owni gazowo-olejowej, we wrze\u015bniu 1996 r. nie zwi\u0119kszono z tego powodu ceny sprzedawanej energii. Dopiero styczniowa podwy\u017cka ceny gazu wymusi\u0142a wzrost ceny ciep\u0142a od lutego 1997 roku.<\/p>    <\/div>\n<\/div>\n<!-- \/module text --><!-- module text -->\n<div  class=\"module module-text tb_tnma124   \" data-lazy=\"1\">\n        <div  class=\"tb_text_wrap\">\n        <p>W latach 2010 \u2013 2012 kot\u0142ownia przesz\u0142a powa\u017cn\u0105 modernizacj\u0119. Poprzez wymian\u0119 dw\u00f3ch palnik\u00f3w dostosowano moc jednostek kot\u0142owych do aktualnych potrzeb odbiorc\u00f3w. Z powodu bardzo wysokiej ceny zrezygnowano r\u00f3wnie\u017c z oleju opa\u0142owego jako drugiego, alternatywnego no\u015bnika energii. Wymieniono tak\u017ce ca\u0142\u0105 automatyk\u0119 i urz\u0105dzenia kontrolno-pomiarowe.<br>Kot\u0142ownia wybudowana w latach 1996-1997 zlokalizowana jest w budynku po starej, funkcjonuj\u0105cej do lat 70-tych, kot\u0142owni parowej. Urz\u0105dzenia technologiczne kot\u0142owni rozmieszczone s\u0105 na dw\u00f3ch poziomach. Poziom pierwszy to pompownia z uk\u0142adami towarzysz\u0105cymi, natomiast poziom drugi to kot\u0142y i systemy sterowania. Opr\u00f3cz ca\u0142ego uk\u0142adu technologicznego w budynku znajduj\u0105 si\u0119 r\u00f3wnie\u017c pomieszczenia biurowe, socjalne, magazynowe i warsztat. Kot\u0142ownia wyposa\u017cona jest w trzy jednostki kot\u0142owe pracuj\u0105ce w nast\u0119puj\u0105cych zakresach mocy:<\/p>\n<ul>\n<li>kocio\u0142 nr 3 \u2013 KOG-1,8 od 0,070 do 0,550 MW,<\/li>\n<li>kocio\u0142 nr 2 \u2013 KOG-6 od 0,750 do 4,400 MW,<\/li>\n<li>kocio\u0142 nr 1 \u2013 KOG-6 od 2,200 do 6,000 MW.<\/li>\n<\/ul>    <\/div>\n<\/div>\n<!-- \/module text --><!-- module text -->\n<div  class=\"module module-text tb_20q1124   \" data-lazy=\"1\">\n        <div  class=\"tb_text_wrap\">\n        <p>Wszystkie kot\u0142y s\u0105 produkcji Fabryki Kot\u0142\u00f3w \u201cSEFAKO\u201d S.A. w S\u0119dziszowie. S\u0105 to kot\u0142y wodne, wysokotemperaturowe, p\u0142omienicowo-p\u0142omieni\u00f3wkowe typu KOG. Kot\u0142y du\u017ce, tzn. o mocy 6 MW, s\u0105 wyposa\u017cone w podgrzewacze (ekonomizery), kt\u00f3re wykorzystuj\u0105c ciep\u0142o spalin wychodz\u0105cych do komina, ogrzewaj\u0105 wst\u0119pnie wod\u0119, podnosz\u0105c tym samym sprawno\u015b\u0107 kot\u0142a. Z oblicze\u0144 i pomiar\u00f3w przeprowadzonych w trakcie ruchu 72-godzinnego wynika, \u017ce \u015brednia sprawno\u015b\u0107 kot\u0142\u00f3w z ekonomizerami wynosi 96%, natomiast sprawno\u015b\u0107 kot\u0142a 1,8 MW (bez podgrzewacza) to 92%.<br>Palniki RGL 70\/1-A, WM-G 30\/2-A, WM \u2013 GL 10 zasilane s\u0105 ze stacji pomiarowej gazu poprzez zaw\u00f3r odcinaj\u0105cy stacjonarnego systemu sygnalizacyjno-odcinaj\u0105cego. Palniki wyposa\u017cone s\u0105 w regulatory ci\u015bnienia, za kt\u00f3rymi utrzymywane jest ci\u015bnienie niezb\u0119dne do w\u0142a\u015bciwego spalania gazu.<br>Kot\u0142ownia wyposa\u017cona jest w szereg instalacji wspomagaj\u0105cych jej prac\u0119:<\/p>\n<ul>\n<li>instalacj\u0119 do odprowadzania spalin,<\/li>\n<li>instalacj\u0119 do uzdatniania i odgazowywania wody,<\/li>\n<li>instalacj\u0119 sieci centralnego ogrzewania,<\/li>\n<li>uk\u0142ad kontrolno-zabezpieczaj\u0105cy st\u0119\u017cenia gazu,<\/li>\n<li>system wizualizacyjny pracy kot\u0142owni.<\/li>\n<\/ul>\n<p>Sp\u00f3\u0142ka jest w\u0142a\u015bcicielem przesy\u0142owych i rozdzielczych sieci ciep\u0142owniczych. Ich \u0142\u0105czna d\u0142ugo\u015b\u0107 wynosi 2 x 4.381,5 m, \u015brednice nominalne kszta\u0142tuj\u0105 si\u0119 od 20 do 250 mm, a pojemno\u015b\u0107 z\u0142adu to 57,3 m\u00b3 wody. Sieci wykonane s\u0105 jako napowietrzne (2 x 194 m) oraz jako podziemne (2 x 4.181,5 m). W\u015br\u00f3d sieci podziemnych wszystkie wykonane s\u0105 w technologii rur preizolowanych, a udzia\u0142 sieci preizolowanych w ca\u0142ej d\u0142ugo\u015bci sieci stanowi 95,6%.<\/p>\n<p>Opr\u00f3cz g\u0142\u00f3wnej kot\u0142owni pracuj\u0105cej w systemie cieplnym miasta Rogo\u017ana, Sp\u00f3\u0142ka jest w\u0142a\u015bcicielem i eksploatuje 7 lokalnych kot\u0142owni gazowych o mocy od 40 do 175 kW.<\/p>    <\/div>\n<\/div>\n<!-- \/module text --><!-- module text -->\n<div  class=\"module module-text tb_m0hy124   \" data-lazy=\"1\">\n        <div  class=\"tb_text_wrap\">\n        <p><iframe src=\"https:\/\/www.google.com\/maps\/embed?pb=!1m18!1m12!1m3!1d1015.4633156024748!2d16.98562162178004!3d52.75252219665964!2m3!1f0!2f0!3f0!3m2!1i1024!2i768!4f13.1!3m3!1m2!1s0x470473e0af9db791%3A0xbefe5486f3d8140b!2sFabryczna%207I%2C%2064-610%20Rogo%C5%BAno!5e0!3m2!1spl!2spl!4v1754464583583!5m2!1spl!2spl\" width=\"100%\" height=\"350\" style=\"border:0;\" allowfullscreen=\"\" loading=\"lazy\" referrerpolicy=\"no-referrer-when-downgrade\"><\/iframe><\/p>\n    <\/div>\n<\/div>\n<!-- \/module text -->        <\/div>\n                    <\/div>\n                <\/div>\n                        <\/div>\n        <\/div>\n        <\/div>\n<!--\/themify_builder_content-->","protected":false},"excerpt":{"rendered":"<p>Ciep\u0142ownictwo<\/p>\n","protected":false},"author":2,"featured_media":0,"parent":4015,"menu_order":0,"comment_status":"closed","ping_status":"closed","template":"","meta":{"inline_featured_image":false,"footnotes":""},"class_list":["post-4074","page","type-page","status-publish","hentry","has-post-title","has-post-date","has-post-category","has-post-tag","has-post-comment","has-post-author",""],"yoast_head":"<!-- This site is optimized with the Yoast SEO plugin v27.0 - https:\/\/yoast.com\/product\/yoast-seo-wordpress\/ -->\n<title>Ciep\u0142ownictwo - AQUABELLIS.PL<\/title>\n<meta name=\"robots\" content=\"index, follow, max-snippet:-1, max-image-preview:large, max-video-preview:-1\" \/>\n<link rel=\"canonical\" href=\"https:\/\/aquabellis.pl\/index.php\/o-firmie\/cieplownictwo\/\" \/>\n<meta property=\"og:locale\" content=\"pl_PL\" \/>\n<meta property=\"og:type\" content=\"article\" \/>\n<meta property=\"og:title\" content=\"Ciep\u0142ownictwo - AQUABELLIS.PL\" \/>\n<meta property=\"og:description\" content=\"Ciep\u0142ownictwo\" \/>\n<meta property=\"og:url\" content=\"https:\/\/aquabellis.pl\/index.php\/o-firmie\/cieplownictwo\/\" \/>\n<meta property=\"og:site_name\" content=\"AQUABELLIS.PL\" \/>\n<meta property=\"article:modified_time\" content=\"2026-03-02T10:26:05+00:00\" \/>\n<meta property=\"og:image\" content=\"https:\/\/aquabellis.pl\/wp-content\/uploads\/2025\/08\/Megawat.jpg\" \/>\n\t<meta property=\"og:image:width\" content=\"1400\" \/>\n\t<meta property=\"og:image:height\" content=\"788\" \/>\n\t<meta property=\"og:image:type\" content=\"image\/jpeg\" \/>\n<meta name=\"twitter:card\" content=\"summary_large_image\" \/>\n<meta name=\"twitter:label1\" content=\"Szacowany czas czytania\" \/>\n\t<meta name=\"twitter:data1\" content=\"9 minut\" \/>\n<script type=\"application\/ld+json\" class=\"yoast-schema-graph\">{\"@context\":\"https:\/\/schema.org\",\"@graph\":[{\"@type\":\"WebPage\",\"@id\":\"https:\/\/aquabellis.pl\/index.php\/o-firmie\/cieplownictwo\/\",\"url\":\"https:\/\/aquabellis.pl\/index.php\/o-firmie\/cieplownictwo\/\",\"name\":\"Ciep\u0142ownictwo - AQUABELLIS.PL\",\"isPartOf\":{\"@id\":\"https:\/\/aquabellis.pl\/#website\"},\"primaryImageOfPage\":{\"@id\":\"https:\/\/aquabellis.pl\/index.php\/o-firmie\/cieplownictwo\/#primaryimage\"},\"image\":{\"@id\":\"https:\/\/aquabellis.pl\/index.php\/o-firmie\/cieplownictwo\/#primaryimage\"},\"thumbnailUrl\":\"https:\/\/aquabellis.pl\/wp-content\/uploads\/2025\/08\/Megawat.jpg\",\"datePublished\":\"2025-05-26T07:31:57+00:00\",\"dateModified\":\"2026-03-02T10:26:05+00:00\",\"breadcrumb\":{\"@id\":\"https:\/\/aquabellis.pl\/index.php\/o-firmie\/cieplownictwo\/#breadcrumb\"},\"inLanguage\":\"pl-PL\",\"potentialAction\":[{\"@type\":\"ReadAction\",\"target\":[\"https:\/\/aquabellis.pl\/index.php\/o-firmie\/cieplownictwo\/\"]}]},{\"@type\":\"ImageObject\",\"inLanguage\":\"pl-PL\",\"@id\":\"https:\/\/aquabellis.pl\/index.php\/o-firmie\/cieplownictwo\/#primaryimage\",\"url\":\"https:\/\/aquabellis.pl\/wp-content\/uploads\/2025\/08\/Megawat.jpg\",\"contentUrl\":\"https:\/\/aquabellis.pl\/wp-content\/uploads\/2025\/08\/Megawat.jpg\",\"width\":1400,\"height\":788},{\"@type\":\"BreadcrumbList\",\"@id\":\"https:\/\/aquabellis.pl\/index.php\/o-firmie\/cieplownictwo\/#breadcrumb\",\"itemListElement\":[{\"@type\":\"ListItem\",\"position\":1,\"name\":\"Strona g\u0142\u00f3wna\",\"item\":\"https:\/\/aquabellis.pl\/\"},{\"@type\":\"ListItem\",\"position\":2,\"name\":\"O firmie\",\"item\":\"https:\/\/aquabellis.pl\/index.php\/o-firmie\/\"},{\"@type\":\"ListItem\",\"position\":3,\"name\":\"Ciep\u0142ownictwo\"}]},{\"@type\":\"WebSite\",\"@id\":\"https:\/\/aquabellis.pl\/#website\",\"url\":\"https:\/\/aquabellis.pl\/\",\"name\":\"AQUABELLIS.PL\",\"description\":\"Sp\u00f3\u0142ka z o. o. Rogo\u017ano WLKP\",\"potentialAction\":[{\"@type\":\"SearchAction\",\"target\":{\"@type\":\"EntryPoint\",\"urlTemplate\":\"https:\/\/aquabellis.pl\/?s={search_term_string}\"},\"query-input\":{\"@type\":\"PropertyValueSpecification\",\"valueRequired\":true,\"valueName\":\"search_term_string\"}}],\"inLanguage\":\"pl-PL\"}]}<\/script>\n<!-- \/ Yoast SEO plugin. -->","yoast_head_json":{"title":"Ciep\u0142ownictwo - AQUABELLIS.PL","robots":{"index":"index","follow":"follow","max-snippet":"max-snippet:-1","max-image-preview":"max-image-preview:large","max-video-preview":"max-video-preview:-1"},"canonical":"https:\/\/aquabellis.pl\/index.php\/o-firmie\/cieplownictwo\/","og_locale":"pl_PL","og_type":"article","og_title":"Ciep\u0142ownictwo - AQUABELLIS.PL","og_description":"Ciep\u0142ownictwo","og_url":"https:\/\/aquabellis.pl\/index.php\/o-firmie\/cieplownictwo\/","og_site_name":"AQUABELLIS.PL","article_modified_time":"2026-03-02T10:26:05+00:00","og_image":[{"width":1400,"height":788,"url":"https:\/\/aquabellis.pl\/wp-content\/uploads\/2025\/08\/Megawat.jpg","type":"image\/jpeg"}],"twitter_card":"summary_large_image","twitter_misc":{"Szacowany czas czytania":"9 minut"},"schema":{"@context":"https:\/\/schema.org","@graph":[{"@type":"WebPage","@id":"https:\/\/aquabellis.pl\/index.php\/o-firmie\/cieplownictwo\/","url":"https:\/\/aquabellis.pl\/index.php\/o-firmie\/cieplownictwo\/","name":"Ciep\u0142ownictwo - AQUABELLIS.PL","isPartOf":{"@id":"https:\/\/aquabellis.pl\/#website"},"primaryImageOfPage":{"@id":"https:\/\/aquabellis.pl\/index.php\/o-firmie\/cieplownictwo\/#primaryimage"},"image":{"@id":"https:\/\/aquabellis.pl\/index.php\/o-firmie\/cieplownictwo\/#primaryimage"},"thumbnailUrl":"https:\/\/aquabellis.pl\/wp-content\/uploads\/2025\/08\/Megawat.jpg","datePublished":"2025-05-26T07:31:57+00:00","dateModified":"2026-03-02T10:26:05+00:00","breadcrumb":{"@id":"https:\/\/aquabellis.pl\/index.php\/o-firmie\/cieplownictwo\/#breadcrumb"},"inLanguage":"pl-PL","potentialAction":[{"@type":"ReadAction","target":["https:\/\/aquabellis.pl\/index.php\/o-firmie\/cieplownictwo\/"]}]},{"@type":"ImageObject","inLanguage":"pl-PL","@id":"https:\/\/aquabellis.pl\/index.php\/o-firmie\/cieplownictwo\/#primaryimage","url":"https:\/\/aquabellis.pl\/wp-content\/uploads\/2025\/08\/Megawat.jpg","contentUrl":"https:\/\/aquabellis.pl\/wp-content\/uploads\/2025\/08\/Megawat.jpg","width":1400,"height":788},{"@type":"BreadcrumbList","@id":"https:\/\/aquabellis.pl\/index.php\/o-firmie\/cieplownictwo\/#breadcrumb","itemListElement":[{"@type":"ListItem","position":1,"name":"Strona g\u0142\u00f3wna","item":"https:\/\/aquabellis.pl\/"},{"@type":"ListItem","position":2,"name":"O firmie","item":"https:\/\/aquabellis.pl\/index.php\/o-firmie\/"},{"@type":"ListItem","position":3,"name":"Ciep\u0142ownictwo"}]},{"@type":"WebSite","@id":"https:\/\/aquabellis.pl\/#website","url":"https:\/\/aquabellis.pl\/","name":"AQUABELLIS.PL","description":"Sp\u00f3\u0142ka z o. o. Rogo\u017ano WLKP","potentialAction":[{"@type":"SearchAction","target":{"@type":"EntryPoint","urlTemplate":"https:\/\/aquabellis.pl\/?s={search_term_string}"},"query-input":{"@type":"PropertyValueSpecification","valueRequired":true,"valueName":"search_term_string"}}],"inLanguage":"pl-PL"}]}},"_links":{"self":[{"href":"https:\/\/aquabellis.pl\/index.php\/wp-json\/wp\/v2\/pages\/4074","targetHints":{"allow":["GET"]}}],"collection":[{"href":"https:\/\/aquabellis.pl\/index.php\/wp-json\/wp\/v2\/pages"}],"about":[{"href":"https:\/\/aquabellis.pl\/index.php\/wp-json\/wp\/v2\/types\/page"}],"author":[{"embeddable":true,"href":"https:\/\/aquabellis.pl\/index.php\/wp-json\/wp\/v2\/users\/2"}],"replies":[{"embeddable":true,"href":"https:\/\/aquabellis.pl\/index.php\/wp-json\/wp\/v2\/comments?post=4074"}],"version-history":[{"count":8,"href":"https:\/\/aquabellis.pl\/index.php\/wp-json\/wp\/v2\/pages\/4074\/revisions"}],"predecessor-version":[{"id":5257,"href":"https:\/\/aquabellis.pl\/index.php\/wp-json\/wp\/v2\/pages\/4074\/revisions\/5257"}],"up":[{"embeddable":true,"href":"https:\/\/aquabellis.pl\/index.php\/wp-json\/wp\/v2\/pages\/4015"}],"wp:attachment":[{"href":"https:\/\/aquabellis.pl\/index.php\/wp-json\/wp\/v2\/media?parent=4074"}],"curies":[{"name":"wp","href":"https:\/\/api.w.org\/{rel}","templated":true}]}}