{"id":4066,"date":"2025-05-26T09:30:55","date_gmt":"2025-05-26T07:30:55","guid":{"rendered":"https:\/\/test1.nowakowskiprojekt.kylos.pl\/?page_id=4066"},"modified":"2026-02-25T08:35:01","modified_gmt":"2026-02-25T07:35:01","slug":"oczyszczalnia-sciekow","status":"publish","type":"page","link":"https:\/\/aquabellis.pl\/index.php\/o-firmie\/oczyszczalnia-sciekow\/","title":{"rendered":"Oczyszczalnia \u015bciek\u00f3w"},"content":{"rendered":"<!--themify_builder_content-->\n<div id=\"themify_builder_content-4066\" data-postid=\"4066\" class=\"themify_builder_content themify_builder_content-4066 themify_builder tf_clear\">\n                    <div  data-lazy=\"1\" class=\"module_row themify_builder_row tb_m3re231 tb_first tf_w\">\n                        <div class=\"row_inner col_align_top tb_col_count_1 tf_box tf_rel\">\n                        <div  data-lazy=\"1\" class=\"module_column tb-column col-full tb_n57i000 first\">\n                    <!-- module text -->\n<div  class=\"module module-text tb_1tel100   \" data-lazy=\"1\">\n        <div  class=\"tb_text_wrap\">\n        <h1>Oczyszczalnia Rogo\u017ano<\/h1>    <\/div>\n<\/div>\n<!-- \/module text --><!-- module text -->\n<div  class=\"module module-text tb_fph7000   \" data-lazy=\"1\">\n        <div  class=\"tb_text_wrap\">\n        <span><span><a href=\"https:\/\/aquabellis.pl\/\">Strona g\u0142\u00f3wna<\/a><\/span><\/span>    <\/div>\n<\/div>\n<!-- \/module text -->        <\/div>\n                        <\/div>\n        <\/div>\n                        <div  data-lazy=\"1\" class=\"module_row themify_builder_row tb_k9q4090 tf_w\">\n                        <div class=\"row_inner col_align_top tb_col_count_1 tf_box tf_rel\">\n                        <div  data-lazy=\"1\" class=\"module_column tb-column col-full tb_m57p335 first\">\n                            <div  data-lazy=\"1\" class=\"module_subrow themify_builder_sub_row tf_w col_align_top tb_col_count_1 tb_7ime030\">\n                <div  data-lazy=\"1\" class=\"module_column sub_column col-full tb_175f113 first\">\n                    <!-- module text -->\n<div  class=\"module module-text tb_psdl564   \" data-lazy=\"1\">\n        <div  class=\"tb_text_wrap\">\n        <p>Sp\u00f3\u0142ka posiada oczyszczalni\u0119 \u015bciek\u00f3w w Rogo\u017anie. Aktualnie posiada zdolno\u015b\u0107 oczyszczania 3000\u00a0m\u00b3 \u015bciek\u00f3w na dob\u0119. Na obszarze miasta Rogo\u017ana i s\u0105siednich miejscowo\u015bci odprowadzanie \u015bciek\u00f3w realizowane jest przy pomocy trzech system\u00f3w kanalizacji sanitarnej: grawitacyjnego, podci\u015bnieniowo-ci\u015bnieniowego oraz grawitacyjno-ci\u015bnieniowego.<\/p>\n<p>W pozosta\u0142ych miejscowo\u015bciach na terenie gminy gospodarka \u015bciekowa rozwi\u0105zywana jest indywidualnie w oparciu o zbiorniki bezodp\u0142ywowe, w kt\u00f3rych \u015bcieki s\u0105 gromadzone i okresowo wywo\u017cone sprz\u0119tem asenizacyjnym do punkt\u00f3w zlewczych.<\/p>\n<p>Na terenie gminy funkcjonuje ponadto kilkadziesi\u0105t indywidualnych oczyszczalni przydomowych. Oczyszczanie \u015bciek\u00f3w realizowane jest przez oczyszczalni\u0119 \u015bciek\u00f3w w Rogo\u017anie. \u015acieki oczyszczone z oczyszczalni w Rogo\u017anie odprowadzane s\u0105 do rzeki We\u0142ny. Oczyszczalnia po\u0142o\u017cona jest w p\u00f3\u0142nocnej cz\u0119\u015bci miasta Rogo\u017ano. Do oczyszczalni dop\u0142ywaj\u0105 \u015bcieki bytowo-gospodarcze z niewielk\u0105 ilo\u015bci\u0105 \u015bciek\u00f3w przemys\u0142owych.<\/p>\n<p>Wed\u0142ug danych na dzie\u0144 31.12.2024 r. d\u0142ugo\u015b\u0107 sieci kanalizacji sanitarnej wynosi 69,2 km.<\/p>    <\/div>\n<\/div>\n<!-- \/module text --><!-- module text -->\n<div  class=\"module module-text tb_5is1475   \" data-lazy=\"1\">\n        <div  class=\"tb_text_wrap\">\n        <p><iframe src=\"https:\/\/www.google.com\/maps\/embed?pb=!1m18!1m12!1m3!1d4829.215537508994!2d16.983402243473098!3d52.75731110387157!2m3!1f0!2f0!3f0!3m2!1i1024!2i768!4f13.1!3m3!1m2!1s0x470473e669425ad9%3A0x2ab11b5cf3fbd3e!2zT2N6eXN6Y3phbG5pYSDFmmNpZWvDs3cgUm9nb8W6bm8!5e0!3m2!1spl!2spl!4v1754464078367!5m2!1spl!2spl\" width=\"100%\" height=\"350\" style=\"border:0;\" allowfullscreen=\"\" loading=\"lazy\" referrerpolicy=\"no-referrer-when-downgrade\"><\/iframe><\/p>\n    <\/div>\n<\/div>\n<!-- \/module text -->        <\/div>\n                    <\/div>\n                <\/div>\n                        <\/div>\n        <\/div>\n                        <div  data-css_id=\"4dn6987\" data-lazy=\"1\" class=\"module_row themify_builder_row fullwidth tb_4dn6987 tf_w\">\n                        <div class=\"row_inner col_align_top tb_col_count_1 tf_box tf_rel\">\n                        <div  data-lazy=\"1\" class=\"module_column tb-column col-full tb_ik9w987 first\">\n                            <div  data-lazy=\"1\" class=\"module_subrow themify_builder_sub_row tf_w col_align_middle tb_col_count_2 tb_9mx1987\">\n                <div  data-lazy=\"1\" class=\"module_column sub_column col4-2 tb_lk0v987 first\">\n                    <!-- module text -->\n<div  class=\"module module-text tb_jwsn987   \" data-lazy=\"1\">\n        <div  class=\"tb_text_wrap\">\n        <p>Wyniki bada\u0144 \u015bciek\u00f3w oczyszczonych<\/p>    <\/div>\n<\/div>\n<!-- \/module text -->        <\/div>\n                    <div  data-lazy=\"1\" class=\"module_column sub_column col4-2 tb_843r987 last\">\n                    <!-- module buttons -->\n<div  class=\"module module-buttons tb_drvh987 buttons-horizontal transparent   rounded\" data-lazy=\"1\">\n        <div class=\"module-buttons-item tf_in_flx\">\n                        <a href=\"https:\/\/aquabellis.pl\/wp-content\/uploads\/2026\/01\/Wyniki-badan-sciekow-oczyszczonych-1.pdf\" class=\"ui builder_button tf_in_flx tb_default_color\" download>\n                                    <em><svg  class=\"tf_fa tf-ti-download\" xmlns:xlink=\"http:\/\/www.w3.org\/1999\/xlink\" aria-hidden=\"true\"><use href=\"#tf-ti-download\" xlink:href=\"#tf-ti-download\"><\/use><\/svg><\/em>                                        Pobierz PDF                                        <\/a>\n                <\/div>\n            <\/div>\n<!-- \/module buttons -->\n        <\/div>\n                    <\/div>\n                <\/div>\n                        <\/div>\n        <\/div>\n        <\/div>\n<!--\/themify_builder_content-->","protected":false},"excerpt":{"rendered":"<p>Oczyszczalnia Rogo\u017ano<\/p>\n","protected":false},"author":2,"featured_media":0,"parent":4015,"menu_order":0,"comment_status":"closed","ping_status":"closed","template":"","meta":{"inline_featured_image":false,"footnotes":""},"class_list":["post-4066","page","type-page","status-publish","hentry","has-post-title","has-post-date","has-post-category","has-post-tag","has-post-comment","has-post-author",""],"yoast_head":"<!-- This site is optimized with the Yoast SEO plugin v27.0 - https:\/\/yoast.com\/product\/yoast-seo-wordpress\/ -->\n<title>Oczyszczalnia \u015bciek\u00f3w - AQUABELLIS.PL<\/title>\n<meta name=\"robots\" content=\"index, follow, max-snippet:-1, max-image-preview:large, max-video-preview:-1\" \/>\n<link rel=\"canonical\" href=\"https:\/\/aquabellis.pl\/index.php\/o-firmie\/oczyszczalnia-sciekow\/\" \/>\n<meta property=\"og:locale\" content=\"pl_PL\" \/>\n<meta property=\"og:type\" content=\"article\" \/>\n<meta property=\"og:title\" content=\"Oczyszczalnia \u015bciek\u00f3w - AQUABELLIS.PL\" \/>\n<meta property=\"og:description\" content=\"Oczyszczalnia Rogo\u017ano\" \/>\n<meta property=\"og:url\" content=\"https:\/\/aquabellis.pl\/index.php\/o-firmie\/oczyszczalnia-sciekow\/\" \/>\n<meta property=\"og:site_name\" content=\"AQUABELLIS.PL\" \/>\n<meta property=\"article:modified_time\" content=\"2026-02-25T07:35:01+00:00\" \/>\n<meta name=\"twitter:card\" content=\"summary_large_image\" \/>\n<meta name=\"twitter:label1\" content=\"Szacowany czas czytania\" \/>\n\t<meta name=\"twitter:data1\" content=\"2 minuty\" \/>\n<script type=\"application\/ld+json\" class=\"yoast-schema-graph\">{\"@context\":\"https:\/\/schema.org\",\"@graph\":[{\"@type\":\"WebPage\",\"@id\":\"https:\/\/aquabellis.pl\/index.php\/o-firmie\/oczyszczalnia-sciekow\/\",\"url\":\"https:\/\/aquabellis.pl\/index.php\/o-firmie\/oczyszczalnia-sciekow\/\",\"name\":\"Oczyszczalnia \u015bciek\u00f3w - AQUABELLIS.PL\",\"isPartOf\":{\"@id\":\"https:\/\/aquabellis.pl\/#website\"},\"datePublished\":\"2025-05-26T07:30:55+00:00\",\"dateModified\":\"2026-02-25T07:35:01+00:00\",\"breadcrumb\":{\"@id\":\"https:\/\/aquabellis.pl\/index.php\/o-firmie\/oczyszczalnia-sciekow\/#breadcrumb\"},\"inLanguage\":\"pl-PL\",\"potentialAction\":[{\"@type\":\"ReadAction\",\"target\":[\"https:\/\/aquabellis.pl\/index.php\/o-firmie\/oczyszczalnia-sciekow\/\"]}]},{\"@type\":\"BreadcrumbList\",\"@id\":\"https:\/\/aquabellis.pl\/index.php\/o-firmie\/oczyszczalnia-sciekow\/#breadcrumb\",\"itemListElement\":[{\"@type\":\"ListItem\",\"position\":1,\"name\":\"Strona g\u0142\u00f3wna\",\"item\":\"https:\/\/aquabellis.pl\/\"},{\"@type\":\"ListItem\",\"position\":2,\"name\":\"O firmie\",\"item\":\"https:\/\/aquabellis.pl\/index.php\/o-firmie\/\"},{\"@type\":\"ListItem\",\"position\":3,\"name\":\"Oczyszczalnia \u015bciek\u00f3w\"}]},{\"@type\":\"WebSite\",\"@id\":\"https:\/\/aquabellis.pl\/#website\",\"url\":\"https:\/\/aquabellis.pl\/\",\"name\":\"AQUABELLIS.PL\",\"description\":\"Sp\u00f3\u0142ka z o. o. Rogo\u017ano WLKP\",\"potentialAction\":[{\"@type\":\"SearchAction\",\"target\":{\"@type\":\"EntryPoint\",\"urlTemplate\":\"https:\/\/aquabellis.pl\/?s={search_term_string}\"},\"query-input\":{\"@type\":\"PropertyValueSpecification\",\"valueRequired\":true,\"valueName\":\"search_term_string\"}}],\"inLanguage\":\"pl-PL\"}]}<\/script>\n<!-- \/ Yoast SEO plugin. -->","yoast_head_json":{"title":"Oczyszczalnia \u015bciek\u00f3w - AQUABELLIS.PL","robots":{"index":"index","follow":"follow","max-snippet":"max-snippet:-1","max-image-preview":"max-image-preview:large","max-video-preview":"max-video-preview:-1"},"canonical":"https:\/\/aquabellis.pl\/index.php\/o-firmie\/oczyszczalnia-sciekow\/","og_locale":"pl_PL","og_type":"article","og_title":"Oczyszczalnia \u015bciek\u00f3w - AQUABELLIS.PL","og_description":"Oczyszczalnia Rogo\u017ano","og_url":"https:\/\/aquabellis.pl\/index.php\/o-firmie\/oczyszczalnia-sciekow\/","og_site_name":"AQUABELLIS.PL","article_modified_time":"2026-02-25T07:35:01+00:00","twitter_card":"summary_large_image","twitter_misc":{"Szacowany czas czytania":"2 minuty"},"schema":{"@context":"https:\/\/schema.org","@graph":[{"@type":"WebPage","@id":"https:\/\/aquabellis.pl\/index.php\/o-firmie\/oczyszczalnia-sciekow\/","url":"https:\/\/aquabellis.pl\/index.php\/o-firmie\/oczyszczalnia-sciekow\/","name":"Oczyszczalnia \u015bciek\u00f3w - AQUABELLIS.PL","isPartOf":{"@id":"https:\/\/aquabellis.pl\/#website"},"datePublished":"2025-05-26T07:30:55+00:00","dateModified":"2026-02-25T07:35:01+00:00","breadcrumb":{"@id":"https:\/\/aquabellis.pl\/index.php\/o-firmie\/oczyszczalnia-sciekow\/#breadcrumb"},"inLanguage":"pl-PL","potentialAction":[{"@type":"ReadAction","target":["https:\/\/aquabellis.pl\/index.php\/o-firmie\/oczyszczalnia-sciekow\/"]}]},{"@type":"BreadcrumbList","@id":"https:\/\/aquabellis.pl\/index.php\/o-firmie\/oczyszczalnia-sciekow\/#breadcrumb","itemListElement":[{"@type":"ListItem","position":1,"name":"Strona g\u0142\u00f3wna","item":"https:\/\/aquabellis.pl\/"},{"@type":"ListItem","position":2,"name":"O firmie","item":"https:\/\/aquabellis.pl\/index.php\/o-firmie\/"},{"@type":"ListItem","position":3,"name":"Oczyszczalnia \u015bciek\u00f3w"}]},{"@type":"WebSite","@id":"https:\/\/aquabellis.pl\/#website","url":"https:\/\/aquabellis.pl\/","name":"AQUABELLIS.PL","description":"Sp\u00f3\u0142ka z o. o. Rogo\u017ano WLKP","potentialAction":[{"@type":"SearchAction","target":{"@type":"EntryPoint","urlTemplate":"https:\/\/aquabellis.pl\/?s={search_term_string}"},"query-input":{"@type":"PropertyValueSpecification","valueRequired":true,"valueName":"search_term_string"}}],"inLanguage":"pl-PL"}]}},"_links":{"self":[{"href":"https:\/\/aquabellis.pl\/index.php\/wp-json\/wp\/v2\/pages\/4066","targetHints":{"allow":["GET"]}}],"collection":[{"href":"https:\/\/aquabellis.pl\/index.php\/wp-json\/wp\/v2\/pages"}],"about":[{"href":"https:\/\/aquabellis.pl\/index.php\/wp-json\/wp\/v2\/types\/page"}],"author":[{"embeddable":true,"href":"https:\/\/aquabellis.pl\/index.php\/wp-json\/wp\/v2\/users\/2"}],"replies":[{"embeddable":true,"href":"https:\/\/aquabellis.pl\/index.php\/wp-json\/wp\/v2\/comments?post=4066"}],"version-history":[{"count":4,"href":"https:\/\/aquabellis.pl\/index.php\/wp-json\/wp\/v2\/pages\/4066\/revisions"}],"predecessor-version":[{"id":5156,"href":"https:\/\/aquabellis.pl\/index.php\/wp-json\/wp\/v2\/pages\/4066\/revisions\/5156"}],"up":[{"embeddable":true,"href":"https:\/\/aquabellis.pl\/index.php\/wp-json\/wp\/v2\/pages\/4015"}],"wp:attachment":[{"href":"https:\/\/aquabellis.pl\/index.php\/wp-json\/wp\/v2\/media?parent=4066"}],"curies":[{"name":"wp","href":"https:\/\/api.w.org\/{rel}","templated":true}]}}