{"id":4042,"date":"2025-05-26T09:15:24","date_gmt":"2025-05-26T07:15:24","guid":{"rendered":"https:\/\/test1.nowakowskiprojekt.kylos.pl\/?page_id=4042"},"modified":"2026-02-25T08:29:28","modified_gmt":"2026-02-25T07:29:28","slug":"historia","status":"publish","type":"page","link":"https:\/\/aquabellis.pl\/index.php\/o-firmie\/historia\/","title":{"rendered":"Historia"},"content":{"rendered":"<!--themify_builder_content-->\n<div id=\"themify_builder_content-4042\" data-postid=\"4042\" class=\"themify_builder_content themify_builder_content-4042 themify_builder tf_clear\">\n                    <div  data-lazy=\"1\" class=\"module_row themify_builder_row tb_e9gv006 tb_first tf_w\">\n                        <div class=\"row_inner col_align_top tb_col_count_1 tf_box tf_rel\">\n                        <div  data-lazy=\"1\" class=\"module_column tb-column col-full tb_2h3g000 first\">\n                    <!-- module text -->\n<div  class=\"module module-text tb_7dat608   \" data-lazy=\"1\">\n        <div  class=\"tb_text_wrap\">\n        <h1>Historia<\/h1>    <\/div>\n<\/div>\n<!-- \/module text --><!-- module text -->\n<div  class=\"module module-text tb_asuv806   \" data-lazy=\"1\">\n        <div  class=\"tb_text_wrap\">\n        <span><span><a href=\"https:\/\/aquabellis.pl\/\">Strona g\u0142\u00f3wna<\/a><\/span><\/span>    <\/div>\n<\/div>\n<!-- \/module text -->        <\/div>\n                        <\/div>\n        <\/div>\n                        <div  data-lazy=\"1\" class=\"module_row themify_builder_row tb_5v75861 tf_w\">\n                        <div class=\"row_inner col_align_middle tb_col_count_2 tf_box tf_rel\">\n                        <div  data-lazy=\"1\" class=\"module_column tb-column col4-2 tb_l5ab861 first\">\n                    <!-- module text -->\n<div  class=\"module module-text tb_7yjx861   \" data-lazy=\"1\">\n        <div  class=\"tb_text_wrap\">\n        <h2>Informacje og\u00f3lne<\/h2>    <\/div>\n<\/div>\n<!-- \/module text --><!-- module text -->\n<div  class=\"module module-text tb_apr2861   \" data-lazy=\"1\">\n        <div  class=\"tb_text_wrap\">\n        <p>Aquabellis Sp. z o.o. powsta\u0142a 01 stycznia 1992 roku jako nast\u0119pca prawny Wojew\u00f3dzkiego Przedsi\u0119biorstwa Gospodarki Komunalnej i Mieszkaniowej w Pile, Wojew\u00f3dzkiego Przedsi\u0119biorstwa Wodoci\u0105g\u00f3w i Kanalizacji w Pile, Zak\u0142adu Wodoci\u0105g\u00f3w i Kanalizacji Leon Wiese w Rogo\u017anie.<\/p>\n<p>Na prowadzenie dzia\u0142alno\u015bci w tym zakresie i u\u017cytkowanie posiadanych obiekt\u00f3w Sp\u00f3\u0142ka posiada stosowne pozwolenia wodno-prawne.<\/p>    <\/div>\n<\/div>\n<!-- \/module text -->        <\/div>\n                    <div  data-lazy=\"1\" class=\"module_column tb-column col4-2 tb_y8vc861 last\">\n                    <!-- module image -->\n<div  class=\"module module-image tb_1cra861 image-top   tf_mw\" data-lazy=\"1\">\n        <div class=\"image-wrap tf_rel tf_mw\">\n            <img loading=\"lazy\" decoding=\"async\" width=\"2560\" height=\"1705\" src=\"https:\/\/aquabellis.pl\/wp-content\/uploads\/2024\/11\/Budynek-SUW-w-Rogoznie-scaled.jpg\" class=\"wp-post-image wp-image-3643\" title=\"Budynek SUW w Rogo\u017anie\" alt=\"Budynek SUW w Rogo\u017anie\" srcset=\"https:\/\/aquabellis.pl\/wp-content\/uploads\/2024\/11\/Budynek-SUW-w-Rogoznie-scaled.jpg 2560w, https:\/\/aquabellis.pl\/wp-content\/uploads\/2024\/11\/Budynek-SUW-w-Rogoznie-300x200.jpg 300w, https:\/\/aquabellis.pl\/wp-content\/uploads\/2024\/11\/Budynek-SUW-w-Rogoznie-1024x682.jpg 1024w, https:\/\/aquabellis.pl\/wp-content\/uploads\/2024\/11\/Budynek-SUW-w-Rogoznie-768x512.jpg 768w, https:\/\/aquabellis.pl\/wp-content\/uploads\/2024\/11\/Budynek-SUW-w-Rogoznie-1536x1023.jpg 1536w, https:\/\/aquabellis.pl\/wp-content\/uploads\/2024\/11\/Budynek-SUW-w-Rogoznie-2048x1364.jpg 2048w\" sizes=\"auto, (max-width: 2560px) 100vw, 2560px\" \/>    \n        <\/div>\n    <!-- \/image-wrap -->\n    \n        <\/div>\n<!-- \/module image -->        <\/div>\n                        <\/div>\n        <\/div>\n                        <div  data-lazy=\"1\" class=\"module_row themify_builder_row tb_995i111 tf_w\">\n                        <div class=\"row_inner col_align_top tb_col_count_1 tf_box tf_rel\">\n                        <div  data-lazy=\"1\" class=\"module_column tb-column col-full tb_bwmc111 first\">\n                            <div  data-lazy=\"1\" class=\"module_subrow themify_builder_sub_row tf_w col_align_top tb_col_count_1 tb_d3wt111\">\n                <div  data-lazy=\"1\" class=\"module_column sub_column col-full tb_fnd9111 first\">\n                    <!-- module text -->\n<div  class=\"module module-text tb_rahn565   \" data-lazy=\"1\">\n        <div  class=\"tb_text_wrap\">\n        <h3 style=\"text-align: center;\">Podstawowy zakres dzia\u0142alno\u015bci Sp\u00f3\u0142ki polega na:<\/h3>    <\/div>\n<\/div>\n<!-- \/module text --><!-- module text -->\n<div  class=\"module module-text tb_ptro781   \" data-lazy=\"1\">\n        <div  class=\"tb_text_wrap\">\n        <p>1. Produkcji i dostawy wody na zaopatrzenie ludno\u015bci i innych odbiorc\u00f3w;<br>2. Odbioru i oczyszczania \u015bciek\u00f3w;<br>3. Produkcji, przesy\u0142u i dystrybucji energii cieplnej;<br>4. Rozwijania dzia\u0142alno\u015bci wodoci\u0105gowej, kanalizacyjnej i ciep\u0142owniczej, w tym rozbudowy sieci;<br>5. Wykonawstwa inwestycyjnego w zakresie budowy infrastruktury technicznej;<\/p>    <\/div>\n<\/div>\n<!-- \/module text -->        <\/div>\n                    <\/div>\n                <\/div>\n                        <\/div>\n        <\/div>\n                        <div  data-lazy=\"1\" class=\"module_row themify_builder_row tb_xj61608 tf_w\">\n                        <div class=\"row_inner col_align_middle tb_col_count_2 tf_box tf_rel\">\n                        <div  data-lazy=\"1\" class=\"module_column tb-column col4-2 tb_wlug608 first\">\n                    <!-- module image -->\n<div  class=\"module module-image tb_as5n608 image-top   tf_mw\" data-lazy=\"1\">\n        <div class=\"image-wrap tf_rel tf_mw\">\n            <img loading=\"lazy\" decoding=\"async\" width=\"2560\" height=\"1922\" src=\"https:\/\/aquabellis.pl\/wp-content\/uploads\/2024\/04\/Filtry-scaled.jpg\" class=\"wp-post-image wp-image-3239\" title=\"Filtry\" alt=\"Filtry\" srcset=\"https:\/\/aquabellis.pl\/wp-content\/uploads\/2024\/04\/Filtry-scaled.jpg 2560w, https:\/\/aquabellis.pl\/wp-content\/uploads\/2024\/04\/Filtry-300x225.jpg 300w, https:\/\/aquabellis.pl\/wp-content\/uploads\/2024\/04\/Filtry-1024x769.jpg 1024w, https:\/\/aquabellis.pl\/wp-content\/uploads\/2024\/04\/Filtry-768x577.jpg 768w, https:\/\/aquabellis.pl\/wp-content\/uploads\/2024\/04\/Filtry-1536x1153.jpg 1536w, https:\/\/aquabellis.pl\/wp-content\/uploads\/2024\/04\/Filtry-2048x1537.jpg 2048w\" sizes=\"auto, (max-width: 2560px) 100vw, 2560px\" \/>    \n        <\/div>\n    <!-- \/image-wrap -->\n    \n        <\/div>\n<!-- \/module image -->        <\/div>\n                    <div  data-lazy=\"1\" class=\"module_column tb-column col4-2 tb_xn55608 last\">\n                    <!-- module text -->\n<div  class=\"module module-text tb_pibt725   \" data-lazy=\"1\">\n        <div  class=\"tb_text_wrap\">\n        <h2>Zaopatrzenie w wod\u0119<\/h2>    <\/div>\n<\/div>\n<!-- \/module text --><!-- module text -->\n<div  class=\"module module-text tb_ml5e608   \" data-lazy=\"1\">\n        <div  class=\"tb_text_wrap\">\n        <p>Zaopatrzenie w wod\u0119 mieszka\u0144c\u00f3w gminy Rogo\u017ano realizowane jest przy pomocy trzech stacji uzdatniania wody w: Rogo\u017anie, Go\u015bciejewie i S\u0142omowie.<\/p>\n<p>Woda pochodzi z uj\u0119\u0107 podziemnych:<\/p>\n<ul>\n<li>stacja uzdatniania wody w Rogo\u017anie korzysta z sze\u015bciu studni g\u0142\u0119binowych czerpi\u0105cych wod\u0119 z trzech poziom\u00f3w: holoce\u0144sko-plejstoce\u0144skiego (czwartorz\u0119d), plejstoce\u0144skiego \u2013 podglinowego (czwartorz\u0119d) i mioce\u0144skiego (trzeciorz\u0119d),<\/li>\n<li>stacja uzdatniania wody w Go\u015bciejewie korzysta z dw\u00f3ch studni g\u0142\u0119binowych czerpi\u0105cych wod\u0119 z poziomu mioce\u0144skiego (trzeciorz\u0119d),<\/li>\n<li>stacja uzdatniania wody w S\u0142omowie korzysta w trzech studni g\u0142\u0119binowych czerpi\u0105cych wod\u0119 z poziomu mioce\u0144skiego (trzeciorz\u0119d). <br>Woda dostarczana z wymienionych stacji uzdatniania poddawana jest regularnym badaniom przez certyfikowane laboratoria zewn\u0119trzne.<\/li>\n<\/ul>    <\/div>\n<\/div>\n<!-- \/module text -->        <\/div>\n                        <\/div>\n        <\/div>\n                        <div  data-lazy=\"1\" class=\"module_row themify_builder_row tb_xt9p624 tf_w\">\n                        <div class=\"row_inner col_align_top tb_col_count_1 tf_box tf_rel\">\n                        <div  data-lazy=\"1\" class=\"module_column tb-column col-full tb_tsw3624 first\">\n                    <!-- module text -->\n<div  class=\"module module-text tb_3vx1450   \" data-lazy=\"1\">\n        <div  class=\"tb_text_wrap\">\n        <h3>2025 rok \u2013 po\u0142\u0105czenie sp\u00f3\u0142ek<\/h3>    <\/div>\n<\/div>\n<!-- \/module text --><!-- module text -->\n<div  class=\"module module-text tb_1k08427   \" data-lazy=\"1\">\n        <div  class=\"tb_text_wrap\">\n        <p>W dniu 2 stycznia 2025 r. nast\u0105pi\u0142o po\u0142\u0105czenie sp\u00f3\u0142ki ciep\u0142owniczej Megawat Sp. z o. o. z siedzib\u0105 w Rogo\u017anie (Sp\u00f3\u0142ka Przejmowana) ze sp\u00f3\u0142k\u0105 Aquabellis Sp. z o. o. z siedzib\u0105 w Rogo\u017anie (Sp\u00f3\u0142ka Przejmuj\u0105ca), kt\u00f3re nast\u0105pi\u0142o przez przeniesienie ca\u0142ego maj\u0105tku sp\u00f3\u0142ki Megawat Sp. z o.o. na sp\u00f3\u0142k\u0119 Aquabellis Sp. z o.o. Nast\u0119pstwem po\u0142\u0105czenia jest ustanie bytu prawnego Megawat Sp\u00f3\u0142ka z o. o., a skutkiem \u2013 przej\u015bcie og\u00f3\u0142u praw i obowi\u0105zk\u00f3w Sp\u00f3\u0142ki Przejmowanej na Sp\u00f3\u0142k\u0119 Przejmuj\u0105c\u0105, w tym um\u00f3w podpisanych przez Megawat Sp. z o. o.<br>W tym dniu dosz\u0142o r\u00f3wnie\u017c do zmiany Prezesa Zarz\u0105du Aquabellis Sp. z o. o., kt\u00f3rym zosta\u0142 Pan Jakub Dworza\u0144ski.<\/p>    <\/div>\n<\/div>\n<!-- \/module text -->        <\/div>\n                        <\/div>\n        <\/div>\n        <\/div>\n<!--\/themify_builder_content-->","protected":false},"excerpt":{"rendered":"<p>Historia<\/p>\n","protected":false},"author":2,"featured_media":0,"parent":4015,"menu_order":0,"comment_status":"closed","ping_status":"closed","template":"","meta":{"inline_featured_image":false,"footnotes":""},"class_list":["post-4042","page","type-page","status-publish","hentry","has-post-title","has-post-date","has-post-category","has-post-tag","has-post-comment","has-post-author",""],"yoast_head":"<!-- This site is optimized with the Yoast SEO plugin v27.0 - https:\/\/yoast.com\/product\/yoast-seo-wordpress\/ -->\n<title>Historia - AQUABELLIS.PL<\/title>\n<meta name=\"robots\" content=\"index, follow, max-snippet:-1, max-image-preview:large, max-video-preview:-1\" \/>\n<link rel=\"canonical\" href=\"https:\/\/aquabellis.pl\/index.php\/o-firmie\/historia\/\" \/>\n<meta property=\"og:locale\" content=\"pl_PL\" \/>\n<meta property=\"og:type\" content=\"article\" \/>\n<meta property=\"og:title\" content=\"Historia - AQUABELLIS.PL\" \/>\n<meta property=\"og:description\" content=\"Historia\" \/>\n<meta property=\"og:url\" content=\"https:\/\/aquabellis.pl\/index.php\/o-firmie\/historia\/\" \/>\n<meta property=\"og:site_name\" content=\"AQUABELLIS.PL\" \/>\n<meta property=\"article:modified_time\" content=\"2026-02-25T07:29:28+00:00\" \/>\n<meta property=\"og:image\" content=\"https:\/\/aquabellis.pl\/wp-content\/uploads\/2024\/11\/Budynek-SUW-w-Rogoznie-scaled.jpg\" \/>\n\t<meta property=\"og:image:width\" content=\"2560\" \/>\n\t<meta property=\"og:image:height\" content=\"1705\" \/>\n\t<meta property=\"og:image:type\" content=\"image\/jpeg\" \/>\n<meta name=\"twitter:card\" content=\"summary_large_image\" \/>\n<meta name=\"twitter:label1\" content=\"Szacowany czas czytania\" \/>\n\t<meta name=\"twitter:data1\" content=\"1 minuta\" \/>\n<script type=\"application\/ld+json\" class=\"yoast-schema-graph\">{\"@context\":\"https:\/\/schema.org\",\"@graph\":[{\"@type\":\"WebPage\",\"@id\":\"https:\/\/aquabellis.pl\/index.php\/o-firmie\/historia\/\",\"url\":\"https:\/\/aquabellis.pl\/index.php\/o-firmie\/historia\/\",\"name\":\"Historia - AQUABELLIS.PL\",\"isPartOf\":{\"@id\":\"https:\/\/aquabellis.pl\/#website\"},\"primaryImageOfPage\":{\"@id\":\"https:\/\/aquabellis.pl\/index.php\/o-firmie\/historia\/#primaryimage\"},\"image\":{\"@id\":\"https:\/\/aquabellis.pl\/index.php\/o-firmie\/historia\/#primaryimage\"},\"thumbnailUrl\":\"https:\/\/aquabellis.pl\/wp-content\/uploads\/2024\/11\/Budynek-SUW-w-Rogoznie-scaled.jpg\",\"datePublished\":\"2025-05-26T07:15:24+00:00\",\"dateModified\":\"2026-02-25T07:29:28+00:00\",\"breadcrumb\":{\"@id\":\"https:\/\/aquabellis.pl\/index.php\/o-firmie\/historia\/#breadcrumb\"},\"inLanguage\":\"pl-PL\",\"potentialAction\":[{\"@type\":\"ReadAction\",\"target\":[\"https:\/\/aquabellis.pl\/index.php\/o-firmie\/historia\/\"]}]},{\"@type\":\"ImageObject\",\"inLanguage\":\"pl-PL\",\"@id\":\"https:\/\/aquabellis.pl\/index.php\/o-firmie\/historia\/#primaryimage\",\"url\":\"https:\/\/aquabellis.pl\/wp-content\/uploads\/2024\/11\/Budynek-SUW-w-Rogoznie-scaled.jpg\",\"contentUrl\":\"https:\/\/aquabellis.pl\/wp-content\/uploads\/2024\/11\/Budynek-SUW-w-Rogoznie-scaled.jpg\",\"width\":2560,\"height\":1705},{\"@type\":\"BreadcrumbList\",\"@id\":\"https:\/\/aquabellis.pl\/index.php\/o-firmie\/historia\/#breadcrumb\",\"itemListElement\":[{\"@type\":\"ListItem\",\"position\":1,\"name\":\"Strona g\u0142\u00f3wna\",\"item\":\"https:\/\/aquabellis.pl\/\"},{\"@type\":\"ListItem\",\"position\":2,\"name\":\"O firmie\",\"item\":\"https:\/\/aquabellis.pl\/index.php\/o-firmie\/\"},{\"@type\":\"ListItem\",\"position\":3,\"name\":\"Historia\"}]},{\"@type\":\"WebSite\",\"@id\":\"https:\/\/aquabellis.pl\/#website\",\"url\":\"https:\/\/aquabellis.pl\/\",\"name\":\"AQUABELLIS.PL\",\"description\":\"Sp\u00f3\u0142ka z o. o. Rogo\u017ano WLKP\",\"potentialAction\":[{\"@type\":\"SearchAction\",\"target\":{\"@type\":\"EntryPoint\",\"urlTemplate\":\"https:\/\/aquabellis.pl\/?s={search_term_string}\"},\"query-input\":{\"@type\":\"PropertyValueSpecification\",\"valueRequired\":true,\"valueName\":\"search_term_string\"}}],\"inLanguage\":\"pl-PL\"}]}<\/script>\n<!-- \/ Yoast SEO plugin. -->","yoast_head_json":{"title":"Historia - AQUABELLIS.PL","robots":{"index":"index","follow":"follow","max-snippet":"max-snippet:-1","max-image-preview":"max-image-preview:large","max-video-preview":"max-video-preview:-1"},"canonical":"https:\/\/aquabellis.pl\/index.php\/o-firmie\/historia\/","og_locale":"pl_PL","og_type":"article","og_title":"Historia - AQUABELLIS.PL","og_description":"Historia","og_url":"https:\/\/aquabellis.pl\/index.php\/o-firmie\/historia\/","og_site_name":"AQUABELLIS.PL","article_modified_time":"2026-02-25T07:29:28+00:00","og_image":[{"width":2560,"height":1705,"url":"https:\/\/aquabellis.pl\/wp-content\/uploads\/2024\/11\/Budynek-SUW-w-Rogoznie-scaled.jpg","type":"image\/jpeg"}],"twitter_card":"summary_large_image","twitter_misc":{"Szacowany czas czytania":"1 minuta"},"schema":{"@context":"https:\/\/schema.org","@graph":[{"@type":"WebPage","@id":"https:\/\/aquabellis.pl\/index.php\/o-firmie\/historia\/","url":"https:\/\/aquabellis.pl\/index.php\/o-firmie\/historia\/","name":"Historia - AQUABELLIS.PL","isPartOf":{"@id":"https:\/\/aquabellis.pl\/#website"},"primaryImageOfPage":{"@id":"https:\/\/aquabellis.pl\/index.php\/o-firmie\/historia\/#primaryimage"},"image":{"@id":"https:\/\/aquabellis.pl\/index.php\/o-firmie\/historia\/#primaryimage"},"thumbnailUrl":"https:\/\/aquabellis.pl\/wp-content\/uploads\/2024\/11\/Budynek-SUW-w-Rogoznie-scaled.jpg","datePublished":"2025-05-26T07:15:24+00:00","dateModified":"2026-02-25T07:29:28+00:00","breadcrumb":{"@id":"https:\/\/aquabellis.pl\/index.php\/o-firmie\/historia\/#breadcrumb"},"inLanguage":"pl-PL","potentialAction":[{"@type":"ReadAction","target":["https:\/\/aquabellis.pl\/index.php\/o-firmie\/historia\/"]}]},{"@type":"ImageObject","inLanguage":"pl-PL","@id":"https:\/\/aquabellis.pl\/index.php\/o-firmie\/historia\/#primaryimage","url":"https:\/\/aquabellis.pl\/wp-content\/uploads\/2024\/11\/Budynek-SUW-w-Rogoznie-scaled.jpg","contentUrl":"https:\/\/aquabellis.pl\/wp-content\/uploads\/2024\/11\/Budynek-SUW-w-Rogoznie-scaled.jpg","width":2560,"height":1705},{"@type":"BreadcrumbList","@id":"https:\/\/aquabellis.pl\/index.php\/o-firmie\/historia\/#breadcrumb","itemListElement":[{"@type":"ListItem","position":1,"name":"Strona g\u0142\u00f3wna","item":"https:\/\/aquabellis.pl\/"},{"@type":"ListItem","position":2,"name":"O firmie","item":"https:\/\/aquabellis.pl\/index.php\/o-firmie\/"},{"@type":"ListItem","position":3,"name":"Historia"}]},{"@type":"WebSite","@id":"https:\/\/aquabellis.pl\/#website","url":"https:\/\/aquabellis.pl\/","name":"AQUABELLIS.PL","description":"Sp\u00f3\u0142ka z o. o. Rogo\u017ano WLKP","potentialAction":[{"@type":"SearchAction","target":{"@type":"EntryPoint","urlTemplate":"https:\/\/aquabellis.pl\/?s={search_term_string}"},"query-input":{"@type":"PropertyValueSpecification","valueRequired":true,"valueName":"search_term_string"}}],"inLanguage":"pl-PL"}]}},"_links":{"self":[{"href":"https:\/\/aquabellis.pl\/index.php\/wp-json\/wp\/v2\/pages\/4042","targetHints":{"allow":["GET"]}}],"collection":[{"href":"https:\/\/aquabellis.pl\/index.php\/wp-json\/wp\/v2\/pages"}],"about":[{"href":"https:\/\/aquabellis.pl\/index.php\/wp-json\/wp\/v2\/types\/page"}],"author":[{"embeddable":true,"href":"https:\/\/aquabellis.pl\/index.php\/wp-json\/wp\/v2\/users\/2"}],"replies":[{"embeddable":true,"href":"https:\/\/aquabellis.pl\/index.php\/wp-json\/wp\/v2\/comments?post=4042"}],"version-history":[{"count":4,"href":"https:\/\/aquabellis.pl\/index.php\/wp-json\/wp\/v2\/pages\/4042\/revisions"}],"predecessor-version":[{"id":5149,"href":"https:\/\/aquabellis.pl\/index.php\/wp-json\/wp\/v2\/pages\/4042\/revisions\/5149"}],"up":[{"embeddable":true,"href":"https:\/\/aquabellis.pl\/index.php\/wp-json\/wp\/v2\/pages\/4015"}],"wp:attachment":[{"href":"https:\/\/aquabellis.pl\/index.php\/wp-json\/wp\/v2\/media?parent=4042"}],"curies":[{"name":"wp","href":"https:\/\/api.w.org\/{rel}","templated":true}]}}