{"id":4034,"date":"2025-05-26T09:10:44","date_gmt":"2025-05-26T07:10:44","guid":{"rendered":"https:\/\/test1.nowakowskiprojekt.kylos.pl\/?page_id=4034"},"modified":"2026-02-25T07:08:25","modified_gmt":"2026-02-25T06:08:25","slug":"wladze-spolki","status":"publish","type":"page","link":"https:\/\/aquabellis.pl\/index.php\/o-firmie\/wladze-spolki\/","title":{"rendered":"W\u0142adze Sp\u00f3\u0142ki"},"content":{"rendered":"<!--themify_builder_content-->\n<div id=\"themify_builder_content-4034\" data-postid=\"4034\" class=\"themify_builder_content themify_builder_content-4034 themify_builder tf_clear\">\n                    <div  data-lazy=\"1\" class=\"module_row themify_builder_row tb_nvcl999 tb_first tf_w\">\n                        <div class=\"row_inner col_align_top tb_col_count_1 tf_box tf_rel\">\n                        <div  data-lazy=\"1\" class=\"module_column tb-column col-full tb_8zge390 first\">\n                    <!-- module text -->\n<div  class=\"module module-text tb_p3vp391   \" data-lazy=\"1\">\n        <div  class=\"tb_text_wrap\">\n        <h1>W\u0142adze Sp\u00f3\u0142ki<\/h1>    <\/div>\n<\/div>\n<!-- \/module text --><!-- module text -->\n<div  class=\"module module-text tb_m0sx331   \" data-lazy=\"1\">\n        <div  class=\"tb_text_wrap\">\n        <span><span><a href=\"https:\/\/aquabellis.pl\/\">Strona g\u0142\u00f3wna<\/a><\/span><\/span>    <\/div>\n<\/div>\n<!-- \/module text -->        <\/div>\n                        <\/div>\n        <\/div>\n                        <div  data-lazy=\"1\" class=\"module_row themify_builder_row tb_cf0z000 tf_w\">\n                        <div class=\"row_inner col_align_top tb_col_count_1 tf_box tf_rel\">\n                        <div  data-lazy=\"1\" class=\"module_column tb-column col-full tb_2izy163 first\">\n                            <div  data-lazy=\"1\" class=\"module_subrow themify_builder_sub_row tf_w col_align_top tb_col_count_1 tb_yu3m603\">\n                <div  data-lazy=\"1\" class=\"module_column sub_column col-full tb_chu6093 first\">\n                    <!-- module text -->\n<div  class=\"module module-text tb_dtw0000   \" data-lazy=\"1\">\n        <div  class=\"tb_text_wrap\">\n        <p style=\"text-align: center;\">AQUABELLIS Sp. z o.o.<br>ul. Lipowa 55<br>64-610 Rogo\u017ano<\/p>\n<h3 style=\"text-align: center;\">1. Zgromadzenie Wsp\u00f3lnik\u00f3w<\/h3>\n<p style=\"text-align: center;\">W\u0142a\u015bcicielem wszystkich udzia\u0142\u00f3w w Sp\u00f3\u0142ce jest Gmina Rogo\u017ano.<br>Zgromadzenie Wsp\u00f3lnik\u00f3w stanowi Burmistrz Rogo\u017ana.<\/p>\n<h3 style=\"text-align: center;\">2. Rada Nadzorcza<\/h3>\n<p style=\"text-align: center;\">Organem kontrolnym i\u00a0doradczym zgodnie z Kodeksem Sp\u00f3\u0142ek Handlowych jest Rada Nadzorcza.<\/p>\n<h4 style=\"text-align: center;\">Rada nadzorcza:<\/h4>\n<p style=\"text-align: center;\">Marcin Kropid\u0142owski \u2013 Przewodnicz\u0105cy RN<br>Pawe\u0142 Str\u00f3\u017cyk<br>Jakub Szuberski<\/p>\n<h3 style=\"text-align: center;\">3. Zarz\u0105d Sp\u00f3\u0142ki<\/h3>\n<p style=\"text-align: center;\">Zarz\u0105d Sp\u00f3\u0142ki jest jednoosobowy.<br>Prezes Zarz\u0105du: Jakub Dworza\u0144ski<\/p>    <\/div>\n<\/div>\n<!-- \/module text -->        <\/div>\n                    <\/div>\n                <\/div>\n                        <\/div>\n        <\/div>\n        <\/div>\n<!--\/themify_builder_content-->","protected":false},"excerpt":{"rendered":"<p>W\u0142adze Sp\u00f3\u0142ki<\/p>\n","protected":false},"author":2,"featured_media":0,"parent":4015,"menu_order":0,"comment_status":"closed","ping_status":"closed","template":"","meta":{"inline_featured_image":false,"footnotes":""},"class_list":["post-4034","page","type-page","status-publish","hentry","has-post-title","has-post-date","has-post-category","has-post-tag","has-post-comment","has-post-author",""],"yoast_head":"<!-- This site is optimized with the Yoast SEO plugin v27.0 - https:\/\/yoast.com\/product\/yoast-seo-wordpress\/ -->\n<title>W\u0142adze Sp\u00f3\u0142ki - AQUABELLIS.PL<\/title>\n<meta name=\"robots\" content=\"index, follow, max-snippet:-1, max-image-preview:large, max-video-preview:-1\" \/>\n<link rel=\"canonical\" href=\"https:\/\/aquabellis.pl\/index.php\/o-firmie\/wladze-spolki\/\" \/>\n<meta property=\"og:locale\" content=\"pl_PL\" \/>\n<meta property=\"og:type\" content=\"article\" \/>\n<meta property=\"og:title\" content=\"W\u0142adze Sp\u00f3\u0142ki - AQUABELLIS.PL\" \/>\n<meta property=\"og:description\" content=\"W\u0142adze Sp\u00f3\u0142ki\" \/>\n<meta property=\"og:url\" content=\"https:\/\/aquabellis.pl\/index.php\/o-firmie\/wladze-spolki\/\" \/>\n<meta property=\"og:site_name\" content=\"AQUABELLIS.PL\" \/>\n<meta property=\"article:modified_time\" content=\"2026-02-25T06:08:25+00:00\" \/>\n<meta name=\"twitter:card\" content=\"summary_large_image\" \/>\n<meta name=\"twitter:label1\" content=\"Szacowany czas czytania\" \/>\n\t<meta name=\"twitter:data1\" content=\"2 minuty\" \/>\n<script type=\"application\/ld+json\" class=\"yoast-schema-graph\">{\"@context\":\"https:\/\/schema.org\",\"@graph\":[{\"@type\":\"WebPage\",\"@id\":\"https:\/\/aquabellis.pl\/index.php\/o-firmie\/wladze-spolki\/\",\"url\":\"https:\/\/aquabellis.pl\/index.php\/o-firmie\/wladze-spolki\/\",\"name\":\"W\u0142adze Sp\u00f3\u0142ki - AQUABELLIS.PL\",\"isPartOf\":{\"@id\":\"https:\/\/aquabellis.pl\/#website\"},\"datePublished\":\"2025-05-26T07:10:44+00:00\",\"dateModified\":\"2026-02-25T06:08:25+00:00\",\"breadcrumb\":{\"@id\":\"https:\/\/aquabellis.pl\/index.php\/o-firmie\/wladze-spolki\/#breadcrumb\"},\"inLanguage\":\"pl-PL\",\"potentialAction\":[{\"@type\":\"ReadAction\",\"target\":[\"https:\/\/aquabellis.pl\/index.php\/o-firmie\/wladze-spolki\/\"]}]},{\"@type\":\"BreadcrumbList\",\"@id\":\"https:\/\/aquabellis.pl\/index.php\/o-firmie\/wladze-spolki\/#breadcrumb\",\"itemListElement\":[{\"@type\":\"ListItem\",\"position\":1,\"name\":\"Strona g\u0142\u00f3wna\",\"item\":\"https:\/\/aquabellis.pl\/\"},{\"@type\":\"ListItem\",\"position\":2,\"name\":\"O firmie\",\"item\":\"https:\/\/aquabellis.pl\/index.php\/o-firmie\/\"},{\"@type\":\"ListItem\",\"position\":3,\"name\":\"W\u0142adze Sp\u00f3\u0142ki\"}]},{\"@type\":\"WebSite\",\"@id\":\"https:\/\/aquabellis.pl\/#website\",\"url\":\"https:\/\/aquabellis.pl\/\",\"name\":\"AQUABELLIS.PL\",\"description\":\"Sp\u00f3\u0142ka z o. o. Rogo\u017ano WLKP\",\"potentialAction\":[{\"@type\":\"SearchAction\",\"target\":{\"@type\":\"EntryPoint\",\"urlTemplate\":\"https:\/\/aquabellis.pl\/?s={search_term_string}\"},\"query-input\":{\"@type\":\"PropertyValueSpecification\",\"valueRequired\":true,\"valueName\":\"search_term_string\"}}],\"inLanguage\":\"pl-PL\"}]}<\/script>\n<!-- \/ Yoast SEO plugin. -->","yoast_head_json":{"title":"W\u0142adze Sp\u00f3\u0142ki - AQUABELLIS.PL","robots":{"index":"index","follow":"follow","max-snippet":"max-snippet:-1","max-image-preview":"max-image-preview:large","max-video-preview":"max-video-preview:-1"},"canonical":"https:\/\/aquabellis.pl\/index.php\/o-firmie\/wladze-spolki\/","og_locale":"pl_PL","og_type":"article","og_title":"W\u0142adze Sp\u00f3\u0142ki - AQUABELLIS.PL","og_description":"W\u0142adze Sp\u00f3\u0142ki","og_url":"https:\/\/aquabellis.pl\/index.php\/o-firmie\/wladze-spolki\/","og_site_name":"AQUABELLIS.PL","article_modified_time":"2026-02-25T06:08:25+00:00","twitter_card":"summary_large_image","twitter_misc":{"Szacowany czas czytania":"2 minuty"},"schema":{"@context":"https:\/\/schema.org","@graph":[{"@type":"WebPage","@id":"https:\/\/aquabellis.pl\/index.php\/o-firmie\/wladze-spolki\/","url":"https:\/\/aquabellis.pl\/index.php\/o-firmie\/wladze-spolki\/","name":"W\u0142adze Sp\u00f3\u0142ki - AQUABELLIS.PL","isPartOf":{"@id":"https:\/\/aquabellis.pl\/#website"},"datePublished":"2025-05-26T07:10:44+00:00","dateModified":"2026-02-25T06:08:25+00:00","breadcrumb":{"@id":"https:\/\/aquabellis.pl\/index.php\/o-firmie\/wladze-spolki\/#breadcrumb"},"inLanguage":"pl-PL","potentialAction":[{"@type":"ReadAction","target":["https:\/\/aquabellis.pl\/index.php\/o-firmie\/wladze-spolki\/"]}]},{"@type":"BreadcrumbList","@id":"https:\/\/aquabellis.pl\/index.php\/o-firmie\/wladze-spolki\/#breadcrumb","itemListElement":[{"@type":"ListItem","position":1,"name":"Strona g\u0142\u00f3wna","item":"https:\/\/aquabellis.pl\/"},{"@type":"ListItem","position":2,"name":"O firmie","item":"https:\/\/aquabellis.pl\/index.php\/o-firmie\/"},{"@type":"ListItem","position":3,"name":"W\u0142adze Sp\u00f3\u0142ki"}]},{"@type":"WebSite","@id":"https:\/\/aquabellis.pl\/#website","url":"https:\/\/aquabellis.pl\/","name":"AQUABELLIS.PL","description":"Sp\u00f3\u0142ka z o. o. Rogo\u017ano WLKP","potentialAction":[{"@type":"SearchAction","target":{"@type":"EntryPoint","urlTemplate":"https:\/\/aquabellis.pl\/?s={search_term_string}"},"query-input":{"@type":"PropertyValueSpecification","valueRequired":true,"valueName":"search_term_string"}}],"inLanguage":"pl-PL"}]}},"_links":{"self":[{"href":"https:\/\/aquabellis.pl\/index.php\/wp-json\/wp\/v2\/pages\/4034","targetHints":{"allow":["GET"]}}],"collection":[{"href":"https:\/\/aquabellis.pl\/index.php\/wp-json\/wp\/v2\/pages"}],"about":[{"href":"https:\/\/aquabellis.pl\/index.php\/wp-json\/wp\/v2\/types\/page"}],"author":[{"embeddable":true,"href":"https:\/\/aquabellis.pl\/index.php\/wp-json\/wp\/v2\/users\/2"}],"replies":[{"embeddable":true,"href":"https:\/\/aquabellis.pl\/index.php\/wp-json\/wp\/v2\/comments?post=4034"}],"version-history":[{"count":1,"href":"https:\/\/aquabellis.pl\/index.php\/wp-json\/wp\/v2\/pages\/4034\/revisions"}],"predecessor-version":[{"id":4988,"href":"https:\/\/aquabellis.pl\/index.php\/wp-json\/wp\/v2\/pages\/4034\/revisions\/4988"}],"up":[{"embeddable":true,"href":"https:\/\/aquabellis.pl\/index.php\/wp-json\/wp\/v2\/pages\/4015"}],"wp:attachment":[{"href":"https:\/\/aquabellis.pl\/index.php\/wp-json\/wp\/v2\/media?parent=4034"}],"curies":[{"name":"wp","href":"https:\/\/api.w.org\/{rel}","templated":true}]}}