{"id":4015,"date":"2025-05-19T17:12:04","date_gmt":"2025-05-19T15:12:04","guid":{"rendered":"https:\/\/test1.nowakowskiprojekt.kylos.pl\/?page_id=4015"},"modified":"2026-02-25T10:36:02","modified_gmt":"2026-02-25T09:36:02","slug":"o-firmie","status":"publish","type":"page","link":"https:\/\/aquabellis.pl\/index.php\/o-firmie\/","title":{"rendered":"O firmie"},"content":{"rendered":"<!--themify_builder_content-->\n<div id=\"themify_builder_content-4015\" data-postid=\"4015\" class=\"themify_builder_content themify_builder_content-4015 themify_builder tf_clear\">\n                    <div  data-lazy=\"1\" class=\"module_row themify_builder_row tb_m4tu464 tb_first tf_w\">\n                        <div class=\"row_inner col_align_top tb_col_count_1 tf_box tf_rel\">\n                        <div  data-lazy=\"1\" class=\"module_column tb-column col-full tb_gt6l464 first\">\n                    <!-- module image -->\n<div  class=\"module module-image tb_68l7464 image-center   tf_mw\" data-lazy=\"1\">\n        <div class=\"image-wrap tf_rel tf_mw\">\n            <img loading=\"lazy\" decoding=\"async\" src=\"https:\/\/aquabellis.pl\/wp-content\/uploads\/2026\/02\/O-firmie-ikona-90x90.png\" width=\"90\" height=\"90\" class=\"wp-post-image wp-image-5122\" title=\"O firmie-ikona\" alt=\"O firmie-ikona\" srcset=\"https:\/\/aquabellis.pl\/wp-content\/uploads\/2026\/02\/O-firmie-ikona-90x90.png 90w, https:\/\/aquabellis.pl\/wp-content\/uploads\/2026\/02\/O-firmie-ikona-150x150.png 150w, https:\/\/aquabellis.pl\/wp-content\/uploads\/2026\/02\/O-firmie-ikona-80x80.png 80w, https:\/\/aquabellis.pl\/wp-content\/uploads\/2026\/02\/O-firmie-ikona.png 250w\" sizes=\"auto, (max-width: 90px) 100vw, 90px\" \/>    \n        <\/div>\n    <!-- \/image-wrap -->\n    \n        <\/div>\n<!-- \/module image --><!-- module text -->\n<div  class=\"module module-text tb_e671464   \" data-lazy=\"1\">\n        <div  class=\"tb_text_wrap\">\n        <h1>O firmie<\/h1>    <\/div>\n<\/div>\n<!-- \/module text --><!-- module text -->\n<div  class=\"module module-text tb_k4ie464   \" data-lazy=\"1\">\n        <div  class=\"tb_text_wrap\">\n        <span><span><a href=\"https:\/\/aquabellis.pl\/\">Strona g\u0142\u00f3wna<\/a><\/span><\/span>    <\/div>\n<\/div>\n<!-- \/module text -->        <\/div>\n                        <\/div>\n        <\/div>\n                        <div  data-lazy=\"1\" class=\"module_row themify_builder_row tb_x317838 tf_w\">\n                        <div class=\"row_inner col_align_top tb_col_count_1 tf_box tf_rel\">\n                        <div  data-lazy=\"1\" class=\"module_column tb-column col-full tb_ppjg838 first\">\n                            <div  data-lazy=\"1\" class=\"module_subrow themify_builder_sub_row tf_w col_align_top tb_col_count_4 tb_3mej180\">\n                <div  data-lazy=\"1\" class=\"module_column sub_column col4-1 tb_way0180 first\">\n                    <!-- module text -->\n<div  class=\"module module-text tb_jfbp283   \" data-lazy=\"1\">\n        <div  class=\"tb_text_wrap\">\n        <h5 style=\"text-align: center;\"><a href=\"https:\/\/aquabellis.pl\/index.php\/o-firmie\/dane-spolki\/\">Dane Sp\u00f3\u0142ki<\/a><\/h5>    <\/div>\n<\/div>\n<!-- \/module text --><!-- module icon -->\n<div  class=\"module module-icon tb_cgyu19    icon_horizontal \" data-lazy=\"1\">\n\t\t\t<div class=\"module-icon-item\">\n\t\t\t\t\t\t\t<a href=\"https:\/\/aquabellis.pl\/index.php\/o-firmie\/dane-spolki\/\">\n\t\t\t\t\t\t\t\t\t\t\t\t\t\t\t\t\t<em class=\"tf_box\"\n\t\t\t\t\t\t\t\t\t\t\t\t style=\"background-color:#02a8f3;color:#ffffff\"\t\t\t\t\t><svg  class=\"tf_fa tf-fas-chevron-right\" xmlns:xlink=\"http:\/\/www.w3.org\/1999\/xlink\" aria-hidden=\"true\"><use href=\"#tf-fas-chevron-right\" xlink:href=\"#tf-fas-chevron-right\"><\/use><\/svg><\/em>\n\t\t\t\t\t\t\t\t\t\t\t\t\t\t\t\t<\/a>\n\t\t\t\t\t<\/div>\n\t<\/div>\n<!-- \/module icon -->\n        <\/div>\n                    <div  data-lazy=\"1\" class=\"module_column sub_column col4-1 tb_0vkv558\">\n                    <!-- module text -->\n<div  class=\"module module-text tb_lh7b558   \" data-lazy=\"1\">\n        <div  class=\"tb_text_wrap\">\n        <h5 style=\"text-align: center;\"><a href=\"https:\/\/aquabellis.pl\/index.php\/o-firmie\/wladze-spolki\/\">W\u0142adze Sp\u00f3\u0142ki<\/a><\/h5>    <\/div>\n<\/div>\n<!-- \/module text --><!-- module icon -->\n<div  class=\"module module-icon tb_2zos52    icon_horizontal \" data-lazy=\"1\">\n\t\t\t<div class=\"module-icon-item\">\n\t\t\t\t\t\t\t<a href=\"https:\/\/aquabellis.pl\/index.php\/o-firmie\/wladze-spolki\/\">\n\t\t\t\t\t\t\t\t\t\t\t\t\t\t\t\t\t<em class=\"tf_box\"\n\t\t\t\t\t\t\t\t\t\t\t\t style=\"background-color:#02a8f3;color:#ffffff\"\t\t\t\t\t><svg  class=\"tf_fa tf-fas-chevron-right\" xmlns:xlink=\"http:\/\/www.w3.org\/1999\/xlink\" aria-hidden=\"true\"><use href=\"#tf-fas-chevron-right\" xlink:href=\"#tf-fas-chevron-right\"><\/use><\/svg><\/em>\n\t\t\t\t\t\t\t\t\t\t\t\t\t\t\t\t<\/a>\n\t\t\t\t\t<\/div>\n\t<\/div>\n<!-- \/module icon -->\n        <\/div>\n                    <div  data-lazy=\"1\" class=\"module_column sub_column col4-1 tb_duh6422\">\n                    <!-- module text -->\n<div  class=\"module module-text tb_3as6422   \" data-lazy=\"1\">\n        <div  class=\"tb_text_wrap\">\n        <h5 style=\"text-align: center;\"><a href=\"https:\/\/test1.nowakowskiprojekt.kylos.pl\/o-firmie\/historia\/\" data-wplink-edit=\"true\">Historia<\/a><\/h5>    <\/div>\n<\/div>\n<!-- \/module text --><!-- module icon -->\n<div  class=\"module module-icon tb_xdnk827    icon_horizontal \" data-lazy=\"1\">\n\t\t\t<div class=\"module-icon-item\">\n\t\t\t\t\t\t\t<a href=\"https:\/\/aquabellis.pl\/index.php\/o-firmie\/historia\/\">\n\t\t\t\t\t\t\t\t\t\t\t\t\t\t\t\t\t<em class=\"tf_box\"\n\t\t\t\t\t\t\t\t\t\t\t\t style=\"background-color:#02a8f3;color:#ffffff\"\t\t\t\t\t><svg  class=\"tf_fa tf-fas-chevron-right\" xmlns:xlink=\"http:\/\/www.w3.org\/1999\/xlink\" aria-hidden=\"true\"><use href=\"#tf-fas-chevron-right\" xlink:href=\"#tf-fas-chevron-right\"><\/use><\/svg><\/em>\n\t\t\t\t\t\t\t\t\t\t\t\t\t\t\t\t<\/a>\n\t\t\t\t\t<\/div>\n\t<\/div>\n<!-- \/module icon -->\n        <\/div>\n                    <div  data-lazy=\"1\" class=\"module_column sub_column col3-1 tb_1j3c265 last\">\n                    <!-- module text -->\n<div  class=\"module module-text tb_rtrb265   \" data-lazy=\"1\">\n        <div  class=\"tb_text_wrap\">\n        <h5 style=\"text-align: center;\"><a href=\"https:\/\/aquabellis.pl\/index.php\/o-firmie\/kariera\/\">Kariera<\/a><\/h5>    <\/div>\n<\/div>\n<!-- \/module text --><!-- module icon -->\n<div  class=\"module module-icon tb_bpr8603    icon_horizontal \" data-lazy=\"1\">\n\t\t\t<div class=\"module-icon-item\">\n\t\t\t\t\t\t\t<a href=\"https:\/\/aquabellis.pl\/index.php\/o-firmie\/kariera\/\">\n\t\t\t\t\t\t\t\t\t\t\t\t\t\t\t\t\t<em class=\"tf_box\"\n\t\t\t\t\t\t\t\t\t\t\t\t style=\"background-color:#02a8f3;color:#ffffff\"\t\t\t\t\t><svg  class=\"tf_fa tf-fas-chevron-right\" xmlns:xlink=\"http:\/\/www.w3.org\/1999\/xlink\" aria-hidden=\"true\"><use href=\"#tf-fas-chevron-right\" xlink:href=\"#tf-fas-chevron-right\"><\/use><\/svg><\/em>\n\t\t\t\t\t\t\t\t\t\t\t\t\t\t\t\t<\/a>\n\t\t\t\t\t<\/div>\n\t<\/div>\n<!-- \/module icon -->\n        <\/div>\n                    <\/div>\n                <div  data-lazy=\"1\" class=\"module_subrow themify_builder_sub_row tf_w col_align_top tb_col_count_3 tb_d4gs697\">\n                <div  data-lazy=\"1\" class=\"module_column sub_column col4-1 tb_7d12793 first\">\n                    <!-- module text -->\n<div  class=\"module module-text tb_ed1y793   \" data-lazy=\"1\">\n        <div  class=\"tb_text_wrap\">\n        <h5 style=\"text-align: center;\"><a href=\"https:\/\/aquabellis.pl\/index.php\/o-firmie\/uzdatnianie-wody\/\">Uzdatnianie wody<\/a><\/h5>    <\/div>\n<\/div>\n<!-- \/module text --><!-- module icon -->\n<div  class=\"module module-icon tb_iuqt131    icon_horizontal \" data-lazy=\"1\">\n\t\t\t<div class=\"module-icon-item\">\n\t\t\t\t\t\t\t<a href=\"https:\/\/aquabellis.pl\/index.php\/o-firmie\/uzdatnianie-wody\/\">\n\t\t\t\t\t\t\t\t\t\t\t\t\t\t\t\t\t<em class=\"tf_box\"\n\t\t\t\t\t\t\t\t\t\t\t\t style=\"background-color:#02a8f3;color:#ffffff\"\t\t\t\t\t><svg  class=\"tf_fa tf-fas-chevron-right\" xmlns:xlink=\"http:\/\/www.w3.org\/1999\/xlink\" aria-hidden=\"true\"><use href=\"#tf-fas-chevron-right\" xlink:href=\"#tf-fas-chevron-right\"><\/use><\/svg><\/em>\n\t\t\t\t\t\t\t\t\t\t\t\t\t\t\t\t<\/a>\n\t\t\t\t\t<\/div>\n\t<\/div>\n<!-- \/module icon -->\n        <\/div>\n                    <div  data-lazy=\"1\" class=\"module_column sub_column col3-1 tb_njol889\">\n                    <!-- module text -->\n<div  class=\"module module-text tb_qoen889   \" data-lazy=\"1\">\n        <div  class=\"tb_text_wrap\">\n        <h5 style=\"text-align: center;\"><a href=\"https:\/\/aquabellis.pl\/index.php\/o-firmie\/oczyszczalnia-sciekow\/\">Oczyszczalnia \u015bciek\u00f3w<\/a><\/h5>    <\/div>\n<\/div>\n<!-- \/module text --><!-- module icon -->\n<div  class=\"module module-icon tb_kk09595    icon_horizontal \" data-lazy=\"1\">\n\t\t\t<div class=\"module-icon-item\">\n\t\t\t\t\t\t\t<a href=\"https:\/\/aquabellis.pl\/index.php\/o-firmie\/oczyszczalnia-sciekow\/\">\n\t\t\t\t\t\t\t\t\t\t\t\t\t\t\t\t\t<em class=\"tf_box\"\n\t\t\t\t\t\t\t\t\t\t\t\t style=\"background-color:#02a8f3;color:#ffffff\"\t\t\t\t\t><svg  class=\"tf_fa tf-fas-chevron-right\" xmlns:xlink=\"http:\/\/www.w3.org\/1999\/xlink\" aria-hidden=\"true\"><use href=\"#tf-fas-chevron-right\" xlink:href=\"#tf-fas-chevron-right\"><\/use><\/svg><\/em>\n\t\t\t\t\t\t\t\t\t\t\t\t\t\t\t\t<\/a>\n\t\t\t\t\t<\/div>\n\t<\/div>\n<!-- \/module icon -->\n        <\/div>\n                    <div  data-lazy=\"1\" class=\"module_column sub_column col3-1 tb_g2bi529 last\">\n                    <!-- module text -->\n<div  class=\"module module-text tb_q25j529   \" data-lazy=\"1\">\n        <div  class=\"tb_text_wrap\">\n        <h5 style=\"text-align: center;\"><a href=\"https:\/\/aquabellis.pl\/index.php\/o-firmie\/cieplownictwo\/\">Ciep\u0142ownictwo<\/a><\/h5>    <\/div>\n<\/div>\n<!-- \/module text --><!-- module icon -->\n<div  class=\"module module-icon tb_eoc4643    icon_horizontal \" data-lazy=\"1\">\n\t\t\t<div class=\"module-icon-item\">\n\t\t\t\t\t\t\t<a href=\"https:\/\/aquabellis.pl\/index.php\/o-firmie\/cieplownictwo\/\">\n\t\t\t\t\t\t\t\t\t\t\t\t\t\t\t\t\t<em class=\"tf_box\"\n\t\t\t\t\t\t\t\t\t\t\t\t style=\"background-color:#02a8f3;color:#ffffff\"\t\t\t\t\t><svg  class=\"tf_fa tf-fas-chevron-right\" xmlns:xlink=\"http:\/\/www.w3.org\/1999\/xlink\" aria-hidden=\"true\"><use href=\"#tf-fas-chevron-right\" xlink:href=\"#tf-fas-chevron-right\"><\/use><\/svg><\/em>\n\t\t\t\t\t\t\t\t\t\t\t\t\t\t\t\t<\/a>\n\t\t\t\t\t<\/div>\n\t<\/div>\n<!-- \/module icon -->\n        <\/div>\n                    <\/div>\n                <\/div>\n                        <\/div>\n        <\/div>\n        <\/div>\n<!--\/themify_builder_content-->","protected":false},"excerpt":{"rendered":"<p>O firmie<\/p>\n","protected":false},"author":2,"featured_media":0,"parent":0,"menu_order":0,"comment_status":"closed","ping_status":"closed","template":"","meta":{"inline_featured_image":false,"footnotes":""},"class_list":["post-4015","page","type-page","status-publish","hentry","has-post-title","has-post-date","has-post-category","has-post-tag","has-post-comment","has-post-author",""],"yoast_head":"<!-- This site is optimized with the Yoast SEO plugin v27.0 - https:\/\/yoast.com\/product\/yoast-seo-wordpress\/ -->\n<title>O firmie - AQUABELLIS.PL<\/title>\n<meta name=\"robots\" content=\"index, follow, max-snippet:-1, max-image-preview:large, max-video-preview:-1\" \/>\n<link rel=\"canonical\" href=\"https:\/\/aquabellis.pl\/index.php\/o-firmie\/\" \/>\n<meta property=\"og:locale\" content=\"pl_PL\" \/>\n<meta property=\"og:type\" content=\"article\" \/>\n<meta property=\"og:title\" content=\"O firmie - AQUABELLIS.PL\" \/>\n<meta property=\"og:description\" content=\"O firmie\" \/>\n<meta property=\"og:url\" content=\"https:\/\/aquabellis.pl\/index.php\/o-firmie\/\" \/>\n<meta property=\"og:site_name\" content=\"AQUABELLIS.PL\" \/>\n<meta property=\"article:modified_time\" content=\"2026-02-25T09:36:02+00:00\" \/>\n<meta property=\"og:image\" content=\"https:\/\/aquabellis.pl\/wp-content\/uploads\/2026\/02\/O-firmie-ikona.png\" \/>\n\t<meta property=\"og:image:width\" content=\"250\" \/>\n\t<meta property=\"og:image:height\" content=\"250\" \/>\n\t<meta property=\"og:image:type\" content=\"image\/png\" \/>\n<meta name=\"twitter:card\" content=\"summary_large_image\" \/>\n<meta name=\"twitter:label1\" content=\"Szacowany czas czytania\" \/>\n\t<meta name=\"twitter:data1\" content=\"1 minuta\" \/>\n<script type=\"application\/ld+json\" class=\"yoast-schema-graph\">{\"@context\":\"https:\/\/schema.org\",\"@graph\":[{\"@type\":\"WebPage\",\"@id\":\"https:\/\/aquabellis.pl\/index.php\/o-firmie\/\",\"url\":\"https:\/\/aquabellis.pl\/index.php\/o-firmie\/\",\"name\":\"O firmie - AQUABELLIS.PL\",\"isPartOf\":{\"@id\":\"https:\/\/aquabellis.pl\/#website\"},\"primaryImageOfPage\":{\"@id\":\"https:\/\/aquabellis.pl\/index.php\/o-firmie\/#primaryimage\"},\"image\":{\"@id\":\"https:\/\/aquabellis.pl\/index.php\/o-firmie\/#primaryimage\"},\"thumbnailUrl\":\"https:\/\/aquabellis.pl\/wp-content\/uploads\/2026\/02\/O-firmie-ikona-90x90.png\",\"datePublished\":\"2025-05-19T15:12:04+00:00\",\"dateModified\":\"2026-02-25T09:36:02+00:00\",\"breadcrumb\":{\"@id\":\"https:\/\/aquabellis.pl\/index.php\/o-firmie\/#breadcrumb\"},\"inLanguage\":\"pl-PL\",\"potentialAction\":[{\"@type\":\"ReadAction\",\"target\":[\"https:\/\/aquabellis.pl\/index.php\/o-firmie\/\"]}]},{\"@type\":\"ImageObject\",\"inLanguage\":\"pl-PL\",\"@id\":\"https:\/\/aquabellis.pl\/index.php\/o-firmie\/#primaryimage\",\"url\":\"https:\/\/aquabellis.pl\/wp-content\/uploads\/2026\/02\/O-firmie-ikona.png\",\"contentUrl\":\"https:\/\/aquabellis.pl\/wp-content\/uploads\/2026\/02\/O-firmie-ikona.png\",\"width\":250,\"height\":250},{\"@type\":\"BreadcrumbList\",\"@id\":\"https:\/\/aquabellis.pl\/index.php\/o-firmie\/#breadcrumb\",\"itemListElement\":[{\"@type\":\"ListItem\",\"position\":1,\"name\":\"Strona g\u0142\u00f3wna\",\"item\":\"https:\/\/aquabellis.pl\/\"},{\"@type\":\"ListItem\",\"position\":2,\"name\":\"O firmie\"}]},{\"@type\":\"WebSite\",\"@id\":\"https:\/\/aquabellis.pl\/#website\",\"url\":\"https:\/\/aquabellis.pl\/\",\"name\":\"AQUABELLIS.PL\",\"description\":\"Sp\u00f3\u0142ka z o. o. Rogo\u017ano WLKP\",\"potentialAction\":[{\"@type\":\"SearchAction\",\"target\":{\"@type\":\"EntryPoint\",\"urlTemplate\":\"https:\/\/aquabellis.pl\/?s={search_term_string}\"},\"query-input\":{\"@type\":\"PropertyValueSpecification\",\"valueRequired\":true,\"valueName\":\"search_term_string\"}}],\"inLanguage\":\"pl-PL\"}]}<\/script>\n<!-- \/ Yoast SEO plugin. -->","yoast_head_json":{"title":"O firmie - AQUABELLIS.PL","robots":{"index":"index","follow":"follow","max-snippet":"max-snippet:-1","max-image-preview":"max-image-preview:large","max-video-preview":"max-video-preview:-1"},"canonical":"https:\/\/aquabellis.pl\/index.php\/o-firmie\/","og_locale":"pl_PL","og_type":"article","og_title":"O firmie - AQUABELLIS.PL","og_description":"O firmie","og_url":"https:\/\/aquabellis.pl\/index.php\/o-firmie\/","og_site_name":"AQUABELLIS.PL","article_modified_time":"2026-02-25T09:36:02+00:00","og_image":[{"width":250,"height":250,"url":"https:\/\/aquabellis.pl\/wp-content\/uploads\/2026\/02\/O-firmie-ikona.png","type":"image\/png"}],"twitter_card":"summary_large_image","twitter_misc":{"Szacowany czas czytania":"1 minuta"},"schema":{"@context":"https:\/\/schema.org","@graph":[{"@type":"WebPage","@id":"https:\/\/aquabellis.pl\/index.php\/o-firmie\/","url":"https:\/\/aquabellis.pl\/index.php\/o-firmie\/","name":"O firmie - AQUABELLIS.PL","isPartOf":{"@id":"https:\/\/aquabellis.pl\/#website"},"primaryImageOfPage":{"@id":"https:\/\/aquabellis.pl\/index.php\/o-firmie\/#primaryimage"},"image":{"@id":"https:\/\/aquabellis.pl\/index.php\/o-firmie\/#primaryimage"},"thumbnailUrl":"https:\/\/aquabellis.pl\/wp-content\/uploads\/2026\/02\/O-firmie-ikona-90x90.png","datePublished":"2025-05-19T15:12:04+00:00","dateModified":"2026-02-25T09:36:02+00:00","breadcrumb":{"@id":"https:\/\/aquabellis.pl\/index.php\/o-firmie\/#breadcrumb"},"inLanguage":"pl-PL","potentialAction":[{"@type":"ReadAction","target":["https:\/\/aquabellis.pl\/index.php\/o-firmie\/"]}]},{"@type":"ImageObject","inLanguage":"pl-PL","@id":"https:\/\/aquabellis.pl\/index.php\/o-firmie\/#primaryimage","url":"https:\/\/aquabellis.pl\/wp-content\/uploads\/2026\/02\/O-firmie-ikona.png","contentUrl":"https:\/\/aquabellis.pl\/wp-content\/uploads\/2026\/02\/O-firmie-ikona.png","width":250,"height":250},{"@type":"BreadcrumbList","@id":"https:\/\/aquabellis.pl\/index.php\/o-firmie\/#breadcrumb","itemListElement":[{"@type":"ListItem","position":1,"name":"Strona g\u0142\u00f3wna","item":"https:\/\/aquabellis.pl\/"},{"@type":"ListItem","position":2,"name":"O firmie"}]},{"@type":"WebSite","@id":"https:\/\/aquabellis.pl\/#website","url":"https:\/\/aquabellis.pl\/","name":"AQUABELLIS.PL","description":"Sp\u00f3\u0142ka z o. o. Rogo\u017ano WLKP","potentialAction":[{"@type":"SearchAction","target":{"@type":"EntryPoint","urlTemplate":"https:\/\/aquabellis.pl\/?s={search_term_string}"},"query-input":{"@type":"PropertyValueSpecification","valueRequired":true,"valueName":"search_term_string"}}],"inLanguage":"pl-PL"}]}},"_links":{"self":[{"href":"https:\/\/aquabellis.pl\/index.php\/wp-json\/wp\/v2\/pages\/4015","targetHints":{"allow":["GET"]}}],"collection":[{"href":"https:\/\/aquabellis.pl\/index.php\/wp-json\/wp\/v2\/pages"}],"about":[{"href":"https:\/\/aquabellis.pl\/index.php\/wp-json\/wp\/v2\/types\/page"}],"author":[{"embeddable":true,"href":"https:\/\/aquabellis.pl\/index.php\/wp-json\/wp\/v2\/users\/2"}],"replies":[{"embeddable":true,"href":"https:\/\/aquabellis.pl\/index.php\/wp-json\/wp\/v2\/comments?post=4015"}],"version-history":[{"count":14,"href":"https:\/\/aquabellis.pl\/index.php\/wp-json\/wp\/v2\/pages\/4015\/revisions"}],"predecessor-version":[{"id":5226,"href":"https:\/\/aquabellis.pl\/index.php\/wp-json\/wp\/v2\/pages\/4015\/revisions\/5226"}],"wp:attachment":[{"href":"https:\/\/aquabellis.pl\/index.php\/wp-json\/wp\/v2\/media?parent=4015"}],"curies":[{"name":"wp","href":"https:\/\/api.w.org\/{rel}","templated":true}]}}