{"id":3521,"date":"2024-09-26T07:23:28","date_gmt":"2024-09-26T05:23:28","guid":{"rendered":"https:\/\/test1.nowakowskiprojekt.kylos.pl\/?page_id=3521"},"modified":"2024-09-26T07:23:28","modified_gmt":"2024-09-26T05:23:28","slug":"sygnalisci","status":"publish","type":"page","link":"https:\/\/aquabellis.pl\/index.php\/sygnalisci\/","title":{"rendered":"Sygnali\u015bci"},"content":{"rendered":"<p>W Aquabellis Sp. z o.o. wprowadzono na podstawie Zarz\u0105dzenia Prezesa Zarz\u0105du Nr 4\/2024 z dnia 25.09.2024 r. w sprawie wprowadzenia procedury zg\u0142aszania nieprawid\u0142owo\u015bci i ochrony sygnalist\u00f3w w Aquabellis Sp. z o.o. Procedur\u0119 zg\u0142aszania nieprawid\u0142owo\u015bci i ochrony sygnalist\u00f3w.<\/p>\n<p>Plik do pobrania:<br \/>\n<a href=\"https:\/\/aquabellis.pl\/wp-content\/uploads\/2024\/09\/Procedura-zglaszania-naruszen-i-ochrony-sygnalistow-w-Aquabellis-Sp.-z-o.o.pdf\">Procedura zg\u0142aszania narusze\u0144 i ochrony sygnalist\u00f3w w Aquabellis Sp. z o.o.<\/a><\/p>\n","protected":false},"excerpt":{"rendered":"<p>W Aquabellis Sp. z o.o. wprowadzono na podstawie Zarz\u0105dzenia Prezesa Zarz\u0105du Nr 4\/2024 z dnia 25.09.2024 r. w sprawie wprowadzenia procedury zg\u0142aszania nieprawid\u0142owo\u015bci i ochrony sygnalist\u00f3w w Aquabellis Sp. z o.o. Procedur\u0119 zg\u0142aszania nieprawid\u0142owo\u015bci i ochrony sygnalist\u00f3w. Plik do pobrania: Procedura zg\u0142aszania narusze\u0144 i ochrony sygnalist\u00f3w w Aquabellis Sp. z o.o.<\/p>\n","protected":false},"author":2,"featured_media":0,"parent":0,"menu_order":0,"comment_status":"closed","ping_status":"closed","template":"","meta":{"inline_featured_image":false,"footnotes":""},"class_list":["post-3521","page","type-page","status-publish","hentry","has-post-title","has-post-date","has-post-category","has-post-tag","has-post-comment","has-post-author",""],"yoast_head":"<!-- This site is optimized with the Yoast SEO plugin v27.0 - https:\/\/yoast.com\/product\/yoast-seo-wordpress\/ -->\n<title>Sygnali\u015bci - AQUABELLIS.PL<\/title>\n<meta name=\"robots\" content=\"index, follow, max-snippet:-1, max-image-preview:large, max-video-preview:-1\" \/>\n<link rel=\"canonical\" href=\"https:\/\/aquabellis.pl\/index.php\/sygnalisci\/\" \/>\n<meta property=\"og:locale\" content=\"pl_PL\" \/>\n<meta property=\"og:type\" content=\"article\" \/>\n<meta property=\"og:title\" content=\"Sygnali\u015bci - AQUABELLIS.PL\" \/>\n<meta property=\"og:description\" content=\"W Aquabellis Sp. z o.o. wprowadzono na podstawie Zarz\u0105dzenia Prezesa Zarz\u0105du Nr 4\/2024 z dnia 25.09.2024 r. w sprawie wprowadzenia procedury zg\u0142aszania nieprawid\u0142owo\u015bci i ochrony sygnalist\u00f3w w Aquabellis Sp. z o.o. Procedur\u0119 zg\u0142aszania nieprawid\u0142owo\u015bci i ochrony sygnalist\u00f3w. Plik do pobrania: Procedura zg\u0142aszania narusze\u0144 i ochrony sygnalist\u00f3w w Aquabellis Sp. z o.o.\" \/>\n<meta property=\"og:url\" content=\"https:\/\/aquabellis.pl\/index.php\/sygnalisci\/\" \/>\n<meta property=\"og:site_name\" content=\"AQUABELLIS.PL\" \/>\n<meta name=\"twitter:card\" content=\"summary_large_image\" \/>\n<script type=\"application\/ld+json\" class=\"yoast-schema-graph\">{\"@context\":\"https:\/\/schema.org\",\"@graph\":[{\"@type\":\"WebPage\",\"@id\":\"https:\/\/aquabellis.pl\/index.php\/sygnalisci\/\",\"url\":\"https:\/\/aquabellis.pl\/index.php\/sygnalisci\/\",\"name\":\"Sygnali\u015bci - AQUABELLIS.PL\",\"isPartOf\":{\"@id\":\"https:\/\/aquabellis.pl\/#website\"},\"datePublished\":\"2024-09-26T05:23:28+00:00\",\"breadcrumb\":{\"@id\":\"https:\/\/aquabellis.pl\/index.php\/sygnalisci\/#breadcrumb\"},\"inLanguage\":\"pl-PL\",\"potentialAction\":[{\"@type\":\"ReadAction\",\"target\":[\"https:\/\/aquabellis.pl\/index.php\/sygnalisci\/\"]}]},{\"@type\":\"BreadcrumbList\",\"@id\":\"https:\/\/aquabellis.pl\/index.php\/sygnalisci\/#breadcrumb\",\"itemListElement\":[{\"@type\":\"ListItem\",\"position\":1,\"name\":\"Strona g\u0142\u00f3wna\",\"item\":\"https:\/\/aquabellis.pl\/\"},{\"@type\":\"ListItem\",\"position\":2,\"name\":\"Sygnali\u015bci\"}]},{\"@type\":\"WebSite\",\"@id\":\"https:\/\/aquabellis.pl\/#website\",\"url\":\"https:\/\/aquabellis.pl\/\",\"name\":\"AQUABELLIS.PL\",\"description\":\"Sp\u00f3\u0142ka z o. o. Rogo\u017ano WLKP\",\"potentialAction\":[{\"@type\":\"SearchAction\",\"target\":{\"@type\":\"EntryPoint\",\"urlTemplate\":\"https:\/\/aquabellis.pl\/?s={search_term_string}\"},\"query-input\":{\"@type\":\"PropertyValueSpecification\",\"valueRequired\":true,\"valueName\":\"search_term_string\"}}],\"inLanguage\":\"pl-PL\"}]}<\/script>\n<!-- \/ Yoast SEO plugin. -->","yoast_head_json":{"title":"Sygnali\u015bci - AQUABELLIS.PL","robots":{"index":"index","follow":"follow","max-snippet":"max-snippet:-1","max-image-preview":"max-image-preview:large","max-video-preview":"max-video-preview:-1"},"canonical":"https:\/\/aquabellis.pl\/index.php\/sygnalisci\/","og_locale":"pl_PL","og_type":"article","og_title":"Sygnali\u015bci - AQUABELLIS.PL","og_description":"W Aquabellis Sp. z o.o. wprowadzono na podstawie Zarz\u0105dzenia Prezesa Zarz\u0105du Nr 4\/2024 z dnia 25.09.2024 r. w sprawie wprowadzenia procedury zg\u0142aszania nieprawid\u0142owo\u015bci i ochrony sygnalist\u00f3w w Aquabellis Sp. z o.o. Procedur\u0119 zg\u0142aszania nieprawid\u0142owo\u015bci i ochrony sygnalist\u00f3w. Plik do pobrania: Procedura zg\u0142aszania narusze\u0144 i ochrony sygnalist\u00f3w w Aquabellis Sp. z o.o.","og_url":"https:\/\/aquabellis.pl\/index.php\/sygnalisci\/","og_site_name":"AQUABELLIS.PL","twitter_card":"summary_large_image","schema":{"@context":"https:\/\/schema.org","@graph":[{"@type":"WebPage","@id":"https:\/\/aquabellis.pl\/index.php\/sygnalisci\/","url":"https:\/\/aquabellis.pl\/index.php\/sygnalisci\/","name":"Sygnali\u015bci - AQUABELLIS.PL","isPartOf":{"@id":"https:\/\/aquabellis.pl\/#website"},"datePublished":"2024-09-26T05:23:28+00:00","breadcrumb":{"@id":"https:\/\/aquabellis.pl\/index.php\/sygnalisci\/#breadcrumb"},"inLanguage":"pl-PL","potentialAction":[{"@type":"ReadAction","target":["https:\/\/aquabellis.pl\/index.php\/sygnalisci\/"]}]},{"@type":"BreadcrumbList","@id":"https:\/\/aquabellis.pl\/index.php\/sygnalisci\/#breadcrumb","itemListElement":[{"@type":"ListItem","position":1,"name":"Strona g\u0142\u00f3wna","item":"https:\/\/aquabellis.pl\/"},{"@type":"ListItem","position":2,"name":"Sygnali\u015bci"}]},{"@type":"WebSite","@id":"https:\/\/aquabellis.pl\/#website","url":"https:\/\/aquabellis.pl\/","name":"AQUABELLIS.PL","description":"Sp\u00f3\u0142ka z o. o. Rogo\u017ano WLKP","potentialAction":[{"@type":"SearchAction","target":{"@type":"EntryPoint","urlTemplate":"https:\/\/aquabellis.pl\/?s={search_term_string}"},"query-input":{"@type":"PropertyValueSpecification","valueRequired":true,"valueName":"search_term_string"}}],"inLanguage":"pl-PL"}]}},"_links":{"self":[{"href":"https:\/\/aquabellis.pl\/index.php\/wp-json\/wp\/v2\/pages\/3521","targetHints":{"allow":["GET"]}}],"collection":[{"href":"https:\/\/aquabellis.pl\/index.php\/wp-json\/wp\/v2\/pages"}],"about":[{"href":"https:\/\/aquabellis.pl\/index.php\/wp-json\/wp\/v2\/types\/page"}],"author":[{"embeddable":true,"href":"https:\/\/aquabellis.pl\/index.php\/wp-json\/wp\/v2\/users\/2"}],"replies":[{"embeddable":true,"href":"https:\/\/aquabellis.pl\/index.php\/wp-json\/wp\/v2\/comments?post=3521"}],"version-history":[{"count":0,"href":"https:\/\/aquabellis.pl\/index.php\/wp-json\/wp\/v2\/pages\/3521\/revisions"}],"wp:attachment":[{"href":"https:\/\/aquabellis.pl\/index.php\/wp-json\/wp\/v2\/media?parent=3521"}],"curies":[{"name":"wp","href":"https:\/\/api.w.org\/{rel}","templated":true}]}}