{"id":3201,"date":"2024-04-10T10:29:56","date_gmt":"2024-04-10T08:29:56","guid":{"rendered":"https:\/\/test1.nowakowskiprojekt.kylos.pl\/?page_id=3201"},"modified":"2024-04-10T10:29:56","modified_gmt":"2024-04-10T08:29:56","slug":"projekt-poprawa-warunkow-bezpieczenstwa-pracy-w-aquabellis-sp-z-o-o","status":"publish","type":"page","link":"https:\/\/aquabellis.pl\/index.php\/projekt-poprawa-warunkow-bezpieczenstwa-pracy-w-aquabellis-sp-z-o-o\/","title":{"rendered":"Projekt &#8222;Poprawa Warunk\u00f3w Bezpiecze\u0144stwa Pracy w Aquabellis Sp. z o. o."},"content":{"rendered":"<p><img loading=\"lazy\" decoding=\"async\" width=\"300\" height=\"100\" src=\"https:\/\/aquabellis.pl\/wp-content\/uploads\/2024\/04\/znaki_strona_www-300x100.png\" alt=\"\" srcset=\"https:\/\/test1.nowakowskiprojekt.kylos.pl\/wp-content\/uploads\/2024\/04\/znaki_strona_www-300x100.png 300w, https:\/\/test1.nowakowskiprojekt.kylos.pl\/wp-content\/uploads\/2024\/04\/znaki_strona_www-1024x341.png 1024w, https:\/\/test1.nowakowskiprojekt.kylos.pl\/wp-content\/uploads\/2024\/04\/znaki_strona_www-768x256.png 768w, https:\/\/test1.nowakowskiprojekt.kylos.pl\/wp-content\/uploads\/2024\/04\/znaki_strona_www-1536x511.png 1536w, https:\/\/test1.nowakowskiprojekt.kylos.pl\/wp-content\/uploads\/2024\/04\/znaki_strona_www.png 1751w\" sizes=\"auto, (max-width: 300px) 100vw, 300px\" \/>\t\t\t\t\t\t\t\t\t\t\t\t\t\t\t<\/p>\n<p>\u201eAQUABELLIS\u201d Sp. z o.o. zrealizowa\u0142a projekt pod nazw\u0105 \u201ePOPRAWA WARUNK\u00d3W BEZPIECZE\u0143STWA PRACY W \u201eAQUABELLIS\u201d SP. Z O.O.\u201d dofinansowany przez Fundusz Ubezpiecze\u0144 Spo\u0142ecznych.<\/p>\n<p>Celem dzia\u0142ania jest poprawa warunk\u00f3w bezpiecze\u0144stwa pracy na stanowisku Monter \u2013 Konserwator Wodno-Kanalizacyjny przy pracach w wykopach g\u0142\u0119bszych ni\u017c 1 m, poprzez zakup aluminiowych obud\u00f3w do wykop\u00f3w, co pozwoli na utrzymanie zdolno\u015bci do pracy pracownik\u00f3w przez ca\u0142y okres ich aktywno\u015bci zawodowej.<\/p>\n<p>Dofinansowanie: 59 320,00 z\u0142<br \/>Ca\u0142kowita warto\u015b\u0107: 74 160,00 z\u0142<\/p>\n","protected":false},"excerpt":{"rendered":"<p>\u201eAQUABELLIS\u201d Sp. z o.o. zrealizowa\u0142a projekt pod nazw\u0105 \u201ePOPRAWA WARUNK\u00d3W BEZPIECZE\u0143STWA PRACY W \u201eAQUABELLIS\u201d SP. Z O.O.\u201d dofinansowany przez Fundusz Ubezpiecze\u0144 Spo\u0142ecznych. Celem dzia\u0142ania jest poprawa warunk\u00f3w bezpiecze\u0144stwa pracy na stanowisku Monter \u2013 Konserwator Wodno-Kanalizacyjny przy pracach w wykopach g\u0142\u0119bszych ni\u017c 1 m, poprzez zakup aluminiowych obud\u00f3w do wykop\u00f3w, co pozwoli na utrzymanie zdolno\u015bci do [&hellip;]<\/p>\n","protected":false},"author":2,"featured_media":0,"parent":0,"menu_order":0,"comment_status":"closed","ping_status":"closed","template":"","meta":{"inline_featured_image":false,"footnotes":""},"class_list":["post-3201","page","type-page","status-publish","hentry","has-post-title","has-post-date","has-post-category","has-post-tag","has-post-comment","has-post-author",""],"yoast_head":"<!-- This site is optimized with the Yoast SEO plugin v27.0 - https:\/\/yoast.com\/product\/yoast-seo-wordpress\/ -->\n<title>Projekt &quot;Poprawa Warunk\u00f3w Bezpiecze\u0144stwa Pracy w Aquabellis Sp. z o. o. - AQUABELLIS.PL<\/title>\n<meta name=\"robots\" content=\"index, follow, max-snippet:-1, max-image-preview:large, max-video-preview:-1\" \/>\n<link rel=\"canonical\" href=\"https:\/\/aquabellis.pl\/index.php\/projekt-poprawa-warunkow-bezpieczenstwa-pracy-w-aquabellis-sp-z-o-o\/\" \/>\n<meta property=\"og:locale\" content=\"pl_PL\" \/>\n<meta property=\"og:type\" content=\"article\" \/>\n<meta property=\"og:title\" content=\"Projekt &quot;Poprawa Warunk\u00f3w Bezpiecze\u0144stwa Pracy w Aquabellis Sp. z o. o. - AQUABELLIS.PL\" \/>\n<meta property=\"og:description\" content=\"\u201eAQUABELLIS\u201d Sp. z o.o. zrealizowa\u0142a projekt pod nazw\u0105 \u201ePOPRAWA WARUNK\u00d3W BEZPIECZE\u0143STWA PRACY W \u201eAQUABELLIS\u201d SP. Z O.O.\u201d dofinansowany przez Fundusz Ubezpiecze\u0144 Spo\u0142ecznych. Celem dzia\u0142ania jest poprawa warunk\u00f3w bezpiecze\u0144stwa pracy na stanowisku Monter \u2013 Konserwator Wodno-Kanalizacyjny przy pracach w wykopach g\u0142\u0119bszych ni\u017c 1 m, poprzez zakup aluminiowych obud\u00f3w do wykop\u00f3w, co pozwoli na utrzymanie zdolno\u015bci do [&hellip;]\" \/>\n<meta property=\"og:url\" content=\"https:\/\/aquabellis.pl\/index.php\/projekt-poprawa-warunkow-bezpieczenstwa-pracy-w-aquabellis-sp-z-o-o\/\" \/>\n<meta property=\"og:site_name\" content=\"AQUABELLIS.PL\" \/>\n<meta property=\"og:image\" content=\"https:\/\/aquabellis.pl\/wp-content\/uploads\/2024\/04\/znaki_strona_www-300x100.png\" \/>\n<meta name=\"twitter:card\" content=\"summary_large_image\" \/>\n<script type=\"application\/ld+json\" class=\"yoast-schema-graph\">{\"@context\":\"https:\/\/schema.org\",\"@graph\":[{\"@type\":\"WebPage\",\"@id\":\"https:\/\/aquabellis.pl\/index.php\/projekt-poprawa-warunkow-bezpieczenstwa-pracy-w-aquabellis-sp-z-o-o\/\",\"url\":\"https:\/\/aquabellis.pl\/index.php\/projekt-poprawa-warunkow-bezpieczenstwa-pracy-w-aquabellis-sp-z-o-o\/\",\"name\":\"Projekt \\\"Poprawa Warunk\u00f3w Bezpiecze\u0144stwa Pracy w Aquabellis Sp. z o. o. - AQUABELLIS.PL\",\"isPartOf\":{\"@id\":\"https:\/\/aquabellis.pl\/#website\"},\"primaryImageOfPage\":{\"@id\":\"https:\/\/aquabellis.pl\/index.php\/projekt-poprawa-warunkow-bezpieczenstwa-pracy-w-aquabellis-sp-z-o-o\/#primaryimage\"},\"image\":{\"@id\":\"https:\/\/aquabellis.pl\/index.php\/projekt-poprawa-warunkow-bezpieczenstwa-pracy-w-aquabellis-sp-z-o-o\/#primaryimage\"},\"thumbnailUrl\":\"https:\/\/aquabellis.pl\/wp-content\/uploads\/2024\/04\/znaki_strona_www-300x100.png\",\"datePublished\":\"2024-04-10T08:29:56+00:00\",\"breadcrumb\":{\"@id\":\"https:\/\/aquabellis.pl\/index.php\/projekt-poprawa-warunkow-bezpieczenstwa-pracy-w-aquabellis-sp-z-o-o\/#breadcrumb\"},\"inLanguage\":\"pl-PL\",\"potentialAction\":[{\"@type\":\"ReadAction\",\"target\":[\"https:\/\/aquabellis.pl\/index.php\/projekt-poprawa-warunkow-bezpieczenstwa-pracy-w-aquabellis-sp-z-o-o\/\"]}]},{\"@type\":\"ImageObject\",\"inLanguage\":\"pl-PL\",\"@id\":\"https:\/\/aquabellis.pl\/index.php\/projekt-poprawa-warunkow-bezpieczenstwa-pracy-w-aquabellis-sp-z-o-o\/#primaryimage\",\"url\":\"https:\/\/aquabellis.pl\/wp-content\/uploads\/2024\/04\/znaki_strona_www.png\",\"contentUrl\":\"https:\/\/aquabellis.pl\/wp-content\/uploads\/2024\/04\/znaki_strona_www.png\",\"width\":1751,\"height\":583},{\"@type\":\"BreadcrumbList\",\"@id\":\"https:\/\/aquabellis.pl\/index.php\/projekt-poprawa-warunkow-bezpieczenstwa-pracy-w-aquabellis-sp-z-o-o\/#breadcrumb\",\"itemListElement\":[{\"@type\":\"ListItem\",\"position\":1,\"name\":\"Strona g\u0142\u00f3wna\",\"item\":\"https:\/\/aquabellis.pl\/\"},{\"@type\":\"ListItem\",\"position\":2,\"name\":\"Projekt &#8220;Poprawa Warunk\u00f3w Bezpiecze\u0144stwa Pracy w Aquabellis Sp. z o. o.\"}]},{\"@type\":\"WebSite\",\"@id\":\"https:\/\/aquabellis.pl\/#website\",\"url\":\"https:\/\/aquabellis.pl\/\",\"name\":\"AQUABELLIS.PL\",\"description\":\"Sp\u00f3\u0142ka z o. o. Rogo\u017ano WLKP\",\"potentialAction\":[{\"@type\":\"SearchAction\",\"target\":{\"@type\":\"EntryPoint\",\"urlTemplate\":\"https:\/\/aquabellis.pl\/?s={search_term_string}\"},\"query-input\":{\"@type\":\"PropertyValueSpecification\",\"valueRequired\":true,\"valueName\":\"search_term_string\"}}],\"inLanguage\":\"pl-PL\"}]}<\/script>\n<!-- \/ Yoast SEO plugin. -->","yoast_head_json":{"title":"Projekt \"Poprawa Warunk\u00f3w Bezpiecze\u0144stwa Pracy w Aquabellis Sp. z o. o. - AQUABELLIS.PL","robots":{"index":"index","follow":"follow","max-snippet":"max-snippet:-1","max-image-preview":"max-image-preview:large","max-video-preview":"max-video-preview:-1"},"canonical":"https:\/\/aquabellis.pl\/index.php\/projekt-poprawa-warunkow-bezpieczenstwa-pracy-w-aquabellis-sp-z-o-o\/","og_locale":"pl_PL","og_type":"article","og_title":"Projekt \"Poprawa Warunk\u00f3w Bezpiecze\u0144stwa Pracy w Aquabellis Sp. z o. o. - AQUABELLIS.PL","og_description":"\u201eAQUABELLIS\u201d Sp. z o.o. zrealizowa\u0142a projekt pod nazw\u0105 \u201ePOPRAWA WARUNK\u00d3W BEZPIECZE\u0143STWA PRACY W \u201eAQUABELLIS\u201d SP. Z O.O.\u201d dofinansowany przez Fundusz Ubezpiecze\u0144 Spo\u0142ecznych. Celem dzia\u0142ania jest poprawa warunk\u00f3w bezpiecze\u0144stwa pracy na stanowisku Monter \u2013 Konserwator Wodno-Kanalizacyjny przy pracach w wykopach g\u0142\u0119bszych ni\u017c 1 m, poprzez zakup aluminiowych obud\u00f3w do wykop\u00f3w, co pozwoli na utrzymanie zdolno\u015bci do [&hellip;]","og_url":"https:\/\/aquabellis.pl\/index.php\/projekt-poprawa-warunkow-bezpieczenstwa-pracy-w-aquabellis-sp-z-o-o\/","og_site_name":"AQUABELLIS.PL","og_image":[{"url":"https:\/\/aquabellis.pl\/wp-content\/uploads\/2024\/04\/znaki_strona_www-300x100.png","type":"","width":"","height":""}],"twitter_card":"summary_large_image","schema":{"@context":"https:\/\/schema.org","@graph":[{"@type":"WebPage","@id":"https:\/\/aquabellis.pl\/index.php\/projekt-poprawa-warunkow-bezpieczenstwa-pracy-w-aquabellis-sp-z-o-o\/","url":"https:\/\/aquabellis.pl\/index.php\/projekt-poprawa-warunkow-bezpieczenstwa-pracy-w-aquabellis-sp-z-o-o\/","name":"Projekt \"Poprawa Warunk\u00f3w Bezpiecze\u0144stwa Pracy w Aquabellis Sp. z o. o. - AQUABELLIS.PL","isPartOf":{"@id":"https:\/\/aquabellis.pl\/#website"},"primaryImageOfPage":{"@id":"https:\/\/aquabellis.pl\/index.php\/projekt-poprawa-warunkow-bezpieczenstwa-pracy-w-aquabellis-sp-z-o-o\/#primaryimage"},"image":{"@id":"https:\/\/aquabellis.pl\/index.php\/projekt-poprawa-warunkow-bezpieczenstwa-pracy-w-aquabellis-sp-z-o-o\/#primaryimage"},"thumbnailUrl":"https:\/\/aquabellis.pl\/wp-content\/uploads\/2024\/04\/znaki_strona_www-300x100.png","datePublished":"2024-04-10T08:29:56+00:00","breadcrumb":{"@id":"https:\/\/aquabellis.pl\/index.php\/projekt-poprawa-warunkow-bezpieczenstwa-pracy-w-aquabellis-sp-z-o-o\/#breadcrumb"},"inLanguage":"pl-PL","potentialAction":[{"@type":"ReadAction","target":["https:\/\/aquabellis.pl\/index.php\/projekt-poprawa-warunkow-bezpieczenstwa-pracy-w-aquabellis-sp-z-o-o\/"]}]},{"@type":"ImageObject","inLanguage":"pl-PL","@id":"https:\/\/aquabellis.pl\/index.php\/projekt-poprawa-warunkow-bezpieczenstwa-pracy-w-aquabellis-sp-z-o-o\/#primaryimage","url":"https:\/\/aquabellis.pl\/wp-content\/uploads\/2024\/04\/znaki_strona_www.png","contentUrl":"https:\/\/aquabellis.pl\/wp-content\/uploads\/2024\/04\/znaki_strona_www.png","width":1751,"height":583},{"@type":"BreadcrumbList","@id":"https:\/\/aquabellis.pl\/index.php\/projekt-poprawa-warunkow-bezpieczenstwa-pracy-w-aquabellis-sp-z-o-o\/#breadcrumb","itemListElement":[{"@type":"ListItem","position":1,"name":"Strona g\u0142\u00f3wna","item":"https:\/\/aquabellis.pl\/"},{"@type":"ListItem","position":2,"name":"Projekt &#8220;Poprawa Warunk\u00f3w Bezpiecze\u0144stwa Pracy w Aquabellis Sp. z o. o."}]},{"@type":"WebSite","@id":"https:\/\/aquabellis.pl\/#website","url":"https:\/\/aquabellis.pl\/","name":"AQUABELLIS.PL","description":"Sp\u00f3\u0142ka z o. o. Rogo\u017ano WLKP","potentialAction":[{"@type":"SearchAction","target":{"@type":"EntryPoint","urlTemplate":"https:\/\/aquabellis.pl\/?s={search_term_string}"},"query-input":{"@type":"PropertyValueSpecification","valueRequired":true,"valueName":"search_term_string"}}],"inLanguage":"pl-PL"}]}},"_links":{"self":[{"href":"https:\/\/aquabellis.pl\/index.php\/wp-json\/wp\/v2\/pages\/3201","targetHints":{"allow":["GET"]}}],"collection":[{"href":"https:\/\/aquabellis.pl\/index.php\/wp-json\/wp\/v2\/pages"}],"about":[{"href":"https:\/\/aquabellis.pl\/index.php\/wp-json\/wp\/v2\/types\/page"}],"author":[{"embeddable":true,"href":"https:\/\/aquabellis.pl\/index.php\/wp-json\/wp\/v2\/users\/2"}],"replies":[{"embeddable":true,"href":"https:\/\/aquabellis.pl\/index.php\/wp-json\/wp\/v2\/comments?post=3201"}],"version-history":[{"count":0,"href":"https:\/\/aquabellis.pl\/index.php\/wp-json\/wp\/v2\/pages\/3201\/revisions"}],"wp:attachment":[{"href":"https:\/\/aquabellis.pl\/index.php\/wp-json\/wp\/v2\/media?parent=3201"}],"curies":[{"name":"wp","href":"https:\/\/api.w.org\/{rel}","templated":true}]}}