{"id":3098,"date":"2024-02-09T11:07:21","date_gmt":"2024-02-09T10:07:21","guid":{"rendered":"https:\/\/test1.nowakowskiprojekt.kylos.pl\/?page_id=3098"},"modified":"2026-03-02T11:29:36","modified_gmt":"2026-03-02T10:29:36","slug":"taryfa-dla-zbiorowego-zaopatrzenie-w-wode-i-zbiorowego-odbioru-sciekow","status":"publish","type":"page","link":"https:\/\/aquabellis.pl\/index.php\/taryfy-cennik\/taryfa-dla-zbiorowego-zaopatrzenie-w-wode-i-zbiorowego-odbioru-sciekow\/","title":{"rendered":"Taryfa dla zbiorowego zaopatrzenie w wod\u0119 i zbiorowego odbioru \u015bciek\u00f3w"},"content":{"rendered":"<!--themify_builder_content-->\n<div id=\"themify_builder_content-3098\" data-postid=\"3098\" class=\"themify_builder_content themify_builder_content-3098 themify_builder tf_clear\">\n                    <div  data-lazy=\"1\" class=\"module_row themify_builder_row tb_vw7r429 tb_first tf_w\">\n                        <div class=\"row_inner col_align_top tb_col_count_1 tf_box tf_rel\">\n                        <div  data-lazy=\"1\" class=\"module_column tb-column col-full tb_pnzy429 first\">\n                    <!-- module text -->\n<div  class=\"module module-text tb_0vux429   \" data-lazy=\"1\">\n        <div  class=\"tb_text_wrap\">\n        <h1>Taryfa dla zbiorowego zaopatrzenie w wod\u0119 i zbiorowego odbioru \u015bciek\u00f3w<\/h1>    <\/div>\n<\/div>\n<!-- \/module text --><!-- module text -->\n<div  class=\"module module-text tb_bufu429   \" data-lazy=\"1\">\n        <div  class=\"tb_text_wrap\">\n        <span><span><a href=\"https:\/\/aquabellis.pl\/\">Strona g\u0142\u00f3wna<\/a><\/span><\/span>    <\/div>\n<\/div>\n<!-- \/module text -->        <\/div>\n                        <\/div>\n        <\/div>\n                        <div  data-lazy=\"1\" class=\"module_row themify_builder_row tb_bciw519 tf_w\">\n                        <div class=\"row_inner col_align_top tb_col_count_1 tf_box tf_rel\">\n                        <div  data-lazy=\"1\" class=\"module_column tb-column col-full tb_r62f519 first\">\n                            <div  data-lazy=\"1\" class=\"module_subrow themify_builder_sub_row tf_w col_align_top tb_col_count_1 tb_ta4a519\">\n                <div  data-lazy=\"1\" class=\"module_column sub_column col-full tb_9adn519 first\">\n                    <!-- module text -->\n<div  class=\"module module-text tb_ez3u519   \" data-lazy=\"1\">\n        <div  class=\"tb_text_wrap\">\n        <h3>1. Aktualna Taryfa dla zbiorowego zaopatrzenia w wod\u0119 i zbiorowego odprowadzania \u015bciek\u00f3w obowi\u0105zuj\u0105ca na terenie miasta i gminy Rogo\u017ano od 10 lutego 2024 roku na okres 3 lat.<\/h3>\n<p>Aquabellis Sp\u00f3\u0142ka z ograniczon\u0105 odpowiedzialno\u015bci\u0105 informuje, \u017ce w dniu 02 lutego 2024 roku na stronie Biuletynu Informacji Publicznej Pa\u0144stwowego Gospodarstwa Wodnego Wody Polskie zosta\u0142a og\u0142oszona Decyzja nr PO.RZT.70.53.2023\/D2\/FK, wydana w dniu 26 stycznia 2024 roku przez Dyrektora Regionalnego Zarz\u0105du Gospodarki Wodnej w Poznaniu Pa\u0144stwowego Gospodarstwa Wodnego Wody Polskie, zatwierdzaj\u0105ca taryf\u0119 dla zbiorowego zaopatrzenia w wod\u0119 i zbiorowego odprowadzania \u015bciek\u00f3w na terenie miasta i gminy Rogo\u017ano na okres 3 lat.<\/p>    <\/div>\n<\/div>\n<!-- \/module text -->        <div  data-lazy=\"1\" class=\"module_subrow themify_builder_sub_row tf_w col_align_top tb_col_count_1 tb_15ux519\">\n                <div  data-lazy=\"1\" class=\"module_column sub_column col-full tb_djup519 first\">\n                    <!-- module text -->\n<div  class=\"module module-text tb_jkbf519   \" data-lazy=\"1\">\n        <div  class=\"tb_text_wrap\">\n        <h3 style=\"text-align: center;\">Do pobrania<\/h3>    <\/div>\n<\/div>\n<!-- \/module text -->        <\/div>\n                    <\/div>\n                <div  data-lazy=\"1\" class=\"module_subrow themify_builder_sub_row tf_w col_align_middle tb_col_count_2 tb_ubzf519\">\n                <div  data-lazy=\"1\" class=\"module_column sub_column col4-2 tb_l9si519 first\">\n                    <!-- module text -->\n<div  class=\"module module-text tb_ft4l519   \" data-lazy=\"1\">\n        <div  class=\"tb_text_wrap\">\n        <p>Decyzja nr PO.RZT.70.53.2023\/D2\/FK<\/p>    <\/div>\n<\/div>\n<!-- \/module text -->        <\/div>\n                    <div  data-lazy=\"1\" class=\"module_column sub_column col4-2 tb_5k76519 last\">\n                    <!-- module buttons -->\n<div  class=\"module module-buttons tb_xx24519 buttons-horizontal transparent   rounded\" data-lazy=\"1\">\n        <div class=\"module-buttons-item tf_in_flx\">\n                        <a href=\"https:\/\/aquabellis.pl\/wp-content\/uploads\/2026\/03\/Decyzja-nr-PO.RZT_.70.53.2023.D2.FK_.pdf\" class=\"ui builder_button tf_in_flx tb_default_color\" download>\n                                    <em><svg  class=\"tf_fa tf-ti-download\" xmlns:xlink=\"http:\/\/www.w3.org\/1999\/xlink\" aria-hidden=\"true\"><use href=\"#tf-ti-download\" xlink:href=\"#tf-ti-download\"><\/use><\/svg><\/em>                                        Pobierz PDF                                        <\/a>\n                <\/div>\n            <\/div>\n<!-- \/module buttons -->\n        <\/div>\n                    <\/div>\n                <div  data-lazy=\"1\" class=\"module_subrow themify_builder_sub_row tf_w col_align_middle tb_col_count_2 tb_hdwt519\">\n                <div  data-lazy=\"1\" class=\"module_column sub_column col4-2 tb_az07519 first\">\n                    <!-- module text -->\n<div  class=\"module module-text tb_37bx519   \" data-lazy=\"1\">\n        <div  class=\"tb_text_wrap\">\n        <p>Za\u0142\u0105cznik do decyzji nr PO.RZT.70.53.2023\/D2\/FK<\/p>    <\/div>\n<\/div>\n<!-- \/module text -->        <\/div>\n                    <div  data-lazy=\"1\" class=\"module_column sub_column col4-2 tb_wz7e519 last\">\n                    <!-- module buttons -->\n<div  class=\"module module-buttons tb_fzzj519 buttons-horizontal transparent   rounded\" data-lazy=\"1\">\n        <div class=\"module-buttons-item tf_in_flx\">\n                        <a href=\"https:\/\/aquabellis.pl\/wp-content\/uploads\/2026\/03\/Zalacznik-do-PO.RZT_.70.53.2023_D2_FK-1.pdf\" class=\"ui builder_button tf_in_flx tb_default_color\" download>\n                                    <em><svg  class=\"tf_fa tf-ti-download\" xmlns:xlink=\"http:\/\/www.w3.org\/1999\/xlink\" aria-hidden=\"true\"><use href=\"#tf-ti-download\" xlink:href=\"#tf-ti-download\"><\/use><\/svg><\/em>                                        Pobierz PDF                                        <\/a>\n                <\/div>\n            <\/div>\n<!-- \/module buttons -->\n        <\/div>\n                    <\/div>\n                <\/div>\n                    <\/div>\n                <\/div>\n                        <\/div>\n        <\/div>\n        <\/div>\n<!--\/themify_builder_content-->","protected":false},"excerpt":{"rendered":"<p>Taryfa dla zbiorowego zaopatrzenie w wod\u0119 i zbiorowego odbioru \u015bciek\u00f3w<\/p>\n","protected":false},"author":2,"featured_media":0,"parent":4983,"menu_order":0,"comment_status":"closed","ping_status":"closed","template":"","meta":{"inline_featured_image":false,"footnotes":""},"class_list":["post-3098","page","type-page","status-publish","hentry","has-post-title","has-post-date","has-post-category","has-post-tag","has-post-comment","has-post-author",""],"yoast_head":"<!-- This site is optimized with the Yoast SEO plugin v27.0 - https:\/\/yoast.com\/product\/yoast-seo-wordpress\/ -->\n<title>Taryfa dla zbiorowego zaopatrzenie w wod\u0119 i zbiorowego odbioru \u015bciek\u00f3w - AQUABELLIS.PL<\/title>\n<meta name=\"robots\" content=\"index, follow, max-snippet:-1, max-image-preview:large, max-video-preview:-1\" \/>\n<link rel=\"canonical\" href=\"https:\/\/aquabellis.pl\/index.php\/taryfy-cennik\/taryfa-dla-zbiorowego-zaopatrzenie-w-wode-i-zbiorowego-odbioru-sciekow\/\" \/>\n<meta property=\"og:locale\" content=\"pl_PL\" \/>\n<meta property=\"og:type\" content=\"article\" \/>\n<meta property=\"og:title\" content=\"Taryfa dla zbiorowego zaopatrzenie w wod\u0119 i zbiorowego odbioru \u015bciek\u00f3w - AQUABELLIS.PL\" \/>\n<meta property=\"og:description\" content=\"Taryfa dla zbiorowego zaopatrzenie w wod\u0119 i zbiorowego odbioru \u015bciek\u00f3w\" \/>\n<meta property=\"og:url\" content=\"https:\/\/aquabellis.pl\/index.php\/taryfy-cennik\/taryfa-dla-zbiorowego-zaopatrzenie-w-wode-i-zbiorowego-odbioru-sciekow\/\" \/>\n<meta property=\"og:site_name\" content=\"AQUABELLIS.PL\" \/>\n<meta property=\"article:modified_time\" content=\"2026-03-02T10:29:36+00:00\" \/>\n<meta name=\"twitter:card\" content=\"summary_large_image\" \/>\n<meta name=\"twitter:label1\" content=\"Szacowany czas czytania\" \/>\n\t<meta name=\"twitter:data1\" content=\"2 minuty\" \/>\n<script type=\"application\/ld+json\" class=\"yoast-schema-graph\">{\"@context\":\"https:\/\/schema.org\",\"@graph\":[{\"@type\":\"WebPage\",\"@id\":\"https:\/\/aquabellis.pl\/index.php\/taryfy-cennik\/taryfa-dla-zbiorowego-zaopatrzenie-w-wode-i-zbiorowego-odbioru-sciekow\/\",\"url\":\"https:\/\/aquabellis.pl\/index.php\/taryfy-cennik\/taryfa-dla-zbiorowego-zaopatrzenie-w-wode-i-zbiorowego-odbioru-sciekow\/\",\"name\":\"Taryfa dla zbiorowego zaopatrzenie w wod\u0119 i zbiorowego odbioru \u015bciek\u00f3w - AQUABELLIS.PL\",\"isPartOf\":{\"@id\":\"https:\/\/aquabellis.pl\/#website\"},\"datePublished\":\"2024-02-09T10:07:21+00:00\",\"dateModified\":\"2026-03-02T10:29:36+00:00\",\"breadcrumb\":{\"@id\":\"https:\/\/aquabellis.pl\/index.php\/taryfy-cennik\/taryfa-dla-zbiorowego-zaopatrzenie-w-wode-i-zbiorowego-odbioru-sciekow\/#breadcrumb\"},\"inLanguage\":\"pl-PL\",\"potentialAction\":[{\"@type\":\"ReadAction\",\"target\":[\"https:\/\/aquabellis.pl\/index.php\/taryfy-cennik\/taryfa-dla-zbiorowego-zaopatrzenie-w-wode-i-zbiorowego-odbioru-sciekow\/\"]}]},{\"@type\":\"BreadcrumbList\",\"@id\":\"https:\/\/aquabellis.pl\/index.php\/taryfy-cennik\/taryfa-dla-zbiorowego-zaopatrzenie-w-wode-i-zbiorowego-odbioru-sciekow\/#breadcrumb\",\"itemListElement\":[{\"@type\":\"ListItem\",\"position\":1,\"name\":\"Strona g\u0142\u00f3wna\",\"item\":\"https:\/\/aquabellis.pl\/\"},{\"@type\":\"ListItem\",\"position\":2,\"name\":\"Taryfy \/ Cennik\",\"item\":\"https:\/\/aquabellis.pl\/index.php\/taryfy-cennik\/\"},{\"@type\":\"ListItem\",\"position\":3,\"name\":\"Taryfa dla zbiorowego zaopatrzenie w wod\u0119 i zbiorowego odbioru \u015bciek\u00f3w\"}]},{\"@type\":\"WebSite\",\"@id\":\"https:\/\/aquabellis.pl\/#website\",\"url\":\"https:\/\/aquabellis.pl\/\",\"name\":\"AQUABELLIS.PL\",\"description\":\"Sp\u00f3\u0142ka z o. o. Rogo\u017ano WLKP\",\"potentialAction\":[{\"@type\":\"SearchAction\",\"target\":{\"@type\":\"EntryPoint\",\"urlTemplate\":\"https:\/\/aquabellis.pl\/?s={search_term_string}\"},\"query-input\":{\"@type\":\"PropertyValueSpecification\",\"valueRequired\":true,\"valueName\":\"search_term_string\"}}],\"inLanguage\":\"pl-PL\"}]}<\/script>\n<!-- \/ Yoast SEO plugin. -->","yoast_head_json":{"title":"Taryfa dla zbiorowego zaopatrzenie w wod\u0119 i zbiorowego odbioru \u015bciek\u00f3w - AQUABELLIS.PL","robots":{"index":"index","follow":"follow","max-snippet":"max-snippet:-1","max-image-preview":"max-image-preview:large","max-video-preview":"max-video-preview:-1"},"canonical":"https:\/\/aquabellis.pl\/index.php\/taryfy-cennik\/taryfa-dla-zbiorowego-zaopatrzenie-w-wode-i-zbiorowego-odbioru-sciekow\/","og_locale":"pl_PL","og_type":"article","og_title":"Taryfa dla zbiorowego zaopatrzenie w wod\u0119 i zbiorowego odbioru \u015bciek\u00f3w - AQUABELLIS.PL","og_description":"Taryfa dla zbiorowego zaopatrzenie w wod\u0119 i zbiorowego odbioru \u015bciek\u00f3w","og_url":"https:\/\/aquabellis.pl\/index.php\/taryfy-cennik\/taryfa-dla-zbiorowego-zaopatrzenie-w-wode-i-zbiorowego-odbioru-sciekow\/","og_site_name":"AQUABELLIS.PL","article_modified_time":"2026-03-02T10:29:36+00:00","twitter_card":"summary_large_image","twitter_misc":{"Szacowany czas czytania":"2 minuty"},"schema":{"@context":"https:\/\/schema.org","@graph":[{"@type":"WebPage","@id":"https:\/\/aquabellis.pl\/index.php\/taryfy-cennik\/taryfa-dla-zbiorowego-zaopatrzenie-w-wode-i-zbiorowego-odbioru-sciekow\/","url":"https:\/\/aquabellis.pl\/index.php\/taryfy-cennik\/taryfa-dla-zbiorowego-zaopatrzenie-w-wode-i-zbiorowego-odbioru-sciekow\/","name":"Taryfa dla zbiorowego zaopatrzenie w wod\u0119 i zbiorowego odbioru \u015bciek\u00f3w - AQUABELLIS.PL","isPartOf":{"@id":"https:\/\/aquabellis.pl\/#website"},"datePublished":"2024-02-09T10:07:21+00:00","dateModified":"2026-03-02T10:29:36+00:00","breadcrumb":{"@id":"https:\/\/aquabellis.pl\/index.php\/taryfy-cennik\/taryfa-dla-zbiorowego-zaopatrzenie-w-wode-i-zbiorowego-odbioru-sciekow\/#breadcrumb"},"inLanguage":"pl-PL","potentialAction":[{"@type":"ReadAction","target":["https:\/\/aquabellis.pl\/index.php\/taryfy-cennik\/taryfa-dla-zbiorowego-zaopatrzenie-w-wode-i-zbiorowego-odbioru-sciekow\/"]}]},{"@type":"BreadcrumbList","@id":"https:\/\/aquabellis.pl\/index.php\/taryfy-cennik\/taryfa-dla-zbiorowego-zaopatrzenie-w-wode-i-zbiorowego-odbioru-sciekow\/#breadcrumb","itemListElement":[{"@type":"ListItem","position":1,"name":"Strona g\u0142\u00f3wna","item":"https:\/\/aquabellis.pl\/"},{"@type":"ListItem","position":2,"name":"Taryfy \/ Cennik","item":"https:\/\/aquabellis.pl\/index.php\/taryfy-cennik\/"},{"@type":"ListItem","position":3,"name":"Taryfa dla zbiorowego zaopatrzenie w wod\u0119 i zbiorowego odbioru \u015bciek\u00f3w"}]},{"@type":"WebSite","@id":"https:\/\/aquabellis.pl\/#website","url":"https:\/\/aquabellis.pl\/","name":"AQUABELLIS.PL","description":"Sp\u00f3\u0142ka z o. o. Rogo\u017ano WLKP","potentialAction":[{"@type":"SearchAction","target":{"@type":"EntryPoint","urlTemplate":"https:\/\/aquabellis.pl\/?s={search_term_string}"},"query-input":{"@type":"PropertyValueSpecification","valueRequired":true,"valueName":"search_term_string"}}],"inLanguage":"pl-PL"}]}},"_links":{"self":[{"href":"https:\/\/aquabellis.pl\/index.php\/wp-json\/wp\/v2\/pages\/3098","targetHints":{"allow":["GET"]}}],"collection":[{"href":"https:\/\/aquabellis.pl\/index.php\/wp-json\/wp\/v2\/pages"}],"about":[{"href":"https:\/\/aquabellis.pl\/index.php\/wp-json\/wp\/v2\/types\/page"}],"author":[{"embeddable":true,"href":"https:\/\/aquabellis.pl\/index.php\/wp-json\/wp\/v2\/users\/2"}],"replies":[{"embeddable":true,"href":"https:\/\/aquabellis.pl\/index.php\/wp-json\/wp\/v2\/comments?post=3098"}],"version-history":[{"count":3,"href":"https:\/\/aquabellis.pl\/index.php\/wp-json\/wp\/v2\/pages\/3098\/revisions"}],"predecessor-version":[{"id":5263,"href":"https:\/\/aquabellis.pl\/index.php\/wp-json\/wp\/v2\/pages\/3098\/revisions\/5263"}],"up":[{"embeddable":true,"href":"https:\/\/aquabellis.pl\/index.php\/wp-json\/wp\/v2\/pages\/4983"}],"wp:attachment":[{"href":"https:\/\/aquabellis.pl\/index.php\/wp-json\/wp\/v2\/media?parent=3098"}],"curies":[{"name":"wp","href":"https:\/\/api.w.org\/{rel}","templated":true}]}}