{"id":1846,"date":"2021-12-16T10:56:36","date_gmt":"2021-12-16T10:56:36","guid":{"rendered":"https:\/\/it24webcloud.pl\/?page_id=1846"},"modified":"2021-12-16T10:56:36","modified_gmt":"2021-12-16T10:56:36","slug":"zamow-wywoz-nieczystosci-plynnych","status":"publish","type":"page","link":"https:\/\/aquabellis.pl\/index.php\/zamow-wywoz-nieczystosci-plynnych\/","title":{"rendered":"Zam\u00f3w wyw\u00f3z nieczysto\u015bci p\u0142ynnych"},"content":{"rendered":"<h1>Zam\u00f3w wyw\u00f3z nieczysto\u015bci p\u0142ynnych<\/h1>\n<form data-form_id=\"16\" id=\"fluentform_16\" data-form_instance=\"ff_form_instance_16_1\" method=\"POST\" data-recptcha_key=\"6LftMkEdAAAAAN_lxAODQzstlilhYMJflp7jxgnJ\" ><input type='hidden' name='__fluent_form_embded_post_id' value='1846' \/><input type=\"hidden\" id=\"_fluentform_16_fluentformnonce\" name=\"_fluentform_16_fluentformnonce\" value=\"7b2ef9ff25\" \/><input type=\"hidden\" name=\"_wp_http_referer\" value=\"\/wp-admin\/admin-ajax.php\" \/><label for='ff_16_names_1_first_name_'>Imi\u0119<\/label> <input type=\"text\" name=\"names_1[first_name]\" id=\"ff_16_names_1_first_name_\" ><label for='ff_16_names_1_last_name_'>Nazwisko<\/label> <input type=\"text\" name=\"names_1[last_name]\" id=\"ff_16_names_1_last_name_\" ><label>Adres<\/label><label for='ff_16_address_3_address_line_1_'>Ulica<\/label> <input type=\"text\" name=\"address_3[address_line_1]\" id=\"ff_16_address_3_address_line_1_\" data-key_name=\"address_line_1\" ><label for='ff_16_address_3_address_line_2_'>Nr domu (mieszkania)<\/label> <input type=\"text\" name=\"address_3[address_line_2]\" id=\"ff_16_address_3_address_line_2_\" placeholder=\"np.: 74, 59\/1\" data-key_name=\"address_line_2\" ><label for='ff_16_address_3_city_'>Miejscowo\u015b\u0107<\/label> <input type=\"text\" name=\"address_3[city]\" id=\"ff_16_address_3_city_\" data-key_name=\"city\" ><label for='ff_16_address_3_zip_'>Kod pocztowy<\/label> <input type=\"text\" name=\"address_3[zip]\" id=\"ff_16_address_3_zip_\" placeholder=\"np: 64 - 610\" data-key_name=\"zip\" ><label>Adres do korespondecji (je\u017celi inny ni\u017c powy\u017cszy)<\/label><label for='ff_16_address_2_address_line_1_'>Ulica<\/label> <input type=\"text\" name=\"address_2[address_line_1]\" id=\"ff_16_address_2_address_line_1_\" data-key_name=\"address_line_1\" ><label for='ff_16_address_2_address_line_2_'>Nr domu (mieszkania)<\/label> <input type=\"text\" name=\"address_2[address_line_2]\" id=\"ff_16_address_2_address_line_2_\" data-key_name=\"address_line_2\" ><label for='ff_16_address_2_city_'>Miejscowo\u015b\u0107<\/label> <input type=\"text\" name=\"address_2[city]\" id=\"ff_16_address_2_city_\" data-key_name=\"city\" ><label for='ff_16_address_2_zip_'>Kod pocztowy<\/label> <input type=\"text\" name=\"address_2[zip]\" id=\"ff_16_address_2_zip_\" data-key_name=\"zip\" ><label for='ff_16_input_text'>PESEL<\/label> <input type=\"text\" name=\"input_text\" placeholder=\"Pesel sk\u0142ada si\u0119 z 11 cyfr\" maxlength=\"11\" data-name=\"input_text\" id=\"ff_16_input_text\" ><label for='ff_16_phone'>Telefon kontaktowy<\/label> <input name=\"phone\" type=\"tel\" placeholder=\"Numer telefonu np 695828333\" data-name=\"phone\" id=\"ff_16_phone\" inputmode=\"tel\" ><label for='ff_16_email'>Email<\/label> <input type=\"email\" name=\"email\" id=\"ff_16_email\" data-name=\"email\" ><label for='ff_16_input_text_1'>Dane pe\u0142nomocnika (je\u017celi dotyczy)<\/label> <input type=\"text\" name=\"input_text_1\" data-name=\"input_text_1\" id=\"ff_16_input_text_1\" ><\/p>\n<p style=\"font-family: Arial; font-size: 15px;\">Prosz\u0119 o wykonanie us\u0142ugi wywozu nieczysto\u015bci p\u0142ynnych z nieruchomo\u015bci:<\/p>\n<p><label for='ff_16_input_text_8'>Miejscowo\u015b\u0107<\/label> <input type=\"text\" name=\"input_text_8\" data-name=\"input_text_8\" id=\"ff_16_input_text_8\" ><label for='ff_16_input_text_9'>Kod pocztowy<\/label> <input type=\"text\" name=\"input_text_9\" data-name=\"input_text_9\" id=\"ff_16_input_text_9\" ><label for='ff_16_input_text_10'>Ulica i numer<\/label> <input type=\"text\" name=\"input_text_10\" data-name=\"input_text_10\" id=\"ff_16_input_text_10\" ><label for='ff_16_datetime'>Data <\/label> <input data-type-datepicker data-format='d.m.Y' type=\"text\" name=\"datetime\" id=\"ff_16_datetime\" placeholder=\"dd.mm.rrrr\" data-name=\"datetime\" ><label for='ff_16_datetime_1'>Godzina us\u0142ugi<\/label> <input data-type-datepicker data-format='H:i' type=\"text\" name=\"datetime_1\" id=\"ff_16_datetime_1\" placeholder=\"gg:mm\" data-name=\"datetime_1\" ><label for='ff_16_description'>Informacje dodatkowe<\/label> <textarea name=\"description\" id=\"ff_16_description\" rows=\"3\" cols=\"2\" data-name=\"description\" ><\/textarea><\/p>\n<ol>\n<li>Zgodnie z art. 13 i 14 RODO Administratorem Pana\/i danych osobowych jest \u201cAQUABELLIS\u201d Sp. z o.o. z siedzib\u0105 na ul. Lipowa 55 w 64-610 Rogo\u017anie. Wpisana do S\u0105d Rejonowy Pozna\u0144 Nowe Miasto i Wilda w Poznaniu IX Wydzia\u0142 Gospodarczy Krajowego Rejestru S\u0105dowego Nr KRS: 0000116527 NIP: 766-000-65-44<\/li>\n<li>W Sp\u00f3\u0142ce zosta\u0142 powo\u0142any Inspektor Ochrony Danych \u2013 Katarzyna Zasieczna, z kt\u00f3rym mo\u017cna si\u0119 kontaktowa\u0107: \u2013 pisemnie na adres: ul. Lipowa 55, 64-610 Rogo\u017ano, lub iodo@test1.nowakowskiprojekt.kylos.pl<\/li>\n<li>\u201cAQUABELLIS\u201d Sp zo.o. przed rozpocz\u0119ciem czynno\u015bci przetwarzania danych osobowych ka\u017cdorazowo identyfikuje cel i podstaw\u0119 prawn\u0105 do ich przetwarzania. Pa\u0144stwa dane osobowe przetwarzane s\u0105:\n<ul>\n<li>ze wzgl\u0119du na realizacj\u0119 umowy, kt\u00f3ra wi\u0105\u017ce Pa\u0144stwa z Administratorem, lub dzia\u0142ania niezb\u0119dne do jej zawarcia (art. 6 ust. 1 lit. b),<\/li>\n<li>ze wzgl\u0119du na wymagania prawne, do kt\u00f3rych przestrzegania zobligowany jest Administrator (art. 6 ust. 1 lit. c),<\/li>\n<li>na podstawie uzyskanej od Pa\u0144stwa zgody (art. 6 ust. 1 lit. a), oraz gdy<\/li>\n<li>ich przetwarzanie jest niezb\u0119dne do cel\u00f3w wynikaj\u0105cych z prawnie uzasadnionych interes\u00f3w realizowanych przez administratora lub przez stron\u0119 trzeci\u0105 (art. 6 ust. 1 lit. f)<\/li>\n<\/ul>\n<\/li>\n<li>Podanie przez Pana\/i\u0105 danych osobowych jest dobrowolne, niemniej jednak, jest ono warunkiem koniecznym w celu zawarcia i\/lub realizacji umowy oraz \u015bwiadczenia us\u0142ug.<\/li>\n<li>\u201cAQUABELLIS\u201d Sp. z o.o. b\u0119dzie przechowywa\u0142 Pa\u0144stwa dane przez okres wykonywania umowy oraz przez okres konieczny w celu ustalenia, dochodzenia lub obrony roszcze\u0144, lub w celu ochrony praw innej osoby fizycznej lub prawnej, lub z uwagi na obowi\u0105zek przechowania danych wynikaj\u0105cy z przepis\u00f3w prawa, lub inne wa\u017cne wzgl\u0119dy interesu publicznego<\/li>\n<li>Pana\/i dane osobowe mog\u0105 zosta\u0107 powierzone nast\u0119puj\u0105cym podmiotom:\n<ul>\n<li>dostawcom system\u00f3w IT, z kt\u00f3rymi wsp\u00f3\u0142pracuje Administrator, w celu utrzymania ci\u0105g\u0142o\u015bci oraz poprawno\u015bci dzia\u0142ania system\u00f3w;<\/li>\n<li>podmiotom prowadz\u0105cym dzia\u0142alno\u015b\u0107 pocztow\u0105 lub kuriersk\u0105, w celu dostarczenia korespondencji;<\/li>\n<li>podmiotom upowa\u017cnionym z mocy prawa na udokumentowany wniosek.<\/li>\n<\/ul>\n<\/li>\n<li>Posiada Pan\/i prawo dost\u0119pu do tre\u015bci swoich danych osobowych oraz prawo do ich sprostowania, usuni\u0119cia, ograniczenia przetwarzania, prawo do przenoszenia swoich danych oraz prawo do wniesienia sprzeciwu. W przypadku, z\u0142o\u017cenia przez Pa\u0144stwa zapytania (wniosku) w sprawach wymienionych w poprzednim zdaniu jego rozpatrzeniem zajmie si\u0119 Inspektor Ochrony Danych, kt\u00f3ry do\u0142o\u017cy stara\u0144, aby rozpatrze\u0107 go niezw\u0142ocznie. Je\u017celi jednak realizacja przedmiotowego wniosku b\u0119dzie trwa\u0142a d\u0142u\u017cej ni\u017c miesi\u0105c poinformujemy Pana\/\u0105 o przed\u0142u\u017ceniu terminu<\/li>\n<li>Przys\u0142uguje Panu\/i r\u00f3wnie\u017c prawo wniesienia skargi do organu nadzorczego, kt\u00f3ry jest Prezes Urz\u0119du Ochrony Danych Osobowych.<\/li>\n<\/ol>\n<p><button type=\"submit\" >WY\u015aLIJ WNIOSEK<\/button><\/form>\n","protected":false},"excerpt":{"rendered":"<p>Zam\u00f3w wyw\u00f3z nieczysto\u015bci p\u0142ynnych Imi\u0119 Nazwisko AdresUlica Nr domu (mieszkania) Miejscowo\u015b\u0107 Kod pocztowy Adres do korespondecji (je\u017celi inny ni\u017c powy\u017cszy)Ulica Nr domu (mieszkania) Miejscowo\u015b\u0107 Kod pocztowy PESEL Telefon kontaktowy Email Dane pe\u0142nomocnika (je\u017celi dotyczy) Prosz\u0119 o wykonanie us\u0142ugi wywozu nieczysto\u015bci p\u0142ynnych z nieruchomo\u015bci: Miejscowo\u015b\u0107 Kod pocztowy Ulica i numer Data Godzina us\u0142ugi Informacje dodatkowe Zgodnie [&hellip;]<\/p>\n","protected":false},"author":2,"featured_media":0,"parent":0,"menu_order":0,"comment_status":"closed","ping_status":"closed","template":"","meta":{"inline_featured_image":false,"footnotes":""},"class_list":["post-1846","page","type-page","status-publish","hentry","has-post-title","has-post-date","has-post-category","has-post-tag","has-post-comment","has-post-author",""],"yoast_head":"<!-- This site is optimized with the Yoast SEO plugin v27.0 - https:\/\/yoast.com\/product\/yoast-seo-wordpress\/ -->\n<title>Zam\u00f3w wyw\u00f3z nieczysto\u015bci p\u0142ynnych - AQUABELLIS.PL<\/title>\n<meta name=\"robots\" content=\"index, follow, max-snippet:-1, max-image-preview:large, max-video-preview:-1\" \/>\n<link rel=\"canonical\" href=\"https:\/\/aquabellis.pl\/index.php\/zamow-wywoz-nieczystosci-plynnych\/\" \/>\n<meta property=\"og:locale\" content=\"pl_PL\" \/>\n<meta property=\"og:type\" content=\"article\" \/>\n<meta property=\"og:title\" content=\"Zam\u00f3w wyw\u00f3z nieczysto\u015bci p\u0142ynnych - AQUABELLIS.PL\" \/>\n<meta property=\"og:description\" content=\"Zam\u00f3w wyw\u00f3z nieczysto\u015bci p\u0142ynnych Imi\u0119 Nazwisko AdresUlica Nr domu (mieszkania) Miejscowo\u015b\u0107 Kod pocztowy Adres do korespondecji (je\u017celi inny ni\u017c powy\u017cszy)Ulica Nr domu (mieszkania) Miejscowo\u015b\u0107 Kod pocztowy PESEL Telefon kontaktowy Email Dane pe\u0142nomocnika (je\u017celi dotyczy) Prosz\u0119 o wykonanie us\u0142ugi wywozu nieczysto\u015bci p\u0142ynnych z nieruchomo\u015bci: Miejscowo\u015b\u0107 Kod pocztowy Ulica i numer Data Godzina us\u0142ugi Informacje dodatkowe Zgodnie [&hellip;]\" \/>\n<meta property=\"og:url\" content=\"https:\/\/aquabellis.pl\/index.php\/zamow-wywoz-nieczystosci-plynnych\/\" \/>\n<meta property=\"og:site_name\" content=\"AQUABELLIS.PL\" \/>\n<meta name=\"twitter:card\" content=\"summary_large_image\" \/>\n<meta name=\"twitter:label1\" content=\"Szacowany czas czytania\" \/>\n\t<meta name=\"twitter:data1\" content=\"3 minuty\" \/>\n<script type=\"application\/ld+json\" class=\"yoast-schema-graph\">{\"@context\":\"https:\/\/schema.org\",\"@graph\":[{\"@type\":\"WebPage\",\"@id\":\"https:\/\/aquabellis.pl\/index.php\/zamow-wywoz-nieczystosci-plynnych\/\",\"url\":\"https:\/\/aquabellis.pl\/index.php\/zamow-wywoz-nieczystosci-plynnych\/\",\"name\":\"Zam\u00f3w wyw\u00f3z nieczysto\u015bci p\u0142ynnych - AQUABELLIS.PL\",\"isPartOf\":{\"@id\":\"https:\/\/aquabellis.pl\/#website\"},\"datePublished\":\"2021-12-16T10:56:36+00:00\",\"breadcrumb\":{\"@id\":\"https:\/\/aquabellis.pl\/index.php\/zamow-wywoz-nieczystosci-plynnych\/#breadcrumb\"},\"inLanguage\":\"pl-PL\",\"potentialAction\":[{\"@type\":\"ReadAction\",\"target\":[\"https:\/\/aquabellis.pl\/index.php\/zamow-wywoz-nieczystosci-plynnych\/\"]}]},{\"@type\":\"BreadcrumbList\",\"@id\":\"https:\/\/aquabellis.pl\/index.php\/zamow-wywoz-nieczystosci-plynnych\/#breadcrumb\",\"itemListElement\":[{\"@type\":\"ListItem\",\"position\":1,\"name\":\"Strona g\u0142\u00f3wna\",\"item\":\"https:\/\/aquabellis.pl\/\"},{\"@type\":\"ListItem\",\"position\":2,\"name\":\"Zam\u00f3w wyw\u00f3z nieczysto\u015bci p\u0142ynnych\"}]},{\"@type\":\"WebSite\",\"@id\":\"https:\/\/aquabellis.pl\/#website\",\"url\":\"https:\/\/aquabellis.pl\/\",\"name\":\"AQUABELLIS.PL\",\"description\":\"Sp\u00f3\u0142ka z o. o. Rogo\u017ano WLKP\",\"potentialAction\":[{\"@type\":\"SearchAction\",\"target\":{\"@type\":\"EntryPoint\",\"urlTemplate\":\"https:\/\/aquabellis.pl\/?s={search_term_string}\"},\"query-input\":{\"@type\":\"PropertyValueSpecification\",\"valueRequired\":true,\"valueName\":\"search_term_string\"}}],\"inLanguage\":\"pl-PL\"}]}<\/script>\n<!-- \/ Yoast SEO plugin. -->","yoast_head_json":{"title":"Zam\u00f3w wyw\u00f3z nieczysto\u015bci p\u0142ynnych - AQUABELLIS.PL","robots":{"index":"index","follow":"follow","max-snippet":"max-snippet:-1","max-image-preview":"max-image-preview:large","max-video-preview":"max-video-preview:-1"},"canonical":"https:\/\/aquabellis.pl\/index.php\/zamow-wywoz-nieczystosci-plynnych\/","og_locale":"pl_PL","og_type":"article","og_title":"Zam\u00f3w wyw\u00f3z nieczysto\u015bci p\u0142ynnych - AQUABELLIS.PL","og_description":"Zam\u00f3w wyw\u00f3z nieczysto\u015bci p\u0142ynnych Imi\u0119 Nazwisko AdresUlica Nr domu (mieszkania) Miejscowo\u015b\u0107 Kod pocztowy Adres do korespondecji (je\u017celi inny ni\u017c powy\u017cszy)Ulica Nr domu (mieszkania) Miejscowo\u015b\u0107 Kod pocztowy PESEL Telefon kontaktowy Email Dane pe\u0142nomocnika (je\u017celi dotyczy) Prosz\u0119 o wykonanie us\u0142ugi wywozu nieczysto\u015bci p\u0142ynnych z nieruchomo\u015bci: Miejscowo\u015b\u0107 Kod pocztowy Ulica i numer Data Godzina us\u0142ugi Informacje dodatkowe Zgodnie [&hellip;]","og_url":"https:\/\/aquabellis.pl\/index.php\/zamow-wywoz-nieczystosci-plynnych\/","og_site_name":"AQUABELLIS.PL","twitter_card":"summary_large_image","twitter_misc":{"Szacowany czas czytania":"3 minuty"},"schema":{"@context":"https:\/\/schema.org","@graph":[{"@type":"WebPage","@id":"https:\/\/aquabellis.pl\/index.php\/zamow-wywoz-nieczystosci-plynnych\/","url":"https:\/\/aquabellis.pl\/index.php\/zamow-wywoz-nieczystosci-plynnych\/","name":"Zam\u00f3w wyw\u00f3z nieczysto\u015bci p\u0142ynnych - AQUABELLIS.PL","isPartOf":{"@id":"https:\/\/aquabellis.pl\/#website"},"datePublished":"2021-12-16T10:56:36+00:00","breadcrumb":{"@id":"https:\/\/aquabellis.pl\/index.php\/zamow-wywoz-nieczystosci-plynnych\/#breadcrumb"},"inLanguage":"pl-PL","potentialAction":[{"@type":"ReadAction","target":["https:\/\/aquabellis.pl\/index.php\/zamow-wywoz-nieczystosci-plynnych\/"]}]},{"@type":"BreadcrumbList","@id":"https:\/\/aquabellis.pl\/index.php\/zamow-wywoz-nieczystosci-plynnych\/#breadcrumb","itemListElement":[{"@type":"ListItem","position":1,"name":"Strona g\u0142\u00f3wna","item":"https:\/\/aquabellis.pl\/"},{"@type":"ListItem","position":2,"name":"Zam\u00f3w wyw\u00f3z nieczysto\u015bci p\u0142ynnych"}]},{"@type":"WebSite","@id":"https:\/\/aquabellis.pl\/#website","url":"https:\/\/aquabellis.pl\/","name":"AQUABELLIS.PL","description":"Sp\u00f3\u0142ka z o. o. Rogo\u017ano WLKP","potentialAction":[{"@type":"SearchAction","target":{"@type":"EntryPoint","urlTemplate":"https:\/\/aquabellis.pl\/?s={search_term_string}"},"query-input":{"@type":"PropertyValueSpecification","valueRequired":true,"valueName":"search_term_string"}}],"inLanguage":"pl-PL"}]}},"_links":{"self":[{"href":"https:\/\/aquabellis.pl\/index.php\/wp-json\/wp\/v2\/pages\/1846","targetHints":{"allow":["GET"]}}],"collection":[{"href":"https:\/\/aquabellis.pl\/index.php\/wp-json\/wp\/v2\/pages"}],"about":[{"href":"https:\/\/aquabellis.pl\/index.php\/wp-json\/wp\/v2\/types\/page"}],"author":[{"embeddable":true,"href":"https:\/\/aquabellis.pl\/index.php\/wp-json\/wp\/v2\/users\/2"}],"replies":[{"embeddable":true,"href":"https:\/\/aquabellis.pl\/index.php\/wp-json\/wp\/v2\/comments?post=1846"}],"version-history":[{"count":0,"href":"https:\/\/aquabellis.pl\/index.php\/wp-json\/wp\/v2\/pages\/1846\/revisions"}],"wp:attachment":[{"href":"https:\/\/aquabellis.pl\/index.php\/wp-json\/wp\/v2\/media?parent=1846"}],"curies":[{"name":"wp","href":"https:\/\/api.w.org\/{rel}","templated":true}]}}